{"id":797,"date":"2021-08-04T18:08:45","date_gmt":"2021-08-04T22:08:45","guid":{"rendered":"https:\/\/votingaccessforall.org\/?page_id=797"},"modified":"2026-03-06T18:15:06","modified_gmt":"2026-03-06T23:15:06","slug":"community-voting-outreach","status":"publish","type":"page","link":"https:\/\/votingaccessforall.org\/es\/what-we-do\/community-voting-outreach\/","title":{"rendered":"Acceso y divulgaci\u00f3n para votantes"},"content":{"rendered":"<div class=\"wp-block-greenshift-blocks-infobox gspb_infoBox gspb_infoBox-id-gsbp-1b8f7df\" id=\"gspb_infoBox-id-gsbp-1b8f7df\"><div class=\"gs-box info_type icon_type\"><div class=\"gs-box-icon\"><svg x=\"0px\" y=\"0px\" viewbox=\"0 0 512 512\"> <g><g> <path d=\"M256,0C114.497,0,0,114.507,0,256c0,141.503,114.507,256,256,256c141.503,0,256-114.507,256-256 C512,114.497,397.492,0,256,0z M256,472c-119.393,0-216-96.615-216-216c0-119.393,96.615-216,216-216 c119.393,0,216,96.615,216,216C472,375.393,375.384,472,256,472z\"><\/path> <\/g> <\/g> <g> <g> <path d=\"M256,214.33c-11.046,0-20,8.954-20,20v128.793c0,11.046,8.954,20,20,20s20-8.955,20-20.001V234.33 C276,223.284,267.046,214.33,256,214.33z\"><\/path> <\/g> <\/g> <g> <g> <circle cx=\"256\" cy=\"162.84\" r=\"27\"><\/circle> <\/g> <\/g> <\/svg><\/div><div class=\"gs-box-text\">\n<h3 class=\"wp-block-heading\" id=\"goal\"><strong>Meta<\/strong><\/h3>\n\n\n\n<p>Eliminar las barreras pr\u00e1cticas que impiden la votaci\u00f3n y llegar a los votantes que habitualmente quedan excluidos de los esfuerzos tradicionales de participaci\u00f3n c\u00edvica.<\/p>\n\n\n\n<h3 class=\"wp-block-heading\" id=\"program-scope\"><strong>Alcance del programa<\/strong><\/h3>\n\n\n\n<p>El trabajo de VAAC sobre acceso y divulgaci\u00f3n de votantes incluye:<\/p>\n\n\n\n<ul class=\"wp-block-list\">\n<li>campa\u00f1a puerta a puerta<br><\/li>\n\n\n\n<li>Banca por tel\u00e9fono y mensajes de texto en colaboraci\u00f3n con organizaciones aliadas<br><\/li>\n\n\n\n<li>Organizaci\u00f3n relacional y eventos comunitarios<br><\/li>\n\n\n\n<li>Extensi\u00f3n en refugios, c\u00e1rceles, centros de tratamiento y espacios de reingreso<br><\/li>\n\n\n\n<li>Transporte a las urnas<br><\/li>\n\n\n\n<li>Soporte y referencias para acceso a identificaci\u00f3n<br><\/li>\n\n\n\n<li>Actividades de protecci\u00f3n electoral, incluyendo monitoreo de urnas y programas de oposici\u00f3n<br><\/li>\n<\/ul>\n\n\n\n<h3 class=\"wp-block-heading\" id=\"2026-targets\"><strong>Objetivos para 2026<\/strong><\/h3>\n\n\n\n<ul class=\"wp-block-list\">\n<li>Alcance puerta a puerta a aproximadamente 10.000 a 15.000 votantes<br><\/li>\n\n\n\n<li>Difusi\u00f3n telef\u00f3nica que llega a millones de votantes en todo el estado a trav\u00e9s de asociaciones<br><\/li>\n\n\n\n<li>Difusi\u00f3n basada en eventos y de alto tr\u00e1fico que llega al menos a 10 000 miembros adicionales de la comunidad<br><\/li>\n<\/ul>\n\n\n\n<h3 class=\"wp-block-heading\" id=\"2026-focus\"><strong>Enfoque 2026<\/strong><\/h3>\n\n\n\n<ul class=\"wp-block-list\">\n<li>Votantes afectados por la justicia, sin hogar y de bajos ingresos<br><\/li>\n\n\n\n<li>Utilice mensajeros confiables y la interacci\u00f3n entre pares<br><\/li>\n\n\n\n<li>Fortalecer el seguimiento de datos, el control de calidad y la elaboraci\u00f3n de informes.<br><\/li>\n\n\n\n<li>Coordinar estrechamente con los socios de la coalici\u00f3n<br><\/li>\n<\/ul>\n<\/div><\/div><\/div>\n\n\n\n<p style=\"font-size:20px\">El objetivo de nuestro alcance comunitario es informar a las personas con condenas por delitos graves y\/o en libertad condicional que tienen derecho a votar y permitirles ejercer ese derecho.  <\/p>\n\n\n\n<p>Nuestra labor de divulgaci\u00f3n tiene como objetivo informar a las personas:<\/p>\n\n\n\n<ul class=\"wp-block-list\">\n<li>de la importancia de votar en cada elecci\u00f3n,<\/li>\n\n\n\n<li>donde pueden aprender m\u00e1s sobre los temas y candidatos en sus boletas,<\/li>\n\n\n\n<li>c\u00f3mo pueden registrarse para votar y obtener una boleta de voto en ausencia,<\/li>\n\n\n\n<li>C\u00f3mo pueden votar.<\/li>\n<\/ul>\n\n\n\n<p id=\"Flyers&amp;Posters\"><strong>Flyers y Posters que puedes imprimir<\/strong>: Los siguientes materiales se pueden usar tal como est\u00e1n o modificarse para sus necesidades \u00fanicas:&nbsp;<\/p>\n\n\n\n<ul class=\"wp-block-list\">\n<li><a href=\"https:\/\/drive.google.com\/file\/d\/1xMzjHFzq4h3gBC1bW8ArkJjgCC3vpk1k\/view?usp=drive_link\" target=\"_blank\" rel=\"noreferrer noopener\">Cartel 1 del VAAC Michigan- S\u00ed, puedes votar&nbsp;<\/a> (Actualizado en agosto de 2023)<\/li>\n\n\n\n<li><a href=\"https:\/\/drive.google.com\/file\/d\/1pR8FdmgsiFUV5R700hzdWE2f6KZVWfHV\/view?usp=share_link\" target=\"_blank\" rel=\"noreferrer noopener\">Una p\u00e1gina sobre VAAC <\/a>(Actualizado el 9 de marzo de 2023)<\/li>\n\n\n\n<li>Folleto tama\u00f1o postal del VAAC \u2013 <a href=\"https:\/\/drive.google.com\/file\/d\/1kitwWEBjjLG3jQI2cjZMJuANkLqJu_CY\/view?usp=sharing\" target=\"_blank\" rel=\"noreferrer noopener\">Frente<\/a> y <a href=\"https:\/\/drive.google.com\/file\/d\/1xds-iDNRZcWUDRnRjiqeVbzTVBMA_9yQ\/view?usp=drive_link\" target=\"_blank\" rel=\"noreferrer noopener\">Atr\u00e1s <\/a>(Actualizado en agosto de 2023)<\/li>\n<\/ul>\n\n\n\n<p>Para recibir volantes y carteles impresos, <strong>Por favor complete el siguiente formulario:&nbsp;<\/strong><\/p>\n\n\n\n<div class=\"wp-block-buttons is-layout-flex wp-block-buttons-is-layout-flex\">\n<div class=\"wp-block-button\"><a class=\"wp-block-button__link wp-element-button\" href=\"https:\/\/forms.gle\/DEWLXAyypPbtdEaJ9\" target=\"_blank\" rel=\"noreferrer noopener\">Ordenar materiales impresos<\/a><\/div>\n<\/div>\n\n\n\n<p><strong>Voluntario <\/strong><\/p>\n\n\n\n<p><strong>Capacitaci\u00f3n:  <\/strong>El Secretario de Estado de Michigan lanz\u00f3 una serie de Capacitaci\u00f3n VoteSmart, que puede encontrar <a href=\"https:\/\/votingaccessforall.org\/es\/2022\/07\/michigan-launches-vote-smart-education-series\/\">aqu\u00ed.  <\/a><\/p>\n\n\n\n<p><strong>Para unirse a nuestro alcance comunitario como voluntario<\/strong>, o para solicitar un embajador de votaci\u00f3n para su organizaci\u00f3n, comun\u00edquese con nosotros y alguien se comunicar\u00e1 con usted con m\u00e1s informaci\u00f3n.<\/p>\n\n\n\n<div class=\"wp-block-kadence-advancedbtn kb-buttons-wrap kb-btns797_425f2e-28\"><a class=\"kb-button kt-button button kb-btn797_9116a0-74 kt-btn-size-standard kt-btn-width-type-auto kb-btn-global-inherit  kt-btn-has-text-true kt-btn-has-svg-false  wp-block-button__link wp-block-kadence-singlebtn\" href=\"https:\/\/votingaccessforall.org\/es\/contact\/\"><span class=\"kt-btn-inner-text\">Contacto VAAC<\/span><\/a><\/div>\n\n\n<style><\/style><style><\/style>\n<figure class=\"wp-block-table is-style-regular\"><table><thead><tr><th>Oportunidad de voluntariado<\/th><th>Tama\u00f1o del compromiso<\/th><\/tr><\/thead><tbody><tr><td><strong>Distribuci\u00f3n de material comunitario:<\/strong> Cuelgue carteles de VAAC en lugares p\u00fablicos, especialmente en \u00e1reas urbanas, como paradas de autob\u00fas, peluquer\u00edas, lavander\u00edas, tiendas de barrio, bibliotecas, iglesias, mezquitas, etc.<br><strong>Ubicaci\u00f3n:<\/strong> Tu comunidad o te ayudaremos a identificar una comunidad a la que a\u00fan no hemos llegado<\/td><td>A partir de unas pocas horas. Tambi\u00e9n puede mantener un suministro de carteles en su autom\u00f3vil y distribuirlos cuando est\u00e9 en la comunidad.<\/td><\/tr><tr><td><strong>Voluntario de eventos comunitarios:<\/strong> \u00danase a otros voluntarios de VAAC en eventos o lugares de la comunidad, eduque a las personas sobre su derecho al voto y ay\u00fadelos a registrarse, solicitar boletas de voto en ausencia u obtener identificaciones.<br><strong>Ubicaci\u00f3n:<\/strong> En la comunidad<\/td><td>El compromiso de un solo evento es de aproximadamente 2 a 4 horas. Su nombre se agregar\u00e1 a un Genio de registro para recibir alertas de todas las oportunidades.\u00a0<\/td><\/tr><tr><td><strong>Enlace comunitario: <\/strong>Asumir la responsabilidad de una relaci\u00f3n con una organizaci\u00f3n comunitaria, como un refugio para personas sin hogar o un banco de alimentos, para entregar carteles, volantes y tal vez incluso organizar un evento Get Out the Vote.<br><strong><strong>Ubicaci\u00f3n:<\/strong>&nbsp;<\/strong>Tel\u00e9fono o email para coordinar. Idealmente, visite la ubicaci\u00f3n en persona con carteles y volantes para hacer contacto personal, pero el correo postal es una alternativa definitiva de respaldo.&nbsp;<\/td><td>Involucrar a una sola organizaci\u00f3n deber\u00eda tomar entre 2 y 4 horas en total. Le invitamos a tomar m\u00faltiples ubicaciones.<\/td><\/tr><\/tbody><\/table><\/figure>","protected":false},"excerpt":{"rendered":"<p>The goal of our community outreach is to inform people with felony convictions and\/or on parole, that they have the right to vote, and enabling them to exercise that right. Our outreach is intended to inform people: Flyers and Posters which you can print: The Following Materials can be used as is, or modified for [&hellip;]<\/p>\n","protected":false},"author":2,"featured_media":784,"parent":850,"menu_order":0,"comment_status":"closed","ping_status":"closed","template":"","meta":{"_gspb_post_css":".gs-box{padding:20px;border-left:5px solid transparent;margin-bottom:25px}.gs-box-text>p{margin-bottom:20px;margin-top:0}.gs-box-text>p:last-of-type{margin-bottom:0}.gs-box.info_type{color:#155724;background-color:#d4edda;border-color:#c3e6cb}.gs-box.info_type svg{fill:#30a030}.gs-box.icon_type{display:flex}.gs-box.icon_type .gs-box-icon{width:28px;min-width:28px}.gs-box.icon_type .gs-box-text{flex-grow:1;margin:0 15px}","progress_planner_page_todos":"","footnotes":""},"progress_planner_page_types":[],"class_list":["post-797","page","type-page","status-publish","has-post-thumbnail","hentry"],"yoast_head":"<!-- This site is optimized with the Yoast SEO plugin v27.4 - https:\/\/yoast.com\/product\/yoast-seo-wordpress\/ -->\n<title>Voter Access and Outreach &#8211; Voting Access For All<\/title>\n<meta name=\"description\" content=\"We help people with felony convictions or who are on parole understand that they have the right to vote, and how to exercise their right.\" \/>\n<meta name=\"robots\" content=\"index, follow, max-snippet:-1, max-image-preview:large, max-video-preview:-1\" \/>\n<link rel=\"canonical\" href=\"https:\/\/votingaccessforall.org\/es\/what-we-do\/community-voting-outreach\/\" \/>\n<meta property=\"og:locale\" content=\"es_MX\" \/>\n<meta property=\"og:type\" content=\"article\" \/>\n<meta property=\"og:title\" content=\"Voter Access and Outreach &#8211; Voting Access For All\" \/>\n<meta property=\"og:description\" content=\"We help people with felony convictions or who are on parole understand that they have the right to vote, and how to exercise their right.\" \/>\n<meta property=\"og:url\" content=\"https:\/\/votingaccessforall.org\/es\/what-we-do\/community-voting-outreach\/\" \/>\n<meta property=\"og:site_name\" content=\"Voting Access For All\" \/>\n<meta property=\"article:publisher\" content=\"https:\/\/www.facebook.com\/VotingAccessForAll\/\" \/>\n<meta property=\"article:modified_time\" content=\"2026-03-06T23:15:06+00:00\" \/>\n<meta property=\"og:image\" content=\"https:\/\/votingaccessforall.org\/wp-content\/uploads\/2021\/07\/group-outdoors-slider.jpg\" \/>\n\t<meta property=\"og:image:width\" content=\"1920\" \/>\n\t<meta property=\"og:image:height\" content=\"800\" \/>\n\t<meta property=\"og:image:type\" content=\"image\/jpeg\" \/>\n<meta name=\"twitter:card\" content=\"summary_large_image\" \/>\n<meta name=\"twitter:label1\" content=\"Tiempo de lectura\" \/>\n\t<meta name=\"twitter:data1\" content=\"3 minutos\" \/>\n<script type=\"application\/ld+json\" class=\"yoast-schema-graph\">{\"@context\":\"https:\\\/\\\/schema.org\",\"@graph\":[{\"@type\":\"WebPage\",\"@id\":\"https:\\\/\\\/votingaccessforall.org\\\/what-we-do\\\/community-voting-outreach\\\/\",\"url\":\"https:\\\/\\\/votingaccessforall.org\\\/what-we-do\\\/community-voting-outreach\\\/\",\"name\":\"Voter Access and Outreach &#8211; Voting Access For All\",\"isPartOf\":{\"@id\":\"https:\\\/\\\/votingaccessforall.org\\\/#website\"},\"primaryImageOfPage\":{\"@id\":\"https:\\\/\\\/votingaccessforall.org\\\/what-we-do\\\/community-voting-outreach\\\/#primaryimage\"},\"image\":{\"@id\":\"https:\\\/\\\/votingaccessforall.org\\\/what-we-do\\\/community-voting-outreach\\\/#primaryimage\"},\"thumbnailUrl\":\"https:\\\/\\\/votingaccessforall.org\\\/wp-content\\\/uploads\\\/2021\\\/07\\\/group-outdoors-slider.jpg\",\"datePublished\":\"2021-08-04T22:08:45+00:00\",\"dateModified\":\"2026-03-06T23:15:06+00:00\",\"description\":\"We help people with felony convictions or who are on parole understand that they have the right to vote, and how to exercise their right.\",\"breadcrumb\":{\"@id\":\"https:\\\/\\\/votingaccessforall.org\\\/what-we-do\\\/community-voting-outreach\\\/#breadcrumb\"},\"inLanguage\":\"es\",\"potentialAction\":[{\"@type\":\"ReadAction\",\"target\":[\"https:\\\/\\\/votingaccessforall.org\\\/what-we-do\\\/community-voting-outreach\\\/\"]}]},{\"@type\":\"ImageObject\",\"inLanguage\":\"es\",\"@id\":\"https:\\\/\\\/votingaccessforall.org\\\/what-we-do\\\/community-voting-outreach\\\/#primaryimage\",\"url\":\"https:\\\/\\\/votingaccessforall.org\\\/wp-content\\\/uploads\\\/2021\\\/07\\\/group-outdoors-slider.jpg\",\"contentUrl\":\"https:\\\/\\\/votingaccessforall.org\\\/wp-content\\\/uploads\\\/2021\\\/07\\\/group-outdoors-slider.jpg\",\"width\":1920,\"height\":800,\"caption\":\"A group of enthusiastic voters standing outside\"},{\"@type\":\"BreadcrumbList\",\"@id\":\"https:\\\/\\\/votingaccessforall.org\\\/what-we-do\\\/community-voting-outreach\\\/#breadcrumb\",\"itemListElement\":[{\"@type\":\"ListItem\",\"position\":1,\"name\":\"Home\",\"item\":\"https:\\\/\\\/votingaccessforall.org\\\/\"},{\"@type\":\"ListItem\",\"position\":2,\"name\":\"What We Do\",\"item\":\"https:\\\/\\\/votingaccessforall.org\\\/what-we-do\\\/\"},{\"@type\":\"ListItem\",\"position\":3,\"name\":\"Voter Access and Outreach\"}]},{\"@type\":\"WebSite\",\"@id\":\"https:\\\/\\\/votingaccessforall.org\\\/#website\",\"url\":\"https:\\\/\\\/votingaccessforall.org\\\/\",\"name\":\"Voting Access For All\",\"description\":\"Empowering ALL Michigan Voters: Voting Is Your Right!\",\"publisher\":{\"@id\":\"https:\\\/\\\/votingaccessforall.org\\\/#organization\"},\"potentialAction\":[{\"@type\":\"SearchAction\",\"target\":{\"@type\":\"EntryPoint\",\"urlTemplate\":\"https:\\\/\\\/votingaccessforall.org\\\/?s={search_term_string}\"},\"query-input\":{\"@type\":\"PropertyValueSpecification\",\"valueRequired\":true,\"valueName\":\"search_term_string\"}}],\"inLanguage\":\"es\"},{\"@type\":\"Organization\",\"@id\":\"https:\\\/\\\/votingaccessforall.org\\\/#organization\",\"name\":\"Voting Access for All Coalition\",\"url\":\"https:\\\/\\\/votingaccessforall.org\\\/\",\"logo\":{\"@type\":\"ImageObject\",\"inLanguage\":\"es\",\"@id\":\"https:\\\/\\\/votingaccessforall.org\\\/#\\\/schema\\\/logo\\\/image\\\/\",\"url\":\"https:\\\/\\\/votingaccessforall.org\\\/wp-content\\\/uploads\\\/2021\\\/05\\\/cropped-VAAC_logo_Small.jpg\",\"contentUrl\":\"https:\\\/\\\/votingaccessforall.org\\\/wp-content\\\/uploads\\\/2021\\\/05\\\/cropped-VAAC_logo_Small.jpg\",\"width\":512,\"height\":512,\"caption\":\"Voting Access for All Coalition\"},\"image\":{\"@id\":\"https:\\\/\\\/votingaccessforall.org\\\/#\\\/schema\\\/logo\\\/image\\\/\"},\"sameAs\":[\"https:\\\/\\\/www.facebook.com\\\/VotingAccessForAll\\\/\",\"https:\\\/\\\/www.instagram.com\\\/votingaccessforall\\\/\",\"https:\\\/\\\/www.youtube.com\\\/@VotingAccessForAll\",\"https:\\\/\\\/www.linkedin.com\\\/company\\\/voting-access-for-all-vaac\\\/\",\"https:\\\/\\\/bsky.app\\\/profile\\\/votingaccessforall.bsky.social\"]}]}<\/script>\n<!-- \/ Yoast SEO plugin. -->","yoast_head_json":{"title":"Voter Access and Outreach &#8211; Voting Access For All","description":"Ayudamos a las personas con condenas por delitos graves o que est\u00e1n en libertad condicional a comprender que tienen derecho a votar y c\u00f3mo ejercer su derecho.","robots":{"index":"index","follow":"follow","max-snippet":"max-snippet:-1","max-image-preview":"max-image-preview:large","max-video-preview":"max-video-preview:-1"},"canonical":"https:\/\/votingaccessforall.org\/es\/what-we-do\/community-voting-outreach\/","og_locale":"es_MX","og_type":"article","og_title":"Voter Access and Outreach &#8211; Voting Access For All","og_description":"We help people with felony convictions or who are on parole understand that they have the right to vote, and how to exercise their right.","og_url":"https:\/\/votingaccessforall.org\/es\/what-we-do\/community-voting-outreach\/","og_site_name":"Voting Access For All","article_publisher":"https:\/\/www.facebook.com\/VotingAccessForAll\/","article_modified_time":"2026-03-06T23:15:06+00:00","og_image":[{"width":1920,"height":800,"url":"https:\/\/votingaccessforall.org\/wp-content\/uploads\/2021\/07\/group-outdoors-slider.jpg","type":"image\/jpeg"}],"twitter_card":"summary_large_image","twitter_misc":{"Tiempo de lectura":"3 minutos"},"schema":{"@context":"https:\/\/schema.org","@graph":[{"@type":"WebPage","@id":"https:\/\/votingaccessforall.org\/what-we-do\/community-voting-outreach\/","url":"https:\/\/votingaccessforall.org\/what-we-do\/community-voting-outreach\/","name":"Voter Access and Outreach &#8211; Voting Access For All","isPartOf":{"@id":"https:\/\/votingaccessforall.org\/#website"},"primaryImageOfPage":{"@id":"https:\/\/votingaccessforall.org\/what-we-do\/community-voting-outreach\/#primaryimage"},"image":{"@id":"https:\/\/votingaccessforall.org\/what-we-do\/community-voting-outreach\/#primaryimage"},"thumbnailUrl":"https:\/\/votingaccessforall.org\/wp-content\/uploads\/2021\/07\/group-outdoors-slider.jpg","datePublished":"2021-08-04T22:08:45+00:00","dateModified":"2026-03-06T23:15:06+00:00","description":"Ayudamos a las personas con condenas por delitos graves o que est\u00e1n en libertad condicional a comprender que tienen derecho a votar y c\u00f3mo ejercer su derecho.","breadcrumb":{"@id":"https:\/\/votingaccessforall.org\/what-we-do\/community-voting-outreach\/#breadcrumb"},"inLanguage":"es","potentialAction":[{"@type":"ReadAction","target":["https:\/\/votingaccessforall.org\/what-we-do\/community-voting-outreach\/"]}]},{"@type":"ImageObject","inLanguage":"es","@id":"https:\/\/votingaccessforall.org\/what-we-do\/community-voting-outreach\/#primaryimage","url":"https:\/\/votingaccessforall.org\/wp-content\/uploads\/2021\/07\/group-outdoors-slider.jpg","contentUrl":"https:\/\/votingaccessforall.org\/wp-content\/uploads\/2021\/07\/group-outdoors-slider.jpg","width":1920,"height":800,"caption":"A group of enthusiastic voters standing outside"},{"@type":"BreadcrumbList","@id":"https:\/\/votingaccessforall.org\/what-we-do\/community-voting-outreach\/#breadcrumb","itemListElement":[{"@type":"ListItem","position":1,"name":"Home","item":"https:\/\/votingaccessforall.org\/"},{"@type":"ListItem","position":2,"name":"What We Do","item":"https:\/\/votingaccessforall.org\/what-we-do\/"},{"@type":"ListItem","position":3,"name":"Voter Access and Outreach"}]},{"@type":"WebSite","@id":"https:\/\/votingaccessforall.org\/#website","url":"https:\/\/votingaccessforall.org\/","name":"Acceso a la votaci\u00f3n para todos","description":"Empoderando a TODOS los votantes de Michigan:<br \/>\u00a1Votar es su derecho!","publisher":{"@id":"https:\/\/votingaccessforall.org\/#organization"},"potentialAction":[{"@type":"SearchAction","target":{"@type":"EntryPoint","urlTemplate":"https:\/\/votingaccessforall.org\/?s={search_term_string}"},"query-input":{"@type":"PropertyValueSpecification","valueRequired":true,"valueName":"search_term_string"}}],"inLanguage":"es"},{"@type":"Organization","@id":"https:\/\/votingaccessforall.org\/#organization","name":"Coalici\u00f3n de acceso a la votaci\u00f3n para todos","url":"https:\/\/votingaccessforall.org\/","logo":{"@type":"ImageObject","inLanguage":"es","@id":"https:\/\/votingaccessforall.org\/#\/schema\/logo\/image\/","url":"https:\/\/votingaccessforall.org\/wp-content\/uploads\/2021\/05\/cropped-VAAC_logo_Small.jpg","contentUrl":"https:\/\/votingaccessforall.org\/wp-content\/uploads\/2021\/05\/cropped-VAAC_logo_Small.jpg","width":512,"height":512,"caption":"Voting Access for All Coalition"},"image":{"@id":"https:\/\/votingaccessforall.org\/#\/schema\/logo\/image\/"},"sameAs":["https:\/\/www.facebook.com\/VotingAccessForAll\/","https:\/\/www.instagram.com\/votingaccessforall\/","https:\/\/www.youtube.com\/@VotingAccessForAll","https:\/\/www.linkedin.com\/company\/voting-access-for-all-vaac\/","https:\/\/bsky.app\/profile\/votingaccessforall.bsky.social"]}]}},"_links":{"self":[{"href":"https:\/\/votingaccessforall.org\/es\/wp-json\/wp\/v2\/pages\/797","targetHints":{"allow":["GET"]}}],"collection":[{"href":"https:\/\/votingaccessforall.org\/es\/wp-json\/wp\/v2\/pages"}],"about":[{"href":"https:\/\/votingaccessforall.org\/es\/wp-json\/wp\/v2\/types\/page"}],"author":[{"embeddable":true,"href":"https:\/\/votingaccessforall.org\/es\/wp-json\/wp\/v2\/users\/2"}],"replies":[{"embeddable":true,"href":"https:\/\/votingaccessforall.org\/es\/wp-json\/wp\/v2\/comments?post=797"}],"version-history":[{"count":52,"href":"https:\/\/votingaccessforall.org\/es\/wp-json\/wp\/v2\/pages\/797\/revisions"}],"predecessor-version":[{"id":218275,"href":"https:\/\/votingaccessforall.org\/es\/wp-json\/wp\/v2\/pages\/797\/revisions\/218275"}],"up":[{"embeddable":true,"href":"https:\/\/votingaccessforall.org\/es\/wp-json\/wp\/v2\/pages\/850"}],"wp:featuredmedia":[{"embeddable":true,"href":"https:\/\/votingaccessforall.org\/es\/wp-json\/wp\/v2\/media\/784"}],"wp:attachment":[{"href":"https:\/\/votingaccessforall.org\/es\/wp-json\/wp\/v2\/media?parent=797"}],"wp:term":[{"taxonomy":"progress_planner_page_types","embeddable":true,"href":"https:\/\/votingaccessforall.org\/es\/wp-json\/wp\/v2\/progress_planner_page_types?post=797"}],"curies":[{"name":"gracias","href":"https:\/\/api.w.org\/{rel}","templated":true}]}}