{"id":7266,"date":"2024-04-12T11:06:02","date_gmt":"2024-04-12T15:06:02","guid":{"rendered":"https:\/\/votingaccessforall.org\/?page_id=7266"},"modified":"2024-04-12T11:06:05","modified_gmt":"2024-04-12T15:06:05","slug":"plan-your-vote","status":"publish","type":"page","link":"https:\/\/votingaccessforall.org\/es\/plan-your-vote\/","title":{"rendered":"Planifique su votaci\u00f3n"},"content":{"rendered":"<div class=\"kb-row-layout-wrap kb-row-layout-id7266_b4f1f5-4b alignwide wp-block-kadence-rowlayout\" id=\"Plan-section\"><div class=\"kt-row-column-wrap kt-has-2-columns kt-row-layout-row kt-tab-layout-inherit kt-mobile-layout-row kt-row-valign-top\">\n\n<div class=\"wp-block-kadence-column kadence-column7266_0dcaf5-c4\"><div class=\"kt-inside-inner-col\"><div class=\"kb-row-layout-wrap kb-row-layout-id7266_d24472-b7 alignwide wp-block-kadence-rowlayout\"><div class=\"kt-row-column-wrap kt-has-2-columns kt-row-layout-right-golden kt-tab-layout-inherit kt-mobile-layout-row kt-row-valign-top\">\n\n<div class=\"wp-block-kadence-column kadence-column7266_fa171d-81\"><div class=\"kt-inside-inner-col\">\n<h2 class=\"wp-block-heading has-text-color has-link-color wp-elements-0a743b181f04f651c1725a5c042bd109\" id=\"plan-your-vote-in-michigan\" style=\"color:#dd1a1a\">Planifique su voto en Michigan<\/h2>\n<\/div><\/div>\n\n\n\n<div class=\"wp-block-kadence-column kadence-column7266_48adf4-c6\"><div class=\"kt-inside-inner-col\">\n<p><strong>\u00bfPreguntas? Llame a la l\u00ednea directa de protecci\u00f3n electoral no partidista al <a href=\"Tel:+18668678683\">(866) \u00a1NUESTRO VOTO!<\/a><\/strong> <a href=\"Tel:+18668678683\">866-867-8683<\/a><\/p>\n<\/div><\/div>\n\n<\/div><\/div><\/div><\/div>\n\n\n\n<div class=\"wp-block-kadence-column kadence-column7266_87bb49-a4\"><div class=\"kt-inside-inner-col\"><div class=\"kb-row-layout-wrap kb-row-layout-id7266_c40244-04 alignnone wp-block-kadence-rowlayout\"><div class=\"kt-row-column-wrap kt-has-4-columns kt-row-layout-two-grid kt-tab-layout-inherit kt-mobile-layout-row kt-row-valign-top\">\n\n<div class=\"wp-block-kadence-column kadence-column7266_1a7562-8e inner-column-1\"><div class=\"kt-inside-inner-col\">\n<h3 class=\"wp-block-heading has-text-color\" id=\"learnmore\" style=\"color:#2e4a7f\">Votantes con discapacidades<\/h3>\n\n\n\n<ul class=\"wp-block-list\">\n<li>Votar, sin importar el tipo de discapacidad o el estado de tutela.<\/li>\n\n\n\n<li>Votar en casa o en persona.<\/li>\n\n\n\n<li>Vota de forma privada e independiente.<\/li>\n\n\n\n<li>Lugares de votaci\u00f3n accesibles y voto en ausencia.<\/li>\n\n\n\n<li>Asistencia para llenar y emitir su boleta.<\/li>\n\n\n\n<li>Use una Terminal de asistencia al votante en su lugar de votaci\u00f3n.<\/li>\n\n\n\n<li>Votaci\u00f3n en la acera, previa solicitud.<\/li>\n<\/ul>\n\n\n\n<p><\/p>\n\n\n\n<div class=\"wp-block-kadence-column kadence-column7266_8c2167-0f inner-column-3\"><div class=\"kt-inside-inner-col\">\n<div class=\"wp-block-kadence-advancedbtn kb-buttons-wrap kb-btns7266_e62eb0-53\"><a class=\"kb-button kt-button button kb-btn7266_c4be27-9c kt-btn-size-standard kt-btn-width-type-auto kb-btn-global-inherit  kt-btn-has-text-true kt-btn-has-svg-false  wp-block-button__link wp-block-kadence-singlebtn\" href=\"https:\/\/www.michigan.gov\/sos\/resources\/accessibility-and-accommodations\" target=\"_blank\" rel=\"noreferrer noopener\"><span class=\"kt-btn-inner-text\">Departamento de Estado de M\u00edchigan<br>Accesibilidad y adaptaciones<\/span><\/a><\/div>\n<\/div><\/div>\n\n\n\n<p>Comun\u00edquese con la oficina del secretario o la l\u00ednea directa de protecci\u00f3n electoral no partidista (<a href=\"Tel:+18668678683\">888-839-8682<\/a>) si encuentra alg\u00fan problema de accesibilidad mientras vota.<\/p>\n<\/div><\/div>\n\n\n\n<div class=\"wp-block-kadence-column kadence-column7266_a48819-3f inner-column-2\"><div class=\"kt-inside-inner-col\">\n<h3 class=\"wp-block-heading has-text-color\" id=\"early-in-person-voting\" style=\"color:#1a941b\">Votaci\u00f3n anticipada en persona<\/h3>\n\n\n\n<p>Los votantes de Michigan tienen derecho a emitir su voto anticipadamente y en persona en un sitio de votaci\u00f3n anticipada antes del d\u00eda de las elecciones.<\/p>\n\n\n\n<p>La votaci\u00f3n anticipada debe estar disponible en todas las elecciones estatales y federales, comenzando con las primarias presidenciales de 2024.<\/p>\n\n\n\n<p>Los votantes pueden visitar un sitio de votaci\u00f3n anticipada en su \u00e1rea para emitir su voto en persona durante el per\u00edodo de votaci\u00f3n anticipada.<\/p>\n\n\n\n<ul class=\"wp-block-list\">\n<li>Los sitios de votaci\u00f3n anticipada est\u00e1n abiertos durante al menos 8 horas cada d\u00eda del per\u00edodo requerido de votaci\u00f3n anticipada de 9 d\u00edas.<\/li>\n\n\n\n<li>La votaci\u00f3n anticipada est\u00e1 disponible por un m\u00ednimo de 9 d\u00edas, comenzando el segundo s\u00e1bado antes del d\u00eda de las elecciones y terminando el domingo antes del d\u00eda de las elecciones (del 17 al 25 de febrero para las primarias presidenciales). <\/li>\n\n\n\n<li>Los municipios pueden ofrecer hasta 29 d\u00edas totales de votaci\u00f3n anticipada en persona<\/li>\n\n\n\n<li>Los sitios de votaci\u00f3n anticipada ser\u00e1n designados por los secretarios locales o del condado.<\/li>\n<\/ul>\n\n\n\n<p>Una vez que est\u00e9n disponibles, los votantes pueden buscar sus sitios de votaci\u00f3n anticipada asignados. <\/p>\n\n\n\n<div class=\"wp-block-kadence-advancedbtn kb-buttons-wrap kb-btns7266_1ca310-28\"><a class=\"kb-button kt-button button kb-btn7266_59dcdb-d0 kt-btn-size-standard kt-btn-width-type-auto kb-btn-global-inherit  kt-btn-has-text-true kt-btn-has-svg-false  wp-block-button__link wp-block-kadence-singlebtn\" href=\"https:\/\/mvic.sos.state.mi.us\/Voter\/Index#early-voting-search-section\" target=\"_blank\" rel=\"noreferrer noopener\"><span class=\"kt-btn-inner-text\">Votaci\u00f3n anticipada en persona<br>B\u00fasqueda del sitio  <\/span><\/a><\/div>\n\n\n\n<p>&nbsp;<\/p>\n\n\n\n<p>Puede encontrar m\u00e1s informaci\u00f3n sobre la votaci\u00f3n anticipada en persona en el sitio web de la Secretar\u00eda de Estado de Michigan.<\/p>\n\n\n\n<div class=\"wp-block-kadence-advancedbtn kb-buttons-wrap kb-btns7266_4679f6-02\"><a class=\"kb-button kt-button button kb-btn7266_e20492-49 kt-btn-size-standard kt-btn-width-type-auto kb-btn-global-inherit  kt-btn-has-text-true kt-btn-has-svg-false  wp-block-button__link wp-block-kadence-singlebtn\" href=\"https:\/\/www.michigan.gov\/sos\/elections\/voting\/early-in-person-voting\" target=\"_blank\" rel=\"noreferrer noopener\"><span class=\"kt-btn-inner-text\">Votaci\u00f3n anticipada en persona<br>Informaci\u00f3n <\/span><\/a><\/div>\n\n\n\n<p><\/p>\n\n\n\n<p><strong>Tambi\u00e9n puede visitar un sitio de votaci\u00f3n anticipada para tabular su boleta de voto en ausencia completa.<\/strong>. Simplemente visite el sitio de votaci\u00f3n anticipada asignado, consulte con los trabajadores electorales e inserte su boleta en el tabulador.<\/p>\n<\/div><\/div>\n\n\n\n<div class=\"wp-block-kadence-column kadence-column7266_e6cade-2b inner-column-3\"><div class=\"kt-inside-inner-col\">\n<h3 class=\"wp-block-heading has-text-color has-link-color wp-elements-8c28821e575bd2608c0533cc37930c8a\" id=\"vote-early\" style=\"color:#f0b429\">Votar en ausencia<\/h3>\n\n\n\n<p>Todos los votantes que deseen votar mediante boleta ausente deben solicitar una boleta, a menos que se hayan inscrito en la lista permanente de boleta por correo. Puede solicitar su boleta de una de estas tres maneras:<\/p>\n\n\n\n<p>Con licencia de conducir de Michigan o identificaci\u00f3n estatal. <\/p>\n\n\n\n<div class=\"wp-block-kadence-advancedbtn kb-buttons-wrap kb-btns7266_3a047b-47\"><a class=\"kb-button kt-button button kb-btn7266_d53134-3d kt-btn-size-standard kt-btn-width-type-auto kb-btn-global-inherit  kt-btn-has-text-true kt-btn-has-svg-false  wp-block-button__link wp-block-kadence-singlebtn\" href=\"https:\/\/mvic.sos.state.mi.us\/AVApplication\/Index\" target=\"_blank\" rel=\"noreferrer noopener\"><span class=\"kt-btn-inner-text\">Solicite la boleta de voto en ausencia en l\u00ednea<\/span><\/a><\/div>\n\n\n\n<p class=\"has-text-align-center\">(Dentro de las 2 semanas posteriores a la elecci\u00f3n, recomendamos visitar al secretario de la ciudad\/municipio para solicitar una boleta en persona).<\/p>\n\n\n\n<p>O<\/p>\n\n\n\n<p>Personalmente en la secretar\u00eda de su ciudad o municipio. <\/p>\n\n\n\n<div class=\"wp-block-kadence-advancedbtn kb-buttons-wrap kb-btns7266_954cff-e1\"><a class=\"kb-button kt-button button kb-btn7266_6e975f-16 kt-btn-size-standard kt-btn-width-type-auto kb-btn-global-inherit  kt-btn-has-text-true kt-btn-has-svg-false  wp-block-button__link wp-block-kadence-singlebtn\" href=\"https:\/\/mvic.sos.state.mi.us\/Voter\/Index\/#yourclerk\" target=\"_blank\" rel=\"noreferrer noopener\"><span class=\"kt-btn-inner-text\">Buscar el secretario de mi ciudad\/municipio o el lugar de votaci\u00f3n sat\u00e9lite<\/span><\/a><\/div>\n\n\n\n<p>O<\/p>\n\n\n\n<p>Por correo<\/p>\n\n\n\n<div class=\"wp-block-kadence-advancedbtn kb-buttons-wrap kb-btns7266_8c0d16-2d\"><a class=\"kb-button kt-button button kb-btn7266_1a375b-07 kt-btn-size-standard kt-btn-width-type-auto kb-btn-global-inherit  kt-btn-has-text-true kt-btn-has-svg-false  wp-block-button__link wp-block-kadence-singlebtn\" href=\"https:\/\/www.michigan.gov\/sos\/-\/media\/Project\/Websites\/sos\/Elections\/Election-Forms\/Absent-Voter-Ballot-Application-Fillable.pdf?rev=c35e859a2abe40dfbca3c95027c8072a&#038;hash=4430F4C6B6C603D59A7E196EB7E5B05A\" target=\"_blank\" rel=\"noreferrer noopener\"><span class=\"kt-btn-inner-text\">Descargar Solicitud de Boleta de Voto Ausente<\/span><\/a><\/div>\n\n\n\n<p class=\"has-text-align-center\"><br>(Dentro de las 2 semanas posteriores a la elecci\u00f3n, NO se recomienda la opci\u00f3n de solicitud por correo)<\/p>\n\n\n\n<p>Los votantes que quieran recibir una boleta de voto en ausencia por correo para cada elecci\u00f3n en su comunidad pueden marcar una casilla en su solicitud de boleta de voto en ausencia para unirse al <strong>Boleta de voto ausente permanente <\/strong>lista. Los votantes de esta lista ya no tendr\u00e1n que solicitar una boleta para cada elecci\u00f3n.<\/p>\n\n\n\n<p><strong>Despu\u00e9s de recibir y completar su boleta, debe devolverla de una de las siguientes maneras: <\/strong><\/p>\n\n\n\n<ul class=\"wp-block-list\">\n<li>A trav\u00e9s del correo <\/li>\n\n\n\n<li>En un buz\u00f3n proporcionado por el secretario de su ciudad o municipio,  <\/li>\n\n\n\n<li>En la oficina de su secretario, <\/li>\n\n\n\n<li><strong>O insertando la boleta en un tabulador en su sitio de votaci\u00f3n anticipada o lugar de votaci\u00f3n despu\u00e9s de consultar con los trabajadores electorales.<\/strong> <\/li>\n<\/ul>\n\n\n\n<p><strong>Aseg\u00farese de firmar y fechar el sobre.<\/strong> A menos que est\u00e9 sirviendo en el ej\u00e9rcito o viviendo en el extranjero, su secretario debe recibir su boleta antes de las 8 p.m. del d\u00eda de las elecciones. Si es un votante militar o en el extranjero, su boleta debe tener matasellos del d\u00eda de las elecciones y ser recibida por su secretario dentro de los seis d\u00edas posteriores a la elecci\u00f3n para ser contada\u201d.<\/p>\n\n\n\n<p>Aseg\u00farese de mantenerse informado a trav\u00e9s de la oficina del secretario local sobre cualquier cambio en la votaci\u00f3n en su comunidad, como buzones adicionales o ubicaciones de las oficinas del secretario sat\u00e9lite.<br>*** Es importante que todos los ciudadanos conozcan sus opciones a trav\u00e9s de la oficina del secretario local.<\/p>\n\n\n\n<p>Nota: Una vez que las boletas est\u00e9n disponibles 40 d\u00edas antes del d\u00eda de las elecciones, puede solicitar una boleta de voto ausente y votar esa boleta en la misma visita visitando la oficina del secretario de su ciudad o municipio o el lugar de votaci\u00f3n sat\u00e9lite.<\/p>\n\n\n\n<p><strong>Seguimiento de su boleta de voto en ausencia<\/strong>&nbsp;para asegurarse de que fue recibido.&nbsp;<\/p>\n\n\n\n<div class=\"wp-block-kadence-advancedbtn kb-buttons-wrap kb-btns7266_34e967-a1\"><a class=\"kb-button kt-button button kb-btn7266_94304d-07 kt-btn-size-standard kt-btn-width-type-auto kb-btn-global-inherit  kt-btn-has-text-true kt-btn-has-svg-false  wp-block-button__link wp-block-kadence-singlebtn\" href=\"https:\/\/mvic.sos.state.mi.us\/Voter\/Index\/\" target=\"_blank\" rel=\"noreferrer noopener\"><span class=\"kt-btn-inner-text\">Seguimiento de mi boleta<\/span><\/a><\/div>\n<\/div><\/div>\n\n\n\n<div class=\"wp-block-kadence-column kadence-column7266_81367b-88\"><div class=\"kt-inside-inner-col\">\n<h3 class=\"wp-block-heading has-text-color\" id=\"vote-on-election-day\" style=\"color:#cd1818\">Votar el d\u00eda de las elecciones<\/h3>\n\n\n\n<p>Si usted es <strong>NO<\/strong>&nbsp;registrado, o necesita actualizar su registro, puede registrarse para votar (con comprobante de residencia) en la oficina del secretario de la ciudad o municipio hasta las 8:00 p. m. del d\u00eda de las elecciones. Despu\u00e9s de eso, puede votar con una boleta en ausencia en la oficina del secretario o puede votar con una boleta regular en su lugar de votaci\u00f3n, si hay tiempo\u201d.<\/p>\n\n\n\n<p>Si tu <strong>SON<\/strong> registrado el d\u00eda de las elecciones, debe votar en su lugar de votaci\u00f3n asignado.<\/p>\n\n\n\n<div class=\"wp-block-kadence-advancedbtn kb-buttons-wrap kb-btns7266_b2b356-f7\"><a class=\"kb-button kt-button button kb-btn7266_689133-f8 kt-btn-size-standard kt-btn-width-type-auto kb-btn-global-inherit  kt-btn-has-text-true kt-btn-has-svg-false  wp-block-button__link wp-block-kadence-singlebtn\" href=\"https:\/\/mvic.sos.state.mi.us\/Voter\/index\" target=\"_blank\" rel=\"noreferrer noopener\"><span class=\"kt-btn-inner-text\">Encuentre su lugar de votaci\u00f3n<\/span><\/a><\/div>\n\n\n\n<p>Nota: Si solicit\u00f3 una boleta de voto en ausencia pero no la recibi\u00f3, o cambi\u00f3 de opini\u00f3n y desea votar en las urnas, puede hacerlo. (No es obligatorio traer una identificaci\u00f3n y su boleta electoral, si la tiene, pero ser\u00e1 \u00fatil).<\/p>\n<\/div><\/div>\n\n<\/div><\/div><\/div><\/div>\n\n<\/div><\/div>","protected":false},"excerpt":{"rendered":"<p>Plan Your Vote in Michigan Questions? Call the nonpartisan Election Protection Hotline at (866) OUR-VOTE! 866-867-8683 Voters with Disabilities Contact your clerk&#8217;s office or the nonpartisan election protection hotline (866-OUR-VOTE) if you encounter any accessibility issues while voting. Early In-Person Voting Michigan voters have the right to cast a ballot early and in person at [&hellip;]<\/p>\n","protected":false},"author":2,"featured_media":0,"parent":0,"menu_order":0,"comment_status":"closed","ping_status":"closed","template":"","meta":{"_gspb_post_css":"","progress_planner_page_todos":"","footnotes":""},"progress_planner_page_types":[],"class_list":["post-7266","page","type-page","status-publish","hentry"],"yoast_head":"<!-- This site is optimized with the Yoast SEO plugin v27.4 - https:\/\/yoast.com\/product\/yoast-seo-wordpress\/ -->\n<title>Plan Your Vote &#8211; Voting Access For All<\/title>\n<meta name=\"robots\" content=\"index, follow, max-snippet:-1, max-image-preview:large, max-video-preview:-1\" \/>\n<link rel=\"canonical\" href=\"https:\/\/votingaccessforall.org\/es\/plan-your-vote\/\" \/>\n<meta property=\"og:locale\" content=\"es_MX\" \/>\n<meta property=\"og:type\" content=\"article\" \/>\n<meta property=\"og:title\" content=\"Plan Your Vote &#8211; Voting Access For All\" \/>\n<meta property=\"og:description\" content=\"Plan Your Vote in Michigan Questions? Call the nonpartisan Election Protection Hotline at (866) OUR-VOTE! 866-867-8683 Voters with Disabilities Contact your clerk&#8217;s office or the nonpartisan election protection hotline (866-OUR-VOTE) if you encounter any accessibility issues while voting. Early In-Person Voting Michigan voters have the right to cast a ballot early and in person at [&hellip;]\" \/>\n<meta property=\"og:url\" content=\"https:\/\/votingaccessforall.org\/es\/plan-your-vote\/\" \/>\n<meta property=\"og:site_name\" content=\"Voting Access For All\" \/>\n<meta property=\"article:publisher\" content=\"https:\/\/www.facebook.com\/VotingAccessForAll\/\" \/>\n<meta property=\"article:modified_time\" content=\"2024-04-12T15:06:05+00:00\" \/>\n<meta name=\"twitter:card\" content=\"summary_large_image\" \/>\n<meta name=\"twitter:label1\" content=\"Tiempo de lectura\" \/>\n\t<meta name=\"twitter:data1\" content=\"4 minutos\" \/>\n<script type=\"application\/ld+json\" class=\"yoast-schema-graph\">{\"@context\":\"https:\\\/\\\/schema.org\",\"@graph\":[{\"@type\":\"WebPage\",\"@id\":\"https:\\\/\\\/votingaccessforall.org\\\/plan-your-vote\\\/\",\"url\":\"https:\\\/\\\/votingaccessforall.org\\\/plan-your-vote\\\/\",\"name\":\"Plan Your Vote &#8211; Voting Access For All\",\"isPartOf\":{\"@id\":\"https:\\\/\\\/votingaccessforall.org\\\/#website\"},\"datePublished\":\"2024-04-12T15:06:02+00:00\",\"dateModified\":\"2024-04-12T15:06:05+00:00\",\"breadcrumb\":{\"@id\":\"https:\\\/\\\/votingaccessforall.org\\\/plan-your-vote\\\/#breadcrumb\"},\"inLanguage\":\"es\",\"potentialAction\":[{\"@type\":\"ReadAction\",\"target\":[\"https:\\\/\\\/votingaccessforall.org\\\/plan-your-vote\\\/\"]}]},{\"@type\":\"BreadcrumbList\",\"@id\":\"https:\\\/\\\/votingaccessforall.org\\\/plan-your-vote\\\/#breadcrumb\",\"itemListElement\":[{\"@type\":\"ListItem\",\"position\":1,\"name\":\"Home\",\"item\":\"https:\\\/\\\/votingaccessforall.org\\\/\"},{\"@type\":\"ListItem\",\"position\":2,\"name\":\"Plan Your Vote\"}]},{\"@type\":\"WebSite\",\"@id\":\"https:\\\/\\\/votingaccessforall.org\\\/#website\",\"url\":\"https:\\\/\\\/votingaccessforall.org\\\/\",\"name\":\"Voting Access For All\",\"description\":\"Empowering ALL Michigan Voters: Voting Is Your Right!\",\"publisher\":{\"@id\":\"https:\\\/\\\/votingaccessforall.org\\\/#organization\"},\"potentialAction\":[{\"@type\":\"SearchAction\",\"target\":{\"@type\":\"EntryPoint\",\"urlTemplate\":\"https:\\\/\\\/votingaccessforall.org\\\/?s={search_term_string}\"},\"query-input\":{\"@type\":\"PropertyValueSpecification\",\"valueRequired\":true,\"valueName\":\"search_term_string\"}}],\"inLanguage\":\"es\"},{\"@type\":\"Organization\",\"@id\":\"https:\\\/\\\/votingaccessforall.org\\\/#organization\",\"name\":\"Voting Access for All Coalition\",\"url\":\"https:\\\/\\\/votingaccessforall.org\\\/\",\"logo\":{\"@type\":\"ImageObject\",\"inLanguage\":\"es\",\"@id\":\"https:\\\/\\\/votingaccessforall.org\\\/#\\\/schema\\\/logo\\\/image\\\/\",\"url\":\"https:\\\/\\\/votingaccessforall.org\\\/wp-content\\\/uploads\\\/2021\\\/05\\\/cropped-VAAC_logo_Small.jpg\",\"contentUrl\":\"https:\\\/\\\/votingaccessforall.org\\\/wp-content\\\/uploads\\\/2021\\\/05\\\/cropped-VAAC_logo_Small.jpg\",\"width\":512,\"height\":512,\"caption\":\"Voting Access for All Coalition\"},\"image\":{\"@id\":\"https:\\\/\\\/votingaccessforall.org\\\/#\\\/schema\\\/logo\\\/image\\\/\"},\"sameAs\":[\"https:\\\/\\\/www.facebook.com\\\/VotingAccessForAll\\\/\",\"https:\\\/\\\/www.instagram.com\\\/votingaccessforall\\\/\",\"https:\\\/\\\/www.youtube.com\\\/@VotingAccessForAll\",\"https:\\\/\\\/www.linkedin.com\\\/company\\\/voting-access-for-all-vaac\\\/\",\"https:\\\/\\\/bsky.app\\\/profile\\\/votingaccessforall.bsky.social\"]}]}<\/script>\n<!-- \/ Yoast SEO plugin. -->","yoast_head_json":{"title":"Planifique su voto: acceso al voto para todos","robots":{"index":"index","follow":"follow","max-snippet":"max-snippet:-1","max-image-preview":"max-image-preview:large","max-video-preview":"max-video-preview:-1"},"canonical":"https:\/\/votingaccessforall.org\/es\/plan-your-vote\/","og_locale":"es_MX","og_type":"article","og_title":"Plan Your Vote &#8211; Voting Access For All","og_description":"Plan Your Vote in Michigan Questions? Call the nonpartisan Election Protection Hotline at (866) OUR-VOTE! 866-867-8683 Voters with Disabilities Contact your clerk&#8217;s office or the nonpartisan election protection hotline (866-OUR-VOTE) if you encounter any accessibility issues while voting. Early In-Person Voting Michigan voters have the right to cast a ballot early and in person at [&hellip;]","og_url":"https:\/\/votingaccessforall.org\/es\/plan-your-vote\/","og_site_name":"Voting Access For All","article_publisher":"https:\/\/www.facebook.com\/VotingAccessForAll\/","article_modified_time":"2024-04-12T15:06:05+00:00","twitter_card":"summary_large_image","twitter_misc":{"Tiempo de lectura":"4 minutos"},"schema":{"@context":"https:\/\/schema.org","@graph":[{"@type":"WebPage","@id":"https:\/\/votingaccessforall.org\/plan-your-vote\/","url":"https:\/\/votingaccessforall.org\/plan-your-vote\/","name":"Planifique su voto: acceso al voto para todos","isPartOf":{"@id":"https:\/\/votingaccessforall.org\/#website"},"datePublished":"2024-04-12T15:06:02+00:00","dateModified":"2024-04-12T15:06:05+00:00","breadcrumb":{"@id":"https:\/\/votingaccessforall.org\/plan-your-vote\/#breadcrumb"},"inLanguage":"es","potentialAction":[{"@type":"ReadAction","target":["https:\/\/votingaccessforall.org\/plan-your-vote\/"]}]},{"@type":"BreadcrumbList","@id":"https:\/\/votingaccessforall.org\/plan-your-vote\/#breadcrumb","itemListElement":[{"@type":"ListItem","position":1,"name":"Home","item":"https:\/\/votingaccessforall.org\/"},{"@type":"ListItem","position":2,"name":"Plan Your Vote"}]},{"@type":"WebSite","@id":"https:\/\/votingaccessforall.org\/#website","url":"https:\/\/votingaccessforall.org\/","name":"Acceso a la votaci\u00f3n para todos","description":"Empoderando a TODOS los votantes de Michigan:<br \/>\u00a1Votar es su derecho!","publisher":{"@id":"https:\/\/votingaccessforall.org\/#organization"},"potentialAction":[{"@type":"SearchAction","target":{"@type":"EntryPoint","urlTemplate":"https:\/\/votingaccessforall.org\/?s={search_term_string}"},"query-input":{"@type":"PropertyValueSpecification","valueRequired":true,"valueName":"search_term_string"}}],"inLanguage":"es"},{"@type":"Organization","@id":"https:\/\/votingaccessforall.org\/#organization","name":"Coalici\u00f3n de acceso a la votaci\u00f3n para todos","url":"https:\/\/votingaccessforall.org\/","logo":{"@type":"ImageObject","inLanguage":"es","@id":"https:\/\/votingaccessforall.org\/#\/schema\/logo\/image\/","url":"https:\/\/votingaccessforall.org\/wp-content\/uploads\/2021\/05\/cropped-VAAC_logo_Small.jpg","contentUrl":"https:\/\/votingaccessforall.org\/wp-content\/uploads\/2021\/05\/cropped-VAAC_logo_Small.jpg","width":512,"height":512,"caption":"Voting Access for All Coalition"},"image":{"@id":"https:\/\/votingaccessforall.org\/#\/schema\/logo\/image\/"},"sameAs":["https:\/\/www.facebook.com\/VotingAccessForAll\/","https:\/\/www.instagram.com\/votingaccessforall\/","https:\/\/www.youtube.com\/@VotingAccessForAll","https:\/\/www.linkedin.com\/company\/voting-access-for-all-vaac\/","https:\/\/bsky.app\/profile\/votingaccessforall.bsky.social"]}]}},"_links":{"self":[{"href":"https:\/\/votingaccessforall.org\/es\/wp-json\/wp\/v2\/pages\/7266","targetHints":{"allow":["GET"]}}],"collection":[{"href":"https:\/\/votingaccessforall.org\/es\/wp-json\/wp\/v2\/pages"}],"about":[{"href":"https:\/\/votingaccessforall.org\/es\/wp-json\/wp\/v2\/types\/page"}],"author":[{"embeddable":true,"href":"https:\/\/votingaccessforall.org\/es\/wp-json\/wp\/v2\/users\/2"}],"replies":[{"embeddable":true,"href":"https:\/\/votingaccessforall.org\/es\/wp-json\/wp\/v2\/comments?post=7266"}],"version-history":[{"count":1,"href":"https:\/\/votingaccessforall.org\/es\/wp-json\/wp\/v2\/pages\/7266\/revisions"}],"predecessor-version":[{"id":7267,"href":"https:\/\/votingaccessforall.org\/es\/wp-json\/wp\/v2\/pages\/7266\/revisions\/7267"}],"wp:attachment":[{"href":"https:\/\/votingaccessforall.org\/es\/wp-json\/wp\/v2\/media?parent=7266"}],"wp:term":[{"taxonomy":"progress_planner_page_types","embeddable":true,"href":"https:\/\/votingaccessforall.org\/es\/wp-json\/wp\/v2\/progress_planner_page_types?post=7266"}],"curies":[{"name":"gracias","href":"https:\/\/api.w.org\/{rel}","templated":true}]}}