{"id":726,"date":"2021-07-13T19:44:34","date_gmt":"2021-07-13T23:44:34","guid":{"rendered":"https:\/\/votingaccessforall.org\/?page_id=726"},"modified":"2025-09-20T11:43:07","modified_gmt":"2025-09-20T15:43:07","slug":"signup","status":"publish","type":"page","link":"https:\/\/votingaccessforall.org\/es\/signup\/","title":{"rendered":"Suscr\u00edbete a nuestro bolet\u00edn informativo"},"content":{"rendered":"<p>Reg\u00edstrese para recibir noticias e informaci\u00f3n de Voting Access for All Coalici\u00f3n.<\/p>\n\n\n<div class=\"wp-block-groundhogg-forms\">\n\t<div class=\"gh-form-wrapper\"><form method=\"post\" class=\"gh-form gh-form-v2\" target=\"_parent\" enctype=\"multipart\/form-data\" name=\"Join Our List\" id=\"gh-form-14\" data-id=\"14\" action=\"\"><div class=\"gh-form-fields\"><div class=\"gh-form-column col-1-of-2\"><label for=\"first_name\">Primer nombre <span class=\"required\">*<\/span><\/label><div class=\"gh-form-input-field\"><input type=\"text\" name=\"first_name\" id=\"first_name\" class=\"gh-input\" value=\"\" required><\/div><\/div><div class=\"gh-form-column col-1-of-2\"><label for=\"last_name\">Apellido <span class=\"required\">*<\/span><\/label><div class=\"gh-form-input-field\"><input type=\"text\" name=\"last_name\" id=\"last_name\" class=\"gh-input\" value=\"\" required><\/div><\/div><div class=\"gh-form-column col-1-of-1\"><label for=\"email\">Correo electr\u00f3nico <span class=\"required\">*<\/span><\/label><div class=\"gh-form-input-field\"><input type=\"email\" name=\"email\" id=\"email\" class=\"gh-input\" value=\"\" required><\/div><\/div><div class=\"gh-form-column col-1-of-1\"><label for=\"zip_code\">C\u00f3digo postal<\/label><div class=\"gh-form-input-field\"><input type=\"text\" name=\"zip_code\" id=\"zip_code\" class=\"gh-input\" value=\"\"\/><\/div><\/div><div class=\"gh-form-column col-1-of-1\"><label for=\"primary_phone\">Tel\u00e9fono<\/label><div class=\"gh-form-input-field\"><input type=\"tel\" name=\"primary_phone\" id=\"primary_phone\" class=\"gh-input\" value=\"\"\/><\/div><\/div><div class=\"gh-form-column col-1-of-1\"><label class=\"gh-checkbox-label\"><input type=\"checkbox\" name=\"sms-optin\" class=\"gh-checkbox-input\" value=\"1\"\/><span class=\"checkbox-label\">\u00a1Env\u00edame mensajes de texto sobre la votaci\u00f3n!<\/span><\/label><\/div><div class=\"gh-form-column col-1-of-1\"><div class=\"cf-turnstile\" data-sitekey=\"0x4AAAAAAB6W3J-4eXZU7EMx\" data-theme=\"dark\" data-size=\"normal\"><\/div><\/div><div class=\"gh-form-column col-1-of-1\"><button type=\"submit\" class=\"gh-submit gh-button primary\" value=\"\">Inscribirse<\/button><\/div><\/div><input type=\"hidden\" name=\"trp-form-language\" value=\"es\"\/><\/form><\/div><\/div>\n\n\n\n<p class=\"has-small-font-size\"><em>No enviamos spam ni vendemos informaci\u00f3n personal. Pueden aplicarse tarifas de mensajer\u00eda. La frecuencia de los mensajes var\u00eda. Lea m\u00e1s en nuestra <a data-type=\"page\" data-id=\"3\" href=\"https:\/\/votingaccessforall.org\/es\/privacy-policy\/\">pol\u00edtica de privacidad<\/a>.<\/em><\/p>\n\n\n\n<p>VAAC es una coalici\u00f3n estatal, independiente y sin fines de lucro que trabaja para eliminar las barreras a la democracia para los residentes m\u00e1s afectados de Michigan. Compartimos conocimientos y fortalecemos el poder comunitario para garantizar que todos, especialmente las personas afectadas por el encarcelamiento, la inseguridad habitacional, la pobreza y la exclusi\u00f3n sist\u00e9mica, puedan ejercer su derecho al voto, promover el cambio y liderar en sus comunidades.<\/p>\n\n\n\n<div class=\"wp-block-group is-nowrap is-layout-flex wp-container-core-group-is-layout-6c531013 wp-block-group-is-layout-flex\">\n<p><strong>\u00a1Despu\u00e9s de registrarte, comparte esta p\u00e1gina con tus amigos para que ellos tambi\u00e9n puedan participar!<\/strong><\/p>\n\n\n<div class=\"wp-block-create-block-super-web-share-block\">\n\t\n\t\t<div class=\"sws_supernormalaction\" style=\"text-align:start;right:24px;bottom:12px\" >\n\t\t\t\t\t<amp-lightbox id=\"superwebshare-lightbox\" layout=\"nodisplay\">\n\t\t\t<div class=\"superwebshare-lightbox\" on=\"tap:superwebshare-lightbox.close\" role=\"button\" tabindex=\"0\" aria-hidden=\"true\">\n\t\t\t\t<div class=\"\">\n\t\t\t\t\t\t\t\t\t\t\t\t<amp-social-share class=\"rounded\" aria-hidden=\"true\" type=\"twitter\" width=\"48\" height=\"48\"><\/amp-social-share>\n\t\t\t\t\t\t\t<amp-social-share class=\"rounded\" aria-hidden=\"true\" type=\"linkedin\" width=\"48\" height=\"48\"><\/amp-social-share>\n\t\t\t\t\t\t\t<amp-social-share class=\"rounded\" aria-hidden=\"true\" type=\"whatsapp\" width=\"48\" height=\"48\"><\/amp-social-share>\n\t\t\t\t\t\t\t\t\t\t\t<amp-social-share type=\"system\" width=\"48\" height=\"48\" class=\"superwebshare_amp_native_button\"><\/amp-social-share>\n\t\t\t\t\t\n\t\t\t\t<\/div>\n\t\t\t\t\n\t\t\t<\/div>\n\t\t<\/amp-lightbox>\n\t\t\t\t\t\t<button data-fallback=\"yes\" type=\"button\" on=\"tap:superwebshare-lightbox\" class=\"superwebshare_tada superwebshare_normal_button1 shortcode-button superwebshare-button-large superwebshare-button-default superwebshare_prompt superwebshare_button_svg\" style=\"background-color:#BD3854;\" >\n\t\t\t\t<svg xmlns=\"http:\/\/www.w3.org\/2000\/svg\" class=\"superwebshare-svg\"  fill=\"currentColor\" viewbox=\"0 0 1000 1000\" stroke=\"currentColor\" stroke-width=\"0\"><path stroke-linecap=\"round\" stroke-linejoin=\"round\" d=\"M789.86,323.67c91.79,0,164.25-72.46,164.25-164.25S881.64,0,789.86,0S625.6,72.46,625.6,164.25c0,4.83,0,14.49,0,24.15L306.76,371.98c-24.15-24.15-57.97-33.82-96.62-33.82c-91.79,0-164.25,72.46-164.25,164.25s72.46,164.25,164.25,164.25c38.65,0,72.46-14.49,96.62-33.82L625.6,821.26c0,9.66,0,14.49,0,19.32c0,86.96,72.46,159.42,159.42,159.42s159.42-72.46,159.42-159.42s-67.63-159.42-154.59-159.42c-33.82,0-67.63,9.66-96.62,33.82L374.4,526.57c0-9.66,0-19.32,0-24.15s0-14.49,0-24.15l318.84-188.41C717.39,314.01,751.21,323.67,789.86,323.67z\" \/><\/svg>\t\t\t\t<span> Compartir<\/span><\/button>\n\t\t\t\t\t\t<\/div>\n\t\t\n<\/div>\n<\/div>","protected":false},"excerpt":{"rendered":"<p>Sign up to receive news and information from Voting Access for All Coalition. We do not spam, and we do not sell personal information. Text message carrier rates may apply. Message frequency varies. Read more in our privacy policy. VAAC is a statewide, nonpartisan nonprofit coalition working to eliminate barriers to democracy for Michigan\u2019s most [&hellip;]<\/p>\n","protected":false},"author":1,"featured_media":0,"parent":0,"menu_order":0,"comment_status":"closed","ping_status":"closed","template":"page-without-footer","meta":{"_gspb_post_css":"","progress_planner_page_todos":"","footnotes":""},"progress_planner_page_types":[],"class_list":["post-726","page","type-page","status-publish","hentry"],"yoast_head":"<!-- This site is optimized with the Yoast SEO plugin v27.3 - https:\/\/yoast.com\/product\/yoast-seo-wordpress\/ -->\n<title>Sign Up For Our Newsletter &#8211; Voting Access For All<\/title>\n<meta name=\"description\" content=\"Sign up for news and information about Voting Access for All Coalition (VAAC), related events, and important updates about voting rights in Michigan!\" \/>\n<meta name=\"robots\" content=\"index, follow, max-snippet:-1, max-image-preview:large, max-video-preview:-1\" \/>\n<link rel=\"canonical\" href=\"https:\/\/votingaccessforall.org\/es\/signup\/\" \/>\n<meta property=\"og:locale\" content=\"es_MX\" \/>\n<meta property=\"og:type\" content=\"article\" \/>\n<meta property=\"og:title\" content=\"Sign Up For Our Newsletter &#8211; Voting Access For All\" \/>\n<meta property=\"og:description\" content=\"Sign up for news and information about Voting Access for All Coalition (VAAC), related events, and important updates about voting rights in Michigan!\" \/>\n<meta property=\"og:url\" content=\"https:\/\/votingaccessforall.org\/es\/signup\/\" \/>\n<meta property=\"og:site_name\" content=\"Voting Access For All\" \/>\n<meta property=\"article:publisher\" content=\"https:\/\/www.facebook.com\/VotingAccessForAll\/\" \/>\n<meta property=\"article:modified_time\" content=\"2025-09-20T15:43:07+00:00\" \/>\n<meta name=\"twitter:card\" content=\"summary_large_image\" \/>\n<meta name=\"twitter:label1\" content=\"Tiempo de lectura\" \/>\n\t<meta name=\"twitter:data1\" content=\"1 minuto\" \/>\n<script type=\"application\/ld+json\" class=\"yoast-schema-graph\">{\"@context\":\"https:\\\/\\\/schema.org\",\"@graph\":[{\"@type\":\"WebPage\",\"@id\":\"https:\\\/\\\/votingaccessforall.org\\\/signup\\\/\",\"url\":\"https:\\\/\\\/votingaccessforall.org\\\/signup\\\/\",\"name\":\"Sign Up For Our Newsletter &#8211; Voting Access For All\",\"isPartOf\":{\"@id\":\"https:\\\/\\\/votingaccessforall.org\\\/#website\"},\"datePublished\":\"2021-07-13T23:44:34+00:00\",\"dateModified\":\"2025-09-20T15:43:07+00:00\",\"description\":\"Sign up for news and information about Voting Access for All Coalition (VAAC), related events, and important updates about voting rights in Michigan!\",\"breadcrumb\":{\"@id\":\"https:\\\/\\\/votingaccessforall.org\\\/signup\\\/#breadcrumb\"},\"inLanguage\":\"es\",\"potentialAction\":[{\"@type\":\"ReadAction\",\"target\":[\"https:\\\/\\\/votingaccessforall.org\\\/signup\\\/\"]}]},{\"@type\":\"BreadcrumbList\",\"@id\":\"https:\\\/\\\/votingaccessforall.org\\\/signup\\\/#breadcrumb\",\"itemListElement\":[{\"@type\":\"ListItem\",\"position\":1,\"name\":\"Home\",\"item\":\"https:\\\/\\\/votingaccessforall.org\\\/\"},{\"@type\":\"ListItem\",\"position\":2,\"name\":\"Sign Up For Our Newsletter\"}]},{\"@type\":\"WebSite\",\"@id\":\"https:\\\/\\\/votingaccessforall.org\\\/#website\",\"url\":\"https:\\\/\\\/votingaccessforall.org\\\/\",\"name\":\"Voting Access For All\",\"description\":\"Empowering ALL Michigan Voters: Voting Is Your Right!\",\"publisher\":{\"@id\":\"https:\\\/\\\/votingaccessforall.org\\\/#organization\"},\"potentialAction\":[{\"@type\":\"SearchAction\",\"target\":{\"@type\":\"EntryPoint\",\"urlTemplate\":\"https:\\\/\\\/votingaccessforall.org\\\/?s={search_term_string}\"},\"query-input\":{\"@type\":\"PropertyValueSpecification\",\"valueRequired\":true,\"valueName\":\"search_term_string\"}}],\"inLanguage\":\"es\"},{\"@type\":\"Organization\",\"@id\":\"https:\\\/\\\/votingaccessforall.org\\\/#organization\",\"name\":\"Voting Access for All Coalition\",\"url\":\"https:\\\/\\\/votingaccessforall.org\\\/\",\"logo\":{\"@type\":\"ImageObject\",\"inLanguage\":\"es\",\"@id\":\"https:\\\/\\\/votingaccessforall.org\\\/#\\\/schema\\\/logo\\\/image\\\/\",\"url\":\"https:\\\/\\\/votingaccessforall.org\\\/wp-content\\\/uploads\\\/2021\\\/05\\\/cropped-VAAC_logo_Small.jpg\",\"contentUrl\":\"https:\\\/\\\/votingaccessforall.org\\\/wp-content\\\/uploads\\\/2021\\\/05\\\/cropped-VAAC_logo_Small.jpg\",\"width\":512,\"height\":512,\"caption\":\"Voting Access for All Coalition\"},\"image\":{\"@id\":\"https:\\\/\\\/votingaccessforall.org\\\/#\\\/schema\\\/logo\\\/image\\\/\"},\"sameAs\":[\"https:\\\/\\\/www.facebook.com\\\/VotingAccessForAll\\\/\",\"https:\\\/\\\/www.instagram.com\\\/votingaccessforall\\\/\",\"https:\\\/\\\/www.youtube.com\\\/@VotingAccessForAll\",\"https:\\\/\\\/www.linkedin.com\\\/company\\\/voting-access-for-all-vaac\\\/\",\"https:\\\/\\\/bsky.app\\\/profile\\\/votingaccessforall.bsky.social\"]}]}<\/script>\n<!-- \/ Yoast SEO plugin. -->","yoast_head_json":{"title":"Sign Up For Our Newsletter &#8211; Voting Access For All","description":"Sign up for news and information about Voting Access for All Coalition (VAAC), related events, and important updates about voting rights in Michigan!","robots":{"index":"index","follow":"follow","max-snippet":"max-snippet:-1","max-image-preview":"max-image-preview:large","max-video-preview":"max-video-preview:-1"},"canonical":"https:\/\/votingaccessforall.org\/es\/signup\/","og_locale":"es_MX","og_type":"article","og_title":"Sign Up For Our Newsletter &#8211; Voting Access For All","og_description":"Sign up for news and information about Voting Access for All Coalition (VAAC), related events, and important updates about voting rights in Michigan!","og_url":"https:\/\/votingaccessforall.org\/es\/signup\/","og_site_name":"Voting Access For All","article_publisher":"https:\/\/www.facebook.com\/VotingAccessForAll\/","article_modified_time":"2025-09-20T15:43:07+00:00","twitter_card":"summary_large_image","twitter_misc":{"Tiempo de lectura":"1 minuto"},"schema":{"@context":"https:\/\/schema.org","@graph":[{"@type":"WebPage","@id":"https:\/\/votingaccessforall.org\/signup\/","url":"https:\/\/votingaccessforall.org\/signup\/","name":"Sign Up For Our Newsletter &#8211; Voting Access For All","isPartOf":{"@id":"https:\/\/votingaccessforall.org\/#website"},"datePublished":"2021-07-13T23:44:34+00:00","dateModified":"2025-09-20T15:43:07+00:00","description":"Sign up for news and information about Voting Access for All Coalition (VAAC), related events, and important updates about voting rights in Michigan!","breadcrumb":{"@id":"https:\/\/votingaccessforall.org\/signup\/#breadcrumb"},"inLanguage":"es","potentialAction":[{"@type":"ReadAction","target":["https:\/\/votingaccessforall.org\/signup\/"]}]},{"@type":"BreadcrumbList","@id":"https:\/\/votingaccessforall.org\/signup\/#breadcrumb","itemListElement":[{"@type":"ListItem","position":1,"name":"Home","item":"https:\/\/votingaccessforall.org\/"},{"@type":"ListItem","position":2,"name":"Sign Up For Our Newsletter"}]},{"@type":"WebSite","@id":"https:\/\/votingaccessforall.org\/#website","url":"https:\/\/votingaccessforall.org\/","name":"Acceso a la votaci\u00f3n para todos","description":"Empoderando a TODOS los votantes de Michigan:<br \/>\u00a1Votar es su derecho!","publisher":{"@id":"https:\/\/votingaccessforall.org\/#organization"},"potentialAction":[{"@type":"SearchAction","target":{"@type":"EntryPoint","urlTemplate":"https:\/\/votingaccessforall.org\/?s={search_term_string}"},"query-input":{"@type":"PropertyValueSpecification","valueRequired":true,"valueName":"search_term_string"}}],"inLanguage":"es"},{"@type":"Organization","@id":"https:\/\/votingaccessforall.org\/#organization","name":"Coalici\u00f3n de acceso a la votaci\u00f3n para todos","url":"https:\/\/votingaccessforall.org\/","logo":{"@type":"ImageObject","inLanguage":"es","@id":"https:\/\/votingaccessforall.org\/#\/schema\/logo\/image\/","url":"https:\/\/votingaccessforall.org\/wp-content\/uploads\/2021\/05\/cropped-VAAC_logo_Small.jpg","contentUrl":"https:\/\/votingaccessforall.org\/wp-content\/uploads\/2021\/05\/cropped-VAAC_logo_Small.jpg","width":512,"height":512,"caption":"Voting Access for All Coalition"},"image":{"@id":"https:\/\/votingaccessforall.org\/#\/schema\/logo\/image\/"},"sameAs":["https:\/\/www.facebook.com\/VotingAccessForAll\/","https:\/\/www.instagram.com\/votingaccessforall\/","https:\/\/www.youtube.com\/@VotingAccessForAll","https:\/\/www.linkedin.com\/company\/voting-access-for-all-vaac\/","https:\/\/bsky.app\/profile\/votingaccessforall.bsky.social"]}]}},"_links":{"self":[{"href":"https:\/\/votingaccessforall.org\/es\/wp-json\/wp\/v2\/pages\/726","targetHints":{"allow":["GET"]}}],"collection":[{"href":"https:\/\/votingaccessforall.org\/es\/wp-json\/wp\/v2\/pages"}],"about":[{"href":"https:\/\/votingaccessforall.org\/es\/wp-json\/wp\/v2\/types\/page"}],"author":[{"embeddable":true,"href":"https:\/\/votingaccessforall.org\/es\/wp-json\/wp\/v2\/users\/1"}],"replies":[{"embeddable":true,"href":"https:\/\/votingaccessforall.org\/es\/wp-json\/wp\/v2\/comments?post=726"}],"version-history":[{"count":6,"href":"https:\/\/votingaccessforall.org\/es\/wp-json\/wp\/v2\/pages\/726\/revisions"}],"predecessor-version":[{"id":176786,"href":"https:\/\/votingaccessforall.org\/es\/wp-json\/wp\/v2\/pages\/726\/revisions\/176786"}],"wp:attachment":[{"href":"https:\/\/votingaccessforall.org\/es\/wp-json\/wp\/v2\/media?parent=726"}],"wp:term":[{"taxonomy":"progress_planner_page_types","embeddable":true,"href":"https:\/\/votingaccessforall.org\/es\/wp-json\/wp\/v2\/progress_planner_page_types?post=726"}],"curies":[{"name":"gracias","href":"https:\/\/api.w.org\/{rel}","templated":true}]}}