{"id":5199,"date":"2023-08-02T10:24:29","date_gmt":"2023-08-02T14:24:29","guid":{"rendered":"https:\/\/votingaccessforall.org\/?page_id=5199"},"modified":"2026-02-22T16:36:07","modified_gmt":"2026-02-22T21:36:07","slug":"legislation","status":"publish","type":"page","link":"https:\/\/votingaccessforall.org\/es\/what-we-do\/legislation\/","title":{"rendered":"Promoci\u00f3n de pol\u00edticas y cambio de sistemas"},"content":{"rendered":"<div class=\"wp-block-greenshift-blocks-infobox gspb_infoBox gspb_infoBox-id-gsbp-398190d\" id=\"gspb_infoBox-id-gsbp-398190d\"><div class=\"gs-box info_type icon_type\"><div class=\"gs-box-icon\"><svg x=\"0px\" y=\"0px\" viewbox=\"0 0 512 512\"> <g><g> <path d=\"M256,0C114.497,0,0,114.507,0,256c0,141.503,114.507,256,256,256c141.503,0,256-114.507,256-256 C512,114.497,397.492,0,256,0z M256,472c-119.393,0-216-96.615-216-216c0-119.393,96.615-216,216-216 c119.393,0,216,96.615,216,216C472,375.393,375.384,472,256,472z\"><\/path> <\/g> <\/g> <g> <g> <path d=\"M256,214.33c-11.046,0-20,8.954-20,20v128.793c0,11.046,8.954,20,20,20s20-8.955,20-20.001V234.33 C276,223.284,267.046,214.33,256,214.33z\"><\/path> <\/g> <\/g> <g> <g> <circle cx=\"256\" cy=\"162.84\" r=\"27\"><\/circle> <\/g> <\/g> <\/svg><\/div><div class=\"gs-box-text\">\n<h3 class=\"wp-block-heading\" id=\"goal\"><strong>Meta<\/strong><\/h3>\n\n\n\n<p>Promover reformas estructurales que protejan y ampl\u00eden el acceso al voto y desmantelen pol\u00edticas arraigadas en la privaci\u00f3n del derecho al voto.<\/p>\n\n\n\n<h3 class=\"wp-block-heading\" id=\"program-scope\"><strong>Alcance del programa<\/strong><\/h3>\n\n\n\n<p>VAAC participa en la promoci\u00f3n de pol\u00edticas no partidistas basadas en experiencias vividas y datos de campo, que incluyen:<\/p>\n\n\n\n<ul class=\"wp-block-list\">\n<li>Defensa de la legislaci\u00f3n sobre el voto en prisi\u00f3n y reformas administrativas<br><\/li>\n\n\n\n<li>Campa\u00f1as para acabar con la manipulaci\u00f3n de los distritos electorales en las c\u00e1rceles y apoyar mapas justos<br><\/li>\n\n\n\n<li>Educaci\u00f3n p\u00fablica y defensa de los esfuerzos de supresi\u00f3n del voto<br><\/li>\n\n\n\n<li>Desarrollo de una estrategia a largo plazo para ampliar los derechos de voto<br><\/li>\n\n\n\n<li>Jornadas de promoci\u00f3n, capacitaciones sobre pol\u00edticas y educaci\u00f3n para legisladores<br><\/li>\n<\/ul>\n\n\n\n<h3 class=\"wp-block-heading\" id=\"2026-focus\"><strong>Enfoque 2026<\/strong><\/h3>\n\n\n\n<ul class=\"wp-block-list\">\n<li>Apoyar la introducci\u00f3n y el avance de la legislaci\u00f3n sobre votaci\u00f3n en prisi\u00f3n<br><\/li>\n\n\n\n<li>Continuar la educaci\u00f3n estatal sobre la manipulaci\u00f3n de distritos y la redistribuci\u00f3n de distritos en prisiones<br><\/li>\n\n\n\n<li>Alinear la narraci\u00f3n, los datos y los objetivos de las pol\u00edticas<br><\/li>\n\n\n\n<li>Construir relaciones m\u00e1s s\u00f3lidas con los responsables de las pol\u00edticas y los aliados a nivel estatal.<br><\/li>\n<\/ul>\n\n\n\n<p>El cambio de pol\u00edticas es m\u00e1s fuerte cuando se basa en la experiencia de la comunidad y cuenta con el apoyo de grupos organizados e informados.<\/p>\n<\/div><\/div><\/div>\n\n\n\n<p>Alentamos a todos a ampliar su compromiso c\u00edvico m\u00e1s all\u00e1 de votar. Las personas que votemos para el cargo tendr\u00e1n un impacto en el sistema legal penal a trav\u00e9s de los proyectos de ley que escriban y apoyen. Al comunicarse con los legisladores, puede alentarlos a redactar y apoyar la legislaci\u00f3n relacionada con los temas que le interesan.  <\/p>\n\n\n<div class=\"kb-row-layout-wrap kb-row-layout-id5199_98ae60-df alignwide wp-block-kadence-rowlayout\"><div class=\"kt-row-column-wrap kt-has-2-columns kt-row-layout-right-golden kt-tab-layout-inherit kt-mobile-layout-row kt-row-valign-top\">\n\n<div class=\"wp-block-kadence-column kadence-column5199_f35ca6-9c\"><div class=\"kt-inside-inner-col\">\n<h2 class=\"wp-block-heading\" id=\"take-action\">Tomar acci\u00f3n<\/h2>\n\n\n\n<p>Encuentra tu <strong><a href=\"https:\/\/senate.michigan.gov\/FindYourSenator\/\">Senador del estado de M\u00edchigan<\/a><\/strong> y <a href=\"https:\/\/www.house.mi.gov\/#findarepresentative\"><strong>Representante del Estado de Michigan.<\/strong><\/a><\/p>\n\n\n\n<p>D\u00edgale a su Senador y Representante sobre la legislaci\u00f3n que desea que apoyen y por qu\u00e9.  <\/p>\n\n\n\n<ol class=\"wp-block-list\">\n<li><strong>Ll\u00e1malos<\/strong><\/li>\n\n\n\n<li><strong>Env\u00edales un correo electr\u00f3nico<\/strong><\/li>\n\n\n\n<li><strong>Ir a su sitio web,<\/strong> y suscr\u00edbete a su newsletter donde conocer\u00e1s sus <strong>horas de cafe<\/strong>y otras oportunidades para interactuar con ellos. Le animamos a asistir siempre que sea posible.  <\/li>\n<\/ol>\n\n\n\n<p>Adem\u00e1s, donde est\u00e9 disponible, hemos proporcionado <strong>enlaces a Acciones<\/strong> relacionados con la legislaci\u00f3n enumerada. Encu\u00e9ntralo haciendo clic en el + para ampliar la informaci\u00f3n.  <\/p>\n<\/div><\/div>\n\n\n\n<div class=\"wp-block-kadence-column kadence-column5199_98ade1-73\"><div class=\"kt-inside-inner-col\">\n<h2 class=\"wp-block-heading\" id=\"issues\">Asuntos<\/h2>\n\n\n\n<p>A continuaci\u00f3n se presentan varios de los problemas que se est\u00e1n considerando actualmente y que afectar\u00e1n el sistema legal penal en Michigan. <strong><mark style=\"background-color:rgba(0, 0, 0, 0)\" class=\"has-inline-color has-accent-1-color\">(Haga clic en el + para obtener m\u00e1s informaci\u00f3n sobre cada tema)<\/mark><\/strong><\/p>\n\n\n\n<div class=\"wp-block-kadence-accordion alignnone\"><div class=\"kt-accordion-wrap kt-accordion-id5199_54c5f9-32 kt-accordion-has-8-panes kt-active-pane-0 kt-accordion-block kt-pane-header-alignment-left kt-accodion-icon-style-basic kt-accodion-icon-side-right\" style=\"max-width:none\"><div class=\"kt-accordion-inner-wrap\" data-allow-multiple-open=\"false\" data-start-open=\"none\">\n<div class=\"wp-block-kadence-pane kt-accordion-pane kt-accordion-pane-8 kt-pane5199_a8fbd5-68\"><h3 class=\"kt-accordion-header-wrap\"><button class=\"kt-blocks-accordion-header kt-acccordion-button-label-show\" type=\"button\"><span class=\"kt-blocks-accordion-title-wrap\"><span class=\"kt-blocks-accordion-title\">Protegiendo tu derecho al voto<\/span><\/span><span class=\"kt-blocks-accordion-icon-trigger\"><\/span><\/button><\/h3><div class=\"kt-accordion-panel kt-accordion-panel-hidden\"><div class=\"kt-accordion-panel-inner\">\n<p>En todo el pa\u00eds y aqu\u00ed en Michigan, esfuerzos coordinados amenazan nuestra libertad de voto. Tenga cuidado con las peticiones que dicen proteger el voto, pero que en realidad lo dificultan.<\/p>\n\n\n\n<p><a href=\"https:\/\/votingaccessforall.org\/es\/protect-voting\/\">\u00a1Lucha contra la supresi\u00f3n del voto!.<\/a><\/p>\n<\/div><\/div><\/div>\n\n\n\n<div class=\"wp-block-kadence-pane kt-accordion-pane kt-accordion-pane-3 kt-pane5199_43e3dc-a0\"><h3 class=\"kt-accordion-header-wrap\"><button class=\"kt-blocks-accordion-header kt-acccordion-button-label-show\" type=\"button\"><span class=\"kt-blocks-accordion-title-wrap\"><span class=\"kt-blocks-accordion-title\">Poner fin a la vida juvenil sin libertad condicional<\/span><\/span><span class=\"kt-blocks-accordion-icon-trigger\"><\/span><\/button><\/h3><div class=\"kt-accordion-panel kt-accordion-panel-hidden\"><div class=\"kt-accordion-panel-inner\">\n<p>Los tribunales han dictaminado que sentenciar autom\u00e1ticamente a j\u00f3venes a cadena perpetua sin libertad condicional es un castigo cruel e inusual. Los legisladores del estado de Michigan han presentado una legislaci\u00f3n que prohibir\u00eda a los jueces dictar cadenas perpetuas sin posibilidad de libertad condicional a cualquier persona menor de 18 a\u00f1os.<br><br><strong>Proyecto de Ley del Senado de Michigan 0119 <\/strong>y <strong>Proyecto de Ley del Senado de Michigan 0123<\/strong> Modifica el c\u00f3digo penal para excluir la cadena perpetua sin libertad condicional para personas que ten\u00edan menos de 19 a\u00f1os en el momento del delito. <br><br><strong>Proyecto de ley 4160 de la C\u00e1mara de Michigan<\/strong> Crea est\u00e1ndares de revisi\u00f3n de libertad condicional para personas sentenciadas inicialmente a cadena perpetua sin libertad condicional por un delito cometido antes de los 19 a\u00f1os.<br><br><strong>Proyecto de ley 4164 de la C\u00e1mara de Representantes de Michigan <\/strong>Modifica el c\u00f3digo testamentario para prohibir la vida juvenil sin libertad condicional (JLWOP)<\/p>\n<\/div><\/div><\/div>\n\n\n\n<div class=\"wp-block-kadence-pane kt-accordion-pane kt-accordion-pane-1 kt-pane5199_0d0a53-b4\"><h3 class=\"kt-accordion-header-wrap\"><button class=\"kt-blocks-accordion-header kt-acccordion-button-label-show\" type=\"button\"><span class=\"kt-blocks-accordion-title-wrap\"><span class=\"kt-blocks-accordion-title\">Buen tiempo<\/span><\/span><span class=\"kt-blocks-accordion-icon-trigger\"><\/span><\/button><\/h3><div class=\"kt-accordion-panel kt-accordion-panel-hidden\"><div class=\"kt-accordion-panel-inner\">\n<p>Legislaci\u00f3n de \u201cbuen tiempo\u201d, una iniciativa monumental que permite a las personas encarceladas en las prisiones del estado ganar tiempo libre de sus sentencias, recompensa el buen comportamiento y la participaci\u00f3n en el programa, y crea un ambiente carcelario m\u00e1s seguro y con m\u00e1s prop\u00f3sito.<\/p>\n\n\n\n<p>Obtenga m\u00e1s informaci\u00f3n de la defensa de la justicia de Michigan <a href=\"https:\/\/mijustice.org\/good-time-initiative\/\" target=\"_blank\" rel=\"noreferrer noopener\">aqu\u00ed.<\/a><br><br><strong>&nbsp;Proyectos de ley de la C\u00e1mara de Michigan 4468, 4469, 4470, 4471 <\/strong><\/p>\n<\/div><\/div><\/div>\n\n\n\n<div class=\"wp-block-kadence-pane kt-accordion-pane kt-accordion-pane-2 kt-pane5199_78766e-ba\"><h3 class=\"kt-accordion-header-wrap\"><button class=\"kt-blocks-accordion-header kt-acccordion-button-label-show\" type=\"button\"><span class=\"kt-blocks-accordion-title-wrap\"><span class=\"kt-blocks-accordion-title\">Segundo vistazo<\/span><\/span><span class=\"kt-blocks-accordion-icon-trigger\"><\/span><\/button><\/h3><div class=\"kt-accordion-panel kt-accordion-panel-hidden\"><div class=\"kt-accordion-panel-inner\">\n<p>La sentencia de segunda vista permitir\u00eda a los tribunales reevaluar la sentencia de una persona despu\u00e9s de un per\u00edodo significativo de tiempo en prisi\u00f3n y determinar si esa sentencia a\u00fan es necesaria. Las personas encarceladas pueden solicitar al juez de sentencia una reducci\u00f3n de su sentencia despu\u00e9s de cumplir al menos 10 a\u00f1os y si ya no representan un riesgo para la comunidad.<br><br><strong>Proyectos de ley de la C\u00e1mara de Michigan 4556-4560&nbsp; <br>Proyectos de ley del Senado de Michigan 321-325<\/strong><\/p>\n<\/div><\/div><\/div>\n\n\n\n<div class=\"wp-block-kadence-pane kt-accordion-pane kt-accordion-pane-4 kt-pane5199_0a88a8-2d\"><h3 class=\"kt-accordion-header-wrap\"><button class=\"kt-blocks-accordion-header kt-acccordion-button-label-show\" type=\"button\"><span class=\"kt-blocks-accordion-title-wrap\"><span class=\"kt-blocks-accordion-title\">Poner fin a la manipulaci\u00f3n de prisiones<\/span><\/span><span class=\"kt-blocks-accordion-icon-trigger\"><\/span><\/button><\/h3><div class=\"kt-accordion-panel kt-accordion-panel-hidden\"><div class=\"kt-accordion-panel-inner\">\n<p>Miles de personas encarceladas en prisiones estatales se cuentan en las comunidades donde est\u00e1n encarceladas en lugar de en su comunidad de origen. Varios estados, y un n\u00famero creciente de ciudades y condados en los EE. UU., han tratado de poner fin a esta pr\u00e1ctica, llamada gerrymandering en las prisiones. <\/p>\n\n\n\n<p>Aprenda m\u00e1s de Voting Access for All Coalition <a href=\"https:\/\/votingaccessforall.org\/es\/what-we-do\/end-prison-gerrymandering\/\" target=\"_blank\" rel=\"noreferrer noopener\">aqu\u00ed.<\/a><\/p>\n\n\n\n<p>Firmar una carta apoyando esta legislaci\u00f3n <a href=\"https:\/\/docs.google.com\/forms\/d\/1E4wF7zwAG2XheuG5X6XFoxwTSlztM6JhmE9q6sJZsx8\/edit?ts=6478dd0a\" target=\"_blank\" rel=\"noreferrer noopener\">aqu\u00ed<\/a>!<br><br><strong>Proyecto de Ley del Senado de Michigan No. 0033 <\/strong>pondr\u00eda fin a la pr\u00e1ctica de manipulaci\u00f3n en las prisiones en Michigan al exigir que se informe la direcci\u00f3n previa al encarcelamiento de las personas encarceladas al proporcionar informaci\u00f3n para el conteo de la poblaci\u00f3n del distrito electoral.<\/p>\n<\/div><\/div><\/div>\n\n\n\n<div class=\"wp-block-kadence-pane kt-accordion-pane kt-accordion-pane-5 kt-pane5199_10bce7-c7\"><h3 class=\"kt-accordion-header-wrap\"><button class=\"kt-blocks-accordion-header kt-acccordion-button-label-show\" type=\"button\"><span class=\"kt-blocks-accordion-title-wrap\"><span class=\"kt-blocks-accordion-title\">Vivienda no obst\u00e1culos<\/span><\/span><span class=\"kt-blocks-accordion-icon-trigger\"><\/span><\/button><\/h3><div class=\"kt-accordion-panel kt-accordion-panel-hidden\"><div class=\"kt-accordion-panel-inner\">\n<p>Las verificaciones de antecedentes penales se han utilizado durante demasiado tiempo para excluir a las personas de la vivienda. Una condena tiene una fecha de finalizaci\u00f3n, \u00bfno deber\u00eda tenerla el castigo? Todo el mundo merece un hogar. La vivienda es un derecho humano para todos nosotros, no solo para algunos. Pero para casi 1 de cada 3 habitantes de Michigan con antecedentes penales, el acceso a una vivienda segura y asequible sigue estando fuera de su alcance.  <\/p>\n\n\n\n<p>Obtenga m\u00e1s informaci\u00f3n de Nation Outside <a href=\"https:\/\/www.nationoutside.org\/housingnothurdles\" target=\"_blank\" rel=\"noreferrer noopener\">aqu\u00ed.  <\/a><\/p>\n\n\n\n<p>Firma una carta mostrando tu apoyo <a href=\"https:\/\/docs.google.com\/forms\/d\/e\/1FAIpQLSdee47k-4H5QdmsPslVrHYsAdQg9D2sJdfEx8iu-jdjeCHH9w\/viewform?pli=1\" target=\"_blank\" rel=\"noreferrer noopener\">aqu\u00ed<\/a>!<\/p>\n\n\n\n<p>La Ley de Acceso Justo a la Vivienda de Michigan, Proyecto de Ley 4878 de la C\u00e1mara de Representantes de Michigan, ha sido presentada por el representante Abraham Aiyash.<\/p>\n<\/div><\/div><\/div>\n\n\n\n<div class=\"wp-block-kadence-pane kt-accordion-pane kt-accordion-pane-6 kt-pane5199_dec252-82\"><h3 class=\"kt-accordion-header-wrap\"><button class=\"kt-blocks-accordion-header kt-acccordion-button-label-show\" type=\"button\"><span class=\"kt-blocks-accordion-title-wrap\"><span class=\"kt-blocks-accordion-title\">Votaci\u00f3n en prisi\u00f3n<\/span><\/span><span class=\"kt-blocks-accordion-icon-trigger\"><\/span><\/button><\/h3><div class=\"kt-accordion-panel kt-accordion-panel-hidden\"><div class=\"kt-accordion-panel-inner\">\n<p>Este es un objetivo a largo plazo para influir en la pol\u00edtica de Michigan para permitir votar en prisi\u00f3n.<\/p>\n\n\n\n<p>Actualmente, Maine, Vermont y Washington D.C. permiten votar a las personas que se encuentran encarceladas cumpliendo condena. Queremos que Michigan extienda este mismo derecho a nuestros ciudadanos que se encuentran actualmente encarcelados.<\/p>\n<\/div><\/div><\/div>\n<\/div><\/div><\/div>\n\n\n\n<h2 class=\"wp-block-heading\" id=\"learn-about-the-status-of-michigan-bills\">Conozca el estado de las facturas de Michigan<\/h2>\n\n\n\n<p>Para obtener m\u00e1s informaci\u00f3n y el estado de estas y otras facturas en Michigan, puede consultar el&nbsp;<a href=\"https:\/\/michigancollaborative.org\/legislative-updates\/\" target=\"_blank\" rel=\"noreferrer noopener\">Rastreador de facturas MI-CEMI 2025\/2026<\/a>. Gracias a nuestro socio, Michigan Collaborative to End Mass Incarceration, por hacer que este recurso est\u00e9 disponible.<\/p>\n\n\n\n<p>Adem\u00e1s, puede buscar cualquier proyecto de ley de Michigan en el <a href=\"https:\/\/legislature.mi.gov\/(S(tmbd0wxvqzfbp1i2za0mlxbe))\/mileg.aspx?page=home\" target=\"_blank\" rel=\"noreferrer noopener\">P\u00e1gina de la Legislatura de Michigan.<\/a><\/p>\n<\/div><\/div>\n\n<\/div><\/div>\n\n\n<p>Para obtener m\u00e1s informaci\u00f3n sobre los pasos para la aprobaci\u00f3n de un proyecto de ley en Michigan, consulte este <a href=\"https:\/\/www.michigan.gov\/libraryofmichigan\/-\/media\/Project\/Websites\/libraryofmichigan\/For-The-Public\/Law-Library\/lm_2019_law_researchguides_trackingmichiganlegislation.pdf?rev=57ceb8cb78bf42089287e489631f6dce&amp;hash=6E027C35240B4FBD58106B692B211FFE\" target=\"_blank\" rel=\"noreferrer noopener\">gu\u00eda valiosa<\/a> de la Biblioteca de Michigan.<\/p>","protected":false},"excerpt":{"rendered":"<p>We encourage everyone to broaden their civic engagement beyond voting. The people we vote into office will have an impact on the criminal legal system through the bills they write and support. By reaching out to legislators you can encourage them to write and support legislation related to the issues that matter to you. Take [&hellip;]<\/p>\n","protected":false},"author":2,"featured_media":0,"parent":850,"menu_order":0,"comment_status":"closed","ping_status":"closed","template":"","meta":{"_gspb_post_css":".gs-box{padding:20px;border-left:5px solid transparent;margin-bottom:25px}.gs-box-text>p{margin-bottom:20px;margin-top:0}.gs-box-text>p:last-of-type{margin-bottom:0}.gs-box.info_type{color:#155724;background-color:#d4edda;border-color:#c3e6cb}.gs-box.info_type svg{fill:#30a030}.gs-box.icon_type{display:flex}.gs-box.icon_type .gs-box-icon{width:28px;min-width:28px}.gs-box.icon_type .gs-box-text{flex-grow:1;margin:0 15px}","progress_planner_page_todos":"","footnotes":""},"progress_planner_page_types":[],"class_list":["post-5199","page","type-page","status-publish","hentry"],"yoast_head":"<!-- This site is optimized with the Yoast SEO plugin v27.3 - https:\/\/yoast.com\/product\/yoast-seo-wordpress\/ -->\n<title>Policy Advocacy and Systems Change &#8211; Voting Access For All<\/title>\n<meta name=\"robots\" content=\"index, follow, max-snippet:-1, max-image-preview:large, max-video-preview:-1\" \/>\n<link rel=\"canonical\" href=\"https:\/\/votingaccessforall.org\/es\/what-we-do\/legislation\/\" \/>\n<meta property=\"og:locale\" content=\"es_MX\" \/>\n<meta property=\"og:type\" content=\"article\" \/>\n<meta property=\"og:title\" content=\"Policy Advocacy and Systems Change &#8211; Voting Access For All\" \/>\n<meta property=\"og:description\" content=\"We encourage everyone to broaden their civic engagement beyond voting. The people we vote into office will have an impact on the criminal legal system through the bills they write and support. By reaching out to legislators you can encourage them to write and support legislation related to the issues that matter to you. Take [&hellip;]\" \/>\n<meta property=\"og:url\" content=\"https:\/\/votingaccessforall.org\/es\/what-we-do\/legislation\/\" \/>\n<meta property=\"og:site_name\" content=\"Voting Access For All\" \/>\n<meta property=\"article:publisher\" content=\"https:\/\/www.facebook.com\/VotingAccessForAll\/\" \/>\n<meta property=\"article:modified_time\" content=\"2026-02-22T21:36:07+00:00\" \/>\n<meta name=\"twitter:card\" content=\"summary_large_image\" \/>\n<meta name=\"twitter:label1\" content=\"Tiempo de lectura\" \/>\n\t<meta name=\"twitter:data1\" content=\"4 minutos\" \/>\n<script type=\"application\/ld+json\" class=\"yoast-schema-graph\">{\"@context\":\"https:\\\/\\\/schema.org\",\"@graph\":[{\"@type\":\"WebPage\",\"@id\":\"https:\\\/\\\/votingaccessforall.org\\\/what-we-do\\\/legislation\\\/\",\"url\":\"https:\\\/\\\/votingaccessforall.org\\\/what-we-do\\\/legislation\\\/\",\"name\":\"Policy Advocacy and Systems Change &#8211; Voting Access For All\",\"isPartOf\":{\"@id\":\"https:\\\/\\\/votingaccessforall.org\\\/#website\"},\"datePublished\":\"2023-08-02T14:24:29+00:00\",\"dateModified\":\"2026-02-22T21:36:07+00:00\",\"breadcrumb\":{\"@id\":\"https:\\\/\\\/votingaccessforall.org\\\/what-we-do\\\/legislation\\\/#breadcrumb\"},\"inLanguage\":\"es\",\"potentialAction\":[{\"@type\":\"ReadAction\",\"target\":[\"https:\\\/\\\/votingaccessforall.org\\\/what-we-do\\\/legislation\\\/\"]}]},{\"@type\":\"BreadcrumbList\",\"@id\":\"https:\\\/\\\/votingaccessforall.org\\\/what-we-do\\\/legislation\\\/#breadcrumb\",\"itemListElement\":[{\"@type\":\"ListItem\",\"position\":1,\"name\":\"Home\",\"item\":\"https:\\\/\\\/votingaccessforall.org\\\/\"},{\"@type\":\"ListItem\",\"position\":2,\"name\":\"What We Do\",\"item\":\"https:\\\/\\\/votingaccessforall.org\\\/what-we-do\\\/\"},{\"@type\":\"ListItem\",\"position\":3,\"name\":\"Policy Advocacy and Systems Change\"}]},{\"@type\":\"WebSite\",\"@id\":\"https:\\\/\\\/votingaccessforall.org\\\/#website\",\"url\":\"https:\\\/\\\/votingaccessforall.org\\\/\",\"name\":\"Voting Access For All\",\"description\":\"Empowering ALL Michigan Voters: Voting Is Your Right!\",\"publisher\":{\"@id\":\"https:\\\/\\\/votingaccessforall.org\\\/#organization\"},\"potentialAction\":[{\"@type\":\"SearchAction\",\"target\":{\"@type\":\"EntryPoint\",\"urlTemplate\":\"https:\\\/\\\/votingaccessforall.org\\\/?s={search_term_string}\"},\"query-input\":{\"@type\":\"PropertyValueSpecification\",\"valueRequired\":true,\"valueName\":\"search_term_string\"}}],\"inLanguage\":\"es\"},{\"@type\":\"Organization\",\"@id\":\"https:\\\/\\\/votingaccessforall.org\\\/#organization\",\"name\":\"Voting Access for All Coalition\",\"url\":\"https:\\\/\\\/votingaccessforall.org\\\/\",\"logo\":{\"@type\":\"ImageObject\",\"inLanguage\":\"es\",\"@id\":\"https:\\\/\\\/votingaccessforall.org\\\/#\\\/schema\\\/logo\\\/image\\\/\",\"url\":\"https:\\\/\\\/votingaccessforall.org\\\/wp-content\\\/uploads\\\/2021\\\/05\\\/cropped-VAAC_logo_Small.jpg\",\"contentUrl\":\"https:\\\/\\\/votingaccessforall.org\\\/wp-content\\\/uploads\\\/2021\\\/05\\\/cropped-VAAC_logo_Small.jpg\",\"width\":512,\"height\":512,\"caption\":\"Voting Access for All Coalition\"},\"image\":{\"@id\":\"https:\\\/\\\/votingaccessforall.org\\\/#\\\/schema\\\/logo\\\/image\\\/\"},\"sameAs\":[\"https:\\\/\\\/www.facebook.com\\\/VotingAccessForAll\\\/\",\"https:\\\/\\\/www.instagram.com\\\/votingaccessforall\\\/\",\"https:\\\/\\\/www.youtube.com\\\/@VotingAccessForAll\",\"https:\\\/\\\/www.linkedin.com\\\/company\\\/voting-access-for-all-vaac\\\/\",\"https:\\\/\\\/bsky.app\\\/profile\\\/votingaccessforall.bsky.social\"]}]}<\/script>\n<!-- \/ Yoast SEO plugin. -->","yoast_head_json":{"title":"Policy Advocacy and Systems Change &#8211; Voting Access For All","robots":{"index":"index","follow":"follow","max-snippet":"max-snippet:-1","max-image-preview":"max-image-preview:large","max-video-preview":"max-video-preview:-1"},"canonical":"https:\/\/votingaccessforall.org\/es\/what-we-do\/legislation\/","og_locale":"es_MX","og_type":"article","og_title":"Policy Advocacy and Systems Change &#8211; Voting Access For All","og_description":"We encourage everyone to broaden their civic engagement beyond voting. The people we vote into office will have an impact on the criminal legal system through the bills they write and support. By reaching out to legislators you can encourage them to write and support legislation related to the issues that matter to you. Take [&hellip;]","og_url":"https:\/\/votingaccessforall.org\/es\/what-we-do\/legislation\/","og_site_name":"Voting Access For All","article_publisher":"https:\/\/www.facebook.com\/VotingAccessForAll\/","article_modified_time":"2026-02-22T21:36:07+00:00","twitter_card":"summary_large_image","twitter_misc":{"Tiempo de lectura":"4 minutos"},"schema":{"@context":"https:\/\/schema.org","@graph":[{"@type":"WebPage","@id":"https:\/\/votingaccessforall.org\/what-we-do\/legislation\/","url":"https:\/\/votingaccessforall.org\/what-we-do\/legislation\/","name":"Policy Advocacy and Systems Change &#8211; Voting Access For All","isPartOf":{"@id":"https:\/\/votingaccessforall.org\/#website"},"datePublished":"2023-08-02T14:24:29+00:00","dateModified":"2026-02-22T21:36:07+00:00","breadcrumb":{"@id":"https:\/\/votingaccessforall.org\/what-we-do\/legislation\/#breadcrumb"},"inLanguage":"es","potentialAction":[{"@type":"ReadAction","target":["https:\/\/votingaccessforall.org\/what-we-do\/legislation\/"]}]},{"@type":"BreadcrumbList","@id":"https:\/\/votingaccessforall.org\/what-we-do\/legislation\/#breadcrumb","itemListElement":[{"@type":"ListItem","position":1,"name":"Home","item":"https:\/\/votingaccessforall.org\/"},{"@type":"ListItem","position":2,"name":"What We Do","item":"https:\/\/votingaccessforall.org\/what-we-do\/"},{"@type":"ListItem","position":3,"name":"Policy Advocacy and Systems Change"}]},{"@type":"WebSite","@id":"https:\/\/votingaccessforall.org\/#website","url":"https:\/\/votingaccessforall.org\/","name":"Acceso a la votaci\u00f3n para todos","description":"Empoderando a TODOS los votantes de Michigan:<br \/>\u00a1Votar es su derecho!","publisher":{"@id":"https:\/\/votingaccessforall.org\/#organization"},"potentialAction":[{"@type":"SearchAction","target":{"@type":"EntryPoint","urlTemplate":"https:\/\/votingaccessforall.org\/?s={search_term_string}"},"query-input":{"@type":"PropertyValueSpecification","valueRequired":true,"valueName":"search_term_string"}}],"inLanguage":"es"},{"@type":"Organization","@id":"https:\/\/votingaccessforall.org\/#organization","name":"Coalici\u00f3n de acceso a la votaci\u00f3n para todos","url":"https:\/\/votingaccessforall.org\/","logo":{"@type":"ImageObject","inLanguage":"es","@id":"https:\/\/votingaccessforall.org\/#\/schema\/logo\/image\/","url":"https:\/\/votingaccessforall.org\/wp-content\/uploads\/2021\/05\/cropped-VAAC_logo_Small.jpg","contentUrl":"https:\/\/votingaccessforall.org\/wp-content\/uploads\/2021\/05\/cropped-VAAC_logo_Small.jpg","width":512,"height":512,"caption":"Voting Access for All Coalition"},"image":{"@id":"https:\/\/votingaccessforall.org\/#\/schema\/logo\/image\/"},"sameAs":["https:\/\/www.facebook.com\/VotingAccessForAll\/","https:\/\/www.instagram.com\/votingaccessforall\/","https:\/\/www.youtube.com\/@VotingAccessForAll","https:\/\/www.linkedin.com\/company\/voting-access-for-all-vaac\/","https:\/\/bsky.app\/profile\/votingaccessforall.bsky.social"]}]}},"_links":{"self":[{"href":"https:\/\/votingaccessforall.org\/es\/wp-json\/wp\/v2\/pages\/5199","targetHints":{"allow":["GET"]}}],"collection":[{"href":"https:\/\/votingaccessforall.org\/es\/wp-json\/wp\/v2\/pages"}],"about":[{"href":"https:\/\/votingaccessforall.org\/es\/wp-json\/wp\/v2\/types\/page"}],"author":[{"embeddable":true,"href":"https:\/\/votingaccessforall.org\/es\/wp-json\/wp\/v2\/users\/2"}],"replies":[{"embeddable":true,"href":"https:\/\/votingaccessforall.org\/es\/wp-json\/wp\/v2\/comments?post=5199"}],"version-history":[{"count":27,"href":"https:\/\/votingaccessforall.org\/es\/wp-json\/wp\/v2\/pages\/5199\/revisions"}],"predecessor-version":[{"id":214380,"href":"https:\/\/votingaccessforall.org\/es\/wp-json\/wp\/v2\/pages\/5199\/revisions\/214380"}],"up":[{"embeddable":true,"href":"https:\/\/votingaccessforall.org\/es\/wp-json\/wp\/v2\/pages\/850"}],"wp:attachment":[{"href":"https:\/\/votingaccessforall.org\/es\/wp-json\/wp\/v2\/media?parent=5199"}],"wp:term":[{"taxonomy":"progress_planner_page_types","embeddable":true,"href":"https:\/\/votingaccessforall.org\/es\/wp-json\/wp\/v2\/progress_planner_page_types?post=5199"}],"curies":[{"name":"gracias","href":"https:\/\/api.w.org\/{rel}","templated":true}]}}