{"id":50212,"date":"2024-07-03T14:55:50","date_gmt":"2024-07-03T18:55:50","guid":{"rendered":"https:\/\/votingaccessforall.org\/?page_id=50212"},"modified":"2026-02-03T14:26:15","modified_gmt":"2026-02-03T19:26:15","slug":"when","status":"publish","type":"page","link":"https:\/\/votingaccessforall.org\/es\/vote\/when\/","title":{"rendered":"Pr\u00f3ximas fechas clave para las elecciones"},"content":{"rendered":"<h2 class=\"wp-block-heading\" id=\"2024-elections-1\">Los votantes del distrito 35 del Senado estatal de Michigan tendr\u00e1n elecciones generales especiales el 5 de mayo para llenar una vacante en el Senado estatal.<\/h2>\n\n\n\n<p><\/p>\n\n\n\n<section class=\"wp-block-group animated-timeline is-layout-flow wp-container-core-group-is-layout-f7c982ad wp-block-group-is-layout-flow\" style=\"margin-top:36px;margin-bottom:36px;padding-top:0;padding-right:0;padding-bottom:0;padding-left:0\">\n<div class=\"wp-block-columns alignwide is-not-stacked-on-mobile is-layout-flex wp-container-core-columns-is-layout-baa714da wp-block-columns-is-layout-flex\" style=\"border-bottom-color:#ebebeb;border-bottom-width:4px;margin-top:0;margin-bottom:0;padding-top:0;padding-right:0;padding-bottom:0;padding-left:0\">\n<div class=\"wp-block-column is-layout-flow wp-container-core-column-is-layout-e4540aeb wp-block-column-is-layout-flow\" style=\"padding-top:65px;padding-bottom:0px;flex-basis:86px\">\n<p class=\"has-text-align-right\" style=\"margin-top:5px;margin-right:0;margin-bottom:0;margin-left:0;padding-top:0;padding-right:0;padding-bottom:0;padding-left:0;font-size:18px;font-style:normal;font-weight:600\">AHORA<\/p>\n<\/div>\n\n\n\n<div class=\"wp-block-column has-background is-layout-flow wp-block-column-is-layout-flow\" style=\"background-color:#ebebeb;padding-top:60px;padding-right:0;padding-bottom:60px;padding-left:0;flex-basis:4px\">\n<p class=\"has-text-color has-background\" style=\"color:#6d5556;background-color:#6d5556;margin-top:0;margin-right:0;margin-bottom:0;margin-left:0;padding-top:0;padding-right:0;padding-bottom:8px;padding-left:0;font-size:38px;line-height:1\"><strong>\u2013<\/strong><\/p>\n<\/div>\n\n\n\n<div class=\"wp-block-column timeline-content-right is-layout-flow wp-container-core-column-is-layout-c7e18813 wp-block-column-is-layout-flow\" style=\"padding-top:68px;padding-right:0;padding-bottom:48px;padding-left:0\">\n<div class=\"wp-block-group has-global-padding is-content-justification-left is-layout-constrained wp-container-core-group-is-layout-958bf8ae wp-block-group-is-layout-constrained\" style=\"margin-top:0;margin-bottom:var(--wp--preset--spacing--30)\">\n<h3 class=\"wp-block-heading\" id=\"request-an-absentee-ballot\" style=\"margin-top:0;margin-right:0;margin-bottom:0;margin-left:0;padding-top:0;padding-right:0;padding-bottom:10px;padding-left:0;font-size:22px\">Solicitar una boleta de voto ausente<\/h3>\n\n\n\n<p style=\"margin-top:0;margin-right:0;margin-bottom:0;margin-left:0;padding-top:0;padding-right:0;padding-bottom:0;padding-left:0;font-size:16px\">Cualquiera <a href=\"https:\/\/mvic.sos.state.mi.us\/AVApplication\/Index\">en l\u00ednea<\/a> o enviar un<a href=\"https:\/\/www.michigan.gov\/sos\/-\/media\/Project\/Websites\/sos\/Elections\/Election-Forms\/Absent-Voter-Ballot-Application-Fillable.pdf?rev=9dc99c07cd714c44a43f0e28a7f3f77c&amp;hash=2FD0CCC11434260AA8F882018B468025\"> solicitud en papel<\/a>.<\/p>\n\n\n\n<p style=\"margin-top:0;margin-right:0;margin-bottom:0;margin-left:0;padding-top:0;padding-right:0;padding-bottom:0;padding-left:0;font-size:16px\">Si desea votar desde su casa, le recomendamos que solicite su boleta a m\u00e1s tardar el 14 de abril para tener tiempo suficiente para recibirla, completarla y devolverla al secretario de su ciudad o municipio antes de la fecha l\u00edmite.<\/p>\n<\/div>\n<\/div>\n<\/div>\n\n\n\n<div class=\"wp-block-columns alignwide is-not-stacked-on-mobile is-layout-flex wp-container-core-columns-is-layout-baa714da wp-block-columns-is-layout-flex\" style=\"border-top-style:none;border-top-width:0px;border-right-style:none;border-right-width:0px;border-bottom-color:#ebebeb;border-bottom-width:4px;border-left-style:none;border-left-width:0px;margin-top:0;margin-bottom:0;padding-top:0;padding-right:0;padding-bottom:0;padding-left:0\">\n<div class=\"wp-block-column is-layout-flow wp-container-core-column-is-layout-e4540aeb wp-block-column-is-layout-flow\" style=\"padding-top:65px;padding-bottom:0px;flex-basis:86px\">\n<p class=\"has-text-align-right\" style=\"margin-top:5px;margin-right:0;margin-bottom:0;margin-left:0;padding-top:0;padding-right:0;padding-bottom:0;padding-left:0;font-size:18px;font-style:normal;font-weight:600\">26 de marzo<\/p>\n<\/div>\n\n\n\n<div class=\"wp-block-column has-background is-layout-flow wp-block-column-is-layout-flow\" style=\"background-color:#ebebeb;padding-top:60px;padding-right:0;padding-bottom:60px;padding-left:0;flex-basis:4px\">\n<p class=\"has-text-color has-background\" style=\"color:#f19a3e;background-color:#f19a3e;margin-top:0;margin-right:0;margin-bottom:0;margin-left:0;padding-top:0;padding-right:0;padding-bottom:8px;padding-left:0;font-size:38px;line-height:1\"><strong>\u2013<\/strong><\/p>\n<\/div>\n\n\n\n<div class=\"wp-block-column timeline-content-right is-layout-flow wp-container-core-column-is-layout-c7e18813 wp-block-column-is-layout-flow\" style=\"padding-top:68px;padding-right:0;padding-bottom:48px;padding-left:0\">\n<div class=\"wp-block-group has-global-padding is-content-justification-left is-layout-constrained wp-container-core-group-is-layout-958bf8ae wp-block-group-is-layout-constrained\" style=\"margin-top:0;margin-bottom:var(--wp--preset--spacing--30)\">\n<h3 class=\"wp-block-heading\" id=\"in-person-voting\" style=\"margin-top:0;margin-right:0;margin-bottom:0;margin-left:0;padding-top:0;padding-right:0;padding-bottom:10px;padding-left:0;font-size:22px\">Boletas de voto en ausencia disponibles<\/h3>\n\n\n\n<p style=\"margin-top:0;margin-right:0;margin-bottom:0;margin-left:0;padding-top:0;padding-right:0;padding-bottom:0;padding-left:0;font-size:16px\">El 26 de marzo es el primer d\u00eda en que usted puede votar en persona, con una boleta de voto en ausencia, en la oficina del secretario de su ciudad o municipio.<\/p>\n<\/div>\n<\/div>\n<\/div>\n\n\n\n<div class=\"wp-block-columns alignwide is-not-stacked-on-mobile is-layout-flex wp-container-core-columns-is-layout-baa714da wp-block-columns-is-layout-flex\" style=\"border-bottom-color:#ebebeb;border-bottom-width:4px;margin-top:0;margin-bottom:0;padding-top:0;padding-right:0;padding-bottom:0;padding-left:0\">\n<div class=\"wp-block-column is-layout-flow wp-container-core-column-is-layout-e4540aeb wp-block-column-is-layout-flow\" style=\"padding-top:65px;padding-bottom:0px;flex-basis:86px\">\n<p class=\"has-text-align-right\" style=\"margin-top:5px;margin-right:0;margin-bottom:0;margin-left:0;padding-top:0;padding-right:0;padding-bottom:0;padding-left:0;font-size:18px;font-style:normal;font-weight:600\">20 de abril<\/p>\n<\/div>\n\n\n\n<div class=\"wp-block-column has-background is-layout-flow wp-block-column-is-layout-flow\" style=\"background-color:#ebebeb;padding-top:60px;padding-right:0;padding-bottom:60px;padding-left:0;flex-basis:4px\">\n<p class=\"has-text-color has-background\" style=\"color:#559d84;background-color:#559d84;margin-top:0;margin-right:0;margin-bottom:0;margin-left:0;padding-top:0;padding-right:0;padding-bottom:8px;padding-left:0;font-size:38px;line-height:1\"><strong>\u2013<\/strong><\/p>\n<\/div>\n\n\n\n<div class=\"wp-block-column timeline-content-right is-layout-flow wp-container-core-column-is-layout-c7e18813 wp-block-column-is-layout-flow\" style=\"padding-top:68px;padding-right:0;padding-bottom:48px;padding-left:0\">\n<div class=\"wp-block-group has-global-padding is-content-justification-left is-layout-constrained wp-container-core-group-is-layout-958bf8ae wp-block-group-is-layout-constrained\" style=\"margin-top:0;margin-bottom:var(--wp--preset--spacing--30)\">\n<h3 class=\"wp-block-heading\" id=\"last-day-to-register-online-or-by-mail\" style=\"margin-top:0;margin-right:0;margin-bottom:0;margin-left:0;padding-top:0;padding-right:0;padding-bottom:10px;padding-left:0;font-size:22px\">\u00daltimo d\u00eda para registrarse para votar en l\u00ednea o por correo para votar en las elecciones especiales del 5 de mayo<\/h3>\n\n\n\n<p style=\"margin-top:0;margin-right:0;margin-bottom:0;margin-left:0;padding-top:0;padding-right:0;padding-bottom:0;padding-left:0;font-size:16px\">A partir del 21 de abril deber\u00e1s registrarte en persona en tu <a href=\"https:\/\/mvic.sos.state.mi.us\/Voter\/Index\/#yourclerk\">oficina del secretario de la ciudad o municipio.<\/a><\/p>\n<\/div>\n<\/div>\n<\/div>\n\n\n\n<div class=\"wp-block-columns alignwide is-not-stacked-on-mobile is-layout-flex wp-container-core-columns-is-layout-baa714da wp-block-columns-is-layout-flex\" style=\"border-bottom-color:#ebebeb;border-bottom-width:4px;margin-top:0;margin-bottom:0;padding-top:0;padding-right:0;padding-bottom:0;padding-left:0\">\n<div class=\"wp-block-column is-layout-flow wp-container-core-column-is-layout-e4540aeb wp-block-column-is-layout-flow\" style=\"padding-top:65px;padding-bottom:0px;flex-basis:86px\">\n<p class=\"has-text-align-right\" style=\"margin-top:5px;margin-right:0;margin-bottom:0;margin-left:0;padding-top:0;padding-right:0;padding-bottom:0;padding-left:0;font-size:18px;font-style:normal;font-weight:600\">21 de abril<\/p>\n<\/div>\n\n\n\n<div class=\"wp-block-column has-background is-layout-flow wp-block-column-is-layout-flow\" style=\"background-color:#ebebeb;padding-top:60px;padding-right:0;padding-bottom:60px;padding-left:0;flex-basis:4px\">\n<p class=\"has-text-color has-background\" style=\"color:#6d5556;background-color:#6d5556;margin-top:0;margin-right:0;margin-bottom:0;margin-left:0;padding-top:0;padding-right:0;padding-bottom:8px;padding-left:0;font-size:38px;line-height:1\"><strong>\u2013<\/strong><\/p>\n<\/div>\n\n\n\n<div class=\"wp-block-column timeline-content-right is-layout-flow wp-container-core-column-is-layout-c7e18813 wp-block-column-is-layout-flow\" style=\"padding-top:68px;padding-right:0;padding-bottom:48px;padding-left:0\">\n<div class=\"wp-block-group has-global-padding is-content-justification-left is-layout-constrained wp-container-core-group-is-layout-958bf8ae wp-block-group-is-layout-constrained\" style=\"margin-top:0;margin-bottom:var(--wp--preset--spacing--30)\">\n<h3 class=\"wp-block-heading\" id=\"request-an-absentee-ballot\" style=\"margin-top:0;margin-right:0;margin-bottom:0;margin-left:0;padding-top:0;padding-right:0;padding-bottom:10px;padding-left:0;font-size:22px\">\u00daltimo d\u00eda para enviar por correo la papeleta de voto en ausencia<\/h3>\n\n\n\n<p style=\"margin-top:0;margin-right:0;margin-bottom:0;margin-left:0;padding-top:0;padding-right:0;padding-bottom:0;padding-left:0;font-size:16px\">Para la mayor\u00eda de los votantes,* este es el \u00faltimo d\u00eda en que recomendamos devolver su boleta por correo para evitar demoras postales. (A partir del 22 de abril, recomendamos devolver su boleta en persona a su\u00a0<a href=\"https:\/\/mvic.sos.state.mi.us\/Voter\/Index\/#yourclerk\" target=\"_blank\" rel=\"noreferrer noopener\">oficina del secretario de la ciudad o municipio<\/a>\u00a0o a una\u00a0<a href=\"https:\/\/www.michiganvoting.org\/drop-boxes\">buz\u00f3n seguro<\/a>\u00a0en su comunidad.)<\/p>\n<\/div>\n<\/div>\n<\/div>\n\n\n\n<div class=\"wp-block-columns alignwide is-not-stacked-on-mobile is-layout-flex wp-container-core-columns-is-layout-baa714da wp-block-columns-is-layout-flex\" style=\"border-bottom-color:#ebebeb;border-bottom-width:4px;margin-top:0;margin-bottom:0;padding-top:0;padding-right:0;padding-bottom:0;padding-left:0\">\n<div class=\"wp-block-column is-layout-flow wp-container-core-column-is-layout-e4540aeb wp-block-column-is-layout-flow\" style=\"padding-top:65px;padding-bottom:0px;flex-basis:86px\">\n<p class=\"has-text-align-right\" style=\"margin-top:5px;margin-right:0;margin-bottom:0;margin-left:0;padding-top:0;padding-right:0;padding-bottom:0;padding-left:0;font-size:18px;font-style:normal;font-weight:600\">4 de mayo, 16:00 horas.<\/p>\n<\/div>\n\n\n\n<div class=\"wp-block-column has-background is-layout-flow wp-block-column-is-layout-flow\" style=\"background-color:#ebebeb;padding-top:60px;padding-right:0;padding-bottom:60px;padding-left:0;flex-basis:4px\">\n<p class=\"has-text-color has-background\" style=\"color:#559d84;background-color:#559d84;margin-top:0;margin-right:0;margin-bottom:0;margin-left:0;padding-top:0;padding-right:0;padding-bottom:8px;padding-left:0;font-size:38px;line-height:1\"><strong>\u2013<\/strong><\/p>\n<\/div>\n\n\n\n<div class=\"wp-block-column timeline-content-right is-layout-flow wp-container-core-column-is-layout-c7e18813 wp-block-column-is-layout-flow\" style=\"padding-top:68px;padding-right:0;padding-bottom:48px;padding-left:0\">\n<div class=\"wp-block-group has-global-padding is-content-justification-left is-layout-constrained wp-container-core-group-is-layout-958bf8ae wp-block-group-is-layout-constrained\" style=\"margin-top:0;margin-bottom:var(--wp--preset--spacing--30)\">\n<h3 class=\"wp-block-heading\" id=\"last-day-to-register-online-or-by-mail\" style=\"margin-top:0;margin-right:0;margin-bottom:0;margin-left:0;padding-top:0;padding-right:0;padding-bottom:10px;padding-left:0;font-size:22px\">Fecha l\u00edmite para votar en persona, con una boleta de voto en ausencia, en la oficina del secretario de su ciudad o municipio si est\u00e1 registrado para votar donde vive.<\/h3>\n\n\n\n<p style=\"margin-top:0;margin-right:0;margin-bottom:0;margin-left:0;padding-top:0;padding-right:0;padding-bottom:0;padding-left:0;font-size:16px\">Fecha l\u00edmite para votar en persona, con papeleta de voto en ausencia, en su\u00a0<a href=\"https:\/\/mvic.sos.state.mi.us\/Voter\/Index\/#yourclerk\" target=\"_blank\" rel=\"noreferrer noopener\">oficina del secretario de la ciudad o municipio<\/a>\u00a0Si est\u00e1 registrado para votar donde vive. (Despu\u00e9s del 4 de mayo a las 4 p.m., debe votar en\u00a0<a href=\"https:\/\/mvic.sos.state.mi.us\/Voter\/Index\" target=\"_blank\" rel=\"noreferrer noopener\">su lugar de votaci\u00f3n<\/a>\u00a0(el d\u00eda de las elecciones.)<\/p>\n<\/div>\n<\/div>\n<\/div>\n\n\n\n<div class=\"wp-block-columns alignwide is-not-stacked-on-mobile is-layout-flex wp-container-core-columns-is-layout-baa714da wp-block-columns-is-layout-flex\" style=\"border-bottom-color:#ebebeb;border-bottom-width:4px;margin-top:0;margin-bottom:0;padding-top:0;padding-right:0;padding-bottom:0;padding-left:0\">\n<div class=\"wp-block-column is-layout-flow wp-container-core-column-is-layout-e4540aeb wp-block-column-is-layout-flow\" style=\"padding-top:65px;padding-bottom:0px;flex-basis:86px\">\n<p class=\"has-text-align-right\" style=\"margin-top:5px;margin-right:0;margin-bottom:0;margin-left:0;padding-top:0;padding-right:0;padding-bottom:0;padding-left:0;font-size:18px;font-style:normal;font-weight:600\">5 de mayo<\/p>\n<\/div>\n\n\n\n<div class=\"wp-block-column has-background is-layout-flow wp-block-column-is-layout-flow\" style=\"background-color:#ebebeb;padding-top:60px;padding-right:0;padding-bottom:60px;padding-left:0;flex-basis:4px\">\n<p class=\"has-text-color has-background\" style=\"color:#6d5556;background-color:#6d5556;margin-top:0;margin-right:0;margin-bottom:0;margin-left:0;padding-top:0;padding-right:0;padding-bottom:8px;padding-left:0;font-size:38px;line-height:1\"><strong>\u2013<\/strong><\/p>\n<\/div>\n\n\n\n<div class=\"wp-block-column timeline-content-right is-layout-flow wp-container-core-column-is-layout-c7e18813 wp-block-column-is-layout-flow\" style=\"padding-top:68px;padding-right:0;padding-bottom:48px;padding-left:0\">\n<div class=\"wp-block-group has-global-padding is-content-justification-left is-layout-constrained wp-container-core-group-is-layout-958bf8ae wp-block-group-is-layout-constrained\" style=\"margin-top:0;margin-bottom:var(--wp--preset--spacing--30)\">\n<h3 class=\"wp-block-heading\" id=\"request-an-absentee-ballot\" style=\"margin-top:0;margin-right:0;margin-bottom:0;margin-left:0;padding-top:0;padding-right:0;padding-bottom:10px;padding-left:0;font-size:22px\">\u00a1D\u00eda de elecci\u00f3n!<\/h3>\n\n\n\n<p style=\"margin-top:0;margin-right:0;margin-bottom:0;margin-left:0;padding-top:0;padding-right:0;padding-bottom:0;padding-left:0;font-size:16px\"><a href=\"https:\/\/mvic.sos.state.mi.us\/Voter\/Index\" target=\"_blank\" rel=\"noreferrer noopener\">Centro<\/a>&nbsp;Est\u00e1n abiertos de 7:00 a 20:00, hora local. Si necesita registrarse para votar, puede hacerlo y luego votar en su&nbsp;<a href=\"https:\/\/mvic.sos.state.mi.us\/Voter\/Index\/#yourclerk\" target=\"_blank\" rel=\"noreferrer noopener\">oficina del secretario de la ciudad o municipio<\/a>&nbsp;hasta las 8 pm<\/p>\n\n\n\n<p style=\"margin-top:0;margin-right:0;margin-bottom:0;margin-left:0;padding-top:0;padding-right:0;padding-bottom:0;padding-left:0;font-size:16px\">*Si est\u00e1 sirviendo en el ej\u00e9rcito o vive en el extranjero, su boleta debe tener matasellos del d\u00eda de la elecci\u00f3n (5 de mayo) y recibirse antes del lunes 11 de mayo para que cuente.<\/p>\n<\/div>\n<\/div>\n<\/div>\n<\/section>\n\n\n\n<h2 class=\"wp-block-heading\"><\/h2>","protected":false},"excerpt":{"rendered":"<p>Voters in Michigan&#8217;s 35th State Senate District will have speical general election on May 5 to fill a vacancy in the state senate. NOW &#8211; Request an absentee ballot Either online or submit a paper application. If you want to vote from home, we recommend that you request your ballot no later than April 14 [&hellip;]<\/p>\n","protected":false},"author":2,"featured_media":0,"parent":705,"menu_order":0,"comment_status":"closed","ping_status":"closed","template":"wp-custom-template-voting-page","meta":{"_gspb_post_css":"","progress_planner_page_todos":"","footnotes":""},"progress_planner_page_types":[],"class_list":["post-50212","page","type-page","status-publish","hentry"],"yoast_head":"<!-- This site is optimized with the Yoast SEO plugin v27.3 - https:\/\/yoast.com\/product\/yoast-seo-wordpress\/ -->\n<title>Upcoming Election Key Dates &#8211; Voting Access For All<\/title>\n<meta name=\"robots\" content=\"index, follow, max-snippet:-1, max-image-preview:large, max-video-preview:-1\" \/>\n<link rel=\"canonical\" href=\"https:\/\/votingaccessforall.org\/es\/vote\/when\/\" \/>\n<meta property=\"og:locale\" content=\"es_MX\" \/>\n<meta property=\"og:type\" content=\"article\" \/>\n<meta property=\"og:title\" content=\"Upcoming Election Key Dates &#8211; Voting Access For All\" \/>\n<meta property=\"og:description\" content=\"Voters in Michigan&#8217;s 35th State Senate District will have speical general election on May 5 to fill a vacancy in the state senate. NOW &#8211; Request an absentee ballot Either online or submit a paper application. If you want to vote from home, we recommend that you request your ballot no later than April 14 [&hellip;]\" \/>\n<meta property=\"og:url\" content=\"https:\/\/votingaccessforall.org\/es\/vote\/when\/\" \/>\n<meta property=\"og:site_name\" content=\"Voting Access For All\" \/>\n<meta property=\"article:publisher\" content=\"https:\/\/www.facebook.com\/VotingAccessForAll\/\" \/>\n<meta property=\"article:modified_time\" content=\"2026-02-03T19:26:15+00:00\" \/>\n<meta name=\"twitter:card\" content=\"summary_large_image\" \/>\n<meta name=\"twitter:label1\" content=\"Tiempo de lectura\" \/>\n\t<meta name=\"twitter:data1\" content=\"2 minutos\" \/>\n<script type=\"application\/ld+json\" class=\"yoast-schema-graph\">{\"@context\":\"https:\\\/\\\/schema.org\",\"@graph\":[{\"@type\":\"WebPage\",\"@id\":\"https:\\\/\\\/votingaccessforall.org\\\/vote\\\/when\\\/\",\"url\":\"https:\\\/\\\/votingaccessforall.org\\\/vote\\\/when\\\/\",\"name\":\"Upcoming Election Key Dates &#8211; Voting Access For All\",\"isPartOf\":{\"@id\":\"https:\\\/\\\/votingaccessforall.org\\\/#website\"},\"datePublished\":\"2024-07-03T18:55:50+00:00\",\"dateModified\":\"2026-02-03T19:26:15+00:00\",\"breadcrumb\":{\"@id\":\"https:\\\/\\\/votingaccessforall.org\\\/vote\\\/when\\\/#breadcrumb\"},\"inLanguage\":\"es\",\"potentialAction\":[{\"@type\":\"ReadAction\",\"target\":[\"https:\\\/\\\/votingaccessforall.org\\\/vote\\\/when\\\/\"]}]},{\"@type\":\"BreadcrumbList\",\"@id\":\"https:\\\/\\\/votingaccessforall.org\\\/vote\\\/when\\\/#breadcrumb\",\"itemListElement\":[{\"@type\":\"ListItem\",\"position\":1,\"name\":\"Home\",\"item\":\"https:\\\/\\\/votingaccessforall.org\\\/\"},{\"@type\":\"ListItem\",\"position\":2,\"name\":\"Voting Information\",\"item\":\"https:\\\/\\\/votingaccessforall.org\\\/vote\\\/\"},{\"@type\":\"ListItem\",\"position\":3,\"name\":\"Upcoming Election Key Dates\"}]},{\"@type\":\"WebSite\",\"@id\":\"https:\\\/\\\/votingaccessforall.org\\\/#website\",\"url\":\"https:\\\/\\\/votingaccessforall.org\\\/\",\"name\":\"Voting Access For All\",\"description\":\"Empowering ALL Michigan Voters: Voting Is Your Right!\",\"publisher\":{\"@id\":\"https:\\\/\\\/votingaccessforall.org\\\/#organization\"},\"potentialAction\":[{\"@type\":\"SearchAction\",\"target\":{\"@type\":\"EntryPoint\",\"urlTemplate\":\"https:\\\/\\\/votingaccessforall.org\\\/?s={search_term_string}\"},\"query-input\":{\"@type\":\"PropertyValueSpecification\",\"valueRequired\":true,\"valueName\":\"search_term_string\"}}],\"inLanguage\":\"es\"},{\"@type\":\"Organization\",\"@id\":\"https:\\\/\\\/votingaccessforall.org\\\/#organization\",\"name\":\"Voting Access for All Coalition\",\"url\":\"https:\\\/\\\/votingaccessforall.org\\\/\",\"logo\":{\"@type\":\"ImageObject\",\"inLanguage\":\"es\",\"@id\":\"https:\\\/\\\/votingaccessforall.org\\\/#\\\/schema\\\/logo\\\/image\\\/\",\"url\":\"https:\\\/\\\/votingaccessforall.org\\\/wp-content\\\/uploads\\\/2021\\\/05\\\/cropped-VAAC_logo_Small.jpg\",\"contentUrl\":\"https:\\\/\\\/votingaccessforall.org\\\/wp-content\\\/uploads\\\/2021\\\/05\\\/cropped-VAAC_logo_Small.jpg\",\"width\":512,\"height\":512,\"caption\":\"Voting Access for All Coalition\"},\"image\":{\"@id\":\"https:\\\/\\\/votingaccessforall.org\\\/#\\\/schema\\\/logo\\\/image\\\/\"},\"sameAs\":[\"https:\\\/\\\/www.facebook.com\\\/VotingAccessForAll\\\/\",\"https:\\\/\\\/www.instagram.com\\\/votingaccessforall\\\/\",\"https:\\\/\\\/www.youtube.com\\\/@VotingAccessForAll\",\"https:\\\/\\\/www.linkedin.com\\\/company\\\/voting-access-for-all-vaac\\\/\",\"https:\\\/\\\/bsky.app\\\/profile\\\/votingaccessforall.bsky.social\"]}]}<\/script>\n<!-- \/ Yoast SEO plugin. -->","yoast_head_json":{"title":"Fechas clave de las pr\u00f3ximas elecciones: acceso al voto para todos","robots":{"index":"index","follow":"follow","max-snippet":"max-snippet:-1","max-image-preview":"max-image-preview:large","max-video-preview":"max-video-preview:-1"},"canonical":"https:\/\/votingaccessforall.org\/es\/vote\/when\/","og_locale":"es_MX","og_type":"article","og_title":"Upcoming Election Key Dates &#8211; Voting Access For All","og_description":"Voters in Michigan&#8217;s 35th State Senate District will have speical general election on May 5 to fill a vacancy in the state senate. NOW &#8211; Request an absentee ballot Either online or submit a paper application. If you want to vote from home, we recommend that you request your ballot no later than April 14 [&hellip;]","og_url":"https:\/\/votingaccessforall.org\/es\/vote\/when\/","og_site_name":"Voting Access For All","article_publisher":"https:\/\/www.facebook.com\/VotingAccessForAll\/","article_modified_time":"2026-02-03T19:26:15+00:00","twitter_card":"summary_large_image","twitter_misc":{"Tiempo de lectura":"2 minutos"},"schema":{"@context":"https:\/\/schema.org","@graph":[{"@type":"WebPage","@id":"https:\/\/votingaccessforall.org\/vote\/when\/","url":"https:\/\/votingaccessforall.org\/vote\/when\/","name":"Fechas clave de las pr\u00f3ximas elecciones: acceso al voto para todos","isPartOf":{"@id":"https:\/\/votingaccessforall.org\/#website"},"datePublished":"2024-07-03T18:55:50+00:00","dateModified":"2026-02-03T19:26:15+00:00","breadcrumb":{"@id":"https:\/\/votingaccessforall.org\/vote\/when\/#breadcrumb"},"inLanguage":"es","potentialAction":[{"@type":"ReadAction","target":["https:\/\/votingaccessforall.org\/vote\/when\/"]}]},{"@type":"BreadcrumbList","@id":"https:\/\/votingaccessforall.org\/vote\/when\/#breadcrumb","itemListElement":[{"@type":"ListItem","position":1,"name":"Home","item":"https:\/\/votingaccessforall.org\/"},{"@type":"ListItem","position":2,"name":"Voting Information","item":"https:\/\/votingaccessforall.org\/vote\/"},{"@type":"ListItem","position":3,"name":"Upcoming Election Key Dates"}]},{"@type":"WebSite","@id":"https:\/\/votingaccessforall.org\/#website","url":"https:\/\/votingaccessforall.org\/","name":"Acceso a la votaci\u00f3n para todos","description":"Empoderando a TODOS los votantes de Michigan:<br \/>\u00a1Votar es su derecho!","publisher":{"@id":"https:\/\/votingaccessforall.org\/#organization"},"potentialAction":[{"@type":"SearchAction","target":{"@type":"EntryPoint","urlTemplate":"https:\/\/votingaccessforall.org\/?s={search_term_string}"},"query-input":{"@type":"PropertyValueSpecification","valueRequired":true,"valueName":"search_term_string"}}],"inLanguage":"es"},{"@type":"Organization","@id":"https:\/\/votingaccessforall.org\/#organization","name":"Coalici\u00f3n de acceso a la votaci\u00f3n para todos","url":"https:\/\/votingaccessforall.org\/","logo":{"@type":"ImageObject","inLanguage":"es","@id":"https:\/\/votingaccessforall.org\/#\/schema\/logo\/image\/","url":"https:\/\/votingaccessforall.org\/wp-content\/uploads\/2021\/05\/cropped-VAAC_logo_Small.jpg","contentUrl":"https:\/\/votingaccessforall.org\/wp-content\/uploads\/2021\/05\/cropped-VAAC_logo_Small.jpg","width":512,"height":512,"caption":"Voting Access for All Coalition"},"image":{"@id":"https:\/\/votingaccessforall.org\/#\/schema\/logo\/image\/"},"sameAs":["https:\/\/www.facebook.com\/VotingAccessForAll\/","https:\/\/www.instagram.com\/votingaccessforall\/","https:\/\/www.youtube.com\/@VotingAccessForAll","https:\/\/www.linkedin.com\/company\/voting-access-for-all-vaac\/","https:\/\/bsky.app\/profile\/votingaccessforall.bsky.social"]}]}},"_links":{"self":[{"href":"https:\/\/votingaccessforall.org\/es\/wp-json\/wp\/v2\/pages\/50212","targetHints":{"allow":["GET"]}}],"collection":[{"href":"https:\/\/votingaccessforall.org\/es\/wp-json\/wp\/v2\/pages"}],"about":[{"href":"https:\/\/votingaccessforall.org\/es\/wp-json\/wp\/v2\/types\/page"}],"author":[{"embeddable":true,"href":"https:\/\/votingaccessforall.org\/es\/wp-json\/wp\/v2\/users\/2"}],"replies":[{"embeddable":true,"href":"https:\/\/votingaccessforall.org\/es\/wp-json\/wp\/v2\/comments?post=50212"}],"version-history":[{"count":16,"href":"https:\/\/votingaccessforall.org\/es\/wp-json\/wp\/v2\/pages\/50212\/revisions"}],"predecessor-version":[{"id":208366,"href":"https:\/\/votingaccessforall.org\/es\/wp-json\/wp\/v2\/pages\/50212\/revisions\/208366"}],"up":[{"embeddable":true,"href":"https:\/\/votingaccessforall.org\/es\/wp-json\/wp\/v2\/pages\/705"}],"wp:attachment":[{"href":"https:\/\/votingaccessforall.org\/es\/wp-json\/wp\/v2\/media?parent=50212"}],"wp:term":[{"taxonomy":"progress_planner_page_types","embeddable":true,"href":"https:\/\/votingaccessforall.org\/es\/wp-json\/wp\/v2\/progress_planner_page_types?post=50212"}],"curies":[{"name":"gracias","href":"https:\/\/api.w.org\/{rel}","templated":true}]}}