{"id":50171,"date":"2024-07-05T11:13:47","date_gmt":"2024-07-05T15:13:47","guid":{"rendered":"https:\/\/votingaccessforall.org\/?page_id=50171"},"modified":"2025-09-17T11:03:53","modified_gmt":"2025-09-17T15:03:53","slug":"vote-on-election-day","status":"publish","type":"page","link":"https:\/\/votingaccessforall.org\/es\/vote\/how\/vote-on-election-day\/","title":{"rendered":"Votar el d\u00eda de las elecciones"},"content":{"rendered":"<p>Las pr\u00f3ximas elecciones son las elecciones locales del 4 de noviembre de 2025. Las urnas est\u00e1n abiertas de 7 a. m. a 8 p. m., hora local.<\/p>\n\n\n\n<p>Si usted es&nbsp;<strong>NO<\/strong>&nbsp;Si est\u00e1 registrado o necesita actualizar su registro, puede registrarse para votar (con prueba de residencia) en la oficina del secretario de la ciudad o municipio hasta las 8 pm del d\u00eda de las elecciones.  Despu\u00e9s de eso, puede votar con boleta ausente en la oficina de su secretario o puede votar con boleta regular en su lugar de votaci\u00f3n, si hay tiempo\u201d.<\/p>\n\n\n\n<p>Si tu&nbsp;<strong>SON<\/strong>&nbsp;registrado el d\u00eda de las elecciones, debe votar en su lugar de votaci\u00f3n asignado.<\/p>\n\n\n\n<div class=\"wp-block-kadence-advancedbtn kb-buttons-wrap kb-btns50171_16c3b3-47\"><a class=\"kb-button kt-button button kb-btn50171_bd1bdd-de kt-btn-size-standard kt-btn-width-type-auto kb-btn-global-fill  kt-btn-has-text-true kt-btn-has-svg-false  wp-block-kadence-singlebtn\" href=\"https:\/\/mvic.sos.state.mi.us\/Voter\/index\"><span class=\"kt-btn-inner-text\">Encuentre su lugar de votaci\u00f3n<\/span><\/a><\/div>\n\n\n\n<p>Nota: Si solicit\u00f3 una boleta de voto en ausencia pero no la recibi\u00f3, o cambi\u00f3 de opini\u00f3n y desea votar en las urnas, puede hacerlo. (No es obligatorio traer una identificaci\u00f3n y su boleta electoral, si la tiene, pero ser\u00e1 \u00fatil).<\/p>","protected":false},"excerpt":{"rendered":"<p>The next elections are Local Election on November 4, 2025. Polls are Open 7 a.m. &#8211; 8 p.m. local time. If you are&nbsp;NOT&nbsp;registered, or need to update your registration, you can register to vote (with proof of residency) at the city or township clerk\u2019s office up until 8 p.m. on Election Day. &nbsp;After that, you [&hellip;]<\/p>\n","protected":false},"author":2,"featured_media":0,"parent":50081,"menu_order":0,"comment_status":"closed","ping_status":"closed","template":"wp-custom-template-voting-page","meta":{"_gspb_post_css":"","progress_planner_page_todos":"","footnotes":""},"progress_planner_page_types":[],"class_list":["post-50171","page","type-page","status-publish","hentry"],"yoast_head":"<!-- This site is optimized with the Yoast SEO plugin v27.3 - https:\/\/yoast.com\/product\/yoast-seo-wordpress\/ -->\n<title>Vote on Election Day &#8211; Voting Access For All<\/title>\n<meta name=\"description\" content=\"If you are not registered, register and vote at your city or township clerk&#039;s office. If you are registered, vote at your assigned polling location.\" \/>\n<meta name=\"robots\" content=\"index, follow, max-snippet:-1, max-image-preview:large, max-video-preview:-1\" \/>\n<link rel=\"canonical\" href=\"https:\/\/votingaccessforall.org\/es\/vote\/how\/vote-on-election-day\/\" \/>\n<meta property=\"og:locale\" content=\"es_MX\" \/>\n<meta property=\"og:type\" content=\"article\" \/>\n<meta property=\"og:title\" content=\"Vote on Election Day &#8211; Voting Access For All\" \/>\n<meta property=\"og:description\" content=\"If you are not registered, register and vote at your city or township clerk&#039;s office. If you are registered, vote at your assigned polling location.\" \/>\n<meta property=\"og:url\" content=\"https:\/\/votingaccessforall.org\/es\/vote\/how\/vote-on-election-day\/\" \/>\n<meta property=\"og:site_name\" content=\"Voting Access For All\" \/>\n<meta property=\"article:publisher\" content=\"https:\/\/www.facebook.com\/VotingAccessForAll\/\" \/>\n<meta property=\"article:modified_time\" content=\"2025-09-17T15:03:53+00:00\" \/>\n<meta name=\"twitter:card\" content=\"summary_large_image\" \/>\n<script type=\"application\/ld+json\" class=\"yoast-schema-graph\">{\"@context\":\"https:\\\/\\\/schema.org\",\"@graph\":[{\"@type\":\"WebPage\",\"@id\":\"https:\\\/\\\/votingaccessforall.org\\\/vote\\\/how\\\/vote-on-election-day\\\/\",\"url\":\"https:\\\/\\\/votingaccessforall.org\\\/vote\\\/how\\\/vote-on-election-day\\\/\",\"name\":\"Vote on Election Day &#8211; Voting Access For All\",\"isPartOf\":{\"@id\":\"https:\\\/\\\/votingaccessforall.org\\\/#website\"},\"datePublished\":\"2024-07-05T15:13:47+00:00\",\"dateModified\":\"2025-09-17T15:03:53+00:00\",\"description\":\"If you are not registered, register and vote at your city or township clerk's office. If you are registered, vote at your assigned polling location.\",\"breadcrumb\":{\"@id\":\"https:\\\/\\\/votingaccessforall.org\\\/vote\\\/how\\\/vote-on-election-day\\\/#breadcrumb\"},\"inLanguage\":\"es\",\"potentialAction\":[{\"@type\":\"ReadAction\",\"target\":[\"https:\\\/\\\/votingaccessforall.org\\\/vote\\\/how\\\/vote-on-election-day\\\/\"]}]},{\"@type\":\"BreadcrumbList\",\"@id\":\"https:\\\/\\\/votingaccessforall.org\\\/vote\\\/how\\\/vote-on-election-day\\\/#breadcrumb\",\"itemListElement\":[{\"@type\":\"ListItem\",\"position\":1,\"name\":\"Home\",\"item\":\"https:\\\/\\\/votingaccessforall.org\\\/\"},{\"@type\":\"ListItem\",\"position\":2,\"name\":\"Voting Information\",\"item\":\"https:\\\/\\\/votingaccessforall.org\\\/vote\\\/\"},{\"@type\":\"ListItem\",\"position\":3,\"name\":\"How to Register and Vote\",\"item\":\"https:\\\/\\\/votingaccessforall.org\\\/vote\\\/how\\\/\"},{\"@type\":\"ListItem\",\"position\":4,\"name\":\"Vote on Election Day\"}]},{\"@type\":\"WebSite\",\"@id\":\"https:\\\/\\\/votingaccessforall.org\\\/#website\",\"url\":\"https:\\\/\\\/votingaccessforall.org\\\/\",\"name\":\"Voting Access For All\",\"description\":\"Empowering ALL Michigan Voters: Voting Is Your Right!\",\"publisher\":{\"@id\":\"https:\\\/\\\/votingaccessforall.org\\\/#organization\"},\"potentialAction\":[{\"@type\":\"SearchAction\",\"target\":{\"@type\":\"EntryPoint\",\"urlTemplate\":\"https:\\\/\\\/votingaccessforall.org\\\/?s={search_term_string}\"},\"query-input\":{\"@type\":\"PropertyValueSpecification\",\"valueRequired\":true,\"valueName\":\"search_term_string\"}}],\"inLanguage\":\"es\"},{\"@type\":\"Organization\",\"@id\":\"https:\\\/\\\/votingaccessforall.org\\\/#organization\",\"name\":\"Voting Access for All Coalition\",\"url\":\"https:\\\/\\\/votingaccessforall.org\\\/\",\"logo\":{\"@type\":\"ImageObject\",\"inLanguage\":\"es\",\"@id\":\"https:\\\/\\\/votingaccessforall.org\\\/#\\\/schema\\\/logo\\\/image\\\/\",\"url\":\"https:\\\/\\\/votingaccessforall.org\\\/wp-content\\\/uploads\\\/2021\\\/05\\\/cropped-VAAC_logo_Small.jpg\",\"contentUrl\":\"https:\\\/\\\/votingaccessforall.org\\\/wp-content\\\/uploads\\\/2021\\\/05\\\/cropped-VAAC_logo_Small.jpg\",\"width\":512,\"height\":512,\"caption\":\"Voting Access for All Coalition\"},\"image\":{\"@id\":\"https:\\\/\\\/votingaccessforall.org\\\/#\\\/schema\\\/logo\\\/image\\\/\"},\"sameAs\":[\"https:\\\/\\\/www.facebook.com\\\/VotingAccessForAll\\\/\",\"https:\\\/\\\/www.instagram.com\\\/votingaccessforall\\\/\",\"https:\\\/\\\/www.youtube.com\\\/@VotingAccessForAll\",\"https:\\\/\\\/www.linkedin.com\\\/company\\\/voting-access-for-all-vaac\\\/\",\"https:\\\/\\\/bsky.app\\\/profile\\\/votingaccessforall.bsky.social\"]}]}<\/script>\n<!-- \/ Yoast SEO plugin. -->","yoast_head_json":{"title":"Vote el d\u00eda de las elecciones: acceso al voto para todos","description":"Si no est\u00e1 registrado, reg\u00edstrese y vote en la oficina del secretario municipal de su ciudad o municipio. Si est\u00e1 registrado, vote en su centro de votaci\u00f3n asignado.","robots":{"index":"index","follow":"follow","max-snippet":"max-snippet:-1","max-image-preview":"max-image-preview:large","max-video-preview":"max-video-preview:-1"},"canonical":"https:\/\/votingaccessforall.org\/es\/vote\/how\/vote-on-election-day\/","og_locale":"es_MX","og_type":"article","og_title":"Vote on Election Day &#8211; Voting Access For All","og_description":"If you are not registered, register and vote at your city or township clerk's office. If you are registered, vote at your assigned polling location.","og_url":"https:\/\/votingaccessforall.org\/es\/vote\/how\/vote-on-election-day\/","og_site_name":"Voting Access For All","article_publisher":"https:\/\/www.facebook.com\/VotingAccessForAll\/","article_modified_time":"2025-09-17T15:03:53+00:00","twitter_card":"summary_large_image","schema":{"@context":"https:\/\/schema.org","@graph":[{"@type":"WebPage","@id":"https:\/\/votingaccessforall.org\/vote\/how\/vote-on-election-day\/","url":"https:\/\/votingaccessforall.org\/vote\/how\/vote-on-election-day\/","name":"Vote el d\u00eda de las elecciones: acceso al voto para todos","isPartOf":{"@id":"https:\/\/votingaccessforall.org\/#website"},"datePublished":"2024-07-05T15:13:47+00:00","dateModified":"2025-09-17T15:03:53+00:00","description":"Si no est\u00e1 registrado, reg\u00edstrese y vote en la oficina del secretario municipal de su ciudad o municipio. Si est\u00e1 registrado, vote en su centro de votaci\u00f3n asignado.","breadcrumb":{"@id":"https:\/\/votingaccessforall.org\/vote\/how\/vote-on-election-day\/#breadcrumb"},"inLanguage":"es","potentialAction":[{"@type":"ReadAction","target":["https:\/\/votingaccessforall.org\/vote\/how\/vote-on-election-day\/"]}]},{"@type":"BreadcrumbList","@id":"https:\/\/votingaccessforall.org\/vote\/how\/vote-on-election-day\/#breadcrumb","itemListElement":[{"@type":"ListItem","position":1,"name":"Home","item":"https:\/\/votingaccessforall.org\/"},{"@type":"ListItem","position":2,"name":"Voting Information","item":"https:\/\/votingaccessforall.org\/vote\/"},{"@type":"ListItem","position":3,"name":"How to Register and Vote","item":"https:\/\/votingaccessforall.org\/vote\/how\/"},{"@type":"ListItem","position":4,"name":"Vote on Election Day"}]},{"@type":"WebSite","@id":"https:\/\/votingaccessforall.org\/#website","url":"https:\/\/votingaccessforall.org\/","name":"Acceso a la votaci\u00f3n para todos","description":"Empoderando a TODOS los votantes de Michigan:<br \/>\u00a1Votar es su derecho!","publisher":{"@id":"https:\/\/votingaccessforall.org\/#organization"},"potentialAction":[{"@type":"SearchAction","target":{"@type":"EntryPoint","urlTemplate":"https:\/\/votingaccessforall.org\/?s={search_term_string}"},"query-input":{"@type":"PropertyValueSpecification","valueRequired":true,"valueName":"search_term_string"}}],"inLanguage":"es"},{"@type":"Organization","@id":"https:\/\/votingaccessforall.org\/#organization","name":"Coalici\u00f3n de acceso a la votaci\u00f3n para todos","url":"https:\/\/votingaccessforall.org\/","logo":{"@type":"ImageObject","inLanguage":"es","@id":"https:\/\/votingaccessforall.org\/#\/schema\/logo\/image\/","url":"https:\/\/votingaccessforall.org\/wp-content\/uploads\/2021\/05\/cropped-VAAC_logo_Small.jpg","contentUrl":"https:\/\/votingaccessforall.org\/wp-content\/uploads\/2021\/05\/cropped-VAAC_logo_Small.jpg","width":512,"height":512,"caption":"Voting Access for All Coalition"},"image":{"@id":"https:\/\/votingaccessforall.org\/#\/schema\/logo\/image\/"},"sameAs":["https:\/\/www.facebook.com\/VotingAccessForAll\/","https:\/\/www.instagram.com\/votingaccessforall\/","https:\/\/www.youtube.com\/@VotingAccessForAll","https:\/\/www.linkedin.com\/company\/voting-access-for-all-vaac\/","https:\/\/bsky.app\/profile\/votingaccessforall.bsky.social"]}]}},"_links":{"self":[{"href":"https:\/\/votingaccessforall.org\/es\/wp-json\/wp\/v2\/pages\/50171","targetHints":{"allow":["GET"]}}],"collection":[{"href":"https:\/\/votingaccessforall.org\/es\/wp-json\/wp\/v2\/pages"}],"about":[{"href":"https:\/\/votingaccessforall.org\/es\/wp-json\/wp\/v2\/types\/page"}],"author":[{"embeddable":true,"href":"https:\/\/votingaccessforall.org\/es\/wp-json\/wp\/v2\/users\/2"}],"replies":[{"embeddable":true,"href":"https:\/\/votingaccessforall.org\/es\/wp-json\/wp\/v2\/comments?post=50171"}],"version-history":[{"count":9,"href":"https:\/\/votingaccessforall.org\/es\/wp-json\/wp\/v2\/pages\/50171\/revisions"}],"predecessor-version":[{"id":175973,"href":"https:\/\/votingaccessforall.org\/es\/wp-json\/wp\/v2\/pages\/50171\/revisions\/175973"}],"up":[{"embeddable":true,"href":"https:\/\/votingaccessforall.org\/es\/wp-json\/wp\/v2\/pages\/50081"}],"wp:attachment":[{"href":"https:\/\/votingaccessforall.org\/es\/wp-json\/wp\/v2\/media?parent=50171"}],"wp:term":[{"taxonomy":"progress_planner_page_types","embeddable":true,"href":"https:\/\/votingaccessforall.org\/es\/wp-json\/wp\/v2\/progress_planner_page_types?post=50171"}],"curies":[{"name":"gracias","href":"https:\/\/api.w.org\/{rel}","templated":true}]}}