{"id":50163,"date":"2024-07-05T11:06:08","date_gmt":"2024-07-05T15:06:08","guid":{"rendered":"https:\/\/votingaccessforall.org\/?page_id=50163"},"modified":"2026-02-04T11:50:08","modified_gmt":"2026-02-04T16:50:08","slug":"vote-absentee-ballot","status":"publish","type":"page","link":"https:\/\/votingaccessforall.org\/es\/vote\/how\/vote-absentee-ballot\/","title":{"rendered":"Votar en ausencia"},"content":{"rendered":"<p>Si desea votar desde su casa, le recomendamos que solicite su boleta de voto en ausencia a m\u00e1s tardar el 14 de abril para las elecciones locales del 5 de mayo de 2026, para tener tiempo suficiente para recibir su boleta, completarla y devolverla al secretario de su ciudad o municipio antes de la fecha l\u00edmite.<\/p>\n\n\n\n<p>Todos los votantes que deseen votar mediante boleta ausente deben solicitar una boleta, a menos que se hayan inscrito en la lista permanente de boleta por correo. Puede solicitar su boleta de una de estas tres maneras:<\/p>\n\n\n\n<p><strong>Con licencia de conducir de Michigan o identificaci\u00f3n estatal.<\/strong><\/p>\n\n\n\n<div class=\"wp-block-kadence-advancedbtn kb-buttons-wrap kb-btns50163_723c67-94\"><a class=\"kb-button kt-button button kb-btn50163_6cdc93-cf kt-btn-size-standard kt-btn-width-type-auto kb-btn-global-fill  kt-btn-has-text-true kt-btn-has-svg-false  wp-block-kadence-singlebtn\" href=\"https:\/\/mvic.sos.state.mi.us\/AVApplication\/Index\"><span class=\"kt-btn-inner-text\">Solicite la boleta de voto en ausencia en l\u00ednea<\/span><\/a><\/div>\n\n\n\n<p class=\"has-text-align-left\"><em>Dentro de las 2 semanas posteriores a la elecci\u00f3n, recomendamos visitar al secretario de la ciudad\/municipio para solicitar una boleta en persona.<\/em><\/p>\n\n\n\n<p class=\"has-text-align-left\">O<\/p>\n\n\n\n<p><strong>Personalmente en la secretar\u00eda de su ciudad o municipio.<\/strong><\/p>\n\n\n\n<div class=\"wp-block-kadence-advancedbtn kb-buttons-wrap kb-btns50163_e341b8-f6\"><a class=\"kb-button kt-button button kb-btn50163_8d8170-b5 kt-btn-size-standard kt-btn-width-type-auto kb-btn-global-fill  kt-btn-has-text-true kt-btn-has-svg-false  wp-block-kadence-singlebtn\" href=\"https:\/\/mvic.sos.state.mi.us\/Voter\/Index\/#yourclerk\"><span class=\"kt-btn-inner-text\">Encuentre el secretario de mi ciudad\/municipio <\/span><\/a><\/div>\n\n\n\n<p>O<\/p>\n\n\n\n<p><strong>Por correo<\/strong>.<\/p>\n\n\n\n<div class=\"wp-block-kadence-advancedbtn kb-buttons-wrap kb-btns50163_594e4d-69\"><a class=\"kb-button kt-button button kb-btn50163_d0eff0-c2 kt-btn-size-standard kt-btn-width-type-auto kb-btn-global-fill  kt-btn-has-text-true kt-btn-has-svg-false  wp-block-kadence-singlebtn\" href=\"https:\/\/www.michigan.gov\/sos\/-\/media\/Project\/Websites\/sos\/Elections\/Election-Forms\/Absent-Voter-Ballot-Application-Fillable.pdf?rev=c35e859a2abe40dfbca3c95027c8072a&#038;hash=4430F4C6B6C603D59A7E196EB7E5B05A\"><span class=\"kt-btn-inner-text\">Descargar Solicitud de Boleta de Voto Ausente<\/span><\/a><\/div>\n\n\n\n<p class=\"has-text-align-left\"><em>A las dos semanas de las elecciones, <em>Recomendamos visitar al secretario de la ciudad\/municipio para solicitar una boleta en persona.<\/em><\/em><\/p>\n\n\n\n<p>Los votantes que quieran recibir una boleta de voto en ausencia por correo para cada elecci\u00f3n en su comunidad pueden marcar una casilla en su solicitud de boleta de voto en ausencia para unirse al&nbsp;<strong>Boleta de voto ausente permanente&nbsp;<\/strong>lista. Los votantes de esta lista ya no tendr\u00e1n que solicitar una boleta para cada elecci\u00f3n.<\/p>\n\n\n\n<p><strong>Despu\u00e9s de recibir y completar su boleta, debe devolverla de una de las siguientes maneras:<\/strong><\/p>\n\n\n\n<ul class=\"wp-block-list\">\n<li>A trav\u00e9s del correo,<\/li>\n\n\n\n<li>En un buz\u00f3n proporcionado por el secretario de su ciudad o municipio,<\/li>\n\n\n\n<li>En la oficina de su secretario,<\/li>\n\n\n\n<li><strong>O insertando la boleta en un tabulador en su sitio de votaci\u00f3n anticipada o lugar de votaci\u00f3n despu\u00e9s de consultar con los trabajadores electorales.<\/strong><\/li>\n<\/ul>\n\n\n\n<p><strong>Aseg\u00farese de firmar y fechar el sobre.<\/strong>&nbsp;A menos que est\u00e9 sirviendo en el ej\u00e9rcito o viviendo en el extranjero, su secretario debe recibir su boleta antes de las 8 p.m. del d\u00eda de las elecciones. Si usted es un votante militar o en el extranjero, su boleta debe tener matasellos del d\u00eda de las elecciones y ser recibida por su secretario dentro de los seis d\u00edas posteriores a la elecci\u00f3n para ser contada.<\/p>\n\n\n\n<p>Aseg\u00farese de mantenerse informado a trav\u00e9s de la oficina del secretario local sobre cualquier cambio en la votaci\u00f3n en su comunidad, como buzones adicionales o ubicaciones de las oficinas del secretario sat\u00e9lite.<\/p>\n\n\n\n<p>Nota: Una vez que las boletas est\u00e9n disponibles 40 d\u00edas antes del d\u00eda de las elecciones, puede solicitar una boleta de voto ausente y votar esa boleta en la misma visita visitando la oficina del secretario de su ciudad o municipio o el lugar de votaci\u00f3n sat\u00e9lite.<\/p>\n\n\n\n<p><strong>Seguimiento de su boleta de voto en ausencia<\/strong>&nbsp;para asegurarse de que fue recibido.&nbsp;<\/p>\n\n\n\n<div class=\"wp-block-kadence-advancedbtn kb-buttons-wrap kb-btns50163_b42364-2c\"><a class=\"kb-button kt-button button kb-btn50163_f41ef7-8c kt-btn-size-standard kt-btn-width-type-auto kb-btn-global-fill  kt-btn-has-text-true kt-btn-has-svg-false  wp-block-kadence-singlebtn\" href=\"https:\/\/mvic.sos.state.mi.us\/Voter\/Index\/\"><span class=\"kt-btn-inner-text\">Seguimiento de mi boleta<\/span><\/a><\/div>","protected":false},"excerpt":{"rendered":"<p>If you want to vote from home, we recommend that you request your absentee ballot no later than April 14 for the May 5, 2026 Local Elections, to give yourself enough time to receive your ballot, complete it, and return it to your city or township clerk by the deadline. All voters who wish to [&hellip;]<\/p>\n","protected":false},"author":2,"featured_media":0,"parent":50081,"menu_order":0,"comment_status":"closed","ping_status":"closed","template":"wp-custom-template-voting-page","meta":{"_gspb_post_css":"","progress_planner_page_todos":"","footnotes":""},"progress_planner_page_types":[],"class_list":["post-50163","page","type-page","status-publish","hentry"],"yoast_head":"<!-- This site is optimized with the Yoast SEO plugin v27.3 - https:\/\/yoast.com\/product\/yoast-seo-wordpress\/ -->\n<title>Vote Absentee Ballot &#8211; Voting Access For All<\/title>\n<meta name=\"robots\" content=\"index, follow, max-snippet:-1, max-image-preview:large, max-video-preview:-1\" \/>\n<link rel=\"canonical\" href=\"https:\/\/votingaccessforall.org\/es\/vote\/how\/vote-absentee-ballot\/\" \/>\n<meta property=\"og:locale\" content=\"es_MX\" \/>\n<meta property=\"og:type\" content=\"article\" \/>\n<meta property=\"og:title\" content=\"Vote Absentee Ballot &#8211; Voting Access For All\" \/>\n<meta property=\"og:description\" content=\"If you want to vote from home, we recommend that you request your absentee ballot no later than April 14 for the May 5, 2026 Local Elections, to give yourself enough time to receive your ballot, complete it, and return it to your city or township clerk by the deadline. All voters who wish to [&hellip;]\" \/>\n<meta property=\"og:url\" content=\"https:\/\/votingaccessforall.org\/es\/vote\/how\/vote-absentee-ballot\/\" \/>\n<meta property=\"og:site_name\" content=\"Voting Access For All\" \/>\n<meta property=\"article:publisher\" content=\"https:\/\/www.facebook.com\/VotingAccessForAll\/\" \/>\n<meta property=\"article:modified_time\" content=\"2026-02-04T16:50:08+00:00\" \/>\n<meta name=\"twitter:card\" content=\"summary_large_image\" \/>\n<meta name=\"twitter:label1\" content=\"Tiempo de lectura\" \/>\n\t<meta name=\"twitter:data1\" content=\"2 minutos\" \/>\n<script type=\"application\/ld+json\" class=\"yoast-schema-graph\">{\"@context\":\"https:\\\/\\\/schema.org\",\"@graph\":[{\"@type\":\"WebPage\",\"@id\":\"https:\\\/\\\/votingaccessforall.org\\\/vote\\\/how\\\/vote-absentee-ballot\\\/\",\"url\":\"https:\\\/\\\/votingaccessforall.org\\\/vote\\\/how\\\/vote-absentee-ballot\\\/\",\"name\":\"Vote Absentee Ballot &#8211; Voting Access For All\",\"isPartOf\":{\"@id\":\"https:\\\/\\\/votingaccessforall.org\\\/#website\"},\"datePublished\":\"2024-07-05T15:06:08+00:00\",\"dateModified\":\"2026-02-04T16:50:08+00:00\",\"breadcrumb\":{\"@id\":\"https:\\\/\\\/votingaccessforall.org\\\/vote\\\/how\\\/vote-absentee-ballot\\\/#breadcrumb\"},\"inLanguage\":\"es\",\"potentialAction\":[{\"@type\":\"ReadAction\",\"target\":[\"https:\\\/\\\/votingaccessforall.org\\\/vote\\\/how\\\/vote-absentee-ballot\\\/\"]}]},{\"@type\":\"BreadcrumbList\",\"@id\":\"https:\\\/\\\/votingaccessforall.org\\\/vote\\\/how\\\/vote-absentee-ballot\\\/#breadcrumb\",\"itemListElement\":[{\"@type\":\"ListItem\",\"position\":1,\"name\":\"Home\",\"item\":\"https:\\\/\\\/votingaccessforall.org\\\/\"},{\"@type\":\"ListItem\",\"position\":2,\"name\":\"Voting Information\",\"item\":\"https:\\\/\\\/votingaccessforall.org\\\/vote\\\/\"},{\"@type\":\"ListItem\",\"position\":3,\"name\":\"How to Register and Vote\",\"item\":\"https:\\\/\\\/votingaccessforall.org\\\/vote\\\/how\\\/\"},{\"@type\":\"ListItem\",\"position\":4,\"name\":\"Vote Absentee Ballot\"}]},{\"@type\":\"WebSite\",\"@id\":\"https:\\\/\\\/votingaccessforall.org\\\/#website\",\"url\":\"https:\\\/\\\/votingaccessforall.org\\\/\",\"name\":\"Voting Access For All\",\"description\":\"Empowering ALL Michigan Voters: Voting Is Your Right!\",\"publisher\":{\"@id\":\"https:\\\/\\\/votingaccessforall.org\\\/#organization\"},\"potentialAction\":[{\"@type\":\"SearchAction\",\"target\":{\"@type\":\"EntryPoint\",\"urlTemplate\":\"https:\\\/\\\/votingaccessforall.org\\\/?s={search_term_string}\"},\"query-input\":{\"@type\":\"PropertyValueSpecification\",\"valueRequired\":true,\"valueName\":\"search_term_string\"}}],\"inLanguage\":\"es\"},{\"@type\":\"Organization\",\"@id\":\"https:\\\/\\\/votingaccessforall.org\\\/#organization\",\"name\":\"Voting Access for All Coalition\",\"url\":\"https:\\\/\\\/votingaccessforall.org\\\/\",\"logo\":{\"@type\":\"ImageObject\",\"inLanguage\":\"es\",\"@id\":\"https:\\\/\\\/votingaccessforall.org\\\/#\\\/schema\\\/logo\\\/image\\\/\",\"url\":\"https:\\\/\\\/votingaccessforall.org\\\/wp-content\\\/uploads\\\/2021\\\/05\\\/cropped-VAAC_logo_Small.jpg\",\"contentUrl\":\"https:\\\/\\\/votingaccessforall.org\\\/wp-content\\\/uploads\\\/2021\\\/05\\\/cropped-VAAC_logo_Small.jpg\",\"width\":512,\"height\":512,\"caption\":\"Voting Access for All Coalition\"},\"image\":{\"@id\":\"https:\\\/\\\/votingaccessforall.org\\\/#\\\/schema\\\/logo\\\/image\\\/\"},\"sameAs\":[\"https:\\\/\\\/www.facebook.com\\\/VotingAccessForAll\\\/\",\"https:\\\/\\\/www.instagram.com\\\/votingaccessforall\\\/\",\"https:\\\/\\\/www.youtube.com\\\/@VotingAccessForAll\",\"https:\\\/\\\/www.linkedin.com\\\/company\\\/voting-access-for-all-vaac\\\/\",\"https:\\\/\\\/bsky.app\\\/profile\\\/votingaccessforall.bsky.social\"]}]}<\/script>\n<!-- \/ Yoast SEO plugin. -->","yoast_head_json":{"title":"Boleta de Voto en Ausencia \u2013 Acceso al Voto para Todos","robots":{"index":"index","follow":"follow","max-snippet":"max-snippet:-1","max-image-preview":"max-image-preview:large","max-video-preview":"max-video-preview:-1"},"canonical":"https:\/\/votingaccessforall.org\/es\/vote\/how\/vote-absentee-ballot\/","og_locale":"es_MX","og_type":"article","og_title":"Vote Absentee Ballot &#8211; Voting Access For All","og_description":"If you want to vote from home, we recommend that you request your absentee ballot no later than April 14 for the May 5, 2026 Local Elections, to give yourself enough time to receive your ballot, complete it, and return it to your city or township clerk by the deadline. All voters who wish to [&hellip;]","og_url":"https:\/\/votingaccessforall.org\/es\/vote\/how\/vote-absentee-ballot\/","og_site_name":"Voting Access For All","article_publisher":"https:\/\/www.facebook.com\/VotingAccessForAll\/","article_modified_time":"2026-02-04T16:50:08+00:00","twitter_card":"summary_large_image","twitter_misc":{"Tiempo de lectura":"2 minutos"},"schema":{"@context":"https:\/\/schema.org","@graph":[{"@type":"WebPage","@id":"https:\/\/votingaccessforall.org\/vote\/how\/vote-absentee-ballot\/","url":"https:\/\/votingaccessforall.org\/vote\/how\/vote-absentee-ballot\/","name":"Boleta de Voto en Ausencia \u2013 Acceso al Voto para Todos","isPartOf":{"@id":"https:\/\/votingaccessforall.org\/#website"},"datePublished":"2024-07-05T15:06:08+00:00","dateModified":"2026-02-04T16:50:08+00:00","breadcrumb":{"@id":"https:\/\/votingaccessforall.org\/vote\/how\/vote-absentee-ballot\/#breadcrumb"},"inLanguage":"es","potentialAction":[{"@type":"ReadAction","target":["https:\/\/votingaccessforall.org\/vote\/how\/vote-absentee-ballot\/"]}]},{"@type":"BreadcrumbList","@id":"https:\/\/votingaccessforall.org\/vote\/how\/vote-absentee-ballot\/#breadcrumb","itemListElement":[{"@type":"ListItem","position":1,"name":"Home","item":"https:\/\/votingaccessforall.org\/"},{"@type":"ListItem","position":2,"name":"Voting Information","item":"https:\/\/votingaccessforall.org\/vote\/"},{"@type":"ListItem","position":3,"name":"How to Register and Vote","item":"https:\/\/votingaccessforall.org\/vote\/how\/"},{"@type":"ListItem","position":4,"name":"Vote Absentee Ballot"}]},{"@type":"WebSite","@id":"https:\/\/votingaccessforall.org\/#website","url":"https:\/\/votingaccessforall.org\/","name":"Acceso a la votaci\u00f3n para todos","description":"Empoderando a TODOS los votantes de Michigan:<br \/>\u00a1Votar es su derecho!","publisher":{"@id":"https:\/\/votingaccessforall.org\/#organization"},"potentialAction":[{"@type":"SearchAction","target":{"@type":"EntryPoint","urlTemplate":"https:\/\/votingaccessforall.org\/?s={search_term_string}"},"query-input":{"@type":"PropertyValueSpecification","valueRequired":true,"valueName":"search_term_string"}}],"inLanguage":"es"},{"@type":"Organization","@id":"https:\/\/votingaccessforall.org\/#organization","name":"Coalici\u00f3n de acceso a la votaci\u00f3n para todos","url":"https:\/\/votingaccessforall.org\/","logo":{"@type":"ImageObject","inLanguage":"es","@id":"https:\/\/votingaccessforall.org\/#\/schema\/logo\/image\/","url":"https:\/\/votingaccessforall.org\/wp-content\/uploads\/2021\/05\/cropped-VAAC_logo_Small.jpg","contentUrl":"https:\/\/votingaccessforall.org\/wp-content\/uploads\/2021\/05\/cropped-VAAC_logo_Small.jpg","width":512,"height":512,"caption":"Voting Access for All Coalition"},"image":{"@id":"https:\/\/votingaccessforall.org\/#\/schema\/logo\/image\/"},"sameAs":["https:\/\/www.facebook.com\/VotingAccessForAll\/","https:\/\/www.instagram.com\/votingaccessforall\/","https:\/\/www.youtube.com\/@VotingAccessForAll","https:\/\/www.linkedin.com\/company\/voting-access-for-all-vaac\/","https:\/\/bsky.app\/profile\/votingaccessforall.bsky.social"]}]}},"_links":{"self":[{"href":"https:\/\/votingaccessforall.org\/es\/wp-json\/wp\/v2\/pages\/50163","targetHints":{"allow":["GET"]}}],"collection":[{"href":"https:\/\/votingaccessforall.org\/es\/wp-json\/wp\/v2\/pages"}],"about":[{"href":"https:\/\/votingaccessforall.org\/es\/wp-json\/wp\/v2\/types\/page"}],"author":[{"embeddable":true,"href":"https:\/\/votingaccessforall.org\/es\/wp-json\/wp\/v2\/users\/2"}],"replies":[{"embeddable":true,"href":"https:\/\/votingaccessforall.org\/es\/wp-json\/wp\/v2\/comments?post=50163"}],"version-history":[{"count":11,"href":"https:\/\/votingaccessforall.org\/es\/wp-json\/wp\/v2\/pages\/50163\/revisions"}],"predecessor-version":[{"id":208648,"href":"https:\/\/votingaccessforall.org\/es\/wp-json\/wp\/v2\/pages\/50163\/revisions\/208648"}],"up":[{"embeddable":true,"href":"https:\/\/votingaccessforall.org\/es\/wp-json\/wp\/v2\/pages\/50081"}],"wp:attachment":[{"href":"https:\/\/votingaccessforall.org\/es\/wp-json\/wp\/v2\/media?parent=50163"}],"wp:term":[{"taxonomy":"progress_planner_page_types","embeddable":true,"href":"https:\/\/votingaccessforall.org\/es\/wp-json\/wp\/v2\/progress_planner_page_types?post=50163"}],"curies":[{"name":"gracias","href":"https:\/\/api.w.org\/{rel}","templated":true}]}}