{"id":50160,"date":"2024-07-05T10:53:53","date_gmt":"2024-07-05T14:53:53","guid":{"rendered":"https:\/\/votingaccessforall.org\/?page_id=50160"},"modified":"2026-02-04T11:47:42","modified_gmt":"2026-02-04T16:47:42","slug":"early-in-person-voting","status":"publish","type":"page","link":"https:\/\/votingaccessforall.org\/es\/vote\/how\/early-in-person-voting\/","title":{"rendered":"Votaci\u00f3n anticipada en persona"},"content":{"rendered":"<p>Los votantes de Michigan tienen derecho a votar anticipadamente y en persona en los centros de votaci\u00f3n anticipada antes de las elecciones estatales y federales. Las comunidades tambi\u00e9n pueden optar por ofrecer votaci\u00f3n anticipada para las elecciones locales.<\/p>\n\n\n\n<p>Para las elecciones estatales y federales, los votantes de Michigan pueden visitar un sitio de votaci\u00f3n anticipada en su \u00e1rea para emitir su voto en persona durante el per\u00edodo de votaci\u00f3n anticipada. <\/p>\n\n\n\n<ul class=\"wp-block-list\">\n<li>Los sitios de votaci\u00f3n anticipada est\u00e1n abiertos durante al menos 8 horas cada d\u00eda del per\u00edodo requerido de votaci\u00f3n anticipada de 9 d\u00edas.<\/li>\n\n\n\n<li>La votaci\u00f3n anticipada est\u00e1 disponible por un m\u00ednimo de 9 d\u00edas, comenzando el segundo s\u00e1bado antes del d\u00eda de las elecciones y terminando el domingo antes del d\u00eda de las elecciones.<\/li>\n\n\n\n<li>Los municipios pueden ofrecer hasta 29 d\u00edas en total para la votaci\u00f3n anticipada en persona.<\/li>\n\n\n\n<li>Los sitios de votaci\u00f3n anticipada ser\u00e1n designados por los secretarios locales o del condado.<\/li>\n<\/ul>\n\n\n\n<p>Una vez que est\u00e9 disponible, los votantes pueden buscar su(s) sitio(s) de votaci\u00f3n anticipada asignado(s).<\/p>\n\n\n\n<div class=\"wp-block-kadence-advancedbtn kb-buttons-wrap kb-btns50160_562483-18\"><a class=\"kb-button kt-button button kb-btn50160_da58af-14 kt-btn-size-standard kt-btn-width-type-auto kb-btn-global-fill  kt-btn-has-text-true kt-btn-has-svg-false  wp-block-kadence-singlebtn\" href=\"https:\/\/mvic.sos.state.mi.us\/Voter\/Index#early-voting-search-section\"><span class=\"kt-btn-inner-text\">B\u00fasqueda anticipada en el sitio de votaci\u00f3n en persona<\/span><\/a><\/div>\n\n\n\n<p>Puede encontrar m\u00e1s informaci\u00f3n sobre la votaci\u00f3n anticipada en persona en el sitio web de la Secretar\u00eda de Estado de Michigan.<\/p>\n\n\n\n<div class=\"wp-block-kadence-advancedbtn kb-buttons-wrap kb-btns50160_43dceb-6c\"><a class=\"kb-button kt-button button kb-btn50160_742d2e-3b kt-btn-size-standard kt-btn-width-type-auto kb-btn-global-fill  kt-btn-has-text-true kt-btn-has-svg-false  wp-block-kadence-singlebtn\" href=\"https:\/\/www.michigan.gov\/sos\/elections\/voting\/early-in-person-voting\"><span class=\"kt-btn-inner-text\">Informaci\u00f3n sobre votaci\u00f3n anticipada en persona <\/span><\/a><\/div>\n\n\n\n<p><strong>Tambi\u00e9n puede visitar un sitio de votaci\u00f3n anticipada para tabular su boleta de voto en ausencia completa.<\/strong>. Simplemente visite el sitio de votaci\u00f3n anticipada asignado, consulte con los trabajadores electorales e inserte su boleta en el tabulador.<\/p>","protected":false},"excerpt":{"rendered":"<p>Michigan voters have the right to vote early and in person at early voting sites before statewide and federal elections. Communities may also choose to provide early voting for local elections. For Statewide and Federal elections, Michigan Voters can visit an early voting site in their area to cast a ballot in person during the [&hellip;]<\/p>\n","protected":false},"author":2,"featured_media":0,"parent":50081,"menu_order":0,"comment_status":"closed","ping_status":"closed","template":"wp-custom-template-voting-page","meta":{"_gspb_post_css":"","progress_planner_page_todos":"","footnotes":""},"progress_planner_page_types":[],"class_list":["post-50160","page","type-page","status-publish","hentry"],"yoast_head":"<!-- This site is optimized with the Yoast SEO plugin v27.3 - https:\/\/yoast.com\/product\/yoast-seo-wordpress\/ -->\n<title>Early In Person Voting &#8211; Voting Access For All<\/title>\n<meta name=\"description\" content=\"Michigan Voters can visit an early voting site in their area to vote during the early voting period. Below are all the details.\" \/>\n<meta name=\"robots\" content=\"index, follow, max-snippet:-1, max-image-preview:large, max-video-preview:-1\" \/>\n<link rel=\"canonical\" href=\"https:\/\/votingaccessforall.org\/es\/vote\/how\/early-in-person-voting\/\" \/>\n<meta property=\"og:locale\" content=\"es_MX\" \/>\n<meta property=\"og:type\" content=\"article\" \/>\n<meta property=\"og:title\" content=\"Early In Person Voting &#8211; Voting Access For All\" \/>\n<meta property=\"og:description\" content=\"Michigan Voters can visit an early voting site in their area to vote during the early voting period. Below are all the details.\" \/>\n<meta property=\"og:url\" content=\"https:\/\/votingaccessforall.org\/es\/vote\/how\/early-in-person-voting\/\" \/>\n<meta property=\"og:site_name\" content=\"Voting Access For All\" \/>\n<meta property=\"article:publisher\" content=\"https:\/\/www.facebook.com\/VotingAccessForAll\/\" \/>\n<meta property=\"article:modified_time\" content=\"2026-02-04T16:47:42+00:00\" \/>\n<meta name=\"twitter:card\" content=\"summary_large_image\" \/>\n<meta name=\"twitter:label1\" content=\"Tiempo de lectura\" \/>\n\t<meta name=\"twitter:data1\" content=\"1 minuto\" \/>\n<script type=\"application\/ld+json\" class=\"yoast-schema-graph\">{\"@context\":\"https:\\\/\\\/schema.org\",\"@graph\":[{\"@type\":\"WebPage\",\"@id\":\"https:\\\/\\\/votingaccessforall.org\\\/vote\\\/how\\\/early-in-person-voting\\\/\",\"url\":\"https:\\\/\\\/votingaccessforall.org\\\/vote\\\/how\\\/early-in-person-voting\\\/\",\"name\":\"Early In Person Voting &#8211; Voting Access For All\",\"isPartOf\":{\"@id\":\"https:\\\/\\\/votingaccessforall.org\\\/#website\"},\"datePublished\":\"2024-07-05T14:53:53+00:00\",\"dateModified\":\"2026-02-04T16:47:42+00:00\",\"description\":\"Michigan Voters can visit an early voting site in their area to vote during the early voting period. Below are all the details.\",\"breadcrumb\":{\"@id\":\"https:\\\/\\\/votingaccessforall.org\\\/vote\\\/how\\\/early-in-person-voting\\\/#breadcrumb\"},\"inLanguage\":\"es\",\"potentialAction\":[{\"@type\":\"ReadAction\",\"target\":[\"https:\\\/\\\/votingaccessforall.org\\\/vote\\\/how\\\/early-in-person-voting\\\/\"]}]},{\"@type\":\"BreadcrumbList\",\"@id\":\"https:\\\/\\\/votingaccessforall.org\\\/vote\\\/how\\\/early-in-person-voting\\\/#breadcrumb\",\"itemListElement\":[{\"@type\":\"ListItem\",\"position\":1,\"name\":\"Home\",\"item\":\"https:\\\/\\\/votingaccessforall.org\\\/\"},{\"@type\":\"ListItem\",\"position\":2,\"name\":\"Voting Information\",\"item\":\"https:\\\/\\\/votingaccessforall.org\\\/vote\\\/\"},{\"@type\":\"ListItem\",\"position\":3,\"name\":\"How to Register and Vote\",\"item\":\"https:\\\/\\\/votingaccessforall.org\\\/vote\\\/how\\\/\"},{\"@type\":\"ListItem\",\"position\":4,\"name\":\"Early In Person Voting\"}]},{\"@type\":\"WebSite\",\"@id\":\"https:\\\/\\\/votingaccessforall.org\\\/#website\",\"url\":\"https:\\\/\\\/votingaccessforall.org\\\/\",\"name\":\"Voting Access For All\",\"description\":\"Empowering ALL Michigan Voters: Voting Is Your Right!\",\"publisher\":{\"@id\":\"https:\\\/\\\/votingaccessforall.org\\\/#organization\"},\"potentialAction\":[{\"@type\":\"SearchAction\",\"target\":{\"@type\":\"EntryPoint\",\"urlTemplate\":\"https:\\\/\\\/votingaccessforall.org\\\/?s={search_term_string}\"},\"query-input\":{\"@type\":\"PropertyValueSpecification\",\"valueRequired\":true,\"valueName\":\"search_term_string\"}}],\"inLanguage\":\"es\"},{\"@type\":\"Organization\",\"@id\":\"https:\\\/\\\/votingaccessforall.org\\\/#organization\",\"name\":\"Voting Access for All Coalition\",\"url\":\"https:\\\/\\\/votingaccessforall.org\\\/\",\"logo\":{\"@type\":\"ImageObject\",\"inLanguage\":\"es\",\"@id\":\"https:\\\/\\\/votingaccessforall.org\\\/#\\\/schema\\\/logo\\\/image\\\/\",\"url\":\"https:\\\/\\\/votingaccessforall.org\\\/wp-content\\\/uploads\\\/2021\\\/05\\\/cropped-VAAC_logo_Small.jpg\",\"contentUrl\":\"https:\\\/\\\/votingaccessforall.org\\\/wp-content\\\/uploads\\\/2021\\\/05\\\/cropped-VAAC_logo_Small.jpg\",\"width\":512,\"height\":512,\"caption\":\"Voting Access for All Coalition\"},\"image\":{\"@id\":\"https:\\\/\\\/votingaccessforall.org\\\/#\\\/schema\\\/logo\\\/image\\\/\"},\"sameAs\":[\"https:\\\/\\\/www.facebook.com\\\/VotingAccessForAll\\\/\",\"https:\\\/\\\/www.instagram.com\\\/votingaccessforall\\\/\",\"https:\\\/\\\/www.youtube.com\\\/@VotingAccessForAll\",\"https:\\\/\\\/www.linkedin.com\\\/company\\\/voting-access-for-all-vaac\\\/\",\"https:\\\/\\\/bsky.app\\\/profile\\\/votingaccessforall.bsky.social\"]}]}<\/script>\n<!-- \/ Yoast SEO plugin. -->","yoast_head_json":{"title":"Votaci\u00f3n anticipada en persona: acceso al voto para todos","description":"Los votantes de Michigan pueden visitar un centro de votaci\u00f3n anticipada en su \u00e1rea para votar durante el per\u00edodo de votaci\u00f3n anticipada. A continuaci\u00f3n, encontrar\u00e1 todos los detalles.","robots":{"index":"index","follow":"follow","max-snippet":"max-snippet:-1","max-image-preview":"max-image-preview:large","max-video-preview":"max-video-preview:-1"},"canonical":"https:\/\/votingaccessforall.org\/es\/vote\/how\/early-in-person-voting\/","og_locale":"es_MX","og_type":"article","og_title":"Early In Person Voting &#8211; Voting Access For All","og_description":"Michigan Voters can visit an early voting site in their area to vote during the early voting period. Below are all the details.","og_url":"https:\/\/votingaccessforall.org\/es\/vote\/how\/early-in-person-voting\/","og_site_name":"Voting Access For All","article_publisher":"https:\/\/www.facebook.com\/VotingAccessForAll\/","article_modified_time":"2026-02-04T16:47:42+00:00","twitter_card":"summary_large_image","twitter_misc":{"Tiempo de lectura":"1 minuto"},"schema":{"@context":"https:\/\/schema.org","@graph":[{"@type":"WebPage","@id":"https:\/\/votingaccessforall.org\/vote\/how\/early-in-person-voting\/","url":"https:\/\/votingaccessforall.org\/vote\/how\/early-in-person-voting\/","name":"Votaci\u00f3n anticipada en persona: acceso al voto para todos","isPartOf":{"@id":"https:\/\/votingaccessforall.org\/#website"},"datePublished":"2024-07-05T14:53:53+00:00","dateModified":"2026-02-04T16:47:42+00:00","description":"Los votantes de Michigan pueden visitar un centro de votaci\u00f3n anticipada en su \u00e1rea para votar durante el per\u00edodo de votaci\u00f3n anticipada. A continuaci\u00f3n, encontrar\u00e1 todos los detalles.","breadcrumb":{"@id":"https:\/\/votingaccessforall.org\/vote\/how\/early-in-person-voting\/#breadcrumb"},"inLanguage":"es","potentialAction":[{"@type":"ReadAction","target":["https:\/\/votingaccessforall.org\/vote\/how\/early-in-person-voting\/"]}]},{"@type":"BreadcrumbList","@id":"https:\/\/votingaccessforall.org\/vote\/how\/early-in-person-voting\/#breadcrumb","itemListElement":[{"@type":"ListItem","position":1,"name":"Home","item":"https:\/\/votingaccessforall.org\/"},{"@type":"ListItem","position":2,"name":"Voting Information","item":"https:\/\/votingaccessforall.org\/vote\/"},{"@type":"ListItem","position":3,"name":"How to Register and Vote","item":"https:\/\/votingaccessforall.org\/vote\/how\/"},{"@type":"ListItem","position":4,"name":"Early In Person Voting"}]},{"@type":"WebSite","@id":"https:\/\/votingaccessforall.org\/#website","url":"https:\/\/votingaccessforall.org\/","name":"Acceso a la votaci\u00f3n para todos","description":"Empoderando a TODOS los votantes de Michigan:<br \/>\u00a1Votar es su derecho!","publisher":{"@id":"https:\/\/votingaccessforall.org\/#organization"},"potentialAction":[{"@type":"SearchAction","target":{"@type":"EntryPoint","urlTemplate":"https:\/\/votingaccessforall.org\/?s={search_term_string}"},"query-input":{"@type":"PropertyValueSpecification","valueRequired":true,"valueName":"search_term_string"}}],"inLanguage":"es"},{"@type":"Organization","@id":"https:\/\/votingaccessforall.org\/#organization","name":"Coalici\u00f3n de acceso a la votaci\u00f3n para todos","url":"https:\/\/votingaccessforall.org\/","logo":{"@type":"ImageObject","inLanguage":"es","@id":"https:\/\/votingaccessforall.org\/#\/schema\/logo\/image\/","url":"https:\/\/votingaccessforall.org\/wp-content\/uploads\/2021\/05\/cropped-VAAC_logo_Small.jpg","contentUrl":"https:\/\/votingaccessforall.org\/wp-content\/uploads\/2021\/05\/cropped-VAAC_logo_Small.jpg","width":512,"height":512,"caption":"Voting Access for All Coalition"},"image":{"@id":"https:\/\/votingaccessforall.org\/#\/schema\/logo\/image\/"},"sameAs":["https:\/\/www.facebook.com\/VotingAccessForAll\/","https:\/\/www.instagram.com\/votingaccessforall\/","https:\/\/www.youtube.com\/@VotingAccessForAll","https:\/\/www.linkedin.com\/company\/voting-access-for-all-vaac\/","https:\/\/bsky.app\/profile\/votingaccessforall.bsky.social"]}]}},"_links":{"self":[{"href":"https:\/\/votingaccessforall.org\/es\/wp-json\/wp\/v2\/pages\/50160","targetHints":{"allow":["GET"]}}],"collection":[{"href":"https:\/\/votingaccessforall.org\/es\/wp-json\/wp\/v2\/pages"}],"about":[{"href":"https:\/\/votingaccessforall.org\/es\/wp-json\/wp\/v2\/types\/page"}],"author":[{"embeddable":true,"href":"https:\/\/votingaccessforall.org\/es\/wp-json\/wp\/v2\/users\/2"}],"replies":[{"embeddable":true,"href":"https:\/\/votingaccessforall.org\/es\/wp-json\/wp\/v2\/comments?post=50160"}],"version-history":[{"count":10,"href":"https:\/\/votingaccessforall.org\/es\/wp-json\/wp\/v2\/pages\/50160\/revisions"}],"predecessor-version":[{"id":208647,"href":"https:\/\/votingaccessforall.org\/es\/wp-json\/wp\/v2\/pages\/50160\/revisions\/208647"}],"up":[{"embeddable":true,"href":"https:\/\/votingaccessforall.org\/es\/wp-json\/wp\/v2\/pages\/50081"}],"wp:attachment":[{"href":"https:\/\/votingaccessforall.org\/es\/wp-json\/wp\/v2\/media?parent=50160"}],"wp:term":[{"taxonomy":"progress_planner_page_types","embeddable":true,"href":"https:\/\/votingaccessforall.org\/es\/wp-json\/wp\/v2\/progress_planner_page_types?post=50160"}],"curies":[{"name":"gracias","href":"https:\/\/api.w.org\/{rel}","templated":true}]}}