{"id":50086,"date":"2024-07-03T15:33:54","date_gmt":"2024-07-03T19:33:54","guid":{"rendered":"https:\/\/votingaccessforall.org\/?page_id=50086"},"modified":"2025-11-04T14:49:56","modified_gmt":"2025-11-04T19:49:56","slug":"register-to-vote","status":"publish","type":"page","link":"https:\/\/votingaccessforall.org\/es\/vote\/register-to-vote\/","title":{"rendered":"Registrarse para votar"},"content":{"rendered":"<p>Estos son los pasos que debe seguir para registrarse para votar en una pr\u00f3xima elecci\u00f3n:<\/p>\n\n\n\n<h3 class=\"wp-block-heading\" id=\"step-1-find-out-if-you-are-registered-to-vote-at-the-address-where-you-live\">Paso 1. Averig\u00fce si est\u00e1 registrado para votar en la direcci\u00f3n donde vive.<\/h3>\n\n\n\n<p>Para votar en Michigan, debe estar registrado en la direcci\u00f3n donde vive. Utilice la Opci\u00f3n 1 o la Opci\u00f3n 2 para averiguar si est\u00e1 registrado para votar en el lugar donde vive actualmente:<\/p>\n\n\n\n<p>Opci\u00f3n 1. Consultar online <\/p>\n\n\n\n<div class=\"wp-block-kadence-advancedbtn kb-buttons-wrap kb-btns50086_88ed4d-d4\"><a class=\"kb-button kt-button button kb-btn50086_e57b78-7d kt-btn-size-standard kt-btn-width-type-auto kb-btn-global-fill  kt-btn-has-text-true kt-btn-has-svg-false  wp-block-kadence-singlebtn\" href=\"https:\/\/mvic.sos.state.mi.us\/Voter\/Index\"><span class=\"kt-btn-inner-text\">Verifique el registro de votantes<\/span><\/a><\/div>\n\n\n\n<p>Opci\u00f3n 2. Llame a la oficina del secretario de su ciudad o municipio. Pueden decirle si est\u00e1 registrado para votar y d\u00f3nde.<\/p>\n\n\n\n<div class=\"wp-block-kadence-advancedbtn kb-buttons-wrap kb-btns50086_1bdb9a-44\"><a class=\"kb-button kt-button button kb-btn50086_251f19-cd kt-btn-size-standard kt-btn-width-type-auto kb-btn-global-fill  kt-btn-has-text-true kt-btn-has-svg-false  wp-block-kadence-singlebtn\" href=\"https:\/\/mvic.sos.state.mi.us\/Voter\/Index\/#yourclerk\"><span class=\"kt-btn-inner-text\">Encontrar el secretario de mi ciudad o municipio<\/span><\/a><\/div>\n\n\n\n<p>\u200bSi ya est\u00e1 registrado para votar en el lugar donde vive actualmente, no necesita hacer nada m\u00e1s. \u00a1Simplemente vota cuando sea el momento! Si no est\u00e1 registrado (o si est\u00e1 registrado en el lugar equivocado), vaya al Paso 2.<\/p>\n\n\n\n<h3 class=\"wp-block-heading\" id=\"step-2-register-to-vote-or-update-your-registration\">\u200bPaso 2. Reg\u00edstrese para votar o actualice su registro<\/h3>\n\n\n\n<h4 class=\"wp-block-heading\" id=\"if-it-s-more-than-14-days-before-election-day-there-are-many-ways-to-register-to-vote-in-the-next-election\">Si faltan m\u00e1s de 14 d\u00edas para el d\u00eda de las elecciones, hay muchas formas de registrarse para votar en las pr\u00f3ximas elecciones.<\/h4>\n\n\n\n<ul class=\"wp-block-list\">\n<li>El 20 de octubre es el \u00faltimo d\u00eda para registrarse en l\u00ednea o por correo para las elecciones primarias del 4 de noviembre de 2025.<\/li>\n<\/ul>\n\n\n\n<p><strong>EN L\u00cdNEA:<\/strong> Para registrarse en l\u00ednea, debe tener una licencia de conducir v\u00e1lida de Michigan o una identificaci\u00f3n estatal.<\/p>\n\n\n\n<div class=\"wp-block-kadence-advancedbtn kb-buttons-wrap kb-btns50086_f39475-7a\"><a class=\"kb-button kt-button button kb-btn50086_974a8d-f8 kt-btn-size-standard kt-btn-width-type-auto kb-btn-global-fill  kt-btn-has-text-true kt-btn-has-svg-false  wp-block-kadence-singlebtn\" href=\"http:\/\/michigan.gov\/VAAC\"><span class=\"kt-btn-inner-text\">Registro en l\u00ednea<\/span><\/a><\/div>\n\n\n\n<p><strong>EN PERSONA:<\/strong> Puede registrarse para votar en persona en cualquiera de estos lugares:<\/p>\n\n\n\n<ul class=\"wp-block-list\">\n<li>Cualquier sucursal de la Secretar\u00eda de Estado.<\/li>\n\n\n\n<li>La oficina del secretario de su ciudad, municipio o condado.<\/li>\n\n\n\n<li>Cualquier agencia estatal que brinde asistencia o servicios p\u00fablicos a personas con discapacidades.<\/li>\n\n\n\n<li>Cualquier oficina de reclutamiento de las Fuerzas Armadas.<\/li>\n\n\n\n<li>Una campa\u00f1a de registro de votantes.<\/li>\n<\/ul>\n\n\n\n<p>\u200b<\/p>\n\n\n\n<h4 class=\"wp-block-heading\" id=\"starting-14-days-before-election-day-even-up-to-8-p-m-on-election-day-you-can-still-register-and-vote-in-the-upcoming-election-to-do-this-visit-your-city-or-township-clerk-s-office-complete-a-registration-application-and-provide-proof-of-residency\">A partir de 14 d\u00edas antes del d\u00eda de las elecciones (incluso hasta las 8 p. m. del d\u00eda de las elecciones), a\u00fan puede registrarse y votar en las pr\u00f3ximas elecciones. <\/h4>\n\n\n\n<ul class=\"wp-block-list\">\n<li>A partir del 21 de octubre, deber\u00e1 registrarse en persona en la oficina del secretario de su ciudad o municipio para las elecciones locales del 4 de noviembre.<\/li>\n<\/ul>\n\n\n\n<p>Para hacer esto, visite la oficina del secretario de su ciudad o municipio, complete una solicitud de registro y proporcione prueba de residencia.&nbsp;<\/p>\n\n\n\n<div class=\"wp-block-kadence-advancedbtn kb-buttons-wrap kb-btns50086_5fa938-17\"><a class=\"kb-button kt-button button kb-btn50086_4eee55-96 kt-btn-size-standard kt-btn-width-type-auto kb-btn-global-fill  kt-btn-has-text-true kt-btn-has-svg-false  wp-block-kadence-singlebtn\" href=\"https:\/\/mvic.sos.state.mi.us\/Voter\/Index\/#yourclerk\"><span class=\"kt-btn-inner-text\">Encontrar el secretario de mi ciudad o municipio<\/span><\/a><\/div>\n\n\n\n<p>La prueba de residencia es un documento con su nombre y la direcci\u00f3n donde vive actualmente. Puede utilizar cualquiera de los siguientes:<\/p>\n\n\n\n<ul class=\"wp-block-list\">\n<li>Una licencia de conducir de Michigan o una tarjeta de identificaci\u00f3n estatal.<\/li>\n\n\n\n<li>Una factura de servicios p\u00fablicos.<\/li>\n\n\n\n<li>Un estado de cuenta bancario.<\/li>\n\n\n\n<li>Un cheque de pago.<\/li>\n\n\n\n<li>Un cheque del gobierno.<\/li>\n\n\n\n<li>Cualquier otro documento gubernamental.<\/li>\n<\/ul>\n\n\n\n<p>\u200bSi se registra para votar menos de 15 d\u00edas antes del d\u00eda de las elecciones, solicite un recibo de registro. Guarde este recibo y tr\u00e1igalo con usted cuando vaya a votar.<\/p>\n\n\n\n<p>\u200b<\/p>","protected":false},"excerpt":{"rendered":"<p>Here are the steps you need to take to register to vote in an upcoming election: Step 1. Find out if you are registered to&nbsp;vote at the address where you live. To vote in Michigan, you must be registered at the address where you live. Use Option 1 or Option 2 to find out if [&hellip;]<\/p>\n","protected":false},"author":2,"featured_media":0,"parent":705,"menu_order":0,"comment_status":"closed","ping_status":"closed","template":"wp-custom-template-voting-page","meta":{"_gspb_post_css":"","progress_planner_page_todos":"","footnotes":""},"progress_planner_page_types":[],"class_list":["post-50086","page","type-page","status-publish","hentry"],"yoast_head":"<!-- This site is optimized with the Yoast SEO plugin v27.3 - https:\/\/yoast.com\/product\/yoast-seo-wordpress\/ -->\n<title>Register to Vote &#8211; Voting Access For All<\/title>\n<meta name=\"robots\" content=\"index, follow, max-snippet:-1, max-image-preview:large, max-video-preview:-1\" \/>\n<link rel=\"canonical\" href=\"https:\/\/votingaccessforall.org\/es\/vote\/register-to-vote\/\" \/>\n<meta property=\"og:locale\" content=\"es_MX\" \/>\n<meta property=\"og:type\" content=\"article\" \/>\n<meta property=\"og:title\" content=\"Register to Vote &#8211; Voting Access For All\" \/>\n<meta property=\"og:description\" content=\"Here are the steps you need to take to register to vote in an upcoming election: Step 1. Find out if you are registered to&nbsp;vote at the address where you live. To vote in Michigan, you must be registered at the address where you live. Use Option 1 or Option 2 to find out if [&hellip;]\" \/>\n<meta property=\"og:url\" content=\"https:\/\/votingaccessforall.org\/es\/vote\/register-to-vote\/\" \/>\n<meta property=\"og:site_name\" content=\"Voting Access For All\" \/>\n<meta property=\"article:publisher\" content=\"https:\/\/www.facebook.com\/VotingAccessForAll\/\" \/>\n<meta property=\"article:modified_time\" content=\"2025-11-04T19:49:56+00:00\" \/>\n<meta name=\"twitter:card\" content=\"summary_large_image\" \/>\n<meta name=\"twitter:label1\" content=\"Tiempo de lectura\" \/>\n\t<meta name=\"twitter:data1\" content=\"2 minutos\" \/>\n<script type=\"application\/ld+json\" class=\"yoast-schema-graph\">{\"@context\":\"https:\\\/\\\/schema.org\",\"@graph\":[{\"@type\":\"WebPage\",\"@id\":\"https:\\\/\\\/votingaccessforall.org\\\/vote\\\/register-to-vote\\\/\",\"url\":\"https:\\\/\\\/votingaccessforall.org\\\/vote\\\/register-to-vote\\\/\",\"name\":\"Register to Vote &#8211; Voting Access For All\",\"isPartOf\":{\"@id\":\"https:\\\/\\\/votingaccessforall.org\\\/#website\"},\"datePublished\":\"2024-07-03T19:33:54+00:00\",\"dateModified\":\"2025-11-04T19:49:56+00:00\",\"breadcrumb\":{\"@id\":\"https:\\\/\\\/votingaccessforall.org\\\/vote\\\/register-to-vote\\\/#breadcrumb\"},\"inLanguage\":\"es\",\"potentialAction\":[{\"@type\":\"ReadAction\",\"target\":[\"https:\\\/\\\/votingaccessforall.org\\\/vote\\\/register-to-vote\\\/\"]}]},{\"@type\":\"BreadcrumbList\",\"@id\":\"https:\\\/\\\/votingaccessforall.org\\\/vote\\\/register-to-vote\\\/#breadcrumb\",\"itemListElement\":[{\"@type\":\"ListItem\",\"position\":1,\"name\":\"Home\",\"item\":\"https:\\\/\\\/votingaccessforall.org\\\/\"},{\"@type\":\"ListItem\",\"position\":2,\"name\":\"Voting Information\",\"item\":\"https:\\\/\\\/votingaccessforall.org\\\/vote\\\/\"},{\"@type\":\"ListItem\",\"position\":3,\"name\":\"Register to Vote\"}]},{\"@type\":\"WebSite\",\"@id\":\"https:\\\/\\\/votingaccessforall.org\\\/#website\",\"url\":\"https:\\\/\\\/votingaccessforall.org\\\/\",\"name\":\"Voting Access For All\",\"description\":\"Empowering ALL Michigan Voters: Voting Is Your Right!\",\"publisher\":{\"@id\":\"https:\\\/\\\/votingaccessforall.org\\\/#organization\"},\"potentialAction\":[{\"@type\":\"SearchAction\",\"target\":{\"@type\":\"EntryPoint\",\"urlTemplate\":\"https:\\\/\\\/votingaccessforall.org\\\/?s={search_term_string}\"},\"query-input\":{\"@type\":\"PropertyValueSpecification\",\"valueRequired\":true,\"valueName\":\"search_term_string\"}}],\"inLanguage\":\"es\"},{\"@type\":\"Organization\",\"@id\":\"https:\\\/\\\/votingaccessforall.org\\\/#organization\",\"name\":\"Voting Access for All Coalition\",\"url\":\"https:\\\/\\\/votingaccessforall.org\\\/\",\"logo\":{\"@type\":\"ImageObject\",\"inLanguage\":\"es\",\"@id\":\"https:\\\/\\\/votingaccessforall.org\\\/#\\\/schema\\\/logo\\\/image\\\/\",\"url\":\"https:\\\/\\\/votingaccessforall.org\\\/wp-content\\\/uploads\\\/2021\\\/05\\\/cropped-VAAC_logo_Small.jpg\",\"contentUrl\":\"https:\\\/\\\/votingaccessforall.org\\\/wp-content\\\/uploads\\\/2021\\\/05\\\/cropped-VAAC_logo_Small.jpg\",\"width\":512,\"height\":512,\"caption\":\"Voting Access for All Coalition\"},\"image\":{\"@id\":\"https:\\\/\\\/votingaccessforall.org\\\/#\\\/schema\\\/logo\\\/image\\\/\"},\"sameAs\":[\"https:\\\/\\\/www.facebook.com\\\/VotingAccessForAll\\\/\",\"https:\\\/\\\/www.instagram.com\\\/votingaccessforall\\\/\",\"https:\\\/\\\/www.youtube.com\\\/@VotingAccessForAll\",\"https:\\\/\\\/www.linkedin.com\\\/company\\\/voting-access-for-all-vaac\\\/\",\"https:\\\/\\\/bsky.app\\\/profile\\\/votingaccessforall.bsky.social\"]}]}<\/script>\n<!-- \/ Yoast SEO plugin. -->","yoast_head_json":{"title":"Register to Vote &#8211; Voting Access For All","robots":{"index":"index","follow":"follow","max-snippet":"max-snippet:-1","max-image-preview":"max-image-preview:large","max-video-preview":"max-video-preview:-1"},"canonical":"https:\/\/votingaccessforall.org\/es\/vote\/register-to-vote\/","og_locale":"es_MX","og_type":"article","og_title":"Register to Vote &#8211; Voting Access For All","og_description":"Here are the steps you need to take to register to vote in an upcoming election: Step 1. Find out if you are registered to&nbsp;vote at the address where you live. To vote in Michigan, you must be registered at the address where you live. Use Option 1 or Option 2 to find out if [&hellip;]","og_url":"https:\/\/votingaccessforall.org\/es\/vote\/register-to-vote\/","og_site_name":"Voting Access For All","article_publisher":"https:\/\/www.facebook.com\/VotingAccessForAll\/","article_modified_time":"2025-11-04T19:49:56+00:00","twitter_card":"summary_large_image","twitter_misc":{"Tiempo de lectura":"2 minutos"},"schema":{"@context":"https:\/\/schema.org","@graph":[{"@type":"WebPage","@id":"https:\/\/votingaccessforall.org\/vote\/register-to-vote\/","url":"https:\/\/votingaccessforall.org\/vote\/register-to-vote\/","name":"Register to Vote &#8211; Voting Access For All","isPartOf":{"@id":"https:\/\/votingaccessforall.org\/#website"},"datePublished":"2024-07-03T19:33:54+00:00","dateModified":"2025-11-04T19:49:56+00:00","breadcrumb":{"@id":"https:\/\/votingaccessforall.org\/vote\/register-to-vote\/#breadcrumb"},"inLanguage":"es","potentialAction":[{"@type":"ReadAction","target":["https:\/\/votingaccessforall.org\/vote\/register-to-vote\/"]}]},{"@type":"BreadcrumbList","@id":"https:\/\/votingaccessforall.org\/vote\/register-to-vote\/#breadcrumb","itemListElement":[{"@type":"ListItem","position":1,"name":"Home","item":"https:\/\/votingaccessforall.org\/"},{"@type":"ListItem","position":2,"name":"Voting Information","item":"https:\/\/votingaccessforall.org\/vote\/"},{"@type":"ListItem","position":3,"name":"Register to Vote"}]},{"@type":"WebSite","@id":"https:\/\/votingaccessforall.org\/#website","url":"https:\/\/votingaccessforall.org\/","name":"Acceso a la votaci\u00f3n para todos","description":"Empoderando a TODOS los votantes de Michigan:<br \/>\u00a1Votar es su derecho!","publisher":{"@id":"https:\/\/votingaccessforall.org\/#organization"},"potentialAction":[{"@type":"SearchAction","target":{"@type":"EntryPoint","urlTemplate":"https:\/\/votingaccessforall.org\/?s={search_term_string}"},"query-input":{"@type":"PropertyValueSpecification","valueRequired":true,"valueName":"search_term_string"}}],"inLanguage":"es"},{"@type":"Organization","@id":"https:\/\/votingaccessforall.org\/#organization","name":"Coalici\u00f3n de acceso a la votaci\u00f3n para todos","url":"https:\/\/votingaccessforall.org\/","logo":{"@type":"ImageObject","inLanguage":"es","@id":"https:\/\/votingaccessforall.org\/#\/schema\/logo\/image\/","url":"https:\/\/votingaccessforall.org\/wp-content\/uploads\/2021\/05\/cropped-VAAC_logo_Small.jpg","contentUrl":"https:\/\/votingaccessforall.org\/wp-content\/uploads\/2021\/05\/cropped-VAAC_logo_Small.jpg","width":512,"height":512,"caption":"Voting Access for All Coalition"},"image":{"@id":"https:\/\/votingaccessforall.org\/#\/schema\/logo\/image\/"},"sameAs":["https:\/\/www.facebook.com\/VotingAccessForAll\/","https:\/\/www.instagram.com\/votingaccessforall\/","https:\/\/www.youtube.com\/@VotingAccessForAll","https:\/\/www.linkedin.com\/company\/voting-access-for-all-vaac\/","https:\/\/bsky.app\/profile\/votingaccessforall.bsky.social"]}]}},"_links":{"self":[{"href":"https:\/\/votingaccessforall.org\/es\/wp-json\/wp\/v2\/pages\/50086","targetHints":{"allow":["GET"]}}],"collection":[{"href":"https:\/\/votingaccessforall.org\/es\/wp-json\/wp\/v2\/pages"}],"about":[{"href":"https:\/\/votingaccessforall.org\/es\/wp-json\/wp\/v2\/types\/page"}],"author":[{"embeddable":true,"href":"https:\/\/votingaccessforall.org\/es\/wp-json\/wp\/v2\/users\/2"}],"replies":[{"embeddable":true,"href":"https:\/\/votingaccessforall.org\/es\/wp-json\/wp\/v2\/comments?post=50086"}],"version-history":[{"count":10,"href":"https:\/\/votingaccessforall.org\/es\/wp-json\/wp\/v2\/pages\/50086\/revisions"}],"predecessor-version":[{"id":188142,"href":"https:\/\/votingaccessforall.org\/es\/wp-json\/wp\/v2\/pages\/50086\/revisions\/188142"}],"up":[{"embeddable":true,"href":"https:\/\/votingaccessforall.org\/es\/wp-json\/wp\/v2\/pages\/705"}],"wp:attachment":[{"href":"https:\/\/votingaccessforall.org\/es\/wp-json\/wp\/v2\/media?parent=50086"}],"wp:term":[{"taxonomy":"progress_planner_page_types","embeddable":true,"href":"https:\/\/votingaccessforall.org\/es\/wp-json\/wp\/v2\/progress_planner_page_types?post=50086"}],"curies":[{"name":"gracias","href":"https:\/\/api.w.org\/{rel}","templated":true}]}}