{"id":49915,"date":"2024-07-03T15:04:10","date_gmt":"2024-07-03T19:04:10","guid":{"rendered":"https:\/\/votingaccessforall.org\/?page_id=49915"},"modified":"2025-10-07T15:43:51","modified_gmt":"2025-10-07T19:43:51","slug":"why-should-i-vote","status":"publish","type":"page","link":"https:\/\/votingaccessforall.org\/es\/vote\/why-should-i-vote\/","title":{"rendered":"\u00bfPor qu\u00e9 deber\u00eda votar?"},"content":{"rendered":"<h2 class=\"wp-block-heading\" id=\"your-vote-matters\">\u00a1Tu voto importa!<\/h2>\n\n\n\n<p>Su voto importa, especialmente cuando se trata de cambios en su comunidad local.<\/p>\n\n\n\n<ul class=\"wp-block-list\">\n<li>Los votantes eligen alguaciles, fiscales, juntas escolares, jueces, concejos municipales, alcaldes, fiscales generales, senadores, representantes, gobernador, presidente y m\u00e1s.<\/li>\n\n\n\n<li>Los funcionarios electos toman decisiones que impactan la atenci\u00f3n m\u00e9dica, la reforma de la justicia penal, la vivienda asequible, el transporte p\u00fablico, las escuelas, los derechos reproductivos, el medio ambiente y m\u00e1s.<\/li>\n\n\n\n<li>Los votantes a menudo toman decisiones sobre cuestiones directamente con iniciativas electorales.<\/li>\n<\/ul>\n\n\n\n<h2 class=\"wp-block-heading\" id=\"hear-from-members-of-our-community-why-they-vote\">\u00a1Escuche a los miembros de nuestra comunidad por qu\u00e9 votan!<\/h2>\n\n\n\n<div class=\"wp-block-buttons is-content-justification-center is-layout-flex wp-container-core-buttons-is-layout-a89b3969 wp-block-buttons-is-layout-flex\">\n<div class=\"wp-block-button\"><a class=\"wp-block-button__link wp-element-button\" href=\"https:\/\/votingaccessforall.org\/es\/hear-our-stories\/\">Escuche nuestras historias<\/a><\/div>\n<\/div>\n\n\n\n<h2 class=\"wp-block-heading\" id=\"learn-what-is-on-your-ballot\"><strong>Aprenda lo que est\u00e1 en su boleta<\/strong><\/h2>\n\n\n\n<p>Puedes decidir tus razones para votar en funci\u00f3n de los problemas de tu zona. <\/p>\n\n\n\n<p>La informaci\u00f3n de la Gu\u00eda para votantes se publica cuando est\u00e1 disponible. Las boletas de voto ausente est\u00e1n disponibles 40 d\u00edas antes de una elecci\u00f3n.<\/p>\n\n\n\n<p>Hay algunas herramientas diferentes que le brindan informaci\u00f3n muy valiosa.  <\/p>\n\n\n\n<div class=\"wp-block-kadence-infobox kt-info-box49915_2233be-98\"><a class=\"kt-blocks-info-box-link-wrap info-box-link kt-blocks-info-box-media-align-top kt-info-halign-center\" href=\" https:\/\/mivoices.branch.vote\/ballot\" aria-label=\"Constructor de boletas\"><div class=\"kt-blocks-info-box-media-container\"><div class=\"kt-blocks-info-box-media kt-info-media-animate-none\"><div class=\"kadence-info-box-icon-container kt-info-icon-animate-none\"><div class=\"kadence-info-box-icon-inner-container\"><span class=\"kb-svg-icon-wrap kb-svg-icon-fas_question-circle kt-info-svg-icon\"><svg viewbox=\"0 0 512 512\"  fill=\"currentColor\" xmlns=\"http:\/\/www.w3.org\/2000\/svg\"  role=\"img\"><title>Ballot Builder<\/title><path d=\"M504 256c0 136.997-111.043 248-248 248S8 392.997 8 256C8 119.083 119.043 8 256 8s248 111.083 248 248zM262.655 90c-54.497 0-89.255 22.957-116.549 63.758-3.536 5.286-2.353 12.415 2.715 16.258l34.699 26.31c5.205 3.947 12.621 3.008 16.665-2.122 17.864-22.658 30.113-35.797 57.303-35.797 20.429 0 45.698 13.148 45.698 32.958 0 14.976-12.363 22.667-32.534 33.976C247.128 238.528 216 254.941 216 296v4c0 6.627 5.373 12 12 12h56c6.627 0 12-5.373 12-12v-1.333c0-28.462 83.186-29.647 83.186-106.667 0-58.002-60.165-102-116.531-102zM256 338c-25.365 0-46 20.635-46 46 0 25.364 20.635 46 46 46s46-20.636 46-46c0-25.365-20.635-46-46-46z\"\/><\/svg><\/span><\/div><\/div><\/div><\/div><div class=\"kt-infobox-textcontent\"><h2 class=\"kt-blocks-info-box-title\">Qu\u00e9 hay en su boleta<\/h2><p class=\"kt-blocks-info-box-text\">Haga clic aqu\u00ed para acceder al<strong> Constructor de boletas <\/strong>De Michigan Voices para conocer qu\u00e9 hay en su boleta, incluida informaci\u00f3n valiosa de una variedad de fuentes para ayudarlo a comprender a los candidatos y los temas.<\/p><\/div><\/a><\/div>\n\n\n\n<p>Si la informaci\u00f3n de la boleta para su comunidad no est\u00e1 disponible en el Generador de boletas que aparece arriba, esta herramienta de la Liga de Mujeres Votantes tiene boletas para m\u00e1s comunidades.<\/p>\n\n\n\n<div class=\"wp-block-group is-layout-flow wp-block-group-is-layout-flow\">\n<iframe loading=\"lazy\" src=\"https:\/\/www.vote411.org\/widgets\/widget-nologo.html\" width=\"202\" height=\"230\" frameborder=\"0\" style=\"overflow:hidden;\" allowtransparency=\"true\"><\/iframe>\n<\/div>\n\n\n\n<p><\/p>","protected":false},"excerpt":{"rendered":"<p>Your Vote Matters! Your vote matters, especially when it comes to changes in your local community. Hear from members of our community why they vote! Learn What is On Your Ballot You can decide your reasons to vote based on the issues in your area. Voter Guide information is published when available. Absentee ballots are [&hellip;]<\/p>\n","protected":false},"author":2,"featured_media":31824,"parent":705,"menu_order":0,"comment_status":"closed","ping_status":"closed","template":"wp-custom-template-voting-page","meta":{"_gspb_post_css":"","progress_planner_page_todos":"","footnotes":""},"progress_planner_page_types":[],"class_list":["post-49915","page","type-page","status-publish","has-post-thumbnail","hentry"],"yoast_head":"<!-- This site is optimized with the Yoast SEO plugin v27.3 - https:\/\/yoast.com\/product\/yoast-seo-wordpress\/ -->\n<title>Why should I Vote? &#8211; Voting Access For All<\/title>\n<meta name=\"description\" content=\"Your vote matters! Hear from our members why they vote, and find your own reasons to vote in your upcoming elections.\" \/>\n<meta name=\"robots\" content=\"index, follow, max-snippet:-1, max-image-preview:large, max-video-preview:-1\" \/>\n<link rel=\"canonical\" href=\"https:\/\/votingaccessforall.org\/es\/vote\/why-should-i-vote\/\" \/>\n<meta property=\"og:locale\" content=\"es_MX\" \/>\n<meta property=\"og:type\" content=\"article\" \/>\n<meta property=\"og:title\" content=\"Why should I Vote? &#8211; Voting Access For All\" \/>\n<meta property=\"og:description\" content=\"Your vote matters! Hear from our members why they vote, and find your own reasons to vote in your upcoming elections.\" \/>\n<meta property=\"og:url\" content=\"https:\/\/votingaccessforall.org\/es\/vote\/why-should-i-vote\/\" \/>\n<meta property=\"og:site_name\" content=\"Voting Access For All\" \/>\n<meta property=\"article:publisher\" content=\"https:\/\/www.facebook.com\/VotingAccessForAll\/\" \/>\n<meta property=\"article:modified_time\" content=\"2025-10-07T19:43:51+00:00\" \/>\n<meta property=\"og:image\" content=\"https:\/\/votingaccessforall.org\/wp-content\/uploads\/2024\/06\/danny-thumb1.jpg\" \/>\n\t<meta property=\"og:image:width\" content=\"753\" \/>\n\t<meta property=\"og:image:height\" content=\"416\" \/>\n\t<meta property=\"og:image:type\" content=\"image\/jpeg\" \/>\n<meta name=\"twitter:card\" content=\"summary_large_image\" \/>\n<meta name=\"twitter:label1\" content=\"Tiempo de lectura\" \/>\n\t<meta name=\"twitter:data1\" content=\"2 minutos\" \/>\n<script type=\"application\/ld+json\" class=\"yoast-schema-graph\">{\"@context\":\"https:\\\/\\\/schema.org\",\"@graph\":[{\"@type\":\"WebPage\",\"@id\":\"https:\\\/\\\/votingaccessforall.org\\\/vote\\\/why-should-i-vote\\\/\",\"url\":\"https:\\\/\\\/votingaccessforall.org\\\/vote\\\/why-should-i-vote\\\/\",\"name\":\"Why should I Vote? &#8211; Voting Access For All\",\"isPartOf\":{\"@id\":\"https:\\\/\\\/votingaccessforall.org\\\/#website\"},\"primaryImageOfPage\":{\"@id\":\"https:\\\/\\\/votingaccessforall.org\\\/vote\\\/why-should-i-vote\\\/#primaryimage\"},\"image\":{\"@id\":\"https:\\\/\\\/votingaccessforall.org\\\/vote\\\/why-should-i-vote\\\/#primaryimage\"},\"thumbnailUrl\":\"https:\\\/\\\/votingaccessforall.org\\\/wp-content\\\/uploads\\\/2024\\\/06\\\/danny-thumb1.jpg\",\"datePublished\":\"2024-07-03T19:04:10+00:00\",\"dateModified\":\"2025-10-07T19:43:51+00:00\",\"description\":\"Your vote matters! Hear from our members why they vote, and find your own reasons to vote in your upcoming elections.\",\"breadcrumb\":{\"@id\":\"https:\\\/\\\/votingaccessforall.org\\\/vote\\\/why-should-i-vote\\\/#breadcrumb\"},\"inLanguage\":\"es\",\"potentialAction\":[{\"@type\":\"ReadAction\",\"target\":[\"https:\\\/\\\/votingaccessforall.org\\\/vote\\\/why-should-i-vote\\\/\"]}]},{\"@type\":\"ImageObject\",\"inLanguage\":\"es\",\"@id\":\"https:\\\/\\\/votingaccessforall.org\\\/vote\\\/why-should-i-vote\\\/#primaryimage\",\"url\":\"https:\\\/\\\/votingaccessforall.org\\\/wp-content\\\/uploads\\\/2024\\\/06\\\/danny-thumb1.jpg\",\"contentUrl\":\"https:\\\/\\\/votingaccessforall.org\\\/wp-content\\\/uploads\\\/2024\\\/06\\\/danny-thumb1.jpg\",\"width\":753,\"height\":416},{\"@type\":\"BreadcrumbList\",\"@id\":\"https:\\\/\\\/votingaccessforall.org\\\/vote\\\/why-should-i-vote\\\/#breadcrumb\",\"itemListElement\":[{\"@type\":\"ListItem\",\"position\":1,\"name\":\"Home\",\"item\":\"https:\\\/\\\/votingaccessforall.org\\\/\"},{\"@type\":\"ListItem\",\"position\":2,\"name\":\"Voting Information\",\"item\":\"https:\\\/\\\/votingaccessforall.org\\\/vote\\\/\"},{\"@type\":\"ListItem\",\"position\":3,\"name\":\"Why should I Vote?\"}]},{\"@type\":\"WebSite\",\"@id\":\"https:\\\/\\\/votingaccessforall.org\\\/#website\",\"url\":\"https:\\\/\\\/votingaccessforall.org\\\/\",\"name\":\"Voting Access For All\",\"description\":\"Empowering ALL Michigan Voters: Voting Is Your Right!\",\"publisher\":{\"@id\":\"https:\\\/\\\/votingaccessforall.org\\\/#organization\"},\"potentialAction\":[{\"@type\":\"SearchAction\",\"target\":{\"@type\":\"EntryPoint\",\"urlTemplate\":\"https:\\\/\\\/votingaccessforall.org\\\/?s={search_term_string}\"},\"query-input\":{\"@type\":\"PropertyValueSpecification\",\"valueRequired\":true,\"valueName\":\"search_term_string\"}}],\"inLanguage\":\"es\"},{\"@type\":\"Organization\",\"@id\":\"https:\\\/\\\/votingaccessforall.org\\\/#organization\",\"name\":\"Voting Access for All Coalition\",\"url\":\"https:\\\/\\\/votingaccessforall.org\\\/\",\"logo\":{\"@type\":\"ImageObject\",\"inLanguage\":\"es\",\"@id\":\"https:\\\/\\\/votingaccessforall.org\\\/#\\\/schema\\\/logo\\\/image\\\/\",\"url\":\"https:\\\/\\\/votingaccessforall.org\\\/wp-content\\\/uploads\\\/2021\\\/05\\\/cropped-VAAC_logo_Small.jpg\",\"contentUrl\":\"https:\\\/\\\/votingaccessforall.org\\\/wp-content\\\/uploads\\\/2021\\\/05\\\/cropped-VAAC_logo_Small.jpg\",\"width\":512,\"height\":512,\"caption\":\"Voting Access for All Coalition\"},\"image\":{\"@id\":\"https:\\\/\\\/votingaccessforall.org\\\/#\\\/schema\\\/logo\\\/image\\\/\"},\"sameAs\":[\"https:\\\/\\\/www.facebook.com\\\/VotingAccessForAll\\\/\",\"https:\\\/\\\/www.instagram.com\\\/votingaccessforall\\\/\",\"https:\\\/\\\/www.youtube.com\\\/@VotingAccessForAll\",\"https:\\\/\\\/www.linkedin.com\\\/company\\\/voting-access-for-all-vaac\\\/\",\"https:\\\/\\\/bsky.app\\\/profile\\\/votingaccessforall.bsky.social\"]}]}<\/script>\n<!-- \/ Yoast SEO plugin. -->","yoast_head_json":{"title":"\u00bfPor qu\u00e9 deber\u00eda votar? \u2013 Acceso al voto para todos","description":"\u00a1Tu voto importa! Descubre por qu\u00e9 votan nuestros miembros y encuentra tus propias razones para votar en las pr\u00f3ximas elecciones.","robots":{"index":"index","follow":"follow","max-snippet":"max-snippet:-1","max-image-preview":"max-image-preview:large","max-video-preview":"max-video-preview:-1"},"canonical":"https:\/\/votingaccessforall.org\/es\/vote\/why-should-i-vote\/","og_locale":"es_MX","og_type":"article","og_title":"Why should I Vote? &#8211; Voting Access For All","og_description":"Your vote matters! Hear from our members why they vote, and find your own reasons to vote in your upcoming elections.","og_url":"https:\/\/votingaccessforall.org\/es\/vote\/why-should-i-vote\/","og_site_name":"Voting Access For All","article_publisher":"https:\/\/www.facebook.com\/VotingAccessForAll\/","article_modified_time":"2025-10-07T19:43:51+00:00","og_image":[{"width":753,"height":416,"url":"https:\/\/votingaccessforall.org\/wp-content\/uploads\/2024\/06\/danny-thumb1.jpg","type":"image\/jpeg"}],"twitter_card":"summary_large_image","twitter_misc":{"Tiempo de lectura":"2 minutos"},"schema":{"@context":"https:\/\/schema.org","@graph":[{"@type":"WebPage","@id":"https:\/\/votingaccessforall.org\/vote\/why-should-i-vote\/","url":"https:\/\/votingaccessforall.org\/vote\/why-should-i-vote\/","name":"\u00bfPor qu\u00e9 deber\u00eda votar? \u2013 Acceso al voto para todos","isPartOf":{"@id":"https:\/\/votingaccessforall.org\/#website"},"primaryImageOfPage":{"@id":"https:\/\/votingaccessforall.org\/vote\/why-should-i-vote\/#primaryimage"},"image":{"@id":"https:\/\/votingaccessforall.org\/vote\/why-should-i-vote\/#primaryimage"},"thumbnailUrl":"https:\/\/votingaccessforall.org\/wp-content\/uploads\/2024\/06\/danny-thumb1.jpg","datePublished":"2024-07-03T19:04:10+00:00","dateModified":"2025-10-07T19:43:51+00:00","description":"\u00a1Tu voto importa! Descubre por qu\u00e9 votan nuestros miembros y encuentra tus propias razones para votar en las pr\u00f3ximas elecciones.","breadcrumb":{"@id":"https:\/\/votingaccessforall.org\/vote\/why-should-i-vote\/#breadcrumb"},"inLanguage":"es","potentialAction":[{"@type":"ReadAction","target":["https:\/\/votingaccessforall.org\/vote\/why-should-i-vote\/"]}]},{"@type":"ImageObject","inLanguage":"es","@id":"https:\/\/votingaccessforall.org\/vote\/why-should-i-vote\/#primaryimage","url":"https:\/\/votingaccessforall.org\/wp-content\/uploads\/2024\/06\/danny-thumb1.jpg","contentUrl":"https:\/\/votingaccessforall.org\/wp-content\/uploads\/2024\/06\/danny-thumb1.jpg","width":753,"height":416},{"@type":"BreadcrumbList","@id":"https:\/\/votingaccessforall.org\/vote\/why-should-i-vote\/#breadcrumb","itemListElement":[{"@type":"ListItem","position":1,"name":"Home","item":"https:\/\/votingaccessforall.org\/"},{"@type":"ListItem","position":2,"name":"Voting Information","item":"https:\/\/votingaccessforall.org\/vote\/"},{"@type":"ListItem","position":3,"name":"Why should I Vote?"}]},{"@type":"WebSite","@id":"https:\/\/votingaccessforall.org\/#website","url":"https:\/\/votingaccessforall.org\/","name":"Acceso a la votaci\u00f3n para todos","description":"Empoderando a TODOS los votantes de Michigan:<br \/>\u00a1Votar es su derecho!","publisher":{"@id":"https:\/\/votingaccessforall.org\/#organization"},"potentialAction":[{"@type":"SearchAction","target":{"@type":"EntryPoint","urlTemplate":"https:\/\/votingaccessforall.org\/?s={search_term_string}"},"query-input":{"@type":"PropertyValueSpecification","valueRequired":true,"valueName":"search_term_string"}}],"inLanguage":"es"},{"@type":"Organization","@id":"https:\/\/votingaccessforall.org\/#organization","name":"Coalici\u00f3n de acceso a la votaci\u00f3n para todos","url":"https:\/\/votingaccessforall.org\/","logo":{"@type":"ImageObject","inLanguage":"es","@id":"https:\/\/votingaccessforall.org\/#\/schema\/logo\/image\/","url":"https:\/\/votingaccessforall.org\/wp-content\/uploads\/2021\/05\/cropped-VAAC_logo_Small.jpg","contentUrl":"https:\/\/votingaccessforall.org\/wp-content\/uploads\/2021\/05\/cropped-VAAC_logo_Small.jpg","width":512,"height":512,"caption":"Voting Access for All Coalition"},"image":{"@id":"https:\/\/votingaccessforall.org\/#\/schema\/logo\/image\/"},"sameAs":["https:\/\/www.facebook.com\/VotingAccessForAll\/","https:\/\/www.instagram.com\/votingaccessforall\/","https:\/\/www.youtube.com\/@VotingAccessForAll","https:\/\/www.linkedin.com\/company\/voting-access-for-all-vaac\/","https:\/\/bsky.app\/profile\/votingaccessforall.bsky.social"]}]}},"_links":{"self":[{"href":"https:\/\/votingaccessforall.org\/es\/wp-json\/wp\/v2\/pages\/49915","targetHints":{"allow":["GET"]}}],"collection":[{"href":"https:\/\/votingaccessforall.org\/es\/wp-json\/wp\/v2\/pages"}],"about":[{"href":"https:\/\/votingaccessforall.org\/es\/wp-json\/wp\/v2\/types\/page"}],"author":[{"embeddable":true,"href":"https:\/\/votingaccessforall.org\/es\/wp-json\/wp\/v2\/users\/2"}],"replies":[{"embeddable":true,"href":"https:\/\/votingaccessforall.org\/es\/wp-json\/wp\/v2\/comments?post=49915"}],"version-history":[{"count":10,"href":"https:\/\/votingaccessforall.org\/es\/wp-json\/wp\/v2\/pages\/49915\/revisions"}],"predecessor-version":[{"id":180399,"href":"https:\/\/votingaccessforall.org\/es\/wp-json\/wp\/v2\/pages\/49915\/revisions\/180399"}],"up":[{"embeddable":true,"href":"https:\/\/votingaccessforall.org\/es\/wp-json\/wp\/v2\/pages\/705"}],"wp:featuredmedia":[{"embeddable":true,"href":"https:\/\/votingaccessforall.org\/es\/wp-json\/wp\/v2\/media\/31824"}],"wp:attachment":[{"href":"https:\/\/votingaccessforall.org\/es\/wp-json\/wp\/v2\/media?parent=49915"}],"wp:term":[{"taxonomy":"progress_planner_page_types","embeddable":true,"href":"https:\/\/votingaccessforall.org\/es\/wp-json\/wp\/v2\/progress_planner_page_types?post=49915"}],"curies":[{"name":"gracias","href":"https:\/\/api.w.org\/{rel}","templated":true}]}}