{"id":472,"date":"2020-08-25T22:57:52","date_gmt":"2020-08-25T22:57:52","guid":{"rendered":"https:\/\/demos.kadencewp.com\/course\/?page_id=8"},"modified":"2025-07-28T20:47:06","modified_gmt":"2025-07-29T00:47:06","slug":"about","status":"publish","type":"page","link":"https:\/\/votingaccessforall.org\/es\/about\/","title":{"rendered":"Acerca de la Coalici\u00f3n de Acceso al Voto para Todos"},"content":{"rendered":"<div class=\"kb-row-layout-wrap kb-row-layout-id472_d3aa2d-e4 alignnone wp-block-kadence-rowlayout\"><div class=\"kt-row-column-wrap kt-has-1-columns kt-row-layout-equal kt-tab-layout-inherit kt-mobile-layout-row kt-row-valign-top\">\n\n<div class=\"wp-block-kadence-column kadence-column472_078c06-fc inner-column-1\"><div class=\"kt-inside-inner-col\">\n<p>La Coalici\u00f3n de Acceso al Voto para Todos (VAAC) da voz a aquellos afectados por el Sistema Legal Penal.&nbsp;&nbsp;<\/p>\n\n\n\n<p>VAAC es una coalici\u00f3n estatal, independiente y sin fines de lucro que trabaja para eliminar las barreras a la democracia para los residentes m\u00e1s afectados de Michigan. Nuestra misi\u00f3n es garantizar que todas las personas, especialmente las afectadas por el encarcelamiento, la inseguridad habitacional, la pobreza y la exclusi\u00f3n sist\u00e9mica, puedan ejercer su derecho al voto, promover el cambio y liderar en sus comunidades.<\/p>\n\n\n\n<p>Somos organizadores, defensores, educadores y l\u00edderes directamente afectados, comprometidos con la construcci\u00f3n de un mundo donde la pertenencia c\u00edvica sea un derecho, no un privilegio. Fundado en la convicci\u00f3n de que la democracia debe incluir a todos, VAAC se centra en personas hist\u00f3ricamente excluidas. Nuestro trabajo se nutre de personas con experiencia en el sistema judicial penal, la inestabilidad habitacional y la privaci\u00f3n de derechos.<\/p>\n<\/div><\/div>\n\n<\/div><\/div>\n\n\n<div class=\"wp-block-group alignfull has-larger-font-size is-content-justification-center is-layout-flex wp-container-core-group-is-layout-b02886af wp-block-group-is-layout-flex\">\n<div class=\"wp-block-kadence-infobox kt-info-box472_cba0f8-bd\"><a class=\"kt-blocks-info-box-link-wrap info-box-link kt-blocks-info-box-media-align-top kt-info-halign-center\" href=\"https:\/\/votingaccessforall.org\/es\/about\/history\/\"><div class=\"kt-blocks-info-box-media-container\"><div class=\"kt-blocks-info-box-media kt-info-media-animate-none\"><div class=\"kadence-info-box-image-inner-intrisic-container\"><div class=\"kadence-info-box-image-intrisic kt-info-animate-none\"><div class=\"kadence-info-box-image-inner-intrisic\"><img loading=\"lazy\" decoding=\"async\" src=\"https:\/\/votingaccessforall.org\/wp-content\/uploads\/2023\/01\/about.png\" alt=\"\" width=\"500\" height=\"500\" class=\"kt-info-box-image wp-image-3575\" srcset=\"https:\/\/votingaccessforall.org\/wp-content\/uploads\/2023\/01\/about.png 500w, https:\/\/votingaccessforall.org\/wp-content\/uploads\/2023\/01\/about-300x300.png 300w, https:\/\/votingaccessforall.org\/wp-content\/uploads\/2023\/01\/about-150x150.png 150w, https:\/\/votingaccessforall.org\/wp-content\/uploads\/2023\/01\/about-12x12.png 12w\" sizes=\"auto, (max-width: 500px) 100vw, 500px\" \/><\/div><\/div><\/div><\/div><\/div><div class=\"kt-infobox-textcontent\"><p class=\"kt-blocks-info-box-text\"><strong>Acerca de VAAC<\/strong><br>Conozca nuestra historia y nuestra misi\u00f3n.<br><\/p><\/div><\/a><\/div>\n\n\n\n<div class=\"wp-block-kadence-infobox kt-info-box472_04419c-f5\"><a class=\"kt-blocks-info-box-link-wrap info-box-link kt-blocks-info-box-media-align-top kt-info-halign-center\" href=\"https:\/\/votingaccessforall.org\/es\/about\/organizations\/\"><div class=\"kt-blocks-info-box-media-container\"><div class=\"kt-blocks-info-box-media kt-info-media-animate-none\"><div class=\"kadence-info-box-image-inner-intrisic-container\"><div class=\"kadence-info-box-image-intrisic kt-info-animate-none\"><div class=\"kadence-info-box-image-inner-intrisic\"><img loading=\"lazy\" decoding=\"async\" src=\"https:\/\/votingaccessforall.org\/wp-content\/uploads\/2023\/01\/partner-3.png\" alt=\"\" width=\"500\" height=\"500\" class=\"kt-info-box-image wp-image-3564\" srcset=\"https:\/\/votingaccessforall.org\/wp-content\/uploads\/2023\/01\/partner-3.png 500w, https:\/\/votingaccessforall.org\/wp-content\/uploads\/2023\/01\/partner-3-300x300.png 300w, https:\/\/votingaccessforall.org\/wp-content\/uploads\/2023\/01\/partner-3-150x150.png 150w, https:\/\/votingaccessforall.org\/wp-content\/uploads\/2023\/01\/partner-3-12x12.png 12w\" sizes=\"auto, (max-width: 500px) 100vw, 500px\" \/><\/div><\/div><\/div><\/div><\/div><div class=\"kt-infobox-textcontent\"><p class=\"kt-blocks-info-box-text\"><strong>Organizaciones asociadas<\/strong><br>Vea las organizaciones dentro de nuestra coalici\u00f3n.<\/p><\/div><\/a><\/div>\n\n\n\n<div class=\"wp-block-kadence-infobox kt-info-box472_8c4c15-c9\"><a class=\"kt-blocks-info-box-link-wrap info-box-link kt-blocks-info-box-media-align-top kt-info-halign-center\" href=\"https:\/\/votingaccessforall.org\/es\/category\/spotlight\/\"><div class=\"kt-blocks-info-box-media-container\"><div class=\"kt-blocks-info-box-media kt-info-media-animate-none\"><div class=\"kadence-info-box-image-inner-intrisic-container\"><div class=\"kadence-info-box-image-intrisic kt-info-animate-none\"><div class=\"kadence-info-box-image-inner-intrisic\"><img loading=\"lazy\" decoding=\"async\" src=\"https:\/\/votingaccessforall.org\/wp-content\/uploads\/2023\/01\/spotlight-2.png\" alt=\"\" width=\"500\" height=\"500\" class=\"kt-info-box-image wp-image-3568\" srcset=\"https:\/\/votingaccessforall.org\/wp-content\/uploads\/2023\/01\/spotlight-2.png 500w, https:\/\/votingaccessforall.org\/wp-content\/uploads\/2023\/01\/spotlight-2-300x300.png 300w, https:\/\/votingaccessforall.org\/wp-content\/uploads\/2023\/01\/spotlight-2-150x150.png 150w, https:\/\/votingaccessforall.org\/wp-content\/uploads\/2023\/01\/spotlight-2-12x12.png 12w\" sizes=\"auto, (max-width: 500px) 100vw, 500px\" \/><\/div><\/div><\/div><\/div><\/div><div class=\"kt-infobox-textcontent\"><p class=\"kt-blocks-info-box-text\"><strong>Miembro destacado<\/strong><br>Conozca a las personas que impulsan nuestro trabajo.<br><\/p><\/div><\/a><\/div>\n\n\n\n<div class=\"wp-block-kadence-infobox kt-info-box472_aa3da0-18\"><a class=\"kt-blocks-info-box-link-wrap info-box-link kt-blocks-info-box-media-align-top kt-info-halign-center\" href=\"https:\/\/votingaccessforall.org\/es\/hear-our-stories\/\"><div class=\"kt-blocks-info-box-media-container\"><div class=\"kt-blocks-info-box-media kt-info-media-animate-none\"><div class=\"kadence-info-box-image-inner-intrisic-container\"><div class=\"kadence-info-box-image-intrisic kt-info-animate-none\"><div class=\"kadence-info-box-image-inner-intrisic\"><img loading=\"lazy\" decoding=\"async\" src=\"https:\/\/votingaccessforall.org\/wp-content\/uploads\/2023\/01\/Hear-our-Stories.png\" alt=\"\" width=\"500\" height=\"500\" class=\"kt-info-box-image wp-image-3577\" srcset=\"https:\/\/votingaccessforall.org\/wp-content\/uploads\/2023\/01\/Hear-our-Stories.png 500w, https:\/\/votingaccessforall.org\/wp-content\/uploads\/2023\/01\/Hear-our-Stories-300x300.png 300w, https:\/\/votingaccessforall.org\/wp-content\/uploads\/2023\/01\/Hear-our-Stories-150x150.png 150w, https:\/\/votingaccessforall.org\/wp-content\/uploads\/2023\/01\/Hear-our-Stories-12x12.png 12w\" sizes=\"auto, (max-width: 500px) 100vw, 500px\" \/><\/div><\/div><\/div><\/div><\/div><div class=\"kt-infobox-textcontent\"><p class=\"kt-blocks-info-box-text\"><strong>Escuche nuestras historias<\/strong><br>Escuche a personas que se han visto directamente afectadas.<\/p><\/div><\/a><\/div>\n\n\n\n<div class=\"wp-block-kadence-infobox kt-info-box472_a4ffab-07\"><a class=\"kt-blocks-info-box-link-wrap info-box-link kt-blocks-info-box-media-align-top kt-info-halign-center\" href=\"https:\/\/votingaccessforall.org\/es\/category\/press\/\"><div class=\"kt-blocks-info-box-media-container\"><div class=\"kt-blocks-info-box-media kt-info-media-animate-none\"><div class=\"kadence-info-box-image-inner-intrisic-container\"><div class=\"kadence-info-box-image-intrisic kt-info-animate-none\"><div class=\"kadence-info-box-image-inner-intrisic\"><img loading=\"lazy\" decoding=\"async\" src=\"https:\/\/votingaccessforall.org\/wp-content\/uploads\/2023\/01\/Press-hits-2.png\" alt=\"\" width=\"500\" height=\"500\" class=\"kt-info-box-image wp-image-3571\" srcset=\"https:\/\/votingaccessforall.org\/wp-content\/uploads\/2023\/01\/Press-hits-2.png 500w, https:\/\/votingaccessforall.org\/wp-content\/uploads\/2023\/01\/Press-hits-2-300x300.png 300w, https:\/\/votingaccessforall.org\/wp-content\/uploads\/2023\/01\/Press-hits-2-150x150.png 150w, https:\/\/votingaccessforall.org\/wp-content\/uploads\/2023\/01\/Press-hits-2-12x12.png 12w\" sizes=\"auto, (max-width: 500px) 100vw, 500px\" \/><\/div><\/div><\/div><\/div><\/div><div class=\"kt-infobox-textcontent\"><p class=\"kt-blocks-info-box-text\"><strong>Golpes de prensa<\/strong><br>Vea lo que los medios han estado diciendo sobre nosotros.<\/p><\/div><\/a><\/div>\n<\/div>","protected":false},"excerpt":{"rendered":"<p>The Voting Access for All Coalition (VAAC) gives a voice to those impacted by the Criminal Legal System.&nbsp;&nbsp; VAAC is a statewide, nonpartisan nonprofit coalition working to eliminate barriers to democracy for Michigan\u2019s most impacted residents. Our mission is to ensure that everyone\u2014especially individuals affected by incarceration, housing insecurity, poverty, and systemic exclusion\u2014can access their [&hellip;]<\/p>\n","protected":false},"author":1,"featured_media":0,"parent":0,"menu_order":0,"comment_status":"closed","ping_status":"closed","template":"","meta":{"_gspb_post_css":"","progress_planner_page_todos":"","footnotes":""},"progress_planner_page_types":[],"class_list":["post-472","page","type-page","status-publish","hentry"],"yoast_head":"<!-- This site is optimized with the Yoast SEO plugin v27.3 - https:\/\/yoast.com\/product\/yoast-seo-wordpress\/ -->\n<title>About VAAC &#8211; Voting Access For All<\/title>\n<meta name=\"description\" content=\"The Voting Access for All Coalition (VAAC) gives a voice to those impacted by the Criminal Legal System.\u00a0\u00a0We are a coalition of individuals and organizations who work to empower voters who have been disenfranchised.\" \/>\n<meta name=\"robots\" content=\"index, follow, max-snippet:-1, max-image-preview:large, max-video-preview:-1\" \/>\n<link rel=\"canonical\" href=\"https:\/\/votingaccessforall.org\/es\/about\/\" \/>\n<meta property=\"og:locale\" content=\"es_MX\" \/>\n<meta property=\"og:type\" content=\"article\" \/>\n<meta property=\"og:title\" content=\"About VAAC &#8211; Voting Access For All\" \/>\n<meta property=\"og:description\" content=\"The Voting Access for All Coalition (VAAC) gives a voice to those impacted by the Criminal Legal System.\u00a0\u00a0We are a coalition of individuals and organizations who work to empower voters who have been disenfranchised.\" \/>\n<meta property=\"og:url\" content=\"https:\/\/votingaccessforall.org\/es\/about\/\" \/>\n<meta property=\"og:site_name\" content=\"Voting Access For All\" \/>\n<meta property=\"article:publisher\" content=\"https:\/\/www.facebook.com\/VotingAccessForAll\/\" \/>\n<meta property=\"article:modified_time\" content=\"2025-07-29T00:47:06+00:00\" \/>\n<meta property=\"og:image\" content=\"https:\/\/votingaccessforall.org\/wp-content\/uploads\/2023\/01\/about.png\" \/>\n\t<meta property=\"og:image:width\" content=\"500\" \/>\n\t<meta property=\"og:image:height\" content=\"500\" \/>\n\t<meta property=\"og:image:type\" content=\"image\/png\" \/>\n<meta name=\"twitter:card\" content=\"summary_large_image\" \/>\n<meta name=\"twitter:label1\" content=\"Tiempo de lectura\" \/>\n\t<meta name=\"twitter:data1\" content=\"2 minutos\" \/>\n<script type=\"application\/ld+json\" class=\"yoast-schema-graph\">{\"@context\":\"https:\\\/\\\/schema.org\",\"@graph\":[{\"@type\":\"WebPage\",\"@id\":\"https:\\\/\\\/votingaccessforall.org\\\/about\\\/\",\"url\":\"https:\\\/\\\/votingaccessforall.org\\\/about\\\/\",\"name\":\"About VAAC &#8211; Voting Access For All\",\"isPartOf\":{\"@id\":\"https:\\\/\\\/votingaccessforall.org\\\/#website\"},\"primaryImageOfPage\":{\"@id\":\"https:\\\/\\\/votingaccessforall.org\\\/about\\\/#primaryimage\"},\"image\":{\"@id\":\"https:\\\/\\\/votingaccessforall.org\\\/about\\\/#primaryimage\"},\"thumbnailUrl\":\"https:\\\/\\\/votingaccessforall.org\\\/wp-content\\\/uploads\\\/2023\\\/01\\\/about.png\",\"datePublished\":\"2020-08-25T22:57:52+00:00\",\"dateModified\":\"2025-07-29T00:47:06+00:00\",\"description\":\"The Voting Access for All Coalition (VAAC) gives a voice to those impacted by the Criminal Legal System.\u00a0\u00a0We are a coalition of individuals and organizations who work to empower voters who have been disenfranchised.\",\"breadcrumb\":{\"@id\":\"https:\\\/\\\/votingaccessforall.org\\\/about\\\/#breadcrumb\"},\"inLanguage\":\"es\",\"potentialAction\":[{\"@type\":\"ReadAction\",\"target\":[\"https:\\\/\\\/votingaccessforall.org\\\/about\\\/\"]}]},{\"@type\":\"ImageObject\",\"inLanguage\":\"es\",\"@id\":\"https:\\\/\\\/votingaccessforall.org\\\/about\\\/#primaryimage\",\"url\":\"https:\\\/\\\/votingaccessforall.org\\\/wp-content\\\/uploads\\\/2023\\\/01\\\/about.png\",\"contentUrl\":\"https:\\\/\\\/votingaccessforall.org\\\/wp-content\\\/uploads\\\/2023\\\/01\\\/about.png\"},{\"@type\":\"BreadcrumbList\",\"@id\":\"https:\\\/\\\/votingaccessforall.org\\\/about\\\/#breadcrumb\",\"itemListElement\":[{\"@type\":\"ListItem\",\"position\":1,\"name\":\"Home\",\"item\":\"https:\\\/\\\/votingaccessforall.org\\\/\"},{\"@type\":\"ListItem\",\"position\":2,\"name\":\"About Voting Access for All Coalition\"}]},{\"@type\":\"WebSite\",\"@id\":\"https:\\\/\\\/votingaccessforall.org\\\/#website\",\"url\":\"https:\\\/\\\/votingaccessforall.org\\\/\",\"name\":\"Voting Access For All\",\"description\":\"Empowering ALL Michigan Voters: Voting Is Your Right!\",\"publisher\":{\"@id\":\"https:\\\/\\\/votingaccessforall.org\\\/#organization\"},\"potentialAction\":[{\"@type\":\"SearchAction\",\"target\":{\"@type\":\"EntryPoint\",\"urlTemplate\":\"https:\\\/\\\/votingaccessforall.org\\\/?s={search_term_string}\"},\"query-input\":{\"@type\":\"PropertyValueSpecification\",\"valueRequired\":true,\"valueName\":\"search_term_string\"}}],\"inLanguage\":\"es\"},{\"@type\":\"Organization\",\"@id\":\"https:\\\/\\\/votingaccessforall.org\\\/#organization\",\"name\":\"Voting Access for All Coalition\",\"url\":\"https:\\\/\\\/votingaccessforall.org\\\/\",\"logo\":{\"@type\":\"ImageObject\",\"inLanguage\":\"es\",\"@id\":\"https:\\\/\\\/votingaccessforall.org\\\/#\\\/schema\\\/logo\\\/image\\\/\",\"url\":\"https:\\\/\\\/votingaccessforall.org\\\/wp-content\\\/uploads\\\/2021\\\/05\\\/cropped-VAAC_logo_Small.jpg\",\"contentUrl\":\"https:\\\/\\\/votingaccessforall.org\\\/wp-content\\\/uploads\\\/2021\\\/05\\\/cropped-VAAC_logo_Small.jpg\",\"width\":512,\"height\":512,\"caption\":\"Voting Access for All Coalition\"},\"image\":{\"@id\":\"https:\\\/\\\/votingaccessforall.org\\\/#\\\/schema\\\/logo\\\/image\\\/\"},\"sameAs\":[\"https:\\\/\\\/www.facebook.com\\\/VotingAccessForAll\\\/\",\"https:\\\/\\\/www.instagram.com\\\/votingaccessforall\\\/\",\"https:\\\/\\\/www.youtube.com\\\/@VotingAccessForAll\",\"https:\\\/\\\/www.linkedin.com\\\/company\\\/voting-access-for-all-vaac\\\/\",\"https:\\\/\\\/bsky.app\\\/profile\\\/votingaccessforall.bsky.social\"]}]}<\/script>\n<!-- \/ Yoast SEO plugin. -->","yoast_head_json":{"title":"Acerca de VAAC \u2013 Acceso al voto para todos","description":"La Coalici\u00f3n por el Acceso al Voto para Todos (VAAC) da voz a quienes se ven afectados por el Sistema Judicial Penal. Somos una coalici\u00f3n de personas y organizaciones que trabajamos para empoderar a los votantes que han sido privados de sus derechos.","robots":{"index":"index","follow":"follow","max-snippet":"max-snippet:-1","max-image-preview":"max-image-preview:large","max-video-preview":"max-video-preview:-1"},"canonical":"https:\/\/votingaccessforall.org\/es\/about\/","og_locale":"es_MX","og_type":"article","og_title":"About VAAC &#8211; Voting Access For All","og_description":"The Voting Access for All Coalition (VAAC) gives a voice to those impacted by the Criminal Legal System.\u00a0\u00a0We are a coalition of individuals and organizations who work to empower voters who have been disenfranchised.","og_url":"https:\/\/votingaccessforall.org\/es\/about\/","og_site_name":"Voting Access For All","article_publisher":"https:\/\/www.facebook.com\/VotingAccessForAll\/","article_modified_time":"2025-07-29T00:47:06+00:00","og_image":[{"width":500,"height":500,"url":"https:\/\/votingaccessforall.org\/wp-content\/uploads\/2023\/01\/about.png","type":"image\/png"}],"twitter_card":"summary_large_image","twitter_misc":{"Tiempo de lectura":"2 minutos"},"schema":{"@context":"https:\/\/schema.org","@graph":[{"@type":"WebPage","@id":"https:\/\/votingaccessforall.org\/about\/","url":"https:\/\/votingaccessforall.org\/about\/","name":"Acerca de VAAC \u2013 Acceso al voto para todos","isPartOf":{"@id":"https:\/\/votingaccessforall.org\/#website"},"primaryImageOfPage":{"@id":"https:\/\/votingaccessforall.org\/about\/#primaryimage"},"image":{"@id":"https:\/\/votingaccessforall.org\/about\/#primaryimage"},"thumbnailUrl":"https:\/\/votingaccessforall.org\/wp-content\/uploads\/2023\/01\/about.png","datePublished":"2020-08-25T22:57:52+00:00","dateModified":"2025-07-29T00:47:06+00:00","description":"La Coalici\u00f3n por el Acceso al Voto para Todos (VAAC) da voz a quienes se ven afectados por el Sistema Judicial Penal. Somos una coalici\u00f3n de personas y organizaciones que trabajamos para empoderar a los votantes que han sido privados de sus derechos.","breadcrumb":{"@id":"https:\/\/votingaccessforall.org\/about\/#breadcrumb"},"inLanguage":"es","potentialAction":[{"@type":"ReadAction","target":["https:\/\/votingaccessforall.org\/about\/"]}]},{"@type":"ImageObject","inLanguage":"es","@id":"https:\/\/votingaccessforall.org\/about\/#primaryimage","url":"https:\/\/votingaccessforall.org\/wp-content\/uploads\/2023\/01\/about.png","contentUrl":"https:\/\/votingaccessforall.org\/wp-content\/uploads\/2023\/01\/about.png"},{"@type":"BreadcrumbList","@id":"https:\/\/votingaccessforall.org\/about\/#breadcrumb","itemListElement":[{"@type":"ListItem","position":1,"name":"Home","item":"https:\/\/votingaccessforall.org\/"},{"@type":"ListItem","position":2,"name":"About Voting Access for All Coalition"}]},{"@type":"WebSite","@id":"https:\/\/votingaccessforall.org\/#website","url":"https:\/\/votingaccessforall.org\/","name":"Acceso a la votaci\u00f3n para todos","description":"Empoderando a TODOS los votantes de Michigan:<br \/>\u00a1Votar es su derecho!","publisher":{"@id":"https:\/\/votingaccessforall.org\/#organization"},"potentialAction":[{"@type":"SearchAction","target":{"@type":"EntryPoint","urlTemplate":"https:\/\/votingaccessforall.org\/?s={search_term_string}"},"query-input":{"@type":"PropertyValueSpecification","valueRequired":true,"valueName":"search_term_string"}}],"inLanguage":"es"},{"@type":"Organization","@id":"https:\/\/votingaccessforall.org\/#organization","name":"Coalici\u00f3n de acceso a la votaci\u00f3n para todos","url":"https:\/\/votingaccessforall.org\/","logo":{"@type":"ImageObject","inLanguage":"es","@id":"https:\/\/votingaccessforall.org\/#\/schema\/logo\/image\/","url":"https:\/\/votingaccessforall.org\/wp-content\/uploads\/2021\/05\/cropped-VAAC_logo_Small.jpg","contentUrl":"https:\/\/votingaccessforall.org\/wp-content\/uploads\/2021\/05\/cropped-VAAC_logo_Small.jpg","width":512,"height":512,"caption":"Voting Access for All Coalition"},"image":{"@id":"https:\/\/votingaccessforall.org\/#\/schema\/logo\/image\/"},"sameAs":["https:\/\/www.facebook.com\/VotingAccessForAll\/","https:\/\/www.instagram.com\/votingaccessforall\/","https:\/\/www.youtube.com\/@VotingAccessForAll","https:\/\/www.linkedin.com\/company\/voting-access-for-all-vaac\/","https:\/\/bsky.app\/profile\/votingaccessforall.bsky.social"]}]}},"_links":{"self":[{"href":"https:\/\/votingaccessforall.org\/es\/wp-json\/wp\/v2\/pages\/472","targetHints":{"allow":["GET"]}}],"collection":[{"href":"https:\/\/votingaccessforall.org\/es\/wp-json\/wp\/v2\/pages"}],"about":[{"href":"https:\/\/votingaccessforall.org\/es\/wp-json\/wp\/v2\/types\/page"}],"author":[{"embeddable":true,"href":"https:\/\/votingaccessforall.org\/es\/wp-json\/wp\/v2\/users\/1"}],"replies":[{"embeddable":true,"href":"https:\/\/votingaccessforall.org\/es\/wp-json\/wp\/v2\/comments?post=472"}],"version-history":[{"count":48,"href":"https:\/\/votingaccessforall.org\/es\/wp-json\/wp\/v2\/pages\/472\/revisions"}],"predecessor-version":[{"id":162048,"href":"https:\/\/votingaccessforall.org\/es\/wp-json\/wp\/v2\/pages\/472\/revisions\/162048"}],"wp:attachment":[{"href":"https:\/\/votingaccessforall.org\/es\/wp-json\/wp\/v2\/media?parent=472"}],"wp:term":[{"taxonomy":"progress_planner_page_types","embeddable":true,"href":"https:\/\/votingaccessforall.org\/es\/wp-json\/wp\/v2\/progress_planner_page_types?post=472"}],"curies":[{"name":"gracias","href":"https:\/\/api.w.org\/{rel}","templated":true}]}}