{"id":4368,"date":"2023-05-09T12:36:45","date_gmt":"2023-05-09T16:36:45","guid":{"rendered":"https:\/\/votingaccessforall.org\/?page_id=4368"},"modified":"2024-12-17T15:49:34","modified_gmt":"2024-12-17T20:49:34","slug":"end-gerrymandering-now","status":"publish","type":"page","link":"https:\/\/votingaccessforall.org\/es\/end-gerrymandering-now\/","title":{"rendered":"Poner fin a la manipulaci\u00f3n en las prisiones: Escriba a sus legisladores"},"content":{"rendered":"<p><strong>Tome acci\u00f3n: llame o env\u00ede un correo electr\u00f3nico a su representante estatal.<\/strong><\/p>\n\n\n\n<div class=\"wp-block-buttons is-layout-flex wp-block-buttons-is-layout-flex\">\n<div class=\"wp-block-button\"><a class=\"wp-block-button__link wp-element-button\" href=\"https:\/\/actionnetwork.org\/letters\/0f0f02a5b9bd4c3877061e81fc4b32a68ff9f9e7?source=direct_link&amp;\">Escribe una carta ahora<\/a><\/div>\n<\/div>\n\n\n\n<p>Qu\u00e9 pedirle a su representante que haga:<\/p>\n\n\n\n<ol class=\"wp-block-list\">\n<li>Instar a los l\u00edderes de la C\u00e1mara a que lleven el proyecto de ley SB 494 al pleno para su votaci\u00f3n.<\/li>\n\n\n\n<li>Vote \u201cS\u00cd\u201d para aprobar la SB 494 y garantizar una representaci\u00f3n justa para todos los habitantes de Michigan.<\/li>\n<\/ol>\n\n\n\n<p><a href=\"https:\/\/www.michiganvotes.org\/legislators\">Encuentra a tu representante<\/a>.<\/p>\n\n\n\n<p>Tu voz puede ayudar a poner fin a esta pr\u00e1ctica obsoleta y perjudicial. \u00a1Act\u00faa hoy!<\/p>\n\n\n\n<p><strong>Diles<\/strong>:<br>\u201cEs hora de poner fin a la manipulaci\u00f3n de los distritos electorales en las prisiones y apoyar distritos justos para todos los votantes. Las comunidades de Michigan merecen la representaci\u00f3n que necesitan. Por favor, vote para apoyar el Proyecto de Ley Senatorial 494 y ponga fin a esta pr\u00e1ctica perjudicial\u201d.<\/p>\n\n\n\n<hr class=\"wp-block-separator has-alpha-channel-opacity\"\/>\n\n\n\n<p>El sistema legal penal inflige muchos impactos negativos en las comunidades del estado de Michigan, uno del que escuchamos poco es el de la manipulaci\u00f3n de las prisiones.<br>Al crear distritos legislativos, Michigan actualmente cuenta a las personas encarceladas como residentes de los lugares donde se encuentran las prisiones en lugar de las comunidades donde residir\u00edan de otro modo, donde viven sus familias y donde regresan abrumadoramente al salir de la c\u00e1rcel.<\/p>\n\n\n\n<p>La manipulaci\u00f3n de las prisiones distorsiona la democracia al contar a las personas encarceladas como residentes de los lugares donde se encuentran las prisiones en lugar de en las comunidades de donde son y donde viven sus familias. Bajo este sistema, las personas encarceladas terminan siendo \u201crepresentadas\u201d por funcionarios electos por los que no pueden votar y que no tienen conexi\u00f3n con su familia, amigos, vecindarios o comunidades pol\u00edticas.<\/p>\n\n\n\n<p><strong>Esta pr\u00e1ctica desleal, que despoja del poder pol\u00edtico a una comunidad y se lo da a otra,&nbsp;<\/strong><strong><em>se llama manipulaci\u00f3n de la prisi\u00f3n.<\/em><\/strong><br><\/p>\n\n\n\n<ul class=\"wp-block-list\">\n<li>La manipulaci\u00f3n de las prisiones infla injustamente la poblaci\u00f3n y el poder pol\u00edtico de los distritos en los que se encuentran las prisiones a expensas de las \u00e1reas urbanas, en violaci\u00f3n del est\u00e1ndar de &quot;una persona, un voto&quot; de la Constituci\u00f3n de los EE. UU.<\/li>\n\n\n\n<li>Al contar a las personas encarceladas en pueblos carcelarios donde de otro modo no tendr\u00edan conexiones, el gerrymandering carcelario niega efectivamente a las personas encarceladas una representaci\u00f3n significativa y socava su reingreso a sus comunidades de origen donde deber\u00edan ser contados.<\/li>\n\n\n\n<li>La manipulaci\u00f3n de las prisiones tiene un efecto racial pronunciado, apropiaci\u00f3n indebida del poder y da\u00f1o desproporcionado a las personas y comunidades de color.<\/li>\n<\/ul>\n\n\n\n<h3 class=\"wp-block-heading\" id=\"what-s-the-harm-of-prison-based-gerrymandering\"><strong>\u00bfCu\u00e1l es el da\u00f1o de la manipulaci\u00f3n basada en la prisi\u00f3n?<\/strong><\/h3>\n\n\n\n<p>Cuando las personas se cuentan como &#039;residentes&#039; de sus celdas de prisi\u00f3n, se produce un sesgo de poblaci\u00f3n que garantiza que los cuerpos de personas de color, en su mayor\u00eda negras, ind\u00edgenas y de color en prisi\u00f3n se utilicen para reforzar la fuerza de votaci\u00f3n de los distritos rurales mayoritariamente blancos donde el encarcelamiento se ubican las instalaciones. Este proceso toca la vida de millones al diluir la representaci\u00f3n de todas las comunidades.<\/p>\n\n\n\n<p>Los datos del censo se utilizan para dibujar distritos legislativos estatales y del Congreso, por lo que la cantidad de personas en su distrito es importante. Debido a que la redistribuci\u00f3n de distritos ocurre solo una vez por d\u00e9cada (el pr\u00f3ximo censo es en 2030), esta distribuci\u00f3n injusta del poder contin\u00faa mucho despu\u00e9s de que las personas encarceladas regresen a sus hogares.<\/p>\n\n\n\n<p>Debido a la manipulaci\u00f3n de las prisiones, nuestras comunidades no solo se ven privadas de una representaci\u00f3n justa, sino tambi\u00e9n del acceso a los recursos de los que podr\u00edan beneficiarse. La representaci\u00f3n adecuada en la legislatura asegura la asignaci\u00f3n justa de fondos para cosas que impactan directamente la calidad de vida en una comunidad y apoya cosas como hospitales, departamentos de bomberos, escuelas, carreteras y recursos para quienes buscan trabajo. Los recursos que se necesitan son despojados y las comunidades se encuentran en una lucha continua por sobrevivir. Ese es el impacto destructivo de la manipulaci\u00f3n de las prisiones.<\/p>\n\n\n\n<h3 class=\"wp-block-heading\" id=\"will-you-help-advocate-to-change-this-practice\"><strong>\u00bfAyudar\u00e1 a abogar por cambiar esta pr\u00e1ctica?<\/strong><\/h3>\n\n\n\n<p>Si bien la Oficina del Censo est\u00e1 en la mejor posici\u00f3n para poner fin a la manipulaci\u00f3n de las c\u00e1rceles de forma permanente y a escala nacional, se necesita una acci\u00f3n estatal para abordar este problema mientras tanto, particularmente antes del pr\u00f3ximo ciclo de redistribuci\u00f3n de distritos en 2030.<\/p>\n\n\n\n<p>Voting Access for All Coalition le pide que se una a nosotros para poner fin a la manipulaci\u00f3n de las prisiones en el estado de Michigan.<\/p>\n\n\n\n<p>Le pedimos que env\u00ede un mensaje a sus representantes y senadores estatales inst\u00e1ndolos a apoyar mapas justos para garantizar que se escuchen nuestras voces y que todos tengan acceso a recursos que mejoren la calidad de vida en nuestras comunidades. Esto no se puede lograr sin poner fin a Prison Gerrymandering.<\/p>","protected":false},"excerpt":{"rendered":"<p>Take Action: Call or Email Your State Representative. What to Ask Your Representative to Do: Find Your Representative. Your voice can help end this outdated and harmful practice. Take action today! Tell them:\u201cIt\u2019s time to end prison gerrymandering and support fair districts for all voters. Communities in Michigan deserve the representation they need. Please vote [&hellip;]<\/p>\n","protected":false},"author":1,"featured_media":0,"parent":0,"menu_order":0,"comment_status":"closed","ping_status":"closed","template":"","meta":{"_gspb_post_css":"","progress_planner_page_todos":"","footnotes":""},"progress_planner_page_types":[],"class_list":["post-4368","page","type-page","status-publish","hentry"],"yoast_head":"<!-- This site is optimized with the Yoast SEO plugin v27.3 - https:\/\/yoast.com\/product\/yoast-seo-wordpress\/ -->\n<title>End Prison Gerrymandering: Write Your Legislators &#8211; Voting Access For All<\/title>\n<meta name=\"robots\" content=\"index, follow, max-snippet:-1, max-image-preview:large, max-video-preview:-1\" \/>\n<link rel=\"canonical\" href=\"https:\/\/votingaccessforall.org\/es\/end-gerrymandering-now\/\" \/>\n<meta property=\"og:locale\" content=\"es_MX\" \/>\n<meta property=\"og:type\" content=\"article\" \/>\n<meta property=\"og:title\" content=\"End Prison Gerrymandering: Write Your Legislators &#8211; Voting Access For All\" \/>\n<meta property=\"og:description\" content=\"Take Action: Call or Email Your State Representative. What to Ask Your Representative to Do: Find Your Representative. Your voice can help end this outdated and harmful practice. Take action today! Tell them:\u201cIt\u2019s time to end prison gerrymandering and support fair districts for all voters. Communities in Michigan deserve the representation they need. Please vote [&hellip;]\" \/>\n<meta property=\"og:url\" content=\"https:\/\/votingaccessforall.org\/es\/end-gerrymandering-now\/\" \/>\n<meta property=\"og:site_name\" content=\"Voting Access For All\" \/>\n<meta property=\"article:publisher\" content=\"https:\/\/www.facebook.com\/VotingAccessForAll\/\" \/>\n<meta property=\"article:modified_time\" content=\"2024-12-17T20:49:34+00:00\" \/>\n<meta name=\"twitter:card\" content=\"summary_large_image\" \/>\n<meta name=\"twitter:label1\" content=\"Tiempo de lectura\" \/>\n\t<meta name=\"twitter:data1\" content=\"3 minutos\" \/>\n<script type=\"application\/ld+json\" class=\"yoast-schema-graph\">{\"@context\":\"https:\\\/\\\/schema.org\",\"@graph\":[{\"@type\":\"WebPage\",\"@id\":\"https:\\\/\\\/votingaccessforall.org\\\/end-gerrymandering-now\\\/\",\"url\":\"https:\\\/\\\/votingaccessforall.org\\\/end-gerrymandering-now\\\/\",\"name\":\"End Prison Gerrymandering: Write Your Legislators &#8211; Voting Access For All\",\"isPartOf\":{\"@id\":\"https:\\\/\\\/votingaccessforall.org\\\/#website\"},\"datePublished\":\"2023-05-09T16:36:45+00:00\",\"dateModified\":\"2024-12-17T20:49:34+00:00\",\"breadcrumb\":{\"@id\":\"https:\\\/\\\/votingaccessforall.org\\\/end-gerrymandering-now\\\/#breadcrumb\"},\"inLanguage\":\"es\",\"potentialAction\":[{\"@type\":\"ReadAction\",\"target\":[\"https:\\\/\\\/votingaccessforall.org\\\/end-gerrymandering-now\\\/\"]}]},{\"@type\":\"BreadcrumbList\",\"@id\":\"https:\\\/\\\/votingaccessforall.org\\\/end-gerrymandering-now\\\/#breadcrumb\",\"itemListElement\":[{\"@type\":\"ListItem\",\"position\":1,\"name\":\"Home\",\"item\":\"https:\\\/\\\/votingaccessforall.org\\\/\"},{\"@type\":\"ListItem\",\"position\":2,\"name\":\"End Prison Gerrymandering: Write Your Legislators\"}]},{\"@type\":\"WebSite\",\"@id\":\"https:\\\/\\\/votingaccessforall.org\\\/#website\",\"url\":\"https:\\\/\\\/votingaccessforall.org\\\/\",\"name\":\"Voting Access For All\",\"description\":\"Empowering ALL Michigan Voters: Voting Is Your Right!\",\"publisher\":{\"@id\":\"https:\\\/\\\/votingaccessforall.org\\\/#organization\"},\"potentialAction\":[{\"@type\":\"SearchAction\",\"target\":{\"@type\":\"EntryPoint\",\"urlTemplate\":\"https:\\\/\\\/votingaccessforall.org\\\/?s={search_term_string}\"},\"query-input\":{\"@type\":\"PropertyValueSpecification\",\"valueRequired\":true,\"valueName\":\"search_term_string\"}}],\"inLanguage\":\"es\"},{\"@type\":\"Organization\",\"@id\":\"https:\\\/\\\/votingaccessforall.org\\\/#organization\",\"name\":\"Voting Access for All Coalition\",\"url\":\"https:\\\/\\\/votingaccessforall.org\\\/\",\"logo\":{\"@type\":\"ImageObject\",\"inLanguage\":\"es\",\"@id\":\"https:\\\/\\\/votingaccessforall.org\\\/#\\\/schema\\\/logo\\\/image\\\/\",\"url\":\"https:\\\/\\\/votingaccessforall.org\\\/wp-content\\\/uploads\\\/2021\\\/05\\\/cropped-VAAC_logo_Small.jpg\",\"contentUrl\":\"https:\\\/\\\/votingaccessforall.org\\\/wp-content\\\/uploads\\\/2021\\\/05\\\/cropped-VAAC_logo_Small.jpg\",\"width\":512,\"height\":512,\"caption\":\"Voting Access for All Coalition\"},\"image\":{\"@id\":\"https:\\\/\\\/votingaccessforall.org\\\/#\\\/schema\\\/logo\\\/image\\\/\"},\"sameAs\":[\"https:\\\/\\\/www.facebook.com\\\/VotingAccessForAll\\\/\",\"https:\\\/\\\/www.instagram.com\\\/votingaccessforall\\\/\",\"https:\\\/\\\/www.youtube.com\\\/@VotingAccessForAll\",\"https:\\\/\\\/www.linkedin.com\\\/company\\\/voting-access-for-all-vaac\\\/\",\"https:\\\/\\\/bsky.app\\\/profile\\\/votingaccessforall.bsky.social\"]}]}<\/script>\n<!-- \/ Yoast SEO plugin. -->","yoast_head_json":{"title":"Fin de la manipulaci\u00f3n electoral en prisiones: escriba a sus legisladores \u2013 Acceso al voto para todos","robots":{"index":"index","follow":"follow","max-snippet":"max-snippet:-1","max-image-preview":"max-image-preview:large","max-video-preview":"max-video-preview:-1"},"canonical":"https:\/\/votingaccessforall.org\/es\/end-gerrymandering-now\/","og_locale":"es_MX","og_type":"article","og_title":"End Prison Gerrymandering: Write Your Legislators &#8211; Voting Access For All","og_description":"Take Action: Call or Email Your State Representative. What to Ask Your Representative to Do: Find Your Representative. Your voice can help end this outdated and harmful practice. Take action today! Tell them:\u201cIt\u2019s time to end prison gerrymandering and support fair districts for all voters. Communities in Michigan deserve the representation they need. Please vote [&hellip;]","og_url":"https:\/\/votingaccessforall.org\/es\/end-gerrymandering-now\/","og_site_name":"Voting Access For All","article_publisher":"https:\/\/www.facebook.com\/VotingAccessForAll\/","article_modified_time":"2024-12-17T20:49:34+00:00","twitter_card":"summary_large_image","twitter_misc":{"Tiempo de lectura":"3 minutos"},"schema":{"@context":"https:\/\/schema.org","@graph":[{"@type":"WebPage","@id":"https:\/\/votingaccessforall.org\/end-gerrymandering-now\/","url":"https:\/\/votingaccessforall.org\/end-gerrymandering-now\/","name":"Fin de la manipulaci\u00f3n electoral en prisiones: escriba a sus legisladores \u2013 Acceso al voto para todos","isPartOf":{"@id":"https:\/\/votingaccessforall.org\/#website"},"datePublished":"2023-05-09T16:36:45+00:00","dateModified":"2024-12-17T20:49:34+00:00","breadcrumb":{"@id":"https:\/\/votingaccessforall.org\/end-gerrymandering-now\/#breadcrumb"},"inLanguage":"es","potentialAction":[{"@type":"ReadAction","target":["https:\/\/votingaccessforall.org\/end-gerrymandering-now\/"]}]},{"@type":"BreadcrumbList","@id":"https:\/\/votingaccessforall.org\/end-gerrymandering-now\/#breadcrumb","itemListElement":[{"@type":"ListItem","position":1,"name":"Home","item":"https:\/\/votingaccessforall.org\/"},{"@type":"ListItem","position":2,"name":"End Prison Gerrymandering: Write Your Legislators"}]},{"@type":"WebSite","@id":"https:\/\/votingaccessforall.org\/#website","url":"https:\/\/votingaccessforall.org\/","name":"Acceso a la votaci\u00f3n para todos","description":"Empoderando a TODOS los votantes de Michigan:<br \/>\u00a1Votar es su derecho!","publisher":{"@id":"https:\/\/votingaccessforall.org\/#organization"},"potentialAction":[{"@type":"SearchAction","target":{"@type":"EntryPoint","urlTemplate":"https:\/\/votingaccessforall.org\/?s={search_term_string}"},"query-input":{"@type":"PropertyValueSpecification","valueRequired":true,"valueName":"search_term_string"}}],"inLanguage":"es"},{"@type":"Organization","@id":"https:\/\/votingaccessforall.org\/#organization","name":"Coalici\u00f3n de acceso a la votaci\u00f3n para todos","url":"https:\/\/votingaccessforall.org\/","logo":{"@type":"ImageObject","inLanguage":"es","@id":"https:\/\/votingaccessforall.org\/#\/schema\/logo\/image\/","url":"https:\/\/votingaccessforall.org\/wp-content\/uploads\/2021\/05\/cropped-VAAC_logo_Small.jpg","contentUrl":"https:\/\/votingaccessforall.org\/wp-content\/uploads\/2021\/05\/cropped-VAAC_logo_Small.jpg","width":512,"height":512,"caption":"Voting Access for All Coalition"},"image":{"@id":"https:\/\/votingaccessforall.org\/#\/schema\/logo\/image\/"},"sameAs":["https:\/\/www.facebook.com\/VotingAccessForAll\/","https:\/\/www.instagram.com\/votingaccessforall\/","https:\/\/www.youtube.com\/@VotingAccessForAll","https:\/\/www.linkedin.com\/company\/voting-access-for-all-vaac\/","https:\/\/bsky.app\/profile\/votingaccessforall.bsky.social"]}]}},"_links":{"self":[{"href":"https:\/\/votingaccessforall.org\/es\/wp-json\/wp\/v2\/pages\/4368","targetHints":{"allow":["GET"]}}],"collection":[{"href":"https:\/\/votingaccessforall.org\/es\/wp-json\/wp\/v2\/pages"}],"about":[{"href":"https:\/\/votingaccessforall.org\/es\/wp-json\/wp\/v2\/types\/page"}],"author":[{"embeddable":true,"href":"https:\/\/votingaccessforall.org\/es\/wp-json\/wp\/v2\/users\/1"}],"replies":[{"embeddable":true,"href":"https:\/\/votingaccessforall.org\/es\/wp-json\/wp\/v2\/comments?post=4368"}],"version-history":[{"count":4,"href":"https:\/\/votingaccessforall.org\/es\/wp-json\/wp\/v2\/pages\/4368\/revisions"}],"predecessor-version":[{"id":121419,"href":"https:\/\/votingaccessforall.org\/es\/wp-json\/wp\/v2\/pages\/4368\/revisions\/121419"}],"wp:attachment":[{"href":"https:\/\/votingaccessforall.org\/es\/wp-json\/wp\/v2\/media?parent=4368"}],"wp:term":[{"taxonomy":"progress_planner_page_types","embeddable":true,"href":"https:\/\/votingaccessforall.org\/es\/wp-json\/wp\/v2\/progress_planner_page_types?post=4368"}],"curies":[{"name":"gracias","href":"https:\/\/api.w.org\/{rel}","templated":true}]}}