{"id":4285,"date":"2023-04-25T12:50:00","date_gmt":"2023-04-25T16:50:00","guid":{"rendered":"https:\/\/votingaccessforall.org\/?page_id=4285"},"modified":"2023-04-25T12:51:07","modified_gmt":"2023-04-25T16:51:07","slug":"subscribe-to-calendar-instructions","status":"publish","type":"page","link":"https:\/\/votingaccessforall.org\/es\/subscribe-to-calendar-instructions\/","title":{"rendered":"Suscr\u00edbete a las instrucciones del calendario"},"content":{"rendered":"<p>Puede agregar el calendario de eventos de VAAC a su calendario personal. Simplemente copie el enlace a continuaci\u00f3n y p\u00e9guelo en su programa de calendario.<\/p>\n\n\n\n<p class=\"has-text-align-center has-large-font-size\"><a href=\"https:\/\/votingaccessforall.org\/es\/events.ics\/\">https:\/\/votingaccessforall.org\/events.ics<\/a><\/p>\n\n\n\n<h3 class=\"wp-block-heading\">Si usas Google Calendar\u2026<\/h3>\n\n\n\n<p>\u2026 haga clic en \u201cAgregar por URL\u201d y pegue el enlace en la siguiente ventana emergente. \u00a1Eso es todo!<\/p>\n\n\n\n<div class=\"wp-block-group is-nowrap is-layout-flex wp-container-core-group-is-layout-6c531013 wp-block-group-is-layout-flex\">\n<figure class=\"wp-block-image size-full\"><img loading=\"lazy\" decoding=\"async\" width=\"462\" height=\"191\" src=\"https:\/\/votingaccessforall.org\/wp-content\/uploads\/2023\/04\/addbyurlscreenshot1.png\" alt=\"\" class=\"wp-image-4287\" srcset=\"https:\/\/votingaccessforall.org\/wp-content\/uploads\/2023\/04\/addbyurlscreenshot1.png 462w, https:\/\/votingaccessforall.org\/wp-content\/uploads\/2023\/04\/addbyurlscreenshot1-300x124.png 300w, https:\/\/votingaccessforall.org\/wp-content\/uploads\/2023\/04\/addbyurlscreenshot1-18x7.png 18w\" sizes=\"auto, (max-width: 462px) 100vw, 462px\" \/><\/figure>\n\n\n\n<figure class=\"wp-block-image size-full\"><img loading=\"lazy\" decoding=\"async\" width=\"542\" height=\"245\" src=\"https:\/\/votingaccessforall.org\/wp-content\/uploads\/2023\/04\/addbyurlscreenshot-url.png\" alt=\"\" class=\"wp-image-4286\" srcset=\"https:\/\/votingaccessforall.org\/wp-content\/uploads\/2023\/04\/addbyurlscreenshot-url.png 542w, https:\/\/votingaccessforall.org\/wp-content\/uploads\/2023\/04\/addbyurlscreenshot-url-300x136.png 300w, https:\/\/votingaccessforall.org\/wp-content\/uploads\/2023\/04\/addbyurlscreenshot-url-18x8.png 18w\" sizes=\"auto, (max-width: 542px) 100vw, 542px\" \/><\/figure>\n<\/div>\n\n\n\n<h3 class=\"wp-block-heading\">Si usas el calendario en iPhone\u2026<\/h3>\n\n\n\n<p>\u2026 Abra la aplicaci\u00f3n Configuraci\u00f3n, despl\u00e1cese hasta Calendario y t\u00f3quelo. A continuaci\u00f3n, toque Cuentas, luego Agregar cuenta. En Agregar cuenta, seleccione Otro y luego Agregar calendario suscrito. Pegue el enlace y haga clic en siguiente. Puede cambiar el nombre del calendario a VAAC cambiando el campo Descripci\u00f3n, pero no edite el campo Servidor. Una vez que haya terminado de realizar las ediciones deseadas, toque Guardar.<\/p>\n\n\n\n<h3 class=\"wp-block-heading\">Si Outlook es tu programa de calendario\u2026<\/h3>\n\n\n\n<p>\u2026 navegue hasta su calendario y en Agregar y compartir, haga clic en Agregar y luego en Desde Internet. Pegue el enlace y haga clic en Aceptar.<\/p>","protected":false},"excerpt":{"rendered":"<p>You can add VAAC\u2019s calendar of events to your personal calendar. &nbsp;Just copy the link below and paste it into your calendar program. https:\/\/votingaccessforall.org\/events.ics If you use Google Calendar &#8230; &#8230; click &#8220;Add by URL&#8221; and paste the link in the following popup. That\u2019s it! If you use the calendar on iPhone &#8230; &#8230; Open [&hellip;]<\/p>\n","protected":false},"author":1,"featured_media":0,"parent":0,"menu_order":0,"comment_status":"closed","ping_status":"closed","template":"","meta":{"_gspb_post_css":"","progress_planner_page_todos":"","footnotes":""},"progress_planner_page_types":[],"class_list":["post-4285","page","type-page","status-publish","hentry"],"yoast_head":"<!-- This site is optimized with the Yoast SEO plugin v27.5 - https:\/\/yoast.com\/product\/yoast-seo-wordpress\/ -->\n<title>Subscribe to Calendar Instructions &#8211; Voting Access For All<\/title>\n<meta name=\"robots\" content=\"index, follow, max-snippet:-1, max-image-preview:large, max-video-preview:-1\" \/>\n<link rel=\"canonical\" href=\"https:\/\/votingaccessforall.org\/es\/subscribe-to-calendar-instructions\/\" \/>\n<meta property=\"og:locale\" content=\"es_MX\" \/>\n<meta property=\"og:type\" content=\"article\" \/>\n<meta property=\"og:title\" content=\"Subscribe to Calendar Instructions &#8211; Voting Access For All\" \/>\n<meta property=\"og:description\" content=\"You can add VAAC\u2019s calendar of events to your personal calendar. &nbsp;Just copy the link below and paste it into your calendar program. https:\/\/votingaccessforall.org\/events.ics If you use Google Calendar &#8230; &#8230; click &#8220;Add by URL&#8221; and paste the link in the following popup. That\u2019s it! If you use the calendar on iPhone &#8230; &#8230; Open [&hellip;]\" \/>\n<meta property=\"og:url\" content=\"https:\/\/votingaccessforall.org\/es\/subscribe-to-calendar-instructions\/\" \/>\n<meta property=\"og:site_name\" content=\"Voting Access For All\" \/>\n<meta property=\"article:publisher\" content=\"https:\/\/www.facebook.com\/VotingAccessForAll\/\" \/>\n<meta property=\"article:modified_time\" content=\"2023-04-25T16:51:07+00:00\" \/>\n<meta property=\"og:image\" content=\"https:\/\/votingaccessforall.org\/wp-content\/uploads\/2023\/04\/addbyurlscreenshot1.png\" \/>\n<meta name=\"twitter:card\" content=\"summary_large_image\" \/>\n<meta name=\"twitter:label1\" content=\"Tiempo de lectura\" \/>\n\t<meta name=\"twitter:data1\" content=\"2 minutos\" \/>\n<script type=\"application\/ld+json\" class=\"yoast-schema-graph\">{\"@context\":\"https:\\\/\\\/schema.org\",\"@graph\":[{\"@type\":\"WebPage\",\"@id\":\"https:\\\/\\\/votingaccessforall.org\\\/subscribe-to-calendar-instructions\\\/\",\"url\":\"https:\\\/\\\/votingaccessforall.org\\\/subscribe-to-calendar-instructions\\\/\",\"name\":\"Subscribe to Calendar Instructions &#8211; Voting Access For All\",\"isPartOf\":{\"@id\":\"https:\\\/\\\/votingaccessforall.org\\\/#website\"},\"primaryImageOfPage\":{\"@id\":\"https:\\\/\\\/votingaccessforall.org\\\/subscribe-to-calendar-instructions\\\/#primaryimage\"},\"image\":{\"@id\":\"https:\\\/\\\/votingaccessforall.org\\\/subscribe-to-calendar-instructions\\\/#primaryimage\"},\"thumbnailUrl\":\"https:\\\/\\\/votingaccessforall.org\\\/wp-content\\\/uploads\\\/2023\\\/04\\\/addbyurlscreenshot1.png\",\"datePublished\":\"2023-04-25T16:50:00+00:00\",\"dateModified\":\"2023-04-25T16:51:07+00:00\",\"breadcrumb\":{\"@id\":\"https:\\\/\\\/votingaccessforall.org\\\/subscribe-to-calendar-instructions\\\/#breadcrumb\"},\"inLanguage\":\"es\",\"potentialAction\":[{\"@type\":\"ReadAction\",\"target\":[\"https:\\\/\\\/votingaccessforall.org\\\/subscribe-to-calendar-instructions\\\/\"]}]},{\"@type\":\"ImageObject\",\"inLanguage\":\"es\",\"@id\":\"https:\\\/\\\/votingaccessforall.org\\\/subscribe-to-calendar-instructions\\\/#primaryimage\",\"url\":\"https:\\\/\\\/votingaccessforall.org\\\/wp-content\\\/uploads\\\/2023\\\/04\\\/addbyurlscreenshot1.png\",\"contentUrl\":\"https:\\\/\\\/votingaccessforall.org\\\/wp-content\\\/uploads\\\/2023\\\/04\\\/addbyurlscreenshot1.png\"},{\"@type\":\"BreadcrumbList\",\"@id\":\"https:\\\/\\\/votingaccessforall.org\\\/subscribe-to-calendar-instructions\\\/#breadcrumb\",\"itemListElement\":[{\"@type\":\"ListItem\",\"position\":1,\"name\":\"Home\",\"item\":\"https:\\\/\\\/votingaccessforall.org\\\/\"},{\"@type\":\"ListItem\",\"position\":2,\"name\":\"Subscribe to Calendar Instructions\"}]},{\"@type\":\"WebSite\",\"@id\":\"https:\\\/\\\/votingaccessforall.org\\\/#website\",\"url\":\"https:\\\/\\\/votingaccessforall.org\\\/\",\"name\":\"Voting Access For All\",\"description\":\"Empowering ALL Michigan Voters: Voting Is Your Right!\",\"publisher\":{\"@id\":\"https:\\\/\\\/votingaccessforall.org\\\/#organization\"},\"potentialAction\":[{\"@type\":\"SearchAction\",\"target\":{\"@type\":\"EntryPoint\",\"urlTemplate\":\"https:\\\/\\\/votingaccessforall.org\\\/?s={search_term_string}\"},\"query-input\":{\"@type\":\"PropertyValueSpecification\",\"valueRequired\":true,\"valueName\":\"search_term_string\"}}],\"inLanguage\":\"es\"},{\"@type\":\"Organization\",\"@id\":\"https:\\\/\\\/votingaccessforall.org\\\/#organization\",\"name\":\"Voting Access for All Coalition\",\"url\":\"https:\\\/\\\/votingaccessforall.org\\\/\",\"logo\":{\"@type\":\"ImageObject\",\"inLanguage\":\"es\",\"@id\":\"https:\\\/\\\/votingaccessforall.org\\\/#\\\/schema\\\/logo\\\/image\\\/\",\"url\":\"https:\\\/\\\/votingaccessforall.org\\\/wp-content\\\/uploads\\\/2021\\\/05\\\/cropped-VAAC_logo_Small.jpg\",\"contentUrl\":\"https:\\\/\\\/votingaccessforall.org\\\/wp-content\\\/uploads\\\/2021\\\/05\\\/cropped-VAAC_logo_Small.jpg\",\"width\":512,\"height\":512,\"caption\":\"Voting Access for All Coalition\"},\"image\":{\"@id\":\"https:\\\/\\\/votingaccessforall.org\\\/#\\\/schema\\\/logo\\\/image\\\/\"},\"sameAs\":[\"https:\\\/\\\/www.facebook.com\\\/VotingAccessForAll\\\/\",\"https:\\\/\\\/www.instagram.com\\\/votingaccessforall\\\/\",\"https:\\\/\\\/www.youtube.com\\\/@VotingAccessForAll\",\"https:\\\/\\\/www.linkedin.com\\\/company\\\/voting-access-for-all-vaac\\\/\",\"https:\\\/\\\/bsky.app\\\/profile\\\/votingaccessforall.bsky.social\"]}]}<\/script>\n<!-- \/ Yoast SEO plugin. -->","yoast_head_json":{"title":"Subscribe to Calendar Instructions &#8211; Voting Access For All","robots":{"index":"index","follow":"follow","max-snippet":"max-snippet:-1","max-image-preview":"max-image-preview:large","max-video-preview":"max-video-preview:-1"},"canonical":"https:\/\/votingaccessforall.org\/es\/subscribe-to-calendar-instructions\/","og_locale":"es_MX","og_type":"article","og_title":"Subscribe to Calendar Instructions &#8211; Voting Access For All","og_description":"You can add VAAC\u2019s calendar of events to your personal calendar. &nbsp;Just copy the link below and paste it into your calendar program. https:\/\/votingaccessforall.org\/events.ics If you use Google Calendar &#8230; &#8230; click &#8220;Add by URL&#8221; and paste the link in the following popup. That\u2019s it! If you use the calendar on iPhone &#8230; &#8230; Open [&hellip;]","og_url":"https:\/\/votingaccessforall.org\/es\/subscribe-to-calendar-instructions\/","og_site_name":"Voting Access For All","article_publisher":"https:\/\/www.facebook.com\/VotingAccessForAll\/","article_modified_time":"2023-04-25T16:51:07+00:00","og_image":[{"url":"https:\/\/votingaccessforall.org\/wp-content\/uploads\/2023\/04\/addbyurlscreenshot1.png","type":"","width":"","height":""}],"twitter_card":"summary_large_image","twitter_misc":{"Tiempo de lectura":"2 minutos"},"schema":{"@context":"https:\/\/schema.org","@graph":[{"@type":"WebPage","@id":"https:\/\/votingaccessforall.org\/subscribe-to-calendar-instructions\/","url":"https:\/\/votingaccessforall.org\/subscribe-to-calendar-instructions\/","name":"Subscribe to Calendar Instructions &#8211; Voting Access For All","isPartOf":{"@id":"https:\/\/votingaccessforall.org\/#website"},"primaryImageOfPage":{"@id":"https:\/\/votingaccessforall.org\/subscribe-to-calendar-instructions\/#primaryimage"},"image":{"@id":"https:\/\/votingaccessforall.org\/subscribe-to-calendar-instructions\/#primaryimage"},"thumbnailUrl":"https:\/\/votingaccessforall.org\/wp-content\/uploads\/2023\/04\/addbyurlscreenshot1.png","datePublished":"2023-04-25T16:50:00+00:00","dateModified":"2023-04-25T16:51:07+00:00","breadcrumb":{"@id":"https:\/\/votingaccessforall.org\/subscribe-to-calendar-instructions\/#breadcrumb"},"inLanguage":"es","potentialAction":[{"@type":"ReadAction","target":["https:\/\/votingaccessforall.org\/subscribe-to-calendar-instructions\/"]}]},{"@type":"ImageObject","inLanguage":"es","@id":"https:\/\/votingaccessforall.org\/subscribe-to-calendar-instructions\/#primaryimage","url":"https:\/\/votingaccessforall.org\/wp-content\/uploads\/2023\/04\/addbyurlscreenshot1.png","contentUrl":"https:\/\/votingaccessforall.org\/wp-content\/uploads\/2023\/04\/addbyurlscreenshot1.png"},{"@type":"BreadcrumbList","@id":"https:\/\/votingaccessforall.org\/subscribe-to-calendar-instructions\/#breadcrumb","itemListElement":[{"@type":"ListItem","position":1,"name":"Home","item":"https:\/\/votingaccessforall.org\/"},{"@type":"ListItem","position":2,"name":"Subscribe to Calendar Instructions"}]},{"@type":"WebSite","@id":"https:\/\/votingaccessforall.org\/#website","url":"https:\/\/votingaccessforall.org\/","name":"Acceso a la votaci\u00f3n para todos","description":"Empoderando a TODOS los votantes de Michigan:<br \/>\u00a1Votar es su derecho!","publisher":{"@id":"https:\/\/votingaccessforall.org\/#organization"},"potentialAction":[{"@type":"SearchAction","target":{"@type":"EntryPoint","urlTemplate":"https:\/\/votingaccessforall.org\/?s={search_term_string}"},"query-input":{"@type":"PropertyValueSpecification","valueRequired":true,"valueName":"search_term_string"}}],"inLanguage":"es"},{"@type":"Organization","@id":"https:\/\/votingaccessforall.org\/#organization","name":"Coalici\u00f3n de acceso a la votaci\u00f3n para todos","url":"https:\/\/votingaccessforall.org\/","logo":{"@type":"ImageObject","inLanguage":"es","@id":"https:\/\/votingaccessforall.org\/#\/schema\/logo\/image\/","url":"https:\/\/votingaccessforall.org\/wp-content\/uploads\/2021\/05\/cropped-VAAC_logo_Small.jpg","contentUrl":"https:\/\/votingaccessforall.org\/wp-content\/uploads\/2021\/05\/cropped-VAAC_logo_Small.jpg","width":512,"height":512,"caption":"Voting Access for All Coalition"},"image":{"@id":"https:\/\/votingaccessforall.org\/#\/schema\/logo\/image\/"},"sameAs":["https:\/\/www.facebook.com\/VotingAccessForAll\/","https:\/\/www.instagram.com\/votingaccessforall\/","https:\/\/www.youtube.com\/@VotingAccessForAll","https:\/\/www.linkedin.com\/company\/voting-access-for-all-vaac\/","https:\/\/bsky.app\/profile\/votingaccessforall.bsky.social"]}]}},"_links":{"self":[{"href":"https:\/\/votingaccessforall.org\/es\/wp-json\/wp\/v2\/pages\/4285","targetHints":{"allow":["GET"]}}],"collection":[{"href":"https:\/\/votingaccessforall.org\/es\/wp-json\/wp\/v2\/pages"}],"about":[{"href":"https:\/\/votingaccessforall.org\/es\/wp-json\/wp\/v2\/types\/page"}],"author":[{"embeddable":true,"href":"https:\/\/votingaccessforall.org\/es\/wp-json\/wp\/v2\/users\/1"}],"replies":[{"embeddable":true,"href":"https:\/\/votingaccessforall.org\/es\/wp-json\/wp\/v2\/comments?post=4285"}],"version-history":[{"count":1,"href":"https:\/\/votingaccessforall.org\/es\/wp-json\/wp\/v2\/pages\/4285\/revisions"}],"predecessor-version":[{"id":4288,"href":"https:\/\/votingaccessforall.org\/es\/wp-json\/wp\/v2\/pages\/4285\/revisions\/4288"}],"wp:attachment":[{"href":"https:\/\/votingaccessforall.org\/es\/wp-json\/wp\/v2\/media?parent=4285"}],"wp:term":[{"taxonomy":"progress_planner_page_types","embeddable":true,"href":"https:\/\/votingaccessforall.org\/es\/wp-json\/wp\/v2\/progress_planner_page_types?post=4285"}],"curies":[{"name":"gracias","href":"https:\/\/api.w.org\/{rel}","templated":true}]}}