{"id":3480,"date":"2022-12-14T11:56:44","date_gmt":"2022-12-14T16:56:44","guid":{"rendered":"https:\/\/votingaccessforall.org\/?page_id=3480"},"modified":"2026-03-06T09:47:03","modified_gmt":"2026-03-06T14:47:03","slug":"history","status":"publish","type":"page","link":"https:\/\/votingaccessforall.org\/es\/about\/history\/","title":{"rendered":"Misi\u00f3n y valores del VAAC"},"content":{"rendered":"<p>Combinamos la ayuda mutua \u2014como comidas, kits de higiene, transporte y apoyo al votante\u2014 con una profunda educaci\u00f3n c\u00edvica, defensa y desarrollo de liderazgo. Ya sea que estemos registrando a alguien para votar por primera vez, capacitando a j\u00f3venes para liderar el cambio en sus vecindarios o apoyando la participaci\u00f3n c\u00edvica tras las rejas, nos presentamos con atenci\u00f3n, constancia y sentido de comunidad.<\/p>\n\n\n\n<p>Este enfoque est\u00e1 en el coraz\u00f3n de nuestro programa, <strong>Tu voz, tu valor, tu voto<\/strong>:un compromiso de honrar las experiencias vividas de las personas y ayudarlas a convertirse en los arquitectos de una democracia m\u00e1s justa e inclusiva.<\/p>\n\n\n\n<div class=\"wp-block-kadence-infobox kt-info-box3480_cacbb9-f0\"><span class=\"kt-blocks-info-box-link-wrap info-box-link kt-blocks-info-box-media-align-top kt-info-halign-left\"><div class=\"kt-blocks-info-box-media-container\"><div class=\"kt-blocks-info-box-media kt-info-media-animate-none\"><div class=\"kadence-info-box-image-inner-intrisic-container\"><div class=\"kadence-info-box-image-intrisic kt-info-animate-none\"><div class=\"kadence-info-box-image-inner-intrisic\"><img loading=\"lazy\" decoding=\"async\" src=\"http:\/\/www.votingaccessforall.org\/wp-content\/uploads\/2021\/05\/VAAC_logo_final-Wtext.png\" alt=\"Voting Access For All\" width=\"685\" height=\"146\" class=\"kt-info-box-image wp-image-31\" srcset=\"https:\/\/votingaccessforall.org\/wp-content\/uploads\/2021\/05\/VAAC_logo_final-Wtext.png 685w, https:\/\/votingaccessforall.org\/wp-content\/uploads\/2021\/05\/VAAC_logo_final-Wtext-300x64.png 300w\" sizes=\"auto, (max-width: 685px) 100vw, 685px\" \/><\/div><\/div><\/div><\/div><\/div><div class=\"kt-infobox-textcontent\"><h2 class=\"kt-blocks-info-box-title\">Misi\u00f3n<\/h2><p class=\"kt-blocks-info-box-text\"><em>La Coalici\u00f3n de Acceso al Voto para Todos construye un poder c\u00edvico duradero al ayudar a las personas afectadas por el encarcelamiento, la pobreza, la inestabilidad de la vivienda y la exclusi\u00f3n sist\u00e9mica a participar en la vida c\u00edvica e influir en las pol\u00edticas p\u00fablicas.<\/em><\/p><\/div><\/span><\/div>\n\n\n\n<h2 class=\"wp-block-heading\" id=\"our-core-values\">Nuestros valores fundamentales<\/h2>\n\n\n\n<ul class=\"wp-block-list\">\n<li><strong>Inclusividad<\/strong>:Garantizar que cada miembro de la comunidad se sienta visto, escuchado y valorado, independientemente de sus antecedentes o circunstancias.<\/li>\n\n\n\n<li><strong>Empoderamiento<\/strong>:Dotar a las personas de herramientas, conocimientos y confianza para que puedan defender sus derechos y los de sus comunidades.<\/li>\n\n\n\n<li><strong>Respeto<\/strong>: Honrar las experiencias y perspectivas \u00fanicas de cada persona, enfatizando la comprensi\u00f3n mutua.<\/li>\n\n\n\n<li><strong>Accesibilidad<\/strong>:Eliminar las barreras a la participaci\u00f3n, ya sean f\u00edsicas, econ\u00f3micas o informativas, asegur\u00e1ndose de que todos puedan participar plenamente.<\/li>\n\n\n\n<li><strong>Construcci\u00f3n de comunidad<\/strong>:Fomentar comunidades fuertes e interconectadas donde las personas se apoyen entre s\u00ed y celebren los logros colectivos.<\/li>\n<\/ul>\n\n\n\n<h2 class=\"wp-block-heading\" id=\"who-we-reach\">A qui\u00e9n llegamos&nbsp;<\/h2>\n\n\n\n<p><strong><em>Los programas de VAAC est\u00e1n dise\u00f1ados para:<\/em><\/strong><\/p>\n\n\n\n<ul class=\"wp-block-list\">\n<li>Personas en prisi\u00f3n o en libertad condicional\/libertad condicional,<\/li>\n\n\n\n<li>Personas que se reincorporan a la sociedad despu\u00e9s del encarcelamiento,<\/li>\n\n\n\n<li>Personas sin hogar o en situaci\u00f3n de inseguridad habitacional,<\/li>\n\n\n\n<li>Comunidades negras y marrones de bajos ingresos,<\/li>\n\n\n\n<li>Personas con dificultades de alfabetizaci\u00f3n, discapacidad o acceso a la tecnolog\u00eda,<\/li>\n\n\n\n<li>J\u00f3venes en hogares de acogida o en sistemas afectados por la justicia,<\/li>\n\n\n\n<li>Familias de personas encarceladas.<\/li>\n<\/ul>\n\n\n\n<h2 class=\"wp-block-heading\" id=\"where-we-work\">D\u00f3nde trabajamos<\/h2>\n\n\n\n<p>El trabajo de VAAC abarca todo el estado, con una programaci\u00f3n central en los condados de Wayne (Detroit), Oakland, Washtenaw, Genesee (Flint) y Kent (Grand Rapids). Contamos con programas emergentes de alcance comunitario en los condados de Macomb, Ingham y Berrien.<\/p>\n\n\n\n<h2 class=\"wp-block-heading\" id=\"why-it-matters\">Por qu\u00e9 es importante<\/h2>\n\n\n\n<p>Muchas personas en Michigan desconocen su derecho al voto tras ser encarceladas o nunca han recibido informaci\u00f3n precisa sobre c\u00f3mo participar. La desinformaci\u00f3n y la desconfianza son comunes, sobre todo en comunidades hist\u00f3ricamente excluidas. VAAC se re\u00fane con las personas personalmente, ofreciendo informaci\u00f3n clara, respondiendo preguntas y creando un espacio para el di\u00e1logo c\u00edvico. Creemos que el fortalecimiento del poder y la ayuda mutua deben ir de la mano; no se puede pedir a las personas que participen c\u00edvicamente si est\u00e1n preocupadas por sus necesidades b\u00e1sicas. Nuestro modelo conecta con las personas donde se encuentran: con alimento, dignidad y conocimiento. Cuando las personas cuentan con recursos, informaci\u00f3n y un sentido de pertenencia, se convierten en poderosos agentes de cambio.<\/p>\n\n\n\n<hr class=\"wp-block-separator has-alpha-channel-opacity is-style-dots\"\/>\n\n\n\n<h2 class=\"wp-block-heading has-text-align-center\" id=\"in-memory-of-our-founding-leaders\">En memoria de nuestros l\u00edderes fundadores<\/h2>\n\n\n\n<figure class=\"wp-block-image aligncenter size-full\"><img loading=\"lazy\" decoding=\"async\" width=\"800\" height=\"450\" src=\"https:\/\/votingaccessforall.org\/wp-content\/uploads\/2022\/12\/earl-and-danny-e1670437947736.jpg\" alt=\"Danny Jones and Earl Burton standing next to a VAAC banner\" class=\"wp-image-3443\" srcset=\"https:\/\/votingaccessforall.org\/wp-content\/uploads\/2022\/12\/earl-and-danny-e1670437947736.jpg 800w, https:\/\/votingaccessforall.org\/wp-content\/uploads\/2022\/12\/earl-and-danny-e1670437947736-300x169.jpg 300w, https:\/\/votingaccessforall.org\/wp-content\/uploads\/2022\/12\/earl-and-danny-e1670437947736-768x432.jpg 768w, https:\/\/votingaccessforall.org\/wp-content\/uploads\/2022\/12\/earl-and-danny-e1670437947736-18x10.jpg 18w, https:\/\/votingaccessforall.org\/wp-content\/uploads\/2022\/12\/earl-and-danny-e1670437947736-533x300.jpg 533w\" sizes=\"auto, (max-width: 800px) 100vw, 800px\" \/><figcaption class=\"wp-element-caption\">Danny Jones (izquierda) y Earl Burton (derecha) en nuestro picnic de aniversario de 2022.<\/figcaption><\/figure>\n\n\n\n<p>Lamentamos el fallecimiento de nuestros queridos l\u00edderes, Danny Jones, Earl Burton y Ronnie Waters. Agradecemos todo lo que lograron por las personas afectadas por el sistema judicial penal. VAAC se fund\u00f3 sobre su visi\u00f3n y compromiso de construir un mundo m\u00e1s amable y justo. No podemos sobreestimar lo que estos gigantes significaron para nuestra familia VAAC. Su luz vivir\u00e1 en nuestros corazones mientras continuamos sirviendo a la comunidad como ellos lo imaginaron. <a href=\"https:\/\/votingaccessforall.org\/es\/in-memory\/\">Conozca m\u00e1s sobre sus vidas y su trabajo.<\/a><\/p>","protected":false},"excerpt":{"rendered":"<p>We combine mutual aid\u2014like meals, hygiene kits, transportation, and voter support\u2014with deep civic education, advocacy, and leadership development. Whether we\u2019re registering someone to vote for the first time, training youth to lead change in their neighborhoods, or supporting civic engagement behind jail walls, we show up with care, consistency, and community. This approach is at [&hellip;]<\/p>\n","protected":false},"author":2,"featured_media":3443,"parent":472,"menu_order":1,"comment_status":"closed","ping_status":"closed","template":"","meta":{"_gspb_post_css":"","progress_planner_page_todos":"","footnotes":""},"progress_planner_page_types":[620],"class_list":["post-3480","page","type-page","status-publish","has-post-thumbnail","hentry"],"yoast_head":"<!-- This site is optimized with the Yoast SEO plugin v27.3 - https:\/\/yoast.com\/product\/yoast-seo-wordpress\/ -->\n<title>VAAC Mission and Values &#8211; Voting Access For All<\/title>\n<meta name=\"description\" content=\"The Voting Access for All Coalition (VAAC) gives a voice to those impacted by the Criminal Legal System.\" \/>\n<meta name=\"robots\" content=\"index, follow, max-snippet:-1, max-image-preview:large, max-video-preview:-1\" \/>\n<link rel=\"canonical\" href=\"https:\/\/votingaccessforall.org\/es\/about\/history\/\" \/>\n<meta property=\"og:locale\" content=\"es_MX\" \/>\n<meta property=\"og:type\" content=\"article\" \/>\n<meta property=\"og:title\" content=\"VAAC Mission and Values &#8211; Voting Access For All\" \/>\n<meta property=\"og:description\" content=\"The Voting Access for All Coalition (VAAC) gives a voice to those impacted by the Criminal Legal System.\" \/>\n<meta property=\"og:url\" content=\"https:\/\/votingaccessforall.org\/es\/about\/history\/\" \/>\n<meta property=\"og:site_name\" content=\"Voting Access For All\" \/>\n<meta property=\"article:publisher\" content=\"https:\/\/www.facebook.com\/VotingAccessForAll\/\" \/>\n<meta property=\"article:modified_time\" content=\"2026-03-06T14:47:03+00:00\" \/>\n<meta property=\"og:image\" content=\"https:\/\/votingaccessforall.org\/wp-content\/uploads\/2022\/12\/earl-and-danny-e1670437947736.jpg\" \/>\n\t<meta property=\"og:image:width\" content=\"800\" \/>\n\t<meta property=\"og:image:height\" content=\"450\" \/>\n\t<meta property=\"og:image:type\" content=\"image\/jpeg\" \/>\n<meta name=\"twitter:card\" content=\"summary_large_image\" \/>\n<meta name=\"twitter:label1\" content=\"Tiempo de lectura\" \/>\n\t<meta name=\"twitter:data1\" content=\"3 minutos\" \/>\n<script type=\"application\/ld+json\" class=\"yoast-schema-graph\">{\"@context\":\"https:\\\/\\\/schema.org\",\"@graph\":[{\"@type\":\"WebPage\",\"@id\":\"https:\\\/\\\/votingaccessforall.org\\\/about\\\/history\\\/\",\"url\":\"https:\\\/\\\/votingaccessforall.org\\\/about\\\/history\\\/\",\"name\":\"VAAC Mission and Values &#8211; Voting Access For All\",\"isPartOf\":{\"@id\":\"https:\\\/\\\/votingaccessforall.org\\\/#website\"},\"primaryImageOfPage\":{\"@id\":\"https:\\\/\\\/votingaccessforall.org\\\/about\\\/history\\\/#primaryimage\"},\"image\":{\"@id\":\"https:\\\/\\\/votingaccessforall.org\\\/about\\\/history\\\/#primaryimage\"},\"thumbnailUrl\":\"https:\\\/\\\/votingaccessforall.org\\\/wp-content\\\/uploads\\\/2022\\\/12\\\/earl-and-danny-e1670437947736.jpg\",\"datePublished\":\"2022-12-14T16:56:44+00:00\",\"dateModified\":\"2026-03-06T14:47:03+00:00\",\"description\":\"The Voting Access for All Coalition (VAAC) gives a voice to those impacted by the Criminal Legal System.\",\"breadcrumb\":{\"@id\":\"https:\\\/\\\/votingaccessforall.org\\\/about\\\/history\\\/#breadcrumb\"},\"inLanguage\":\"es\",\"potentialAction\":[{\"@type\":\"ReadAction\",\"target\":[\"https:\\\/\\\/votingaccessforall.org\\\/about\\\/history\\\/\"]}]},{\"@type\":\"ImageObject\",\"inLanguage\":\"es\",\"@id\":\"https:\\\/\\\/votingaccessforall.org\\\/about\\\/history\\\/#primaryimage\",\"url\":\"https:\\\/\\\/votingaccessforall.org\\\/wp-content\\\/uploads\\\/2022\\\/12\\\/earl-and-danny-e1670437947736.jpg\",\"contentUrl\":\"https:\\\/\\\/votingaccessforall.org\\\/wp-content\\\/uploads\\\/2022\\\/12\\\/earl-and-danny-e1670437947736.jpg\",\"width\":800,\"height\":450,\"caption\":\"Danny Jones and Earl Burton standing next to a VAAC banner\"},{\"@type\":\"BreadcrumbList\",\"@id\":\"https:\\\/\\\/votingaccessforall.org\\\/about\\\/history\\\/#breadcrumb\",\"itemListElement\":[{\"@type\":\"ListItem\",\"position\":1,\"name\":\"Home\",\"item\":\"https:\\\/\\\/votingaccessforall.org\\\/\"},{\"@type\":\"ListItem\",\"position\":2,\"name\":\"About Voting Access for All Coalition\",\"item\":\"https:\\\/\\\/votingaccessforall.org\\\/about\\\/\"},{\"@type\":\"ListItem\",\"position\":3,\"name\":\"VAAC Mission and Values\"}]},{\"@type\":\"WebSite\",\"@id\":\"https:\\\/\\\/votingaccessforall.org\\\/#website\",\"url\":\"https:\\\/\\\/votingaccessforall.org\\\/\",\"name\":\"Voting Access For All\",\"description\":\"Empowering ALL Michigan Voters: Voting Is Your Right!\",\"publisher\":{\"@id\":\"https:\\\/\\\/votingaccessforall.org\\\/#organization\"},\"potentialAction\":[{\"@type\":\"SearchAction\",\"target\":{\"@type\":\"EntryPoint\",\"urlTemplate\":\"https:\\\/\\\/votingaccessforall.org\\\/?s={search_term_string}\"},\"query-input\":{\"@type\":\"PropertyValueSpecification\",\"valueRequired\":true,\"valueName\":\"search_term_string\"}}],\"inLanguage\":\"es\"},{\"@type\":\"Organization\",\"@id\":\"https:\\\/\\\/votingaccessforall.org\\\/#organization\",\"name\":\"Voting Access for All Coalition\",\"url\":\"https:\\\/\\\/votingaccessforall.org\\\/\",\"logo\":{\"@type\":\"ImageObject\",\"inLanguage\":\"es\",\"@id\":\"https:\\\/\\\/votingaccessforall.org\\\/#\\\/schema\\\/logo\\\/image\\\/\",\"url\":\"https:\\\/\\\/votingaccessforall.org\\\/wp-content\\\/uploads\\\/2021\\\/05\\\/cropped-VAAC_logo_Small.jpg\",\"contentUrl\":\"https:\\\/\\\/votingaccessforall.org\\\/wp-content\\\/uploads\\\/2021\\\/05\\\/cropped-VAAC_logo_Small.jpg\",\"width\":512,\"height\":512,\"caption\":\"Voting Access for All Coalition\"},\"image\":{\"@id\":\"https:\\\/\\\/votingaccessforall.org\\\/#\\\/schema\\\/logo\\\/image\\\/\"},\"sameAs\":[\"https:\\\/\\\/www.facebook.com\\\/VotingAccessForAll\\\/\",\"https:\\\/\\\/www.instagram.com\\\/votingaccessforall\\\/\",\"https:\\\/\\\/www.youtube.com\\\/@VotingAccessForAll\",\"https:\\\/\\\/www.linkedin.com\\\/company\\\/voting-access-for-all-vaac\\\/\",\"https:\\\/\\\/bsky.app\\\/profile\\\/votingaccessforall.bsky.social\"]}]}<\/script>\n<!-- \/ Yoast SEO plugin. -->","yoast_head_json":{"title":"Misi\u00f3n y valores del VAAC: Acceso al voto para todos","description":"La Coalici\u00f3n de Acceso al Voto para Todos (VAAC) da voz a aquellos afectados por el Sistema Legal Penal.","robots":{"index":"index","follow":"follow","max-snippet":"max-snippet:-1","max-image-preview":"max-image-preview:large","max-video-preview":"max-video-preview:-1"},"canonical":"https:\/\/votingaccessforall.org\/es\/about\/history\/","og_locale":"es_MX","og_type":"article","og_title":"VAAC Mission and Values &#8211; Voting Access For All","og_description":"The Voting Access for All Coalition (VAAC) gives a voice to those impacted by the Criminal Legal System.","og_url":"https:\/\/votingaccessforall.org\/es\/about\/history\/","og_site_name":"Voting Access For All","article_publisher":"https:\/\/www.facebook.com\/VotingAccessForAll\/","article_modified_time":"2026-03-06T14:47:03+00:00","og_image":[{"width":800,"height":450,"url":"https:\/\/votingaccessforall.org\/wp-content\/uploads\/2022\/12\/earl-and-danny-e1670437947736.jpg","type":"image\/jpeg"}],"twitter_card":"summary_large_image","twitter_misc":{"Tiempo de lectura":"3 minutos"},"schema":{"@context":"https:\/\/schema.org","@graph":[{"@type":"WebPage","@id":"https:\/\/votingaccessforall.org\/about\/history\/","url":"https:\/\/votingaccessforall.org\/about\/history\/","name":"Misi\u00f3n y valores del VAAC: Acceso al voto para todos","isPartOf":{"@id":"https:\/\/votingaccessforall.org\/#website"},"primaryImageOfPage":{"@id":"https:\/\/votingaccessforall.org\/about\/history\/#primaryimage"},"image":{"@id":"https:\/\/votingaccessforall.org\/about\/history\/#primaryimage"},"thumbnailUrl":"https:\/\/votingaccessforall.org\/wp-content\/uploads\/2022\/12\/earl-and-danny-e1670437947736.jpg","datePublished":"2022-12-14T16:56:44+00:00","dateModified":"2026-03-06T14:47:03+00:00","description":"La Coalici\u00f3n de Acceso al Voto para Todos (VAAC) da voz a aquellos afectados por el Sistema Legal Penal.","breadcrumb":{"@id":"https:\/\/votingaccessforall.org\/about\/history\/#breadcrumb"},"inLanguage":"es","potentialAction":[{"@type":"ReadAction","target":["https:\/\/votingaccessforall.org\/about\/history\/"]}]},{"@type":"ImageObject","inLanguage":"es","@id":"https:\/\/votingaccessforall.org\/about\/history\/#primaryimage","url":"https:\/\/votingaccessforall.org\/wp-content\/uploads\/2022\/12\/earl-and-danny-e1670437947736.jpg","contentUrl":"https:\/\/votingaccessforall.org\/wp-content\/uploads\/2022\/12\/earl-and-danny-e1670437947736.jpg","width":800,"height":450,"caption":"Danny Jones and Earl Burton standing next to a VAAC banner"},{"@type":"BreadcrumbList","@id":"https:\/\/votingaccessforall.org\/about\/history\/#breadcrumb","itemListElement":[{"@type":"ListItem","position":1,"name":"Home","item":"https:\/\/votingaccessforall.org\/"},{"@type":"ListItem","position":2,"name":"About Voting Access for All Coalition","item":"https:\/\/votingaccessforall.org\/about\/"},{"@type":"ListItem","position":3,"name":"VAAC Mission and Values"}]},{"@type":"WebSite","@id":"https:\/\/votingaccessforall.org\/#website","url":"https:\/\/votingaccessforall.org\/","name":"Acceso a la votaci\u00f3n para todos","description":"Empoderando a TODOS los votantes de Michigan:<br \/>\u00a1Votar es su derecho!","publisher":{"@id":"https:\/\/votingaccessforall.org\/#organization"},"potentialAction":[{"@type":"SearchAction","target":{"@type":"EntryPoint","urlTemplate":"https:\/\/votingaccessforall.org\/?s={search_term_string}"},"query-input":{"@type":"PropertyValueSpecification","valueRequired":true,"valueName":"search_term_string"}}],"inLanguage":"es"},{"@type":"Organization","@id":"https:\/\/votingaccessforall.org\/#organization","name":"Coalici\u00f3n de acceso a la votaci\u00f3n para todos","url":"https:\/\/votingaccessforall.org\/","logo":{"@type":"ImageObject","inLanguage":"es","@id":"https:\/\/votingaccessforall.org\/#\/schema\/logo\/image\/","url":"https:\/\/votingaccessforall.org\/wp-content\/uploads\/2021\/05\/cropped-VAAC_logo_Small.jpg","contentUrl":"https:\/\/votingaccessforall.org\/wp-content\/uploads\/2021\/05\/cropped-VAAC_logo_Small.jpg","width":512,"height":512,"caption":"Voting Access for All Coalition"},"image":{"@id":"https:\/\/votingaccessforall.org\/#\/schema\/logo\/image\/"},"sameAs":["https:\/\/www.facebook.com\/VotingAccessForAll\/","https:\/\/www.instagram.com\/votingaccessforall\/","https:\/\/www.youtube.com\/@VotingAccessForAll","https:\/\/www.linkedin.com\/company\/voting-access-for-all-vaac\/","https:\/\/bsky.app\/profile\/votingaccessforall.bsky.social"]}]}},"_links":{"self":[{"href":"https:\/\/votingaccessforall.org\/es\/wp-json\/wp\/v2\/pages\/3480","targetHints":{"allow":["GET"]}}],"collection":[{"href":"https:\/\/votingaccessforall.org\/es\/wp-json\/wp\/v2\/pages"}],"about":[{"href":"https:\/\/votingaccessforall.org\/es\/wp-json\/wp\/v2\/types\/page"}],"author":[{"embeddable":true,"href":"https:\/\/votingaccessforall.org\/es\/wp-json\/wp\/v2\/users\/2"}],"replies":[{"embeddable":true,"href":"https:\/\/votingaccessforall.org\/es\/wp-json\/wp\/v2\/comments?post=3480"}],"version-history":[{"count":8,"href":"https:\/\/votingaccessforall.org\/es\/wp-json\/wp\/v2\/pages\/3480\/revisions"}],"predecessor-version":[{"id":218095,"href":"https:\/\/votingaccessforall.org\/es\/wp-json\/wp\/v2\/pages\/3480\/revisions\/218095"}],"up":[{"embeddable":true,"href":"https:\/\/votingaccessforall.org\/es\/wp-json\/wp\/v2\/pages\/472"}],"wp:featuredmedia":[{"embeddable":true,"href":"https:\/\/votingaccessforall.org\/es\/wp-json\/wp\/v2\/media\/3443"}],"wp:attachment":[{"href":"https:\/\/votingaccessforall.org\/es\/wp-json\/wp\/v2\/media?parent=3480"}],"wp:term":[{"taxonomy":"progress_planner_page_types","embeddable":true,"href":"https:\/\/votingaccessforall.org\/es\/wp-json\/wp\/v2\/progress_planner_page_types?post=3480"}],"curies":[{"name":"gracias","href":"https:\/\/api.w.org\/{rel}","templated":true}]}}