{"id":3472,"date":"2022-12-07T14:02:16","date_gmt":"2022-12-07T19:02:16","guid":{"rendered":"https:\/\/votingaccessforall.org\/?page_id=3472"},"modified":"2023-02-22T19:02:27","modified_gmt":"2023-02-23T00:02:27","slug":"earl-burton-bio","status":"publish","type":"page","link":"https:\/\/votingaccessforall.org\/es\/about\/earl-burton-bio\/","title":{"rendered":"Biograf\u00eda-Earl Burton"},"content":{"rendered":"<p>Earl Burton se desempe\u00f1\u00f3 como organizador relacional de <a href=\"https:\/\/miliberation.org\" target=\"_blank\" rel=\"noreferrer noopener\">Michigan Liberation<\/a>. A continuaci\u00f3n se presentan algunos detalles, en palabras del propio Earl, sobre su trabajo all\u00ed.<\/p>\n\n\n\n<div class=\"schema-faq wp-block-yoast-faq-block\"><div class=\"schema-faq-section\" id=\"faq-question-1672765062890\"><strong class=\"schema-faq-question\"><strong>Logros de la Liberaci\u00f3n de Michigan:<\/strong><\/strong> <p class=\"schema-faq-answer\">Convirtiendo el voto en Michigan. Poder rescatar a personas que de otro modo habr\u00edan tenido que permanecer en la c\u00e1rcel por su incapacidad de pago.<\/p> <\/div> <div class=\"schema-faq-section\" id=\"faq-question-1672765097075\"><strong class=\"schema-faq-question\"><strong>\u00bfCu\u00e1l es su mayor esperanza en lo que respecta a la justicia penal y\/o la justicia social?<\/strong><\/strong> <p class=\"schema-faq-answer\">Equidad para la comunidad. Mi mayor esperanza es que la justicia se vuelva equitativa y el fin del encarcelamiento masivo y el exceso de vigilancia en las comunidades negras y marrones.<\/p> <\/div> <div class=\"schema-faq-section\" id=\"faq-question-1672765094475\"><strong class=\"schema-faq-question\"><strong>\u00bfCu\u00e1les son algunas lecciones clave y\/o citas que has aprendido en la vida?<\/strong><\/strong> <p class=\"schema-faq-answer\">Nunca digas nada de alguien que no le dir\u00edas. Que cuando haces lo correcto puedes vivir con los resultados sean cuales sean.<\/p> <\/div> <div class=\"schema-faq-section\" id=\"faq-question-1672765101813\"><strong class=\"schema-faq-question\"><strong>\u00bfQu\u00e9 admiras de la Liberaci\u00f3n de Michigan?<\/strong><\/strong> <p class=\"schema-faq-answer\">Que somos una familia. La autenticidad, la transparencia y el ambiente familiar.<\/p> <\/div> <div class=\"schema-faq-section\" id=\"faq-question-1672765102799\"><strong class=\"schema-faq-question\"><strong>\u00bfCu\u00e1les son sus momentos m\u00e1s memorables en Michigan Liberation?<\/strong><\/strong> <p class=\"schema-faq-answer\">La fiesta sorpresa despu\u00e9s de la reuni\u00f3n de nuestro grupo central. Nunca olvidar\u00e9 el momento en que me pidieron que formara parte de la organizaci\u00f3n.<\/p> <\/div> <\/div>","protected":false},"excerpt":{"rendered":"<p>Earl Burton se desempe\u00f1\u00f3 como organizador relacional para la liberaci\u00f3n de Michigan. A continuaci\u00f3n se presentan algunos detalles, en palabras del propio Earl, sobre su trabajo all\u00ed.<\/p>","protected":false},"author":1,"featured_media":0,"parent":472,"menu_order":0,"comment_status":"closed","ping_status":"closed","template":"","meta":{"_gspb_post_css":"","progress_planner_page_todos":"","footnotes":""},"progress_planner_page_types":[],"class_list":["post-3472","page","type-page","status-publish","hentry"],"yoast_head":"<!-- This site is optimized with the Yoast SEO plugin v27.3 - https:\/\/yoast.com\/product\/yoast-seo-wordpress\/ -->\n<title>Biography\u2013Earl Burton &#8211; Voting Access For All<\/title>\n<meta name=\"description\" content=\"Earl Burton served as Relational Organizer for Michigan Liberation. Below are some details, in Earl&#039;s own words, about his work there.\" \/>\n<meta name=\"robots\" content=\"index, follow, max-snippet:-1, max-image-preview:large, max-video-preview:-1\" \/>\n<link rel=\"canonical\" href=\"https:\/\/votingaccessforall.org\/es\/about\/earl-burton-bio\/\" \/>\n<meta property=\"og:locale\" content=\"es_MX\" \/>\n<meta property=\"og:type\" content=\"article\" \/>\n<meta property=\"og:title\" content=\"Biography\u2013Earl Burton &#8211; Voting Access For All\" \/>\n<meta property=\"og:description\" content=\"Earl Burton served as Relational Organizer for Michigan Liberation. Below are some details, in Earl&#039;s own words, about his work there.\" \/>\n<meta property=\"og:url\" content=\"https:\/\/votingaccessforall.org\/es\/about\/earl-burton-bio\/\" \/>\n<meta property=\"og:site_name\" content=\"Voting Access For All\" \/>\n<meta property=\"article:publisher\" content=\"https:\/\/www.facebook.com\/VotingAccessForAll\/\" \/>\n<meta property=\"article:modified_time\" content=\"2023-02-23T00:02:27+00:00\" \/>\n<meta name=\"twitter:card\" content=\"summary_large_image\" \/>\n<meta name=\"twitter:label1\" content=\"Tiempo de lectura\" \/>\n\t<meta name=\"twitter:data1\" content=\"1 minuto\" \/>\n<script type=\"application\/ld+json\" class=\"yoast-schema-graph\">{\"@context\":\"https:\\\/\\\/schema.org\",\"@graph\":[{\"@type\":[\"WebPage\",\"FAQPage\"],\"@id\":\"https:\\\/\\\/votingaccessforall.org\\\/about\\\/earl-burton-bio\\\/\",\"url\":\"https:\\\/\\\/votingaccessforall.org\\\/about\\\/earl-burton-bio\\\/\",\"name\":\"Biography\u2013Earl Burton &#8211; Voting Access For All\",\"isPartOf\":{\"@id\":\"https:\\\/\\\/votingaccessforall.org\\\/#website\"},\"datePublished\":\"2022-12-07T19:02:16+00:00\",\"dateModified\":\"2023-02-23T00:02:27+00:00\",\"description\":\"Earl Burton served as Relational Organizer for Michigan Liberation. Below are some details, in Earl's own words, about his work there.\",\"breadcrumb\":{\"@id\":\"https:\\\/\\\/votingaccessforall.org\\\/about\\\/earl-burton-bio\\\/#breadcrumb\"},\"mainEntity\":[{\"@id\":\"https:\\\/\\\/votingaccessforall.org\\\/about\\\/earl-burton-bio\\\/#faq-question-1672765062890\"},{\"@id\":\"https:\\\/\\\/votingaccessforall.org\\\/about\\\/earl-burton-bio\\\/#faq-question-1672765097075\"},{\"@id\":\"https:\\\/\\\/votingaccessforall.org\\\/about\\\/earl-burton-bio\\\/#faq-question-1672765094475\"},{\"@id\":\"https:\\\/\\\/votingaccessforall.org\\\/about\\\/earl-burton-bio\\\/#faq-question-1672765101813\"},{\"@id\":\"https:\\\/\\\/votingaccessforall.org\\\/about\\\/earl-burton-bio\\\/#faq-question-1672765102799\"}],\"inLanguage\":\"es\",\"potentialAction\":[{\"@type\":\"ReadAction\",\"target\":[\"https:\\\/\\\/votingaccessforall.org\\\/about\\\/earl-burton-bio\\\/\"]}]},{\"@type\":\"BreadcrumbList\",\"@id\":\"https:\\\/\\\/votingaccessforall.org\\\/about\\\/earl-burton-bio\\\/#breadcrumb\",\"itemListElement\":[{\"@type\":\"ListItem\",\"position\":1,\"name\":\"Home\",\"item\":\"https:\\\/\\\/votingaccessforall.org\\\/\"},{\"@type\":\"ListItem\",\"position\":2,\"name\":\"About Voting Access for All Coalition\",\"item\":\"https:\\\/\\\/votingaccessforall.org\\\/about\\\/\"},{\"@type\":\"ListItem\",\"position\":3,\"name\":\"Biography\u2013Earl Burton\"}]},{\"@type\":\"WebSite\",\"@id\":\"https:\\\/\\\/votingaccessforall.org\\\/#website\",\"url\":\"https:\\\/\\\/votingaccessforall.org\\\/\",\"name\":\"Voting Access For All\",\"description\":\"Empowering ALL Michigan Voters: Voting Is Your Right!\",\"publisher\":{\"@id\":\"https:\\\/\\\/votingaccessforall.org\\\/#organization\"},\"potentialAction\":[{\"@type\":\"SearchAction\",\"target\":{\"@type\":\"EntryPoint\",\"urlTemplate\":\"https:\\\/\\\/votingaccessforall.org\\\/?s={search_term_string}\"},\"query-input\":{\"@type\":\"PropertyValueSpecification\",\"valueRequired\":true,\"valueName\":\"search_term_string\"}}],\"inLanguage\":\"es\"},{\"@type\":\"Organization\",\"@id\":\"https:\\\/\\\/votingaccessforall.org\\\/#organization\",\"name\":\"Voting Access for All Coalition\",\"url\":\"https:\\\/\\\/votingaccessforall.org\\\/\",\"logo\":{\"@type\":\"ImageObject\",\"inLanguage\":\"es\",\"@id\":\"https:\\\/\\\/votingaccessforall.org\\\/#\\\/schema\\\/logo\\\/image\\\/\",\"url\":\"https:\\\/\\\/votingaccessforall.org\\\/wp-content\\\/uploads\\\/2021\\\/05\\\/cropped-VAAC_logo_Small.jpg\",\"contentUrl\":\"https:\\\/\\\/votingaccessforall.org\\\/wp-content\\\/uploads\\\/2021\\\/05\\\/cropped-VAAC_logo_Small.jpg\",\"width\":512,\"height\":512,\"caption\":\"Voting Access for All Coalition\"},\"image\":{\"@id\":\"https:\\\/\\\/votingaccessforall.org\\\/#\\\/schema\\\/logo\\\/image\\\/\"},\"sameAs\":[\"https:\\\/\\\/www.facebook.com\\\/VotingAccessForAll\\\/\",\"https:\\\/\\\/www.instagram.com\\\/votingaccessforall\\\/\",\"https:\\\/\\\/www.youtube.com\\\/@VotingAccessForAll\",\"https:\\\/\\\/www.linkedin.com\\\/company\\\/voting-access-for-all-vaac\\\/\",\"https:\\\/\\\/bsky.app\\\/profile\\\/votingaccessforall.bsky.social\"]},{\"@type\":\"Question\",\"@id\":\"https:\\\/\\\/votingaccessforall.org\\\/about\\\/earl-burton-bio\\\/#faq-question-1672765062890\",\"position\":1,\"url\":\"https:\\\/\\\/votingaccessforall.org\\\/about\\\/earl-burton-bio\\\/#faq-question-1672765062890\",\"name\":\"Michigan Liberation accomplishment(s):\",\"answerCount\":1,\"acceptedAnswer\":{\"@type\":\"Answer\",\"text\":\"Turning the vote out in Michigan. Being able to bail out people who otherwise would have had to remain in jail for their inability to pay.\",\"inLanguage\":\"es\"},\"inLanguage\":\"es\"},{\"@type\":\"Question\",\"@id\":\"https:\\\/\\\/votingaccessforall.org\\\/about\\\/earl-burton-bio\\\/#faq-question-1672765097075\",\"position\":2,\"url\":\"https:\\\/\\\/votingaccessforall.org\\\/about\\\/earl-burton-bio\\\/#faq-question-1672765097075\",\"name\":\"What is your greatest hope as it pertains to criminal justice and\\\/or social justice?\",\"answerCount\":1,\"acceptedAnswer\":{\"@type\":\"Answer\",\"text\":\"Equity for the community. My greatest hope is that justice becomes equitable and the end of mass incarceration and over policing in the black and brown communities.\",\"inLanguage\":\"es\"},\"inLanguage\":\"es\"},{\"@type\":\"Question\",\"@id\":\"https:\\\/\\\/votingaccessforall.org\\\/about\\\/earl-burton-bio\\\/#faq-question-1672765094475\",\"position\":3,\"url\":\"https:\\\/\\\/votingaccessforall.org\\\/about\\\/earl-burton-bio\\\/#faq-question-1672765094475\",\"name\":\"What are some key lessons and\\\/or quotes you\u2019ve learned in life?\",\"answerCount\":1,\"acceptedAnswer\":{\"@type\":\"Answer\",\"text\":\"Never say anything about someone that you won\u2019t say to them. That when you do the right thing you can live with the results whatever they may be.\",\"inLanguage\":\"es\"},\"inLanguage\":\"es\"},{\"@type\":\"Question\",\"@id\":\"https:\\\/\\\/votingaccessforall.org\\\/about\\\/earl-burton-bio\\\/#faq-question-1672765101813\",\"position\":4,\"url\":\"https:\\\/\\\/votingaccessforall.org\\\/about\\\/earl-burton-bio\\\/#faq-question-1672765101813\",\"name\":\"What do you admire about Michigan Liberation?\",\"answerCount\":1,\"acceptedAnswer\":{\"@type\":\"Answer\",\"text\":\"That we\u2019re a family. The authenticity, transparency, and family atmosphere.\",\"inLanguage\":\"es\"},\"inLanguage\":\"es\"},{\"@type\":\"Question\",\"@id\":\"https:\\\/\\\/votingaccessforall.org\\\/about\\\/earl-burton-bio\\\/#faq-question-1672765102799\",\"position\":5,\"url\":\"https:\\\/\\\/votingaccessforall.org\\\/about\\\/earl-burton-bio\\\/#faq-question-1672765102799\",\"name\":\"What are your most memorable times at Michigan Liberation?\",\"answerCount\":1,\"acceptedAnswer\":{\"@type\":\"Answer\",\"text\":\"The surprise party after our core group meeting. I will never forget the time when I was asked to become a part of the org.\",\"inLanguage\":\"es\"},\"inLanguage\":\"es\"}]}<\/script>\n<!-- \/ Yoast SEO plugin. -->","yoast_head_json":{"title":"Biograf\u00eda de Earl Burton: Acceso al voto para todos","description":"Earl Burton fue el Organizador Relacional de la Liberaci\u00f3n de Michigan. A continuaci\u00f3n, se presentan algunos detalles, en palabras del propio Earl, sobre su trabajo all\u00ed.","robots":{"index":"index","follow":"follow","max-snippet":"max-snippet:-1","max-image-preview":"max-image-preview:large","max-video-preview":"max-video-preview:-1"},"canonical":"https:\/\/votingaccessforall.org\/es\/about\/earl-burton-bio\/","og_locale":"es_MX","og_type":"article","og_title":"Biography\u2013Earl Burton &#8211; Voting Access For All","og_description":"Earl Burton served as Relational Organizer for Michigan Liberation. Below are some details, in Earl's own words, about his work there.","og_url":"https:\/\/votingaccessforall.org\/es\/about\/earl-burton-bio\/","og_site_name":"Voting Access For All","article_publisher":"https:\/\/www.facebook.com\/VotingAccessForAll\/","article_modified_time":"2023-02-23T00:02:27+00:00","twitter_card":"summary_large_image","twitter_misc":{"Tiempo de lectura":"1 minuto"},"schema":{"@context":"https:\/\/schema.org","@graph":[{"@type":["WebPage","FAQPage"],"@id":"https:\/\/votingaccessforall.org\/about\/earl-burton-bio\/","url":"https:\/\/votingaccessforall.org\/about\/earl-burton-bio\/","name":"Biograf\u00eda de Earl Burton: Acceso al voto para todos","isPartOf":{"@id":"https:\/\/votingaccessforall.org\/#website"},"datePublished":"2022-12-07T19:02:16+00:00","dateModified":"2023-02-23T00:02:27+00:00","description":"Earl Burton fue el Organizador Relacional de la Liberaci\u00f3n de Michigan. A continuaci\u00f3n, se presentan algunos detalles, en palabras del propio Earl, sobre su trabajo all\u00ed.","breadcrumb":{"@id":"https:\/\/votingaccessforall.org\/about\/earl-burton-bio\/#breadcrumb"},"mainEntity":[{"@id":"https:\/\/votingaccessforall.org\/about\/earl-burton-bio\/#faq-question-1672765062890"},{"@id":"https:\/\/votingaccessforall.org\/about\/earl-burton-bio\/#faq-question-1672765097075"},{"@id":"https:\/\/votingaccessforall.org\/about\/earl-burton-bio\/#faq-question-1672765094475"},{"@id":"https:\/\/votingaccessforall.org\/about\/earl-burton-bio\/#faq-question-1672765101813"},{"@id":"https:\/\/votingaccessforall.org\/about\/earl-burton-bio\/#faq-question-1672765102799"}],"inLanguage":"es","potentialAction":[{"@type":"ReadAction","target":["https:\/\/votingaccessforall.org\/about\/earl-burton-bio\/"]}]},{"@type":"BreadcrumbList","@id":"https:\/\/votingaccessforall.org\/about\/earl-burton-bio\/#breadcrumb","itemListElement":[{"@type":"ListItem","position":1,"name":"Home","item":"https:\/\/votingaccessforall.org\/"},{"@type":"ListItem","position":2,"name":"About Voting Access for All Coalition","item":"https:\/\/votingaccessforall.org\/about\/"},{"@type":"ListItem","position":3,"name":"Biography\u2013Earl Burton"}]},{"@type":"WebSite","@id":"https:\/\/votingaccessforall.org\/#website","url":"https:\/\/votingaccessforall.org\/","name":"Acceso a la votaci\u00f3n para todos","description":"Empoderando a TODOS los votantes de Michigan:<br \/>\u00a1Votar es su derecho!","publisher":{"@id":"https:\/\/votingaccessforall.org\/#organization"},"potentialAction":[{"@type":"SearchAction","target":{"@type":"EntryPoint","urlTemplate":"https:\/\/votingaccessforall.org\/?s={search_term_string}"},"query-input":{"@type":"PropertyValueSpecification","valueRequired":true,"valueName":"search_term_string"}}],"inLanguage":"es"},{"@type":"Organization","@id":"https:\/\/votingaccessforall.org\/#organization","name":"Coalici\u00f3n de acceso a la votaci\u00f3n para todos","url":"https:\/\/votingaccessforall.org\/","logo":{"@type":"ImageObject","inLanguage":"es","@id":"https:\/\/votingaccessforall.org\/#\/schema\/logo\/image\/","url":"https:\/\/votingaccessforall.org\/wp-content\/uploads\/2021\/05\/cropped-VAAC_logo_Small.jpg","contentUrl":"https:\/\/votingaccessforall.org\/wp-content\/uploads\/2021\/05\/cropped-VAAC_logo_Small.jpg","width":512,"height":512,"caption":"Voting Access for All Coalition"},"image":{"@id":"https:\/\/votingaccessforall.org\/#\/schema\/logo\/image\/"},"sameAs":["https:\/\/www.facebook.com\/VotingAccessForAll\/","https:\/\/www.instagram.com\/votingaccessforall\/","https:\/\/www.youtube.com\/@VotingAccessForAll","https:\/\/www.linkedin.com\/company\/voting-access-for-all-vaac\/","https:\/\/bsky.app\/profile\/votingaccessforall.bsky.social"]},{"@type":"Question","@id":"https:\/\/votingaccessforall.org\/about\/earl-burton-bio\/#faq-question-1672765062890","position":1,"url":"https:\/\/votingaccessforall.org\/about\/earl-burton-bio\/#faq-question-1672765062890","name":"Logros de la Liberaci\u00f3n de Michigan:","answerCount":1,"acceptedAnswer":{"@type":"Answer","text":"Turning the vote out in Michigan. Being able to bail out people who otherwise would have had to remain in jail for their inability to pay.","inLanguage":"es"},"inLanguage":"es"},{"@type":"Question","@id":"https:\/\/votingaccessforall.org\/about\/earl-burton-bio\/#faq-question-1672765097075","position":2,"url":"https:\/\/votingaccessforall.org\/about\/earl-burton-bio\/#faq-question-1672765097075","name":"\u00bfCu\u00e1l es su mayor esperanza en lo que respecta a la justicia penal y\/o la justicia social?","answerCount":1,"acceptedAnswer":{"@type":"Answer","text":"Equity for the community. My greatest hope is that justice becomes equitable and the end of mass incarceration and over policing in the black and brown communities.","inLanguage":"es"},"inLanguage":"es"},{"@type":"Question","@id":"https:\/\/votingaccessforall.org\/about\/earl-burton-bio\/#faq-question-1672765094475","position":3,"url":"https:\/\/votingaccessforall.org\/about\/earl-burton-bio\/#faq-question-1672765094475","name":"\u00bfCu\u00e1les son algunas lecciones clave y\/o citas que has aprendido en la vida?","answerCount":1,"acceptedAnswer":{"@type":"Answer","text":"Never say anything about someone that you won\u2019t say to them. That when you do the right thing you can live with the results whatever they may be.","inLanguage":"es"},"inLanguage":"es"},{"@type":"Question","@id":"https:\/\/votingaccessforall.org\/about\/earl-burton-bio\/#faq-question-1672765101813","position":4,"url":"https:\/\/votingaccessforall.org\/about\/earl-burton-bio\/#faq-question-1672765101813","name":"\u00bfQu\u00e9 admiras de la Liberaci\u00f3n de Michigan?","answerCount":1,"acceptedAnswer":{"@type":"Answer","text":"That we\u2019re a family. The authenticity, transparency, and family atmosphere.","inLanguage":"es"},"inLanguage":"es"},{"@type":"Question","@id":"https:\/\/votingaccessforall.org\/about\/earl-burton-bio\/#faq-question-1672765102799","position":5,"url":"https:\/\/votingaccessforall.org\/about\/earl-burton-bio\/#faq-question-1672765102799","name":"\u00bfCu\u00e1les son sus momentos m\u00e1s memorables en Michigan Liberation?","answerCount":1,"acceptedAnswer":{"@type":"Answer","text":"The surprise party after our core group meeting. I will never forget the time when I was asked to become a part of the org.","inLanguage":"es"},"inLanguage":"es"}]}},"_links":{"self":[{"href":"https:\/\/votingaccessforall.org\/es\/wp-json\/wp\/v2\/pages\/3472","targetHints":{"allow":["GET"]}}],"collection":[{"href":"https:\/\/votingaccessforall.org\/es\/wp-json\/wp\/v2\/pages"}],"about":[{"href":"https:\/\/votingaccessforall.org\/es\/wp-json\/wp\/v2\/types\/page"}],"author":[{"embeddable":true,"href":"https:\/\/votingaccessforall.org\/es\/wp-json\/wp\/v2\/users\/1"}],"replies":[{"embeddable":true,"href":"https:\/\/votingaccessforall.org\/es\/wp-json\/wp\/v2\/comments?post=3472"}],"version-history":[{"count":2,"href":"https:\/\/votingaccessforall.org\/es\/wp-json\/wp\/v2\/pages\/3472\/revisions"}],"predecessor-version":[{"id":3506,"href":"https:\/\/votingaccessforall.org\/es\/wp-json\/wp\/v2\/pages\/3472\/revisions\/3506"}],"up":[{"embeddable":true,"href":"https:\/\/votingaccessforall.org\/es\/wp-json\/wp\/v2\/pages\/472"}],"wp:attachment":[{"href":"https:\/\/votingaccessforall.org\/es\/wp-json\/wp\/v2\/media?parent=3472"}],"wp:term":[{"taxonomy":"progress_planner_page_types","embeddable":true,"href":"https:\/\/votingaccessforall.org\/es\/wp-json\/wp\/v2\/progress_planner_page_types?post=3472"}],"curies":[{"name":"gracias","href":"https:\/\/api.w.org\/{rel}","templated":true}]}}