{"id":3441,"date":"2022-12-07T13:26:07","date_gmt":"2022-12-07T18:26:07","guid":{"rendered":"https:\/\/votingaccessforall.org\/?page_id=3441"},"modified":"2026-03-06T09:52:41","modified_gmt":"2026-03-06T14:52:41","slug":"in-memory","status":"publish","type":"page","link":"https:\/\/votingaccessforall.org\/es\/in-memory\/","title":{"rendered":"En memoria"},"content":{"rendered":"<div class=\"kb-row-layout-wrap kb-row-layout-id3441_df137f-31 alignnone wp-block-kadence-rowlayout\"><div class=\"kt-row-column-wrap kt-has-2-columns kt-row-layout-equal kt-tab-layout-inherit kt-mobile-layout-row kt-row-valign-top\">\n\n<div class=\"wp-block-kadence-column kadence-column3441_0b16b4-e8 inner-column-1\"><div class=\"kt-inside-inner-col\">\n<h2 class=\"wp-block-heading\" id=\"daniel-jones\">Daniel Jones<\/h2>\n\n\n\n<figure class=\"wp-block-image size-full\"><img loading=\"lazy\" decoding=\"async\" width=\"400\" height=\"471\" src=\"https:\/\/votingaccessforall.org\/wp-content\/uploads\/2022\/12\/danny-on-white.jpg\" alt=\"Danny Jones\" class=\"wp-image-3458\" srcset=\"https:\/\/votingaccessforall.org\/wp-content\/uploads\/2022\/12\/danny-on-white.jpg 400w, https:\/\/votingaccessforall.org\/wp-content\/uploads\/2022\/12\/danny-on-white-255x300.jpg 255w, https:\/\/votingaccessforall.org\/wp-content\/uploads\/2022\/12\/danny-on-white-10x12.jpg 10w\" sizes=\"auto, (max-width: 400px) 100vw, 400px\" \/><\/figure>\n\n\n\n<div style=\"height:32px\" aria-hidden=\"true\" class=\"wp-block-spacer\"><\/div>\n\n\n\n<p>Cuando la Coalici\u00f3n de Acceso al Voto para Todos comenz\u00f3 a tomar forma en la primavera de 2020, Danny dio un paso al frente como un l\u00edder natural simplemente con su presencia. Ayud\u00f3 a construir el esp\u00edritu de nuestro espacio comunitario: dando la bienvenida a todos, validando a todos, escuchando atentamente, involucrando las ideas de los dem\u00e1s, contribuyendo con las suyas y siempre listo para decir que s\u00ed y tomar medidas.&nbsp;&nbsp;<\/p>\n\n\n\n<p>Adem\u00e1s de establecer un tono positivo de &#039;puedo hacerlo, hag\u00e1moslo&#039; en nuestro trabajo, Danny tambi\u00e9n ayud\u00f3 a inculcar el valor del autocuidado dentro de nuestra familia VAAC. Se interes\u00f3 personalmente en el bienestar de las personas, no solo en su &quot;utilidad&quot; como alguien para hacer el trabajo.&nbsp;<\/p>\n\n\n\n<p>Danny siempre tuvo una manera positiva de conectarse con cada persona y ayud\u00f3 a construir un c\u00e1lido sentimiento de comunidad, incluso alent\u00e1ndonos siempre a disfrutar de nosotros mismos y de los dem\u00e1s.<\/p>\n\n\n\n<p>Termin\u00f3 cada reuni\u00f3n dese\u00e1ndonos a todos \u201cPaz y Amor\u201d, y realmente lo sentimos.<br>como presidente de la<a href=\"https:\/\/michigancollaborative.us16.list-manage.com\/track\/click?u=daf4f8fe4f1bacc40bd3a9004&amp;id=1ecb00b7fa&amp;e=3b0f059296\"> <\/a>VAAC, Danny se propuso garantizar que las personas afectadas por la justicia supieran que eran elegibles para votar, tuvieran la informaci\u00f3n para tomar decisiones informadas y tuvieran acceso a las urnas. Le importaba profundamente que las voces de los m\u00e1s afectados por nuestro sistema legal penal se escucharan en las urnas. Adem\u00e1s, Danny abog\u00f3 por la legislaci\u00f3n para poner fin a las cadenas perpetuas para menores y brindar segundas oportunidades y cr\u00e9ditos por buen tiempo para todas las personas que cumplen condena. Habl\u00f3 apasionadamente al Comit\u00e9 Independiente de Redistribuci\u00f3n de Distritos de Michigan, as\u00ed como a los legisladores de Lansing, sobre c\u00f3mo poner fin a la manipulaci\u00f3n de las prisiones.<\/p>\n\n\n\n<p>Una completa <a href=\"https:\/\/votingaccessforall.org\/es\/about\/danny-jones-bio\/\">biografia de daniel jones<\/a> se ha conservado en nuestro sitio web.<\/p>\n<\/div><\/div>\n\n\n\n<div class=\"wp-block-kadence-column kadence-column3441_56f125-8a inner-column-2\"><div class=\"kt-inside-inner-col\">\n<h2 class=\"wp-block-heading\" id=\"earl-burton\">conde burton<\/h2>\n\n\n\n<figure class=\"wp-block-image size-full\"><img loading=\"lazy\" decoding=\"async\" width=\"400\" height=\"471\" src=\"https:\/\/votingaccessforall.org\/wp-content\/uploads\/2022\/12\/earl-burton-2.jpg\" alt=\"Earl Burton\" class=\"wp-image-3463\" srcset=\"https:\/\/votingaccessforall.org\/wp-content\/uploads\/2022\/12\/earl-burton-2.jpg 400w, https:\/\/votingaccessforall.org\/wp-content\/uploads\/2022\/12\/earl-burton-2-255x300.jpg 255w, https:\/\/votingaccessforall.org\/wp-content\/uploads\/2022\/12\/earl-burton-2-10x12.jpg 10w\" sizes=\"auto, (max-width: 400px) 100vw, 400px\" \/><\/figure>\n\n\n\n<div style=\"height:32px\" aria-hidden=\"true\" class=\"wp-block-spacer\"><\/div>\n\n\n\n<p>Visionario pero con los pies en la tierra, Earl fue el consumado &quot;organizador relacional&quot; que sab\u00eda muy bien lo que significa ser silenciado Y lo que significa tener una voz. Sinti\u00f3 que su prop\u00f3sito era usar su voz para ayudar a otros, en la c\u00e1rcel y en la comunidad, a encontrar la libertad y la justicia y usar sus propias voces, a trav\u00e9s de la votaci\u00f3n.&nbsp;<\/p>\n\n\n\n<p>Desde la fundaci\u00f3n de VAAC hasta sus \u00faltimos d\u00edas, Earl fue tanto un l\u00edder como un miembro total del equipo. Trajo socios clave de la coalici\u00f3n como Liberaci\u00f3n de Michigan e invit\u00f3 a la gente de VAAC a muchos espacios y conversaciones.<\/p>\n\n\n\n<p>Earl vivi\u00f3 con convicci\u00f3n y respeto por los esfuerzos de los dem\u00e1s. Puede que haya sido la persona m\u00e1s inteligente de la sala, pero se recost\u00f3 y dej\u00f3 que todos los dem\u00e1s expresaran sus pensamientos e ideas primero. Cuando lleg\u00f3 el momento de que \u00e9l hablara, siempre fue la claridad de pensamiento que necesit\u00e1bamos para seguir adelante.<\/p>\n\n\n\n<p>Earl siempre fue alentador. No solo anim\u00f3 a las personas y las hizo sentir especiales, hizo lo mismo por nuestra organizaci\u00f3n. Siempre ten\u00eda una c\u00e1lida sonrisa y un c\u00e1lido saludo.&nbsp;<\/p>\n\n\n\n<p>Cont\u00f3 muchas veces una historia de cuando algunos j\u00f3venes hablaban de no votar porque no les gustaban las opciones de los candidatos. Los desafi\u00f3 de inmediato y apasionadamente. \u00c9l pregunt\u00f3: &#039;\u00bfTienes alguna idea de que la gente muri\u00f3 por tu DERECHO a votar? Ser\u00e1 mejor que des un paso adelante y te des cuenta de que no puedes ser pasivo.&nbsp;&nbsp;<\/p>\n\n\n\n<p>En el futuro, VAAC se esforzar\u00e1 todos los d\u00edas para continuar con su legado de organizaci\u00f3n para la reforma electoral y penitenciaria. Entre sus logros se encuentran abogar por eliminar la fianza en efectivo, recaudar fondos para proporcionar el dinero de la fianza (a veces de su propio bolsillo) y ayudar a muchos otros en sus viajes posteriores a la liberaci\u00f3n. Earl sab\u00eda que votar es fundamental para lograr cambios en todas las \u00e1reas.<\/p>\n\n\n\n<p>Leer acerca de <a href=\"https:\/\/votingaccessforall.org\/es\/about\/earl-burton-bio\/\">El trabajo de Earl en sus propias palabras<\/a> aqu\u00ed.<\/p>\n<\/div><\/div>\n\n<\/div><\/div>\n\n\n<h2 class=\"wp-block-heading\" id=\"ronnie-waters\">Ronnie aguas<\/h2>\n\n\n\n<figure class=\"wp-block-image size-large\"><img loading=\"lazy\" decoding=\"async\" width=\"1024\" height=\"576\" src=\"https:\/\/votingaccessforall.org\/wp-content\/uploads\/2025\/12\/Black-White-and-Gold-Elegant-Photocentric-Funeral-Prayer-Card-Presentation-18-1-1024x576.jpg\" alt=\"Ronnie Waters\" class=\"wp-image-200033\" srcset=\"https:\/\/votingaccessforall.org\/wp-content\/uploads\/2025\/12\/Black-White-and-Gold-Elegant-Photocentric-Funeral-Prayer-Card-Presentation-18-1-1024x576.jpg 1024w, https:\/\/votingaccessforall.org\/wp-content\/uploads\/2025\/12\/Black-White-and-Gold-Elegant-Photocentric-Funeral-Prayer-Card-Presentation-18-1-300x169.jpg 300w, https:\/\/votingaccessforall.org\/wp-content\/uploads\/2025\/12\/Black-White-and-Gold-Elegant-Photocentric-Funeral-Prayer-Card-Presentation-18-1-768x432.jpg 768w, https:\/\/votingaccessforall.org\/wp-content\/uploads\/2025\/12\/Black-White-and-Gold-Elegant-Photocentric-Funeral-Prayer-Card-Presentation-18-1-1536x864.jpg 1536w, https:\/\/votingaccessforall.org\/wp-content\/uploads\/2025\/12\/Black-White-and-Gold-Elegant-Photocentric-Funeral-Prayer-Card-Presentation-18-1-scaled.jpg 1920w, https:\/\/votingaccessforall.org\/wp-content\/uploads\/2025\/12\/Black-White-and-Gold-Elegant-Photocentric-Funeral-Prayer-Card-Presentation-18-1-18x10.jpg 18w\" sizes=\"auto, (max-width: 1024px) 100vw, 1024px\" \/><\/figure>\n\n\n\n<p>Ronnie cambi\u00f3 vidas, y la Coalici\u00f3n de Acceso al Voto para Todos no ser\u00eda lo que es hoy sin \u00e9l. Desde el principio, y durante m\u00e1s de cinco a\u00f1os desde la fundaci\u00f3n de VAAC, tuvimos el privilegio de trabajar junto a Ronnie. Cre\u00eda firmemente en el acceso al voto para las personas con condenas por delitos graves y en el poder de la participaci\u00f3n c\u00edvica para combatir la injusticia y construir un verdadero poder comunitario.<\/p>\n\n\n\n<p>Ronnie no se limit\u00f3 a ofrecer palabras de apoyo. Se hizo presente. Desde cl\u00ednicas de identificaci\u00f3n y capacitaciones hasta reuniones de planificaci\u00f3n y eventos comunitarios, estuvo a nuestro lado, anim\u00f3 a otros y ayud\u00f3 a impulsar el trabajo. Su dedicaci\u00f3n a la reforma de la justicia penal y la ampliaci\u00f3n del acceso al derecho al voto se hizo evidente en su pasi\u00f3n, su energ\u00eda y su disposici\u00f3n a conectar con la gente dondequiera que iba. Habl\u00f3 sobre el trabajo, insisti\u00f3 en que las voces de las personas con impacto en la justicia se escucharan con claridad, valent\u00eda y sin disculpas, y gener\u00f3 confianza mediante una conexi\u00f3n genuina.<\/p>\n\n\n\n<p>Ronnie comprendi\u00f3 que la experiencia vivida es experticia y exig\u00eda dignidad, respeto y responsabilidad en cada espacio donde entraba. A trav\u00e9s de una aut\u00e9ntica comunicaci\u00f3n y participaci\u00f3n, Ronnie forj\u00f3 amistades duraderas y s\u00f3lidas alianzas que impulsaron este trabajo, desde Michigan y en todo Estados Unidos.<\/p>\n\n\n\n<p>L\u00edder, colaborador y constructor de puentes, Ronnie un\u00eda a la gente dondequiera que iba. Viv\u00eda plenamente sus valores, expresando su opini\u00f3n con valent\u00eda e integridad. Cre\u00eda que el cambio era posible cuando las personas trabajaban juntas, no aisladas.<\/p>\n\n\n\n<p>Leer acerca de <a href=\"https:\/\/votingaccessforall.org\/es\/2025\/12\/celebrating-the-life-and-impact-of-ronnie-waters\/\" type=\"post\" id=\"200004\">El trabajo de Ronnie, con fotograf\u00edas<\/a> de Ronnie en acci\u00f3n.<\/p>","protected":false},"excerpt":{"rendered":"<p>Daniel Jones As the Voting Access for All Coalition began to take shape in the spring of 2020, Danny stepped forward as a natural leader simply with his presence. He helped build the spirit of our community space: welcoming everyone, validating everyone, listening fully, engaging others\u2019 ideas, contributing his own, and always ready to say [&hellip;]<\/p>\n","protected":false},"author":1,"featured_media":0,"parent":0,"menu_order":0,"comment_status":"closed","ping_status":"closed","template":"","meta":{"_gspb_post_css":"","progress_planner_page_todos":"","footnotes":""},"progress_planner_page_types":[],"class_list":["post-3441","page","type-page","status-publish","hentry"],"yoast_head":"<!-- This site is optimized with the Yoast SEO plugin v27.3 - https:\/\/yoast.com\/product\/yoast-seo-wordpress\/ -->\n<title>In Memory of Daniel Jones and Earl Burton &#8211; Voting Access For All<\/title>\n<meta name=\"robots\" content=\"index, follow, max-snippet:-1, max-image-preview:large, max-video-preview:-1\" \/>\n<link rel=\"canonical\" href=\"https:\/\/votingaccessforall.org\/es\/in-memory\/\" \/>\n<meta property=\"og:locale\" content=\"es_MX\" \/>\n<meta property=\"og:type\" content=\"article\" \/>\n<meta property=\"og:title\" content=\"In Memory of Daniel Jones and Earl Burton &#8211; Voting Access For All\" \/>\n<meta property=\"og:description\" content=\"Daniel Jones As the Voting Access for All Coalition began to take shape in the spring of 2020, Danny stepped forward as a natural leader simply with his presence. He helped build the spirit of our community space: welcoming everyone, validating everyone, listening fully, engaging others\u2019 ideas, contributing his own, and always ready to say [&hellip;]\" \/>\n<meta property=\"og:url\" content=\"https:\/\/votingaccessforall.org\/es\/in-memory\/\" \/>\n<meta property=\"og:site_name\" content=\"Voting Access For All\" \/>\n<meta property=\"article:publisher\" content=\"https:\/\/www.facebook.com\/VotingAccessForAll\/\" \/>\n<meta property=\"article:modified_time\" content=\"2026-03-06T14:52:41+00:00\" \/>\n<meta property=\"og:image\" content=\"https:\/\/votingaccessforall.org\/wp-content\/uploads\/2022\/12\/danny-on-white.jpg\" \/>\n\t<meta property=\"og:image:width\" content=\"400\" \/>\n\t<meta property=\"og:image:height\" content=\"471\" \/>\n\t<meta property=\"og:image:type\" content=\"image\/jpeg\" \/>\n<meta name=\"twitter:card\" content=\"summary_large_image\" \/>\n<meta name=\"twitter:label1\" content=\"Tiempo de lectura\" \/>\n\t<meta name=\"twitter:data1\" content=\"5 minutos\" \/>\n<script type=\"application\/ld+json\" class=\"yoast-schema-graph\">{\"@context\":\"https:\\\/\\\/schema.org\",\"@graph\":[{\"@type\":\"WebPage\",\"@id\":\"https:\\\/\\\/votingaccessforall.org\\\/in-memory\\\/\",\"url\":\"https:\\\/\\\/votingaccessforall.org\\\/in-memory\\\/\",\"name\":\"In Memory of Daniel Jones and Earl Burton &#8211; Voting Access For All\",\"isPartOf\":{\"@id\":\"https:\\\/\\\/votingaccessforall.org\\\/#website\"},\"primaryImageOfPage\":{\"@id\":\"https:\\\/\\\/votingaccessforall.org\\\/in-memory\\\/#primaryimage\"},\"image\":{\"@id\":\"https:\\\/\\\/votingaccessforall.org\\\/in-memory\\\/#primaryimage\"},\"thumbnailUrl\":\"https:\\\/\\\/votingaccessforall.org\\\/wp-content\\\/uploads\\\/2022\\\/12\\\/danny-on-white.jpg\",\"datePublished\":\"2022-12-07T18:26:07+00:00\",\"dateModified\":\"2026-03-06T14:52:41+00:00\",\"breadcrumb\":{\"@id\":\"https:\\\/\\\/votingaccessforall.org\\\/in-memory\\\/#breadcrumb\"},\"inLanguage\":\"es\",\"potentialAction\":[{\"@type\":\"ReadAction\",\"target\":[\"https:\\\/\\\/votingaccessforall.org\\\/in-memory\\\/\"]}]},{\"@type\":\"ImageObject\",\"inLanguage\":\"es\",\"@id\":\"https:\\\/\\\/votingaccessforall.org\\\/in-memory\\\/#primaryimage\",\"url\":\"https:\\\/\\\/votingaccessforall.org\\\/wp-content\\\/uploads\\\/2022\\\/12\\\/danny-on-white.jpg\",\"contentUrl\":\"https:\\\/\\\/votingaccessforall.org\\\/wp-content\\\/uploads\\\/2022\\\/12\\\/danny-on-white.jpg\"},{\"@type\":\"BreadcrumbList\",\"@id\":\"https:\\\/\\\/votingaccessforall.org\\\/in-memory\\\/#breadcrumb\",\"itemListElement\":[{\"@type\":\"ListItem\",\"position\":1,\"name\":\"Home\",\"item\":\"https:\\\/\\\/votingaccessforall.org\\\/\"},{\"@type\":\"ListItem\",\"position\":2,\"name\":\"In Memory\"}]},{\"@type\":\"WebSite\",\"@id\":\"https:\\\/\\\/votingaccessforall.org\\\/#website\",\"url\":\"https:\\\/\\\/votingaccessforall.org\\\/\",\"name\":\"Voting Access For All\",\"description\":\"Empowering ALL Michigan Voters: Voting Is Your Right!\",\"publisher\":{\"@id\":\"https:\\\/\\\/votingaccessforall.org\\\/#organization\"},\"potentialAction\":[{\"@type\":\"SearchAction\",\"target\":{\"@type\":\"EntryPoint\",\"urlTemplate\":\"https:\\\/\\\/votingaccessforall.org\\\/?s={search_term_string}\"},\"query-input\":{\"@type\":\"PropertyValueSpecification\",\"valueRequired\":true,\"valueName\":\"search_term_string\"}}],\"inLanguage\":\"es\"},{\"@type\":\"Organization\",\"@id\":\"https:\\\/\\\/votingaccessforall.org\\\/#organization\",\"name\":\"Voting Access for All Coalition\",\"url\":\"https:\\\/\\\/votingaccessforall.org\\\/\",\"logo\":{\"@type\":\"ImageObject\",\"inLanguage\":\"es\",\"@id\":\"https:\\\/\\\/votingaccessforall.org\\\/#\\\/schema\\\/logo\\\/image\\\/\",\"url\":\"https:\\\/\\\/votingaccessforall.org\\\/wp-content\\\/uploads\\\/2021\\\/05\\\/cropped-VAAC_logo_Small.jpg\",\"contentUrl\":\"https:\\\/\\\/votingaccessforall.org\\\/wp-content\\\/uploads\\\/2021\\\/05\\\/cropped-VAAC_logo_Small.jpg\",\"width\":512,\"height\":512,\"caption\":\"Voting Access for All Coalition\"},\"image\":{\"@id\":\"https:\\\/\\\/votingaccessforall.org\\\/#\\\/schema\\\/logo\\\/image\\\/\"},\"sameAs\":[\"https:\\\/\\\/www.facebook.com\\\/VotingAccessForAll\\\/\",\"https:\\\/\\\/www.instagram.com\\\/votingaccessforall\\\/\",\"https:\\\/\\\/www.youtube.com\\\/@VotingAccessForAll\",\"https:\\\/\\\/www.linkedin.com\\\/company\\\/voting-access-for-all-vaac\\\/\",\"https:\\\/\\\/bsky.app\\\/profile\\\/votingaccessforall.bsky.social\"]}]}<\/script>\n<!-- \/ Yoast SEO plugin. -->","yoast_head_json":{"title":"En memoria de Daniel Jones y Earl Burton \u2013 Acceso al voto para todos","robots":{"index":"index","follow":"follow","max-snippet":"max-snippet:-1","max-image-preview":"max-image-preview:large","max-video-preview":"max-video-preview:-1"},"canonical":"https:\/\/votingaccessforall.org\/es\/in-memory\/","og_locale":"es_MX","og_type":"article","og_title":"In Memory of Daniel Jones and Earl Burton &#8211; Voting Access For All","og_description":"Daniel Jones As the Voting Access for All Coalition began to take shape in the spring of 2020, Danny stepped forward as a natural leader simply with his presence. He helped build the spirit of our community space: welcoming everyone, validating everyone, listening fully, engaging others\u2019 ideas, contributing his own, and always ready to say [&hellip;]","og_url":"https:\/\/votingaccessforall.org\/es\/in-memory\/","og_site_name":"Voting Access For All","article_publisher":"https:\/\/www.facebook.com\/VotingAccessForAll\/","article_modified_time":"2026-03-06T14:52:41+00:00","og_image":[{"width":400,"height":471,"url":"https:\/\/votingaccessforall.org\/wp-content\/uploads\/2022\/12\/danny-on-white.jpg","type":"image\/jpeg"}],"twitter_card":"summary_large_image","twitter_misc":{"Tiempo de lectura":"5 minutos"},"schema":{"@context":"https:\/\/schema.org","@graph":[{"@type":"WebPage","@id":"https:\/\/votingaccessforall.org\/in-memory\/","url":"https:\/\/votingaccessforall.org\/in-memory\/","name":"En memoria de Daniel Jones y Earl Burton \u2013 Acceso al voto para todos","isPartOf":{"@id":"https:\/\/votingaccessforall.org\/#website"},"primaryImageOfPage":{"@id":"https:\/\/votingaccessforall.org\/in-memory\/#primaryimage"},"image":{"@id":"https:\/\/votingaccessforall.org\/in-memory\/#primaryimage"},"thumbnailUrl":"https:\/\/votingaccessforall.org\/wp-content\/uploads\/2022\/12\/danny-on-white.jpg","datePublished":"2022-12-07T18:26:07+00:00","dateModified":"2026-03-06T14:52:41+00:00","breadcrumb":{"@id":"https:\/\/votingaccessforall.org\/in-memory\/#breadcrumb"},"inLanguage":"es","potentialAction":[{"@type":"ReadAction","target":["https:\/\/votingaccessforall.org\/in-memory\/"]}]},{"@type":"ImageObject","inLanguage":"es","@id":"https:\/\/votingaccessforall.org\/in-memory\/#primaryimage","url":"https:\/\/votingaccessforall.org\/wp-content\/uploads\/2022\/12\/danny-on-white.jpg","contentUrl":"https:\/\/votingaccessforall.org\/wp-content\/uploads\/2022\/12\/danny-on-white.jpg"},{"@type":"BreadcrumbList","@id":"https:\/\/votingaccessforall.org\/in-memory\/#breadcrumb","itemListElement":[{"@type":"ListItem","position":1,"name":"Home","item":"https:\/\/votingaccessforall.org\/"},{"@type":"ListItem","position":2,"name":"In Memory"}]},{"@type":"WebSite","@id":"https:\/\/votingaccessforall.org\/#website","url":"https:\/\/votingaccessforall.org\/","name":"Acceso a la votaci\u00f3n para todos","description":"Empoderando a TODOS los votantes de Michigan:<br \/>\u00a1Votar es su derecho!","publisher":{"@id":"https:\/\/votingaccessforall.org\/#organization"},"potentialAction":[{"@type":"SearchAction","target":{"@type":"EntryPoint","urlTemplate":"https:\/\/votingaccessforall.org\/?s={search_term_string}"},"query-input":{"@type":"PropertyValueSpecification","valueRequired":true,"valueName":"search_term_string"}}],"inLanguage":"es"},{"@type":"Organization","@id":"https:\/\/votingaccessforall.org\/#organization","name":"Coalici\u00f3n de acceso a la votaci\u00f3n para todos","url":"https:\/\/votingaccessforall.org\/","logo":{"@type":"ImageObject","inLanguage":"es","@id":"https:\/\/votingaccessforall.org\/#\/schema\/logo\/image\/","url":"https:\/\/votingaccessforall.org\/wp-content\/uploads\/2021\/05\/cropped-VAAC_logo_Small.jpg","contentUrl":"https:\/\/votingaccessforall.org\/wp-content\/uploads\/2021\/05\/cropped-VAAC_logo_Small.jpg","width":512,"height":512,"caption":"Voting Access for All Coalition"},"image":{"@id":"https:\/\/votingaccessforall.org\/#\/schema\/logo\/image\/"},"sameAs":["https:\/\/www.facebook.com\/VotingAccessForAll\/","https:\/\/www.instagram.com\/votingaccessforall\/","https:\/\/www.youtube.com\/@VotingAccessForAll","https:\/\/www.linkedin.com\/company\/voting-access-for-all-vaac\/","https:\/\/bsky.app\/profile\/votingaccessforall.bsky.social"]}]}},"_links":{"self":[{"href":"https:\/\/votingaccessforall.org\/es\/wp-json\/wp\/v2\/pages\/3441","targetHints":{"allow":["GET"]}}],"collection":[{"href":"https:\/\/votingaccessforall.org\/es\/wp-json\/wp\/v2\/pages"}],"about":[{"href":"https:\/\/votingaccessforall.org\/es\/wp-json\/wp\/v2\/types\/page"}],"author":[{"embeddable":true,"href":"https:\/\/votingaccessforall.org\/es\/wp-json\/wp\/v2\/users\/1"}],"replies":[{"embeddable":true,"href":"https:\/\/votingaccessforall.org\/es\/wp-json\/wp\/v2\/comments?post=3441"}],"version-history":[{"count":12,"href":"https:\/\/votingaccessforall.org\/es\/wp-json\/wp\/v2\/pages\/3441\/revisions"}],"predecessor-version":[{"id":218111,"href":"https:\/\/votingaccessforall.org\/es\/wp-json\/wp\/v2\/pages\/3441\/revisions\/218111"}],"wp:attachment":[{"href":"https:\/\/votingaccessforall.org\/es\/wp-json\/wp\/v2\/media?parent=3441"}],"wp:term":[{"taxonomy":"progress_planner_page_types","embeddable":true,"href":"https:\/\/votingaccessforall.org\/es\/wp-json\/wp\/v2\/progress_planner_page_types?post=3441"}],"curies":[{"name":"gracias","href":"https:\/\/api.w.org\/{rel}","templated":true}]}}