{"id":3439,"date":"2022-12-07T13:01:14","date_gmt":"2022-12-07T18:01:14","guid":{"rendered":"https:\/\/votingaccessforall.org\/?page_id=3439"},"modified":"2022-12-07T13:19:50","modified_gmt":"2022-12-07T18:19:50","slug":"danny-jones-bio","status":"publish","type":"page","link":"https:\/\/votingaccessforall.org\/es\/about\/danny-jones-bio\/","title":{"rendered":"Biograf\u00eda-Danny Jones"},"content":{"rendered":"<p>Daniel \u201cDanny\u201d Jones fue mediador, facilitador, orador y organizador. Como ex juvenil de vida, Danny pas\u00f3 su tiempo adentro haciendo un trabajo profundo e introspectivo y asesorando a otros. En 2014-2015, trabaj\u00f3 con AFSC y otros para desarrollar el programa de Enriquecimiento personal y preparaci\u00f3n para la libertad condicional, que ahora se usa en varias prisiones en todo el estado. Tras su nueva sentencia y liberaci\u00f3n en marzo de 2019, Danny trabaj\u00f3 con AFSC para facilitar una convocatoria nacional sobre el fin del castigo perpetuo. Continu\u00f3 su trabajo de facilitaci\u00f3n en Washington, DC en dos convocatorias &quot;Unlock the Box&quot; para poner fin al confinamiento solitario.&nbsp;<\/p>\n\n\n\n<p>Se convirti\u00f3 en el coordinador de la Colaboraci\u00f3n de Michigan para poner fin al encarcelamiento masivo (MI-CEMI) a fines de 2019 y us\u00f3 sus habilidades de facilitaci\u00f3n para ajustar con precisi\u00f3n la ejecuci\u00f3n de reuniones con zoom durante la pandemia. Era un orador y facilitador talentoso. Construy\u00f3 redes con potencia y precisi\u00f3n.&nbsp;<\/p>\n\n\n\n<p>Particip\u00f3 en la organizaci\u00f3n y capacitaci\u00f3n de liderazgo con Human Rights Watch e ICan-Campaign for the Fair Sentencing of Youth.&nbsp;<\/p>\n\n\n\n<p>Fue miembro de la junta de Nation Outside y acudi\u00f3 al llamado para organizarse con sus compa\u00f1eros anteriormente encarcelados con facilidad, gracia y humor.&nbsp;&nbsp;<\/p>\n\n\n\n<p>Ayud\u00f3 a fundar Voting Access for All Coalition (VAAC) y se convirti\u00f3 en el presidente de la coalici\u00f3n. Dedic\u00f3 incontables horas al trabajo preliminar para registrar a las personas para votar, obtener informaci\u00f3n sobre los derechos de voto y ayudar a empoderar a las personas para que retomaran su papel en el proceso pol\u00edtico.&nbsp;<\/p>\n\n\n\n<p>En julio de 2022, AFSC contrat\u00f3 a Danny como asociado del programa a tiempo completo para supervisar el Proyecto Good Neighbor y organizar a las personas dentro y fuera en un esfuerzo por lograr que las personas que prestan servicio durante m\u00e1s tiempo sean libres y terminen la vida sin libertad condicional tanto para los j\u00f3venes como, eventualmente, para todas las personas.&nbsp;<\/p>\n\n\n\n<p>Todos continuaremos el trabajo que Danny am\u00f3 en su memoria y con su esp\u00edritu gui\u00e1ndonos hacia la liberaci\u00f3n y m\u00e1s amor.<\/p>","protected":false},"excerpt":{"rendered":"<p>Daniel \u201cDanny\u201d Jones was a mediator, facilitator, speaker, and organizer. As a former Juvenile Lifer, Danny spent his time inside doing deep, introspective work, and mentoring others. In 2014-2015, he worked AFSC and others to develop the Personal Enrichment and Parole Readiness program, which is now used in several prisons across the state. Upon his [&hellip;]<\/p>\n","protected":false},"author":1,"featured_media":0,"parent":472,"menu_order":0,"comment_status":"closed","ping_status":"closed","template":"","meta":{"_gspb_post_css":"","progress_planner_page_todos":"","footnotes":""},"progress_planner_page_types":[],"class_list":["post-3439","page","type-page","status-publish","hentry"],"yoast_head":"<!-- This site is optimized with the Yoast SEO plugin v27.3 - https:\/\/yoast.com\/product\/yoast-seo-wordpress\/ -->\n<title>Biography\u2013Danny Jones &#8211; Voting Access For All<\/title>\n<meta name=\"robots\" content=\"index, follow, max-snippet:-1, max-image-preview:large, max-video-preview:-1\" \/>\n<link rel=\"canonical\" href=\"https:\/\/votingaccessforall.org\/es\/about\/danny-jones-bio\/\" \/>\n<meta property=\"og:locale\" content=\"es_MX\" \/>\n<meta property=\"og:type\" content=\"article\" \/>\n<meta property=\"og:title\" content=\"Biography\u2013Danny Jones &#8211; Voting Access For All\" \/>\n<meta property=\"og:description\" content=\"Daniel \u201cDanny\u201d Jones was a mediator, facilitator, speaker, and organizer. As a former Juvenile Lifer, Danny spent his time inside doing deep, introspective work, and mentoring others. In 2014-2015, he worked AFSC and others to develop the Personal Enrichment and Parole Readiness program, which is now used in several prisons across the state. Upon his [&hellip;]\" \/>\n<meta property=\"og:url\" content=\"https:\/\/votingaccessforall.org\/es\/about\/danny-jones-bio\/\" \/>\n<meta property=\"og:site_name\" content=\"Voting Access For All\" \/>\n<meta property=\"article:publisher\" content=\"https:\/\/www.facebook.com\/VotingAccessForAll\/\" \/>\n<meta property=\"article:modified_time\" content=\"2022-12-07T18:19:50+00:00\" \/>\n<meta name=\"twitter:card\" content=\"summary_large_image\" \/>\n<meta name=\"twitter:label1\" content=\"Tiempo de lectura\" \/>\n\t<meta name=\"twitter:data1\" content=\"2 minutos\" \/>\n<script type=\"application\/ld+json\" class=\"yoast-schema-graph\">{\"@context\":\"https:\\\/\\\/schema.org\",\"@graph\":[{\"@type\":\"WebPage\",\"@id\":\"https:\\\/\\\/votingaccessforall.org\\\/about\\\/danny-jones-bio\\\/\",\"url\":\"https:\\\/\\\/votingaccessforall.org\\\/about\\\/danny-jones-bio\\\/\",\"name\":\"Biography\u2013Danny Jones &#8211; Voting Access For All\",\"isPartOf\":{\"@id\":\"https:\\\/\\\/votingaccessforall.org\\\/#website\"},\"datePublished\":\"2022-12-07T18:01:14+00:00\",\"dateModified\":\"2022-12-07T18:19:50+00:00\",\"breadcrumb\":{\"@id\":\"https:\\\/\\\/votingaccessforall.org\\\/about\\\/danny-jones-bio\\\/#breadcrumb\"},\"inLanguage\":\"es\",\"potentialAction\":[{\"@type\":\"ReadAction\",\"target\":[\"https:\\\/\\\/votingaccessforall.org\\\/about\\\/danny-jones-bio\\\/\"]}]},{\"@type\":\"BreadcrumbList\",\"@id\":\"https:\\\/\\\/votingaccessforall.org\\\/about\\\/danny-jones-bio\\\/#breadcrumb\",\"itemListElement\":[{\"@type\":\"ListItem\",\"position\":1,\"name\":\"Home\",\"item\":\"https:\\\/\\\/votingaccessforall.org\\\/\"},{\"@type\":\"ListItem\",\"position\":2,\"name\":\"About Voting Access for All Coalition\",\"item\":\"https:\\\/\\\/votingaccessforall.org\\\/about\\\/\"},{\"@type\":\"ListItem\",\"position\":3,\"name\":\"Biography\u2013Danny Jones\"}]},{\"@type\":\"WebSite\",\"@id\":\"https:\\\/\\\/votingaccessforall.org\\\/#website\",\"url\":\"https:\\\/\\\/votingaccessforall.org\\\/\",\"name\":\"Voting Access For All\",\"description\":\"Empowering ALL Michigan Voters: Voting Is Your Right!\",\"publisher\":{\"@id\":\"https:\\\/\\\/votingaccessforall.org\\\/#organization\"},\"potentialAction\":[{\"@type\":\"SearchAction\",\"target\":{\"@type\":\"EntryPoint\",\"urlTemplate\":\"https:\\\/\\\/votingaccessforall.org\\\/?s={search_term_string}\"},\"query-input\":{\"@type\":\"PropertyValueSpecification\",\"valueRequired\":true,\"valueName\":\"search_term_string\"}}],\"inLanguage\":\"es\"},{\"@type\":\"Organization\",\"@id\":\"https:\\\/\\\/votingaccessforall.org\\\/#organization\",\"name\":\"Voting Access for All Coalition\",\"url\":\"https:\\\/\\\/votingaccessforall.org\\\/\",\"logo\":{\"@type\":\"ImageObject\",\"inLanguage\":\"es\",\"@id\":\"https:\\\/\\\/votingaccessforall.org\\\/#\\\/schema\\\/logo\\\/image\\\/\",\"url\":\"https:\\\/\\\/votingaccessforall.org\\\/wp-content\\\/uploads\\\/2021\\\/05\\\/cropped-VAAC_logo_Small.jpg\",\"contentUrl\":\"https:\\\/\\\/votingaccessforall.org\\\/wp-content\\\/uploads\\\/2021\\\/05\\\/cropped-VAAC_logo_Small.jpg\",\"width\":512,\"height\":512,\"caption\":\"Voting Access for All Coalition\"},\"image\":{\"@id\":\"https:\\\/\\\/votingaccessforall.org\\\/#\\\/schema\\\/logo\\\/image\\\/\"},\"sameAs\":[\"https:\\\/\\\/www.facebook.com\\\/VotingAccessForAll\\\/\",\"https:\\\/\\\/www.instagram.com\\\/votingaccessforall\\\/\",\"https:\\\/\\\/www.youtube.com\\\/@VotingAccessForAll\",\"https:\\\/\\\/www.linkedin.com\\\/company\\\/voting-access-for-all-vaac\\\/\",\"https:\\\/\\\/bsky.app\\\/profile\\\/votingaccessforall.bsky.social\"]}]}<\/script>\n<!-- \/ Yoast SEO plugin. -->","yoast_head_json":{"title":"Biograf\u00eda de Danny Jones: Acceso al voto para todos","robots":{"index":"index","follow":"follow","max-snippet":"max-snippet:-1","max-image-preview":"max-image-preview:large","max-video-preview":"max-video-preview:-1"},"canonical":"https:\/\/votingaccessforall.org\/es\/about\/danny-jones-bio\/","og_locale":"es_MX","og_type":"article","og_title":"Biography\u2013Danny Jones &#8211; Voting Access For All","og_description":"Daniel \u201cDanny\u201d Jones was a mediator, facilitator, speaker, and organizer. As a former Juvenile Lifer, Danny spent his time inside doing deep, introspective work, and mentoring others. In 2014-2015, he worked AFSC and others to develop the Personal Enrichment and Parole Readiness program, which is now used in several prisons across the state. Upon his [&hellip;]","og_url":"https:\/\/votingaccessforall.org\/es\/about\/danny-jones-bio\/","og_site_name":"Voting Access For All","article_publisher":"https:\/\/www.facebook.com\/VotingAccessForAll\/","article_modified_time":"2022-12-07T18:19:50+00:00","twitter_card":"summary_large_image","twitter_misc":{"Tiempo de lectura":"2 minutos"},"schema":{"@context":"https:\/\/schema.org","@graph":[{"@type":"WebPage","@id":"https:\/\/votingaccessforall.org\/about\/danny-jones-bio\/","url":"https:\/\/votingaccessforall.org\/about\/danny-jones-bio\/","name":"Biograf\u00eda de Danny Jones: Acceso al voto para todos","isPartOf":{"@id":"https:\/\/votingaccessforall.org\/#website"},"datePublished":"2022-12-07T18:01:14+00:00","dateModified":"2022-12-07T18:19:50+00:00","breadcrumb":{"@id":"https:\/\/votingaccessforall.org\/about\/danny-jones-bio\/#breadcrumb"},"inLanguage":"es","potentialAction":[{"@type":"ReadAction","target":["https:\/\/votingaccessforall.org\/about\/danny-jones-bio\/"]}]},{"@type":"BreadcrumbList","@id":"https:\/\/votingaccessforall.org\/about\/danny-jones-bio\/#breadcrumb","itemListElement":[{"@type":"ListItem","position":1,"name":"Home","item":"https:\/\/votingaccessforall.org\/"},{"@type":"ListItem","position":2,"name":"About Voting Access for All Coalition","item":"https:\/\/votingaccessforall.org\/about\/"},{"@type":"ListItem","position":3,"name":"Biography\u2013Danny Jones"}]},{"@type":"WebSite","@id":"https:\/\/votingaccessforall.org\/#website","url":"https:\/\/votingaccessforall.org\/","name":"Acceso a la votaci\u00f3n para todos","description":"Empoderando a TODOS los votantes de Michigan:<br \/>\u00a1Votar es su derecho!","publisher":{"@id":"https:\/\/votingaccessforall.org\/#organization"},"potentialAction":[{"@type":"SearchAction","target":{"@type":"EntryPoint","urlTemplate":"https:\/\/votingaccessforall.org\/?s={search_term_string}"},"query-input":{"@type":"PropertyValueSpecification","valueRequired":true,"valueName":"search_term_string"}}],"inLanguage":"es"},{"@type":"Organization","@id":"https:\/\/votingaccessforall.org\/#organization","name":"Coalici\u00f3n de acceso a la votaci\u00f3n para todos","url":"https:\/\/votingaccessforall.org\/","logo":{"@type":"ImageObject","inLanguage":"es","@id":"https:\/\/votingaccessforall.org\/#\/schema\/logo\/image\/","url":"https:\/\/votingaccessforall.org\/wp-content\/uploads\/2021\/05\/cropped-VAAC_logo_Small.jpg","contentUrl":"https:\/\/votingaccessforall.org\/wp-content\/uploads\/2021\/05\/cropped-VAAC_logo_Small.jpg","width":512,"height":512,"caption":"Voting Access for All Coalition"},"image":{"@id":"https:\/\/votingaccessforall.org\/#\/schema\/logo\/image\/"},"sameAs":["https:\/\/www.facebook.com\/VotingAccessForAll\/","https:\/\/www.instagram.com\/votingaccessforall\/","https:\/\/www.youtube.com\/@VotingAccessForAll","https:\/\/www.linkedin.com\/company\/voting-access-for-all-vaac\/","https:\/\/bsky.app\/profile\/votingaccessforall.bsky.social"]}]}},"_links":{"self":[{"href":"https:\/\/votingaccessforall.org\/es\/wp-json\/wp\/v2\/pages\/3439","targetHints":{"allow":["GET"]}}],"collection":[{"href":"https:\/\/votingaccessforall.org\/es\/wp-json\/wp\/v2\/pages"}],"about":[{"href":"https:\/\/votingaccessforall.org\/es\/wp-json\/wp\/v2\/types\/page"}],"author":[{"embeddable":true,"href":"https:\/\/votingaccessforall.org\/es\/wp-json\/wp\/v2\/users\/1"}],"replies":[{"embeddable":true,"href":"https:\/\/votingaccessforall.org\/es\/wp-json\/wp\/v2\/comments?post=3439"}],"version-history":[{"count":2,"href":"https:\/\/votingaccessforall.org\/es\/wp-json\/wp\/v2\/pages\/3439\/revisions"}],"predecessor-version":[{"id":3444,"href":"https:\/\/votingaccessforall.org\/es\/wp-json\/wp\/v2\/pages\/3439\/revisions\/3444"}],"up":[{"embeddable":true,"href":"https:\/\/votingaccessforall.org\/es\/wp-json\/wp\/v2\/pages\/472"}],"wp:attachment":[{"href":"https:\/\/votingaccessforall.org\/es\/wp-json\/wp\/v2\/media?parent=3439"}],"wp:term":[{"taxonomy":"progress_planner_page_types","embeddable":true,"href":"https:\/\/votingaccessforall.org\/es\/wp-json\/wp\/v2\/progress_planner_page_types?post=3439"}],"curies":[{"name":"gracias","href":"https:\/\/api.w.org\/{rel}","templated":true}]}}