{"id":214371,"date":"2026-02-22T15:56:09","date_gmt":"2026-02-22T20:56:09","guid":{"rendered":"https:\/\/votingaccessforall.org\/?page_id=214371"},"modified":"2026-02-22T15:57:12","modified_gmt":"2026-02-22T20:57:12","slug":"civic-education","status":"publish","type":"page","link":"https:\/\/votingaccessforall.org\/es\/what-we-do\/civic-education\/","title":{"rendered":"Educaci\u00f3n c\u00edvica"},"content":{"rendered":"<div class=\"wp-block-greenshift-blocks-infobox gspb_infoBox gspb_infoBox-id-gsbp-9c1b46c\" id=\"gspb_infoBox-id-gsbp-9c1b46c\"><div class=\"gs-box info_type icon_type\"><div class=\"gs-box-icon\"><svg x=\"0px\" y=\"0px\" viewbox=\"0 0 512 512\"> <g><g> <path d=\"M256,0C114.497,0,0,114.507,0,256c0,141.503,114.507,256,256,256c141.503,0,256-114.507,256-256 C512,114.497,397.492,0,256,0z M256,472c-119.393,0-216-96.615-216-216c0-119.393,96.615-216,216-216 c119.393,0,216,96.615,216,216C472,375.393,375.384,472,256,472z\"><\/path> <\/g> <\/g> <g> <g> <path d=\"M256,214.33c-11.046,0-20,8.954-20,20v128.793c0,11.046,8.954,20,20,20s20-8.955,20-20.001V234.33 C276,223.284,267.046,214.33,256,214.33z\"><\/path> <\/g> <\/g> <g> <g> <circle cx=\"256\" cy=\"162.84\" r=\"27\"><\/circle> <\/g> <\/g> <\/svg><\/div><div class=\"gs-box-text\">\n<h3 class=\"wp-block-heading\" id=\"goal\"><strong>Meta<\/strong><\/h3>\n\n\n\n<p>Proporcionar educaci\u00f3n c\u00edvica precisa y accesible para que las personas comprendan sus derechos, los sistemas que afectan sus vidas y c\u00f3mo participar en la democracia con confianza.<\/p>\n\n\n\n<h3 class=\"wp-block-heading\" id=\"program-scope\"><strong>Alcance del programa<\/strong><\/h3>\n\n\n\n<p>VAAC desarrolla y ofrece programas de educaci\u00f3n c\u00edvica personalizados.<\/p>\n\n\n\n<ul class=\"wp-block-list\">\n<li>Brindar servicios en entornos comunitarios confiables, incluidas c\u00e1rceles, refugios, centros de tratamiento, oficinas de libertad condicional, programas de reingreso y espacios comunitarios.<br><\/li>\n\n\n\n<li>Talleres de educaci\u00f3n c\u00edvica 101 que cubren el derecho al voto, la estructura gubernamental y las elecciones.<br><\/li>\n\n\n\n<li>Educaci\u00f3n para el reingreso de votantes, incluida la iniciativa Ning\u00fan votante se queda atr\u00e1s<br><\/li>\n\n\n\n<li>Foros de candidatos centrados en preguntas de la comunidad y experiencias vividas<br><\/li>\n\n\n\n<li>Educaci\u00f3n sobre iniciativas electorales, cuestiones constitucionales y procesos electorales<br><\/li>\n\n\n\n<li>Educaci\u00f3n p\u00fablica sobre t\u00e1cticas de supresi\u00f3n de votantes, incluidas la prueba documental de ciudadan\u00eda y las iniciativas electorales enga\u00f1osas<br><\/li>\n<\/ul>\n\n\n\n<h3 class=\"wp-block-heading\" id=\"2026-focus\"><strong>Enfoque 2026<\/strong><\/h3>\n\n\n\n<ul class=\"wp-block-list\">\n<li>Ampliar la programaci\u00f3n de educaci\u00f3n c\u00edvica en refugios y espacios de reingreso<br><\/li>\n\n\n\n<li>Ampliar el programa de educaci\u00f3n c\u00edvica en c\u00e1rceles a m\u00e1s condados<\/li>\n\n\n\n<li>Aumentar la educaci\u00f3n sobre iniciativas electorales y cambios constitucionales<br><\/li>\n\n\n\n<li>Abordar la desinformaci\u00f3n, la desinformaci\u00f3n impulsada por IA y la intimidaci\u00f3n de los votantes<br><\/li>\n\n\n\n<li>Integrar la narraci\u00f3n de historias a trav\u00e9s del Proyecto VOICES para humanizar la participaci\u00f3n c\u00edvica<br><\/li>\n<\/ul>\n\n\n\n<p>La educaci\u00f3n c\u00edvica es fundamental. Cuando las personas comprenden sus derechos y c\u00f3mo funcionan los sistemas, est\u00e1n mejor posicionadas para participar, organizarse y liderar.<\/p>\n<\/div><\/div><\/div>","protected":false},"excerpt":{"rendered":"","protected":false},"author":2,"featured_media":0,"parent":850,"menu_order":0,"comment_status":"closed","ping_status":"closed","template":"","meta":{"_gspb_post_css":".gs-box{padding:20px;border-left:5px solid transparent;margin-bottom:25px}.gs-box-text>p{margin-bottom:20px;margin-top:0}.gs-box-text>p:last-of-type{margin-bottom:0}.gs-box.info_type{color:#155724;background-color:#d4edda;border-color:#c3e6cb}.gs-box.info_type svg{fill:#30a030}.gs-box.icon_type{display:flex}.gs-box.icon_type .gs-box-icon{width:28px;min-width:28px}.gs-box.icon_type .gs-box-text{flex-grow:1;margin:0 15px}","progress_planner_page_todos":"","footnotes":""},"progress_planner_page_types":[],"class_list":["post-214371","page","type-page","status-publish","hentry"],"yoast_head":"<!-- This site is optimized with the Yoast SEO plugin v27.4 - https:\/\/yoast.com\/product\/yoast-seo-wordpress\/ -->\n<title>Civic Education &#8211; Voting Access For All<\/title>\n<meta name=\"robots\" content=\"index, follow, max-snippet:-1, max-image-preview:large, max-video-preview:-1\" \/>\n<link rel=\"canonical\" href=\"https:\/\/votingaccessforall.org\/es\/what-we-do\/civic-education\/\" \/>\n<meta property=\"og:locale\" content=\"es_MX\" \/>\n<meta property=\"og:type\" content=\"article\" \/>\n<meta property=\"og:title\" content=\"Civic Education &#8211; Voting Access For All\" \/>\n<meta property=\"og:url\" content=\"https:\/\/votingaccessforall.org\/es\/what-we-do\/civic-education\/\" \/>\n<meta property=\"og:site_name\" content=\"Voting Access For All\" \/>\n<meta property=\"article:publisher\" content=\"https:\/\/www.facebook.com\/VotingAccessForAll\/\" \/>\n<meta property=\"article:modified_time\" content=\"2026-02-22T20:57:12+00:00\" \/>\n<meta name=\"twitter:card\" content=\"summary_large_image\" \/>\n<meta name=\"twitter:label1\" content=\"Tiempo de lectura\" \/>\n\t<meta name=\"twitter:data1\" content=\"1 minuto\" \/>\n<script type=\"application\/ld+json\" class=\"yoast-schema-graph\">{\"@context\":\"https:\\\/\\\/schema.org\",\"@graph\":[{\"@type\":\"WebPage\",\"@id\":\"https:\\\/\\\/votingaccessforall.org\\\/what-we-do\\\/civic-education\\\/\",\"url\":\"https:\\\/\\\/votingaccessforall.org\\\/what-we-do\\\/civic-education\\\/\",\"name\":\"Civic Education &#8211; Voting Access For All\",\"isPartOf\":{\"@id\":\"https:\\\/\\\/votingaccessforall.org\\\/#website\"},\"datePublished\":\"2026-02-22T20:56:09+00:00\",\"dateModified\":\"2026-02-22T20:57:12+00:00\",\"breadcrumb\":{\"@id\":\"https:\\\/\\\/votingaccessforall.org\\\/what-we-do\\\/civic-education\\\/#breadcrumb\"},\"inLanguage\":\"es\",\"potentialAction\":[{\"@type\":\"ReadAction\",\"target\":[\"https:\\\/\\\/votingaccessforall.org\\\/what-we-do\\\/civic-education\\\/\"]}]},{\"@type\":\"BreadcrumbList\",\"@id\":\"https:\\\/\\\/votingaccessforall.org\\\/what-we-do\\\/civic-education\\\/#breadcrumb\",\"itemListElement\":[{\"@type\":\"ListItem\",\"position\":1,\"name\":\"Home\",\"item\":\"https:\\\/\\\/votingaccessforall.org\\\/\"},{\"@type\":\"ListItem\",\"position\":2,\"name\":\"What We Do\",\"item\":\"https:\\\/\\\/votingaccessforall.org\\\/what-we-do\\\/\"},{\"@type\":\"ListItem\",\"position\":3,\"name\":\"Civic Education\"}]},{\"@type\":\"WebSite\",\"@id\":\"https:\\\/\\\/votingaccessforall.org\\\/#website\",\"url\":\"https:\\\/\\\/votingaccessforall.org\\\/\",\"name\":\"Voting Access For All\",\"description\":\"Empowering ALL Michigan Voters: Voting Is Your Right!\",\"publisher\":{\"@id\":\"https:\\\/\\\/votingaccessforall.org\\\/#organization\"},\"potentialAction\":[{\"@type\":\"SearchAction\",\"target\":{\"@type\":\"EntryPoint\",\"urlTemplate\":\"https:\\\/\\\/votingaccessforall.org\\\/?s={search_term_string}\"},\"query-input\":{\"@type\":\"PropertyValueSpecification\",\"valueRequired\":true,\"valueName\":\"search_term_string\"}}],\"inLanguage\":\"es\"},{\"@type\":\"Organization\",\"@id\":\"https:\\\/\\\/votingaccessforall.org\\\/#organization\",\"name\":\"Voting Access for All Coalition\",\"url\":\"https:\\\/\\\/votingaccessforall.org\\\/\",\"logo\":{\"@type\":\"ImageObject\",\"inLanguage\":\"es\",\"@id\":\"https:\\\/\\\/votingaccessforall.org\\\/#\\\/schema\\\/logo\\\/image\\\/\",\"url\":\"https:\\\/\\\/votingaccessforall.org\\\/wp-content\\\/uploads\\\/2021\\\/05\\\/cropped-VAAC_logo_Small.jpg\",\"contentUrl\":\"https:\\\/\\\/votingaccessforall.org\\\/wp-content\\\/uploads\\\/2021\\\/05\\\/cropped-VAAC_logo_Small.jpg\",\"width\":512,\"height\":512,\"caption\":\"Voting Access for All Coalition\"},\"image\":{\"@id\":\"https:\\\/\\\/votingaccessforall.org\\\/#\\\/schema\\\/logo\\\/image\\\/\"},\"sameAs\":[\"https:\\\/\\\/www.facebook.com\\\/VotingAccessForAll\\\/\",\"https:\\\/\\\/www.instagram.com\\\/votingaccessforall\\\/\",\"https:\\\/\\\/www.youtube.com\\\/@VotingAccessForAll\",\"https:\\\/\\\/www.linkedin.com\\\/company\\\/voting-access-for-all-vaac\\\/\",\"https:\\\/\\\/bsky.app\\\/profile\\\/votingaccessforall.bsky.social\"]}]}<\/script>\n<!-- \/ Yoast SEO plugin. -->","yoast_head_json":{"title":"Civic Education &#8211; Voting Access For All","robots":{"index":"index","follow":"follow","max-snippet":"max-snippet:-1","max-image-preview":"max-image-preview:large","max-video-preview":"max-video-preview:-1"},"canonical":"https:\/\/votingaccessforall.org\/es\/what-we-do\/civic-education\/","og_locale":"es_MX","og_type":"article","og_title":"Civic Education &#8211; Voting Access For All","og_url":"https:\/\/votingaccessforall.org\/es\/what-we-do\/civic-education\/","og_site_name":"Voting Access For All","article_publisher":"https:\/\/www.facebook.com\/VotingAccessForAll\/","article_modified_time":"2026-02-22T20:57:12+00:00","twitter_card":"summary_large_image","twitter_misc":{"Tiempo de lectura":"1 minuto"},"schema":{"@context":"https:\/\/schema.org","@graph":[{"@type":"WebPage","@id":"https:\/\/votingaccessforall.org\/what-we-do\/civic-education\/","url":"https:\/\/votingaccessforall.org\/what-we-do\/civic-education\/","name":"Civic Education &#8211; Voting Access For All","isPartOf":{"@id":"https:\/\/votingaccessforall.org\/#website"},"datePublished":"2026-02-22T20:56:09+00:00","dateModified":"2026-02-22T20:57:12+00:00","breadcrumb":{"@id":"https:\/\/votingaccessforall.org\/what-we-do\/civic-education\/#breadcrumb"},"inLanguage":"es","potentialAction":[{"@type":"ReadAction","target":["https:\/\/votingaccessforall.org\/what-we-do\/civic-education\/"]}]},{"@type":"BreadcrumbList","@id":"https:\/\/votingaccessforall.org\/what-we-do\/civic-education\/#breadcrumb","itemListElement":[{"@type":"ListItem","position":1,"name":"Home","item":"https:\/\/votingaccessforall.org\/"},{"@type":"ListItem","position":2,"name":"What We Do","item":"https:\/\/votingaccessforall.org\/what-we-do\/"},{"@type":"ListItem","position":3,"name":"Civic Education"}]},{"@type":"WebSite","@id":"https:\/\/votingaccessforall.org\/#website","url":"https:\/\/votingaccessforall.org\/","name":"Acceso a la votaci\u00f3n para todos","description":"Empoderando a TODOS los votantes de Michigan:<br \/>\u00a1Votar es su derecho!","publisher":{"@id":"https:\/\/votingaccessforall.org\/#organization"},"potentialAction":[{"@type":"SearchAction","target":{"@type":"EntryPoint","urlTemplate":"https:\/\/votingaccessforall.org\/?s={search_term_string}"},"query-input":{"@type":"PropertyValueSpecification","valueRequired":true,"valueName":"search_term_string"}}],"inLanguage":"es"},{"@type":"Organization","@id":"https:\/\/votingaccessforall.org\/#organization","name":"Coalici\u00f3n de acceso a la votaci\u00f3n para todos","url":"https:\/\/votingaccessforall.org\/","logo":{"@type":"ImageObject","inLanguage":"es","@id":"https:\/\/votingaccessforall.org\/#\/schema\/logo\/image\/","url":"https:\/\/votingaccessforall.org\/wp-content\/uploads\/2021\/05\/cropped-VAAC_logo_Small.jpg","contentUrl":"https:\/\/votingaccessforall.org\/wp-content\/uploads\/2021\/05\/cropped-VAAC_logo_Small.jpg","width":512,"height":512,"caption":"Voting Access for All Coalition"},"image":{"@id":"https:\/\/votingaccessforall.org\/#\/schema\/logo\/image\/"},"sameAs":["https:\/\/www.facebook.com\/VotingAccessForAll\/","https:\/\/www.instagram.com\/votingaccessforall\/","https:\/\/www.youtube.com\/@VotingAccessForAll","https:\/\/www.linkedin.com\/company\/voting-access-for-all-vaac\/","https:\/\/bsky.app\/profile\/votingaccessforall.bsky.social"]}]}},"_links":{"self":[{"href":"https:\/\/votingaccessforall.org\/es\/wp-json\/wp\/v2\/pages\/214371","targetHints":{"allow":["GET"]}}],"collection":[{"href":"https:\/\/votingaccessforall.org\/es\/wp-json\/wp\/v2\/pages"}],"about":[{"href":"https:\/\/votingaccessforall.org\/es\/wp-json\/wp\/v2\/types\/page"}],"author":[{"embeddable":true,"href":"https:\/\/votingaccessforall.org\/es\/wp-json\/wp\/v2\/users\/2"}],"replies":[{"embeddable":true,"href":"https:\/\/votingaccessforall.org\/es\/wp-json\/wp\/v2\/comments?post=214371"}],"version-history":[{"count":1,"href":"https:\/\/votingaccessforall.org\/es\/wp-json\/wp\/v2\/pages\/214371\/revisions"}],"predecessor-version":[{"id":214372,"href":"https:\/\/votingaccessforall.org\/es\/wp-json\/wp\/v2\/pages\/214371\/revisions\/214372"}],"up":[{"embeddable":true,"href":"https:\/\/votingaccessforall.org\/es\/wp-json\/wp\/v2\/pages\/850"}],"wp:attachment":[{"href":"https:\/\/votingaccessforall.org\/es\/wp-json\/wp\/v2\/media?parent=214371"}],"wp:term":[{"taxonomy":"progress_planner_page_types","embeddable":true,"href":"https:\/\/votingaccessforall.org\/es\/wp-json\/wp\/v2\/progress_planner_page_types?post=214371"}],"curies":[{"name":"gracias","href":"https:\/\/api.w.org\/{rel}","templated":true}]}}