{"id":187009,"date":"2025-10-31T18:59:48","date_gmt":"2025-10-31T22:59:48","guid":{"rendered":"https:\/\/votingaccessforall.org\/?page_id=187009"},"modified":"2026-02-22T16:34:29","modified_gmt":"2026-02-22T21:34:29","slug":"building","status":"publish","type":"page","link":"https:\/\/votingaccessforall.org\/es\/what-we-do\/building\/","title":{"rendered":"Desarrollo de liderazgo comunitario"},"content":{"rendered":"<div class=\"wp-block-greenshift-blocks-infobox gspb_infoBox gspb_infoBox-id-gsbp-a1f8a50\" id=\"gspb_infoBox-id-gsbp-a1f8a50\"><div class=\"gs-box info_type icon_type\"><div class=\"gs-box-icon\"><svg x=\"0px\" y=\"0px\" viewbox=\"0 0 512 512\"> <g><g> <path d=\"M256,0C114.497,0,0,114.507,0,256c0,141.503,114.507,256,256,256c141.503,0,256-114.507,256-256 C512,114.497,397.492,0,256,0z M256,472c-119.393,0-216-96.615-216-216c0-119.393,96.615-216,216-216 c119.393,0,216,96.615,216,216C472,375.393,375.384,472,256,472z\"><\/path> <\/g> <\/g> <g> <g> <path d=\"M256,214.33c-11.046,0-20,8.954-20,20v128.793c0,11.046,8.954,20,20,20s20-8.955,20-20.001V234.33 C276,223.284,267.046,214.33,256,214.33z\"><\/path> <\/g> <\/g> <g> <g> <circle cx=\"256\" cy=\"162.84\" r=\"27\"><\/circle> <\/g> <\/g> <\/svg><\/div><div class=\"gs-box-text\">\n<h3 class=\"wp-block-heading\" id=\"goal\"><strong>Meta<\/strong><\/h3>\n\n\n\n<p>Desarrollar a los miembros de la comunidad directamente impactados como l\u00edderes c\u00edvicos, embajadores y mensajeros de confianza.<\/p>\n\n\n\n<h3 class=\"wp-block-heading\" id=\"program-scope\"><strong>Alcance del programa<\/strong><\/h3>\n\n\n\n<p>El desarrollo del liderazgo est\u00e1 integrado en el trabajo de VAAC e incluye:<\/p>\n\n\n\n<ul class=\"wp-block-list\">\n<li>Programa de Desarrollo de Embajadores del VAAC con capacitaci\u00f3n en educaci\u00f3n de votantes, divulgaci\u00f3n y participaci\u00f3n no partidista<\/li>\n\n\n\n<li>Capacitaci\u00f3n cruzada de embajadores en extensi\u00f3n comunitaria, visitas puerta a puerta, banca por tel\u00e9fono\/mensajes de texto y monitoreo\/desaf\u00edo de urnas para profundizar la experiencia y el conocimiento de la votaci\u00f3n.<br><\/li>\n\n\n\n<li>Iniciativas de liderazgo c\u00edvico y desarrollo de poder para j\u00f3venes de 16 a 23 a\u00f1os<br><\/li>\n\n\n\n<li>Capacitaci\u00f3n en alfabetizaci\u00f3n digital para abordar la brecha digital que enfrentan las personas afectadas por la justicia<br><\/li>\n\n\n\n<li>Actividades de divulgaci\u00f3n dirigidas por embajadores en refugios, c\u00e1rceles, paradas de autob\u00fas y lugares comunitarios de alto tr\u00e1fico.<br><\/li>\n\n\n\n<li>Caminos de liderazgo que conectan el compromiso c\u00edvico con el empleo, la defensa y el liderazgo del movimiento<br><\/li>\n<\/ul>\n\n\n\n<h3 class=\"wp-block-heading\" id=\"2026-focus\"><strong>Enfoque 2026<\/strong><\/h3>\n\n\n\n<ul class=\"wp-block-list\">\n<li>Ampliar el reclutamiento, la capacitaci\u00f3n y los estipendios de embajadores<br><\/li>\n\n\n\n<li>Fortalecer las l\u00edneas de liderazgo c\u00edvico juvenil<br><\/li>\n\n\n\n<li>Proporcionar a los embajadores tecnolog\u00eda, materiales y apoyo constante.<br><\/li>\n\n\n\n<li>Profundizar el desarrollo del liderazgo para las personas directamente impactadas<br><\/li>\n<\/ul>\n\n\n\n<p>VAAC est\u00e1 construyendo intencionalmente un movimiento liderado por los m\u00e1s afectados. El desarrollo del liderazgo garantiza la sostenibilidad, la confianza y el poder c\u00edvico a largo plazo.<\/p>\n<\/div><\/div><\/div>","protected":false},"excerpt":{"rendered":"","protected":false},"author":1,"featured_media":0,"parent":850,"menu_order":0,"comment_status":"closed","ping_status":"closed","template":"","meta":{"_gspb_post_css":".gs-box{padding:20px;border-left:5px solid transparent;margin-bottom:25px}.gs-box-text>p{margin-bottom:20px;margin-top:0}.gs-box-text>p:last-of-type{margin-bottom:0}.gs-box.info_type{color:#155724;background-color:#d4edda;border-color:#c3e6cb}.gs-box.info_type svg{fill:#30a030}.gs-box.icon_type{display:flex}.gs-box.icon_type .gs-box-icon{width:28px;min-width:28px}.gs-box.icon_type .gs-box-text{flex-grow:1;margin:0 15px}","progress_planner_page_todos":"","footnotes":""},"progress_planner_page_types":[],"class_list":["post-187009","page","type-page","status-publish","hentry"],"yoast_head":"<!-- This site is optimized with the Yoast SEO plugin v27.3 - https:\/\/yoast.com\/product\/yoast-seo-wordpress\/ -->\n<title>Community Leadership Development &#8211; Voting Access For All<\/title>\n<meta name=\"robots\" content=\"index, follow, max-snippet:-1, max-image-preview:large, max-video-preview:-1\" \/>\n<link rel=\"canonical\" href=\"https:\/\/votingaccessforall.org\/es\/what-we-do\/building\/\" \/>\n<meta property=\"og:locale\" content=\"es_MX\" \/>\n<meta property=\"og:type\" content=\"article\" \/>\n<meta property=\"og:title\" content=\"Community Leadership Development &#8211; Voting Access For All\" \/>\n<meta property=\"og:url\" content=\"https:\/\/votingaccessforall.org\/es\/what-we-do\/building\/\" \/>\n<meta property=\"og:site_name\" content=\"Voting Access For All\" \/>\n<meta property=\"article:publisher\" content=\"https:\/\/www.facebook.com\/VotingAccessForAll\/\" \/>\n<meta property=\"article:modified_time\" content=\"2026-02-22T21:34:29+00:00\" \/>\n<meta name=\"twitter:card\" content=\"summary_large_image\" \/>\n<meta name=\"twitter:label1\" content=\"Tiempo de lectura\" \/>\n\t<meta name=\"twitter:data1\" content=\"1 minuto\" \/>\n<script type=\"application\/ld+json\" class=\"yoast-schema-graph\">{\"@context\":\"https:\\\/\\\/schema.org\",\"@graph\":[{\"@type\":\"WebPage\",\"@id\":\"https:\\\/\\\/votingaccessforall.org\\\/what-we-do\\\/building\\\/\",\"url\":\"https:\\\/\\\/votingaccessforall.org\\\/what-we-do\\\/building\\\/\",\"name\":\"Community Leadership Development &#8211; Voting Access For All\",\"isPartOf\":{\"@id\":\"https:\\\/\\\/votingaccessforall.org\\\/#website\"},\"datePublished\":\"2025-10-31T22:59:48+00:00\",\"dateModified\":\"2026-02-22T21:34:29+00:00\",\"breadcrumb\":{\"@id\":\"https:\\\/\\\/votingaccessforall.org\\\/what-we-do\\\/building\\\/#breadcrumb\"},\"inLanguage\":\"es\",\"potentialAction\":[{\"@type\":\"ReadAction\",\"target\":[\"https:\\\/\\\/votingaccessforall.org\\\/what-we-do\\\/building\\\/\"]}]},{\"@type\":\"BreadcrumbList\",\"@id\":\"https:\\\/\\\/votingaccessforall.org\\\/what-we-do\\\/building\\\/#breadcrumb\",\"itemListElement\":[{\"@type\":\"ListItem\",\"position\":1,\"name\":\"Home\",\"item\":\"https:\\\/\\\/votingaccessforall.org\\\/\"},{\"@type\":\"ListItem\",\"position\":2,\"name\":\"What We Do\",\"item\":\"https:\\\/\\\/votingaccessforall.org\\\/what-we-do\\\/\"},{\"@type\":\"ListItem\",\"position\":3,\"name\":\"Community Leadership Development\"}]},{\"@type\":\"WebSite\",\"@id\":\"https:\\\/\\\/votingaccessforall.org\\\/#website\",\"url\":\"https:\\\/\\\/votingaccessforall.org\\\/\",\"name\":\"Voting Access For All\",\"description\":\"Empowering ALL Michigan Voters: Voting Is Your Right!\",\"publisher\":{\"@id\":\"https:\\\/\\\/votingaccessforall.org\\\/#organization\"},\"potentialAction\":[{\"@type\":\"SearchAction\",\"target\":{\"@type\":\"EntryPoint\",\"urlTemplate\":\"https:\\\/\\\/votingaccessforall.org\\\/?s={search_term_string}\"},\"query-input\":{\"@type\":\"PropertyValueSpecification\",\"valueRequired\":true,\"valueName\":\"search_term_string\"}}],\"inLanguage\":\"es\"},{\"@type\":\"Organization\",\"@id\":\"https:\\\/\\\/votingaccessforall.org\\\/#organization\",\"name\":\"Voting Access for All Coalition\",\"url\":\"https:\\\/\\\/votingaccessforall.org\\\/\",\"logo\":{\"@type\":\"ImageObject\",\"inLanguage\":\"es\",\"@id\":\"https:\\\/\\\/votingaccessforall.org\\\/#\\\/schema\\\/logo\\\/image\\\/\",\"url\":\"https:\\\/\\\/votingaccessforall.org\\\/wp-content\\\/uploads\\\/2021\\\/05\\\/cropped-VAAC_logo_Small.jpg\",\"contentUrl\":\"https:\\\/\\\/votingaccessforall.org\\\/wp-content\\\/uploads\\\/2021\\\/05\\\/cropped-VAAC_logo_Small.jpg\",\"width\":512,\"height\":512,\"caption\":\"Voting Access for All Coalition\"},\"image\":{\"@id\":\"https:\\\/\\\/votingaccessforall.org\\\/#\\\/schema\\\/logo\\\/image\\\/\"},\"sameAs\":[\"https:\\\/\\\/www.facebook.com\\\/VotingAccessForAll\\\/\",\"https:\\\/\\\/www.instagram.com\\\/votingaccessforall\\\/\",\"https:\\\/\\\/www.youtube.com\\\/@VotingAccessForAll\",\"https:\\\/\\\/www.linkedin.com\\\/company\\\/voting-access-for-all-vaac\\\/\",\"https:\\\/\\\/bsky.app\\\/profile\\\/votingaccessforall.bsky.social\"]}]}<\/script>\n<!-- \/ Yoast SEO plugin. -->","yoast_head_json":{"title":"Community Leadership Development &#8211; Voting Access For All","robots":{"index":"index","follow":"follow","max-snippet":"max-snippet:-1","max-image-preview":"max-image-preview:large","max-video-preview":"max-video-preview:-1"},"canonical":"https:\/\/votingaccessforall.org\/es\/what-we-do\/building\/","og_locale":"es_MX","og_type":"article","og_title":"Community Leadership Development &#8211; Voting Access For All","og_url":"https:\/\/votingaccessforall.org\/es\/what-we-do\/building\/","og_site_name":"Voting Access For All","article_publisher":"https:\/\/www.facebook.com\/VotingAccessForAll\/","article_modified_time":"2026-02-22T21:34:29+00:00","twitter_card":"summary_large_image","twitter_misc":{"Tiempo de lectura":"1 minuto"},"schema":{"@context":"https:\/\/schema.org","@graph":[{"@type":"WebPage","@id":"https:\/\/votingaccessforall.org\/what-we-do\/building\/","url":"https:\/\/votingaccessforall.org\/what-we-do\/building\/","name":"Community Leadership Development &#8211; Voting Access For All","isPartOf":{"@id":"https:\/\/votingaccessforall.org\/#website"},"datePublished":"2025-10-31T22:59:48+00:00","dateModified":"2026-02-22T21:34:29+00:00","breadcrumb":{"@id":"https:\/\/votingaccessforall.org\/what-we-do\/building\/#breadcrumb"},"inLanguage":"es","potentialAction":[{"@type":"ReadAction","target":["https:\/\/votingaccessforall.org\/what-we-do\/building\/"]}]},{"@type":"BreadcrumbList","@id":"https:\/\/votingaccessforall.org\/what-we-do\/building\/#breadcrumb","itemListElement":[{"@type":"ListItem","position":1,"name":"Home","item":"https:\/\/votingaccessforall.org\/"},{"@type":"ListItem","position":2,"name":"What We Do","item":"https:\/\/votingaccessforall.org\/what-we-do\/"},{"@type":"ListItem","position":3,"name":"Community Leadership Development"}]},{"@type":"WebSite","@id":"https:\/\/votingaccessforall.org\/#website","url":"https:\/\/votingaccessforall.org\/","name":"Acceso a la votaci\u00f3n para todos","description":"Empoderando a TODOS los votantes de Michigan:<br \/>\u00a1Votar es su derecho!","publisher":{"@id":"https:\/\/votingaccessforall.org\/#organization"},"potentialAction":[{"@type":"SearchAction","target":{"@type":"EntryPoint","urlTemplate":"https:\/\/votingaccessforall.org\/?s={search_term_string}"},"query-input":{"@type":"PropertyValueSpecification","valueRequired":true,"valueName":"search_term_string"}}],"inLanguage":"es"},{"@type":"Organization","@id":"https:\/\/votingaccessforall.org\/#organization","name":"Coalici\u00f3n de acceso a la votaci\u00f3n para todos","url":"https:\/\/votingaccessforall.org\/","logo":{"@type":"ImageObject","inLanguage":"es","@id":"https:\/\/votingaccessforall.org\/#\/schema\/logo\/image\/","url":"https:\/\/votingaccessforall.org\/wp-content\/uploads\/2021\/05\/cropped-VAAC_logo_Small.jpg","contentUrl":"https:\/\/votingaccessforall.org\/wp-content\/uploads\/2021\/05\/cropped-VAAC_logo_Small.jpg","width":512,"height":512,"caption":"Voting Access for All Coalition"},"image":{"@id":"https:\/\/votingaccessforall.org\/#\/schema\/logo\/image\/"},"sameAs":["https:\/\/www.facebook.com\/VotingAccessForAll\/","https:\/\/www.instagram.com\/votingaccessforall\/","https:\/\/www.youtube.com\/@VotingAccessForAll","https:\/\/www.linkedin.com\/company\/voting-access-for-all-vaac\/","https:\/\/bsky.app\/profile\/votingaccessforall.bsky.social"]}]}},"_links":{"self":[{"href":"https:\/\/votingaccessforall.org\/es\/wp-json\/wp\/v2\/pages\/187009","targetHints":{"allow":["GET"]}}],"collection":[{"href":"https:\/\/votingaccessforall.org\/es\/wp-json\/wp\/v2\/pages"}],"about":[{"href":"https:\/\/votingaccessforall.org\/es\/wp-json\/wp\/v2\/types\/page"}],"author":[{"embeddable":true,"href":"https:\/\/votingaccessforall.org\/es\/wp-json\/wp\/v2\/users\/1"}],"replies":[{"embeddable":true,"href":"https:\/\/votingaccessforall.org\/es\/wp-json\/wp\/v2\/comments?post=187009"}],"version-history":[{"count":2,"href":"https:\/\/votingaccessforall.org\/es\/wp-json\/wp\/v2\/pages\/187009\/revisions"}],"predecessor-version":[{"id":214379,"href":"https:\/\/votingaccessforall.org\/es\/wp-json\/wp\/v2\/pages\/187009\/revisions\/214379"}],"up":[{"embeddable":true,"href":"https:\/\/votingaccessforall.org\/es\/wp-json\/wp\/v2\/pages\/850"}],"wp:attachment":[{"href":"https:\/\/votingaccessforall.org\/es\/wp-json\/wp\/v2\/media?parent=187009"}],"wp:term":[{"taxonomy":"progress_planner_page_types","embeddable":true,"href":"https:\/\/votingaccessforall.org\/es\/wp-json\/wp\/v2\/progress_planner_page_types?post=187009"}],"curies":[{"name":"gracias","href":"https:\/\/api.w.org\/{rel}","templated":true}]}}