{"id":1530,"date":"2022-02-13T14:14:15","date_gmt":"2022-02-13T19:14:15","guid":{"rendered":"https:\/\/votingaccessforall.org\/?page_id=1530"},"modified":"2025-07-21T10:42:24","modified_gmt":"2025-07-21T14:42:24","slug":"vaac-volunteer-opportunities","status":"publish","type":"page","link":"https:\/\/votingaccessforall.org\/es\/vaac-volunteer-opportunities\/","title":{"rendered":"Oportunidades de voluntariado VAAC"},"content":{"rendered":"<p>\u00bfInteresado en ser voluntario?  <a href=\"https:\/\/votingaccessforall.org\/es\/volunteer\/\">\u00danase a nosotros ahora<\/a>!<\/p>\n\n\n\n<p>VAAC tiene varias oportunidades, grandes y peque\u00f1as, seg\u00fan la disponibilidad, las habilidades y los intereses de los voluntarios. Algunos se pueden hacer desde casa, otros en la comunidad. Somos una organizaci\u00f3n estatal, con voluntarios en muchas comunidades, y buscamos crecer a\u00fan m\u00e1s.  <strong>Haga clic en el signo m\u00e1s a continuaci\u00f3n para conocer las oportunidades de voluntariado en cada programa.<\/strong><\/p>\n\n\n\n<div class=\"wp-block-kadence-accordion alignnone\"><div class=\"kt-accordion-wrap kt-accordion-id1530_24b700-c8 kt-accordion-has-7-panes kt-active-pane-0 kt-accordion-block kt-pane-header-alignment-left kt-accodion-icon-style-basic kt-accodion-icon-side-right\" style=\"max-width:none\"><div class=\"kt-accordion-inner-wrap\" data-allow-multiple-open=\"false\" data-start-open=\"none\">\n<div class=\"wp-block-kadence-pane kt-accordion-pane kt-accordion-pane-1 kt-pane1530_e95468-e7\"><div class=\"kt-accordion-header-wrap\"><button class=\"kt-blocks-accordion-header kt-acccordion-button-label-show\" type=\"button\"><span class=\"kt-blocks-accordion-title-wrap\"><span class=\"kt-blocks-accordion-title\"><strong><a href=\"https:\/\/votingaccessforall.org\/es\/what-we-do\/community-voting-outreach\/\">Alcance de la votaci\u00f3n comunitaria<\/a>&nbsp;\u2014 <\/strong>Nos comunicamos con personas con condenas por delitos graves o en libertad condicional para informarles que tienen derecho a votar. Visitamos refugios, bancos de alimentos, ferias de eliminaci\u00f3n de antecedentes penales, paradas de autob\u00fas, bibliotecas, tiendas de art\u00edculos para fiestas, peluquer\u00edas, visitamos puerta a puerta y muchos otros lugares y eventos en comunidades que se ven afectadas de manera desproporcionada por el sistema de justicia penal.  <\/span><\/span><span class=\"kt-blocks-accordion-icon-trigger\"><\/span><\/button><\/div><div class=\"kt-accordion-panel kt-accordion-panel-hidden\"><div class=\"kt-accordion-panel-inner\"><style><\/style><style><\/style>\n<figure class=\"wp-block-table is-style-regular\"><table><thead><tr><th>Oportunidad de voluntariado<\/th><th>Tama\u00f1o del compromiso<\/th><\/tr><\/thead><tbody><tr><td><strong>Distribuci\u00f3n de material comunitario:<\/strong> Cuelgue carteles de VAAC en lugares p\u00fablicos, especialmente en \u00e1reas urbanas, como paradas de autob\u00fas, peluquer\u00edas, lavander\u00edas, tiendas de barrio, bibliotecas, iglesias, mezquitas, etc.<br><strong>Ubicaci\u00f3n:<\/strong> Tu comunidad o te ayudaremos a identificar una comunidad a la que a\u00fan no hemos llegado<\/td><td>A partir de unas pocas horas. Tambi\u00e9n puede mantener un suministro de carteles en su autom\u00f3vil y distribuirlos cuando est\u00e9 en la comunidad.<\/td><\/tr><tr><td><strong>Voluntario de eventos comunitarios:<\/strong> \u00danase a otros voluntarios de VAAC en eventos o lugares de la comunidad, eduque a las personas sobre su derecho al voto y ay\u00fadelos a registrarse, solicitar boletas de voto en ausencia u obtener identificaciones.<br><strong>Ubicaci\u00f3n:<\/strong> En la comunidad<\/td><td>El compromiso de un solo evento es de aproximadamente 2 a 4 horas. Su nombre se agregar\u00e1 a un Genio de registro para recibir alertas de todas las oportunidades.\u00a0<\/td><\/tr><tr><td><strong>Enlace comunitario: <\/strong>Asumir la responsabilidad de una relaci\u00f3n con una organizaci\u00f3n comunitaria, como un refugio para personas sin hogar o un banco de alimentos, para entregar carteles, volantes y tal vez incluso organizar un evento Get Out the Vote.<br><strong><strong>Ubicaci\u00f3n:<\/strong>&nbsp;<\/strong>Tel\u00e9fono o email para coordinar. Idealmente, visite la ubicaci\u00f3n en persona con carteles y volantes para hacer contacto personal, pero el correo postal es una alternativa definitiva de respaldo.&nbsp;<\/td><td>Involucrar a una sola organizaci\u00f3n deber\u00eda tomar entre 2 y 4 horas en total. Le invitamos a tomar m\u00faltiples ubicaciones.<\/td><\/tr><\/tbody><\/table><\/figure>\n<\/div><\/div><\/div>\n\n\n\n<div class=\"wp-block-kadence-pane kt-accordion-pane kt-accordion-pane-2 kt-pane1530_8e6e0c-d4\"><div class=\"kt-accordion-header-wrap\"><button class=\"kt-blocks-accordion-header kt-acccordion-button-label-show\" type=\"button\"><span class=\"kt-blocks-accordion-title-wrap\"><span class=\"kt-blocks-accordion-title\"><strong><a href=\"https:\/\/votingaccessforall.org\/es\/what-we-do\/jail-voting\/\">Votaci\u00f3n en la c\u00e1rcel<\/a>&nbsp;\u2013 <\/strong>Nuestro acercamiento a las personas detenidas en las c\u00e1rceles de Michigan antes del juicio les brinda educaci\u00f3n y apoyo para ejercer su derecho al voto.<\/span><\/span><span class=\"kt-blocks-accordion-icon-trigger\"><\/span><\/button><\/div><div class=\"kt-accordion-panel kt-accordion-panel-hidden\"><div class=\"kt-accordion-panel-inner\">\n<figure class=\"wp-block-table is-style-regular has-normal-font-size\"><table><thead><tr><th>Oportunidad de voluntariado<\/th><th>Tama\u00f1o del compromiso<\/th><\/tr><\/thead><tbody><tr><td><strong>Voluntario de la c\u00e1rcel<\/strong>: Con\u00e9ctese con personas en las c\u00e1rceles para apoyar la educaci\u00f3n, el registro de votantes, las solicitudes de boletas en ausencia.&nbsp;<br><strong>Ubicaci\u00f3n:<\/strong> Una sola c\u00e1rcel en la que acepta ser voluntario.<\/td><td>M\u00faltiples peque\u00f1os compromisos. Implica capacitaci\u00f3n y m\u00faltiples visitas a la misma c\u00e1rcel.<\/td><\/tr><tr><td><strong>Enlace de la c\u00e1rcel:<\/strong> Construya relaciones con la administraci\u00f3n de la c\u00e1rcel y la oficina del secretario local en un condado individual. Utilice los datos recopilados en el registro y realice llamadas telef\u00f3nicas de seguimiento con el personal, las personas encarceladas y las personas en el momento de la liberaci\u00f3n. <br><strong>Ubicaci\u00f3n:<\/strong> Remoto (tel\u00e9fono y correo) y tambi\u00e9n puede implicar visitar la ubicaci\u00f3n si as\u00ed lo desea, pero no es obligatorio.<\/td><td>Compromiso continuo de menos de 10 horas por semana.&nbsp; &nbsp;&nbsp;<\/td><\/tr><\/tbody><\/table><\/figure>\n<\/div><\/div><\/div>\n\n\n\n<div class=\"wp-block-kadence-pane kt-accordion-pane kt-accordion-pane-6 kt-pane1530_28d88c-74\"><div class=\"kt-accordion-header-wrap\"><button class=\"kt-blocks-accordion-header kt-acccordion-button-label-show\" type=\"button\"><span class=\"kt-blocks-accordion-title-wrap\"><span class=\"kt-blocks-accordion-title\"><strong>Banca telef\u00f3nica \u2013 <\/strong>Nuestros operadores telef\u00f3nicos ayudan a garantizar que las personas tengan la informaci\u00f3n que necesitan para votar. Con tantos cambios en las opciones de votaci\u00f3n en Michigan, le sorprender\u00eda saber cu\u00e1ntas personas no conocen las opciones que realmente les funcionar\u00edan.  <\/span><\/span><span class=\"kt-blocks-accordion-icon-trigger\"><\/span><\/button><\/div><div class=\"kt-accordion-panel kt-accordion-panel-hidden\"><div class=\"kt-accordion-panel-inner\">\n<figure class=\"wp-block-table is-style-regular has-normal-font-size\"><table><thead><tr><th>Oportunidad de voluntariado<\/th><th>Tama\u00f1o del compromiso<\/th><\/tr><\/thead><tbody><tr><td><strong>Banquero telef\u00f3nico<\/strong>:Recibi\u00f3 acceso a una herramienta en su computadora que marca los n\u00fameros y lo conecta con las personas. Tambi\u00e9n tiene un gui\u00f3n que debe seguir y que lo gu\u00eda a trav\u00e9s del proceso. Tambi\u00e9n realizamos una capacitaci\u00f3n de una hora antes de comenzar, para que conozca los conceptos b\u00e1sicos de la votaci\u00f3n en Michigan y pueda responder preguntas que se salgan del gui\u00f3n.<br><strong>Ubicaci\u00f3n:<\/strong> Desde casa<\/td><td>Entrenamiento de una hora.<br>Puede realizar llamadas en cualquier momento entre las 9 a. m. y las 9 p. m., pero es preferible unirse a un evento de banco telef\u00f3nico, porque m\u00e1s personas llamando al mismo tiempo llegan a m\u00e1s personas.<\/td><\/tr><tr><td><\/td><td><\/td><\/tr><\/tbody><\/table><\/figure>\n<\/div><\/div><\/div>\n\n\n\n<div class=\"wp-block-kadence-pane kt-accordion-pane kt-accordion-pane-7 kt-pane1530_c8c1d9-63\"><div class=\"kt-accordion-header-wrap\"><button class=\"kt-blocks-accordion-header kt-acccordion-button-label-show\" type=\"button\"><span class=\"kt-blocks-accordion-title-wrap\"><span class=\"kt-blocks-accordion-title\"><strong>Observaci\u00f3n de las encuestas \u2013 <\/strong>Ayude a garantizar que todos tengan acceso a votar en las urnas monitoreando un lugar de votaci\u00f3n espec\u00edfico durante la votaci\u00f3n anticipada o la votaci\u00f3n del d\u00eda de las elecciones. <\/span><\/span><span class=\"kt-blocks-accordion-icon-trigger\"><\/span><\/button><\/div><div class=\"kt-accordion-panel kt-accordion-panel-hidden\"><div class=\"kt-accordion-panel-inner\">\n<figure class=\"wp-block-table is-style-regular has-normal-font-size\"><table><thead><tr><th>Oportunidad de voluntariado<\/th><th>Tama\u00f1o del compromiso<\/th><\/tr><\/thead><tbody><tr><td><strong>Observador de encuestas<\/strong>:La capacitaci\u00f3n le ense\u00f1ar\u00e1 c\u00f3mo presentarse, qu\u00e9 debe tener en cuenta al monitorear y a qui\u00e9n llamar si ve algo que le preocupe. No se espera que interact\u00fae con los trabajadores electorales, sino que observe e informe.  <br><strong>Ubicaci\u00f3n:<\/strong> Un lugar de votaci\u00f3n. La selecci\u00f3n del lugar se coordina con una coalici\u00f3n m\u00e1s amplia para intentar obtener la mayor cobertura posible en el estado. Le ayudaremos a identificar un lugar de votaci\u00f3n cerca de usted.  <\/td><td>Entrenamiento de una hora.<br>Turno de 5 horas durante la votaci\u00f3n anticipada o el d\u00eda de las elecciones.<br><\/td><\/tr><tr><td><\/td><td><\/td><\/tr><\/tbody><\/table><\/figure>\n<\/div><\/div><\/div>\n\n\n\n<div class=\"wp-block-kadence-pane kt-accordion-pane kt-accordion-pane-5 kt-pane1530_8993bf-50\"><div class=\"kt-accordion-header-wrap\"><button class=\"kt-blocks-accordion-header kt-acccordion-button-label-show\" type=\"button\"><span class=\"kt-blocks-accordion-title-wrap\"><span class=\"kt-blocks-accordion-title\"><strong>Oportunidades en el equipo de comunicaciones<\/strong> \u2013 Ayude a la Coalici\u00f3n de Acceso al Voto para Todos a elevar nuestra identidad visual con contenido de video, gr\u00e1ficos y otros medios que reflejen nuestra misi\u00f3n y visi\u00f3n.<\/span><\/span><span class=\"kt-blocks-accordion-icon-trigger\"><\/span><\/button><\/div><div class=\"kt-accordion-panel kt-accordion-panel-hidden\"><div class=\"kt-accordion-panel-inner\">\n<p>El equipo de comunicaciones es responsable del contenido escrito, las redes sociales, el sitio web, el bolet\u00edn informativo y el correo electr\u00f3nico de VAAC. Actualmente estamos activos en Facebook, Twitter e Instagram y siempre estamos buscando ayuda adicional. Trabajamos en estrecha coordinaci\u00f3n con los otros equipos para asegurarnos de que el grupo m\u00e1s amplio est\u00e9 siempre informado y al tanto de en qu\u00e9 est\u00e1 trabajando VAAC.<\/p>\n\n\n\n<p>Necesitamos hacer crecer nuestro equipo en las siguientes \u00e1reas<\/p>\n\n\n\n<figure class=\"wp-block-table is-style-regular\"><table><thead><tr><th>Oportunidad de voluntariado<\/th><th>Tama\u00f1o del compromiso<\/th><\/tr><\/thead><tbody><tr><td>Dise\u00f1adores gr\u00e1ficos \/ Artistas visuales<\/td><td>Flexible<\/td><\/tr><tr><td>Creadores de mensajes y narrativa<\/td><td>Flexible<\/td><\/tr><tr><td>Investigaci\u00f3n, Legal y Estrategia<\/td><td>Flexible<\/td><\/tr><tr><td>Relaciones p\u00fablicas\/Prensa Enlace con los medios<\/td><td>Flexible<\/td><\/tr><\/tbody><\/table><\/figure>\n<\/div><\/div><\/div>\n\n\n\n<div class=\"wp-block-kadence-pane kt-accordion-pane kt-accordion-pane-3 kt-pane1530_98ddef-bb\"><div class=\"kt-accordion-header-wrap\"><button class=\"kt-blocks-accordion-header kt-acccordion-button-label-show\" type=\"button\"><span class=\"kt-blocks-accordion-title-wrap\"><span class=\"kt-blocks-accordion-title\"><strong>Oportunidades administrativas para voluntarios<\/strong>\u2013 VAAC es una organizaci\u00f3n joven y en crecimiento, que valora el apoyo voluntario en todos los aspectos del trabajo que realizamos.<\/span><\/span><span class=\"kt-blocks-accordion-icon-trigger\"><\/span><\/button><\/div><div class=\"kt-accordion-panel kt-accordion-panel-hidden\"><div class=\"kt-accordion-panel-inner\">\n<figure style=\"text-transform:capitalize\" class=\"wp-block-table\"><table><thead><tr><th>Oportunidad de voluntariado<\/th><th>Tama\u00f1o del compromiso<\/th><\/tr><\/thead><tbody><tr><td>Reg\u00edstrese Coordinador Genius: mantenga listas de personas interesadas en oportunidades de voluntariado. Apoye a los enlaces de la comunidad y de la c\u00e1rcel en el env\u00edo de oportunidades de voluntariado utilizando Sign-Up Genius.<\/td><td>hasta 3 horas por semana. Podr\u00eda compartir la responsabilidad.<\/td><\/tr><tr><td>Grant Writer - Mensajes principales ya escritos. Necesita ayuda para completar los requisitos espec\u00edficos de la subvenci\u00f3n.<\/td><td>10-20 horas por Beca.  <\/td><\/tr><tr><td>Datos de votaci\u00f3n: \u00fanase a un equipo que establece la estrategia de datos, implementa y mantiene la informaci\u00f3n de votantes del VAAC.<\/td><td>Hasta 8 horas por semana. Podr\u00eda compartir la responsabilidad.<\/td><\/tr><tr><td>Tomador de notas: tome notas en nuestra reuni\u00f3n semanal y publ\u00edquelas semanalmente. <\/td><td>3 horas por semana. Podr\u00eda compartir la responsabilidad.<\/td><\/tr><\/tbody><\/table><\/figure>\n<\/div><\/div><\/div>\n<\/div><\/div><\/div>","protected":false},"excerpt":{"rendered":"<p>Interested in volunteering? Join us now! VAAC has several opportunities, large and small, based on the availability, skills and interests of volunteers.&nbsp; Some can be done from home, others out in the community. We are a state-wide organization, with volunteers in many communities, and looking to grow further. Click the plus sign&#8217;s below to learn [&hellip;]<\/p>\n","protected":false},"author":2,"featured_media":1678,"parent":0,"menu_order":0,"comment_status":"closed","ping_status":"closed","template":"","meta":{"_gspb_post_css":"","progress_planner_page_todos":"","footnotes":""},"progress_planner_page_types":[],"class_list":["post-1530","page","type-page","status-publish","has-post-thumbnail","hentry"],"yoast_head":"<!-- This site is optimized with the Yoast SEO plugin v27.3 - https:\/\/yoast.com\/product\/yoast-seo-wordpress\/ -->\n<title>VAAC Volunteer Opportunities &#8211; Voting Access For All<\/title>\n<meta name=\"robots\" content=\"index, follow, max-snippet:-1, max-image-preview:large, max-video-preview:-1\" \/>\n<link rel=\"canonical\" href=\"https:\/\/votingaccessforall.org\/es\/vaac-volunteer-opportunities\/\" \/>\n<meta property=\"og:locale\" content=\"es_MX\" \/>\n<meta property=\"og:type\" content=\"article\" \/>\n<meta property=\"og:title\" content=\"VAAC Volunteer Opportunities &#8211; Voting Access For All\" \/>\n<meta property=\"og:description\" content=\"Interested in volunteering? Join us now! VAAC has several opportunities, large and small, based on the availability, skills and interests of volunteers.&nbsp; Some can be done from home, others out in the community. We are a state-wide organization, with volunteers in many communities, and looking to grow further. Click the plus sign&#8217;s below to learn [&hellip;]\" \/>\n<meta property=\"og:url\" content=\"https:\/\/votingaccessforall.org\/es\/vaac-volunteer-opportunities\/\" \/>\n<meta property=\"og:site_name\" content=\"Voting Access For All\" \/>\n<meta property=\"article:publisher\" content=\"https:\/\/www.facebook.com\/VotingAccessForAll\/\" \/>\n<meta property=\"article:modified_time\" content=\"2025-07-21T14:42:24+00:00\" \/>\n<meta property=\"og:image\" content=\"https:\/\/votingaccessforall.org\/wp-content\/uploads\/2022\/02\/volunteer.jpg\" \/>\n\t<meta property=\"og:image:width\" content=\"856\" \/>\n\t<meta property=\"og:image:height\" content=\"483\" \/>\n\t<meta property=\"og:image:type\" content=\"image\/jpeg\" \/>\n<meta name=\"twitter:card\" content=\"summary_large_image\" \/>\n<meta name=\"twitter:label1\" content=\"Tiempo de lectura\" \/>\n\t<meta name=\"twitter:data1\" content=\"7 minutos\" \/>\n<script type=\"application\/ld+json\" class=\"yoast-schema-graph\">{\"@context\":\"https:\\\/\\\/schema.org\",\"@graph\":[{\"@type\":\"WebPage\",\"@id\":\"https:\\\/\\\/votingaccessforall.org\\\/vaac-volunteer-opportunities\\\/\",\"url\":\"https:\\\/\\\/votingaccessforall.org\\\/vaac-volunteer-opportunities\\\/\",\"name\":\"VAAC Volunteer Opportunities &#8211; Voting Access For All\",\"isPartOf\":{\"@id\":\"https:\\\/\\\/votingaccessforall.org\\\/#website\"},\"primaryImageOfPage\":{\"@id\":\"https:\\\/\\\/votingaccessforall.org\\\/vaac-volunteer-opportunities\\\/#primaryimage\"},\"image\":{\"@id\":\"https:\\\/\\\/votingaccessforall.org\\\/vaac-volunteer-opportunities\\\/#primaryimage\"},\"thumbnailUrl\":\"https:\\\/\\\/votingaccessforall.org\\\/wp-content\\\/uploads\\\/2022\\\/02\\\/volunteer.jpg\",\"datePublished\":\"2022-02-13T19:14:15+00:00\",\"dateModified\":\"2025-07-21T14:42:24+00:00\",\"breadcrumb\":{\"@id\":\"https:\\\/\\\/votingaccessforall.org\\\/vaac-volunteer-opportunities\\\/#breadcrumb\"},\"inLanguage\":\"es\",\"potentialAction\":[{\"@type\":\"ReadAction\",\"target\":[\"https:\\\/\\\/votingaccessforall.org\\\/vaac-volunteer-opportunities\\\/\"]}]},{\"@type\":\"ImageObject\",\"inLanguage\":\"es\",\"@id\":\"https:\\\/\\\/votingaccessforall.org\\\/vaac-volunteer-opportunities\\\/#primaryimage\",\"url\":\"https:\\\/\\\/votingaccessforall.org\\\/wp-content\\\/uploads\\\/2022\\\/02\\\/volunteer.jpg\",\"contentUrl\":\"https:\\\/\\\/votingaccessforall.org\\\/wp-content\\\/uploads\\\/2022\\\/02\\\/volunteer.jpg\",\"width\":856,\"height\":483,\"caption\":\"Volunteer graphic\"},{\"@type\":\"BreadcrumbList\",\"@id\":\"https:\\\/\\\/votingaccessforall.org\\\/vaac-volunteer-opportunities\\\/#breadcrumb\",\"itemListElement\":[{\"@type\":\"ListItem\",\"position\":1,\"name\":\"Home\",\"item\":\"https:\\\/\\\/votingaccessforall.org\\\/\"},{\"@type\":\"ListItem\",\"position\":2,\"name\":\"VAAC Volunteer Opportunities\"}]},{\"@type\":\"WebSite\",\"@id\":\"https:\\\/\\\/votingaccessforall.org\\\/#website\",\"url\":\"https:\\\/\\\/votingaccessforall.org\\\/\",\"name\":\"Voting Access For All\",\"description\":\"Empowering ALL Michigan Voters: Voting Is Your Right!\",\"publisher\":{\"@id\":\"https:\\\/\\\/votingaccessforall.org\\\/#organization\"},\"potentialAction\":[{\"@type\":\"SearchAction\",\"target\":{\"@type\":\"EntryPoint\",\"urlTemplate\":\"https:\\\/\\\/votingaccessforall.org\\\/?s={search_term_string}\"},\"query-input\":{\"@type\":\"PropertyValueSpecification\",\"valueRequired\":true,\"valueName\":\"search_term_string\"}}],\"inLanguage\":\"es\"},{\"@type\":\"Organization\",\"@id\":\"https:\\\/\\\/votingaccessforall.org\\\/#organization\",\"name\":\"Voting Access for All Coalition\",\"url\":\"https:\\\/\\\/votingaccessforall.org\\\/\",\"logo\":{\"@type\":\"ImageObject\",\"inLanguage\":\"es\",\"@id\":\"https:\\\/\\\/votingaccessforall.org\\\/#\\\/schema\\\/logo\\\/image\\\/\",\"url\":\"https:\\\/\\\/votingaccessforall.org\\\/wp-content\\\/uploads\\\/2021\\\/05\\\/cropped-VAAC_logo_Small.jpg\",\"contentUrl\":\"https:\\\/\\\/votingaccessforall.org\\\/wp-content\\\/uploads\\\/2021\\\/05\\\/cropped-VAAC_logo_Small.jpg\",\"width\":512,\"height\":512,\"caption\":\"Voting Access for All Coalition\"},\"image\":{\"@id\":\"https:\\\/\\\/votingaccessforall.org\\\/#\\\/schema\\\/logo\\\/image\\\/\"},\"sameAs\":[\"https:\\\/\\\/www.facebook.com\\\/VotingAccessForAll\\\/\",\"https:\\\/\\\/www.instagram.com\\\/votingaccessforall\\\/\",\"https:\\\/\\\/www.youtube.com\\\/@VotingAccessForAll\",\"https:\\\/\\\/www.linkedin.com\\\/company\\\/voting-access-for-all-vaac\\\/\",\"https:\\\/\\\/bsky.app\\\/profile\\\/votingaccessforall.bsky.social\"]}]}<\/script>\n<!-- \/ Yoast SEO plugin. -->","yoast_head_json":{"title":"Oportunidades de voluntariado de VAAC: acceso al voto para todos","robots":{"index":"index","follow":"follow","max-snippet":"max-snippet:-1","max-image-preview":"max-image-preview:large","max-video-preview":"max-video-preview:-1"},"canonical":"https:\/\/votingaccessforall.org\/es\/vaac-volunteer-opportunities\/","og_locale":"es_MX","og_type":"article","og_title":"VAAC Volunteer Opportunities &#8211; Voting Access For All","og_description":"Interested in volunteering? Join us now! VAAC has several opportunities, large and small, based on the availability, skills and interests of volunteers.&nbsp; Some can be done from home, others out in the community. We are a state-wide organization, with volunteers in many communities, and looking to grow further. Click the plus sign&#8217;s below to learn [&hellip;]","og_url":"https:\/\/votingaccessforall.org\/es\/vaac-volunteer-opportunities\/","og_site_name":"Voting Access For All","article_publisher":"https:\/\/www.facebook.com\/VotingAccessForAll\/","article_modified_time":"2025-07-21T14:42:24+00:00","og_image":[{"width":856,"height":483,"url":"https:\/\/votingaccessforall.org\/wp-content\/uploads\/2022\/02\/volunteer.jpg","type":"image\/jpeg"}],"twitter_card":"summary_large_image","twitter_misc":{"Tiempo de lectura":"7 minutos"},"schema":{"@context":"https:\/\/schema.org","@graph":[{"@type":"WebPage","@id":"https:\/\/votingaccessforall.org\/vaac-volunteer-opportunities\/","url":"https:\/\/votingaccessforall.org\/vaac-volunteer-opportunities\/","name":"Oportunidades de voluntariado de VAAC: acceso al voto para todos","isPartOf":{"@id":"https:\/\/votingaccessforall.org\/#website"},"primaryImageOfPage":{"@id":"https:\/\/votingaccessforall.org\/vaac-volunteer-opportunities\/#primaryimage"},"image":{"@id":"https:\/\/votingaccessforall.org\/vaac-volunteer-opportunities\/#primaryimage"},"thumbnailUrl":"https:\/\/votingaccessforall.org\/wp-content\/uploads\/2022\/02\/volunteer.jpg","datePublished":"2022-02-13T19:14:15+00:00","dateModified":"2025-07-21T14:42:24+00:00","breadcrumb":{"@id":"https:\/\/votingaccessforall.org\/vaac-volunteer-opportunities\/#breadcrumb"},"inLanguage":"es","potentialAction":[{"@type":"ReadAction","target":["https:\/\/votingaccessforall.org\/vaac-volunteer-opportunities\/"]}]},{"@type":"ImageObject","inLanguage":"es","@id":"https:\/\/votingaccessforall.org\/vaac-volunteer-opportunities\/#primaryimage","url":"https:\/\/votingaccessforall.org\/wp-content\/uploads\/2022\/02\/volunteer.jpg","contentUrl":"https:\/\/votingaccessforall.org\/wp-content\/uploads\/2022\/02\/volunteer.jpg","width":856,"height":483,"caption":"Volunteer graphic"},{"@type":"BreadcrumbList","@id":"https:\/\/votingaccessforall.org\/vaac-volunteer-opportunities\/#breadcrumb","itemListElement":[{"@type":"ListItem","position":1,"name":"Home","item":"https:\/\/votingaccessforall.org\/"},{"@type":"ListItem","position":2,"name":"VAAC Volunteer Opportunities"}]},{"@type":"WebSite","@id":"https:\/\/votingaccessforall.org\/#website","url":"https:\/\/votingaccessforall.org\/","name":"Acceso a la votaci\u00f3n para todos","description":"Empoderando a TODOS los votantes de Michigan:<br \/>\u00a1Votar es su derecho!","publisher":{"@id":"https:\/\/votingaccessforall.org\/#organization"},"potentialAction":[{"@type":"SearchAction","target":{"@type":"EntryPoint","urlTemplate":"https:\/\/votingaccessforall.org\/?s={search_term_string}"},"query-input":{"@type":"PropertyValueSpecification","valueRequired":true,"valueName":"search_term_string"}}],"inLanguage":"es"},{"@type":"Organization","@id":"https:\/\/votingaccessforall.org\/#organization","name":"Coalici\u00f3n de acceso a la votaci\u00f3n para todos","url":"https:\/\/votingaccessforall.org\/","logo":{"@type":"ImageObject","inLanguage":"es","@id":"https:\/\/votingaccessforall.org\/#\/schema\/logo\/image\/","url":"https:\/\/votingaccessforall.org\/wp-content\/uploads\/2021\/05\/cropped-VAAC_logo_Small.jpg","contentUrl":"https:\/\/votingaccessforall.org\/wp-content\/uploads\/2021\/05\/cropped-VAAC_logo_Small.jpg","width":512,"height":512,"caption":"Voting Access for All Coalition"},"image":{"@id":"https:\/\/votingaccessforall.org\/#\/schema\/logo\/image\/"},"sameAs":["https:\/\/www.facebook.com\/VotingAccessForAll\/","https:\/\/www.instagram.com\/votingaccessforall\/","https:\/\/www.youtube.com\/@VotingAccessForAll","https:\/\/www.linkedin.com\/company\/voting-access-for-all-vaac\/","https:\/\/bsky.app\/profile\/votingaccessforall.bsky.social"]}]}},"_links":{"self":[{"href":"https:\/\/votingaccessforall.org\/es\/wp-json\/wp\/v2\/pages\/1530","targetHints":{"allow":["GET"]}}],"collection":[{"href":"https:\/\/votingaccessforall.org\/es\/wp-json\/wp\/v2\/pages"}],"about":[{"href":"https:\/\/votingaccessforall.org\/es\/wp-json\/wp\/v2\/types\/page"}],"author":[{"embeddable":true,"href":"https:\/\/votingaccessforall.org\/es\/wp-json\/wp\/v2\/users\/2"}],"replies":[{"embeddable":true,"href":"https:\/\/votingaccessforall.org\/es\/wp-json\/wp\/v2\/comments?post=1530"}],"version-history":[{"count":45,"href":"https:\/\/votingaccessforall.org\/es\/wp-json\/wp\/v2\/pages\/1530\/revisions"}],"predecessor-version":[{"id":159910,"href":"https:\/\/votingaccessforall.org\/es\/wp-json\/wp\/v2\/pages\/1530\/revisions\/159910"}],"wp:featuredmedia":[{"embeddable":true,"href":"https:\/\/votingaccessforall.org\/es\/wp-json\/wp\/v2\/media\/1678"}],"wp:attachment":[{"href":"https:\/\/votingaccessforall.org\/es\/wp-json\/wp\/v2\/media?parent=1530"}],"wp:term":[{"taxonomy":"progress_planner_page_types","embeddable":true,"href":"https:\/\/votingaccessforall.org\/es\/wp-json\/wp\/v2\/progress_planner_page_types?post=1530"}],"curies":[{"name":"gracias","href":"https:\/\/api.w.org\/{rel}","templated":true}]}}