{"id":1287,"date":"2022-01-18T12:08:54","date_gmt":"2022-01-18T17:08:54","guid":{"rendered":"https:\/\/votingaccessforall.org\/?page_id=1287"},"modified":"2022-01-23T09:35:03","modified_gmt":"2022-01-23T14:35:03","slug":"voting-in-jails","status":"publish","type":"page","link":"https:\/\/votingaccessforall.org\/es\/voting-in-jails\/","title":{"rendered":"Proporcionar a las personas en la c\u00e1rcel la oportunidad de ejercer su derecho al voto"},"content":{"rendered":"<h2 class=\"wp-block-heading\">La Coalici\u00f3n de Acceso al Voto para Todos en asociaci\u00f3n con <a href=\"https:\/\/www.spreadthevote.org\/\">difundir el voto <\/a>han ampliado la <a href=\"https:\/\/www.votebymailinjail.org\/\">Programa Votar por Correo en la C\u00e1rcel<\/a> en todo el estado de Michigan, ayudando a los votantes encarcelados a registrarse y solicitar boletas de voto en ausencia, con la misi\u00f3n de aumentar la cantidad de votantes elegibles encarcelados en las c\u00e1rceles y centros de detenci\u00f3n de Michigan que participan en sus elecciones.&nbsp;<\/h2>\n\n\n\n<p>Hacemos esto asoci\u00e1ndonos con c\u00e1rceles y centros de detenci\u00f3n que albergan a los votantes elegibles bajo su custodia. Atendemos a nuestros socios mediante el desarrollo de materiales educativos regionales espec\u00edficos para proporcionar a los votantes encarcelados. Tambi\u00e9n capacitamos a voluntarios para organizar eventos de registro en sus c\u00e1rceles locales, as\u00ed como tambi\u00e9n proporcionamos voluntarios delegados para ayudar y abordar las preocupaciones de los votantes directamente. Junto con esto, organizamos sesiones de informaci\u00f3n para votantes encarcelados en l\u00ednea mensualmente. Brindamos a los participantes del programa materiales gratuitos que incluyen solicitudes de registro de votantes, papeleo de solicitud de boletas en ausencia, gu\u00edas para votantes no partidistas y recordatorios de fechas l\u00edmite de elecciones sin costo para las instalaciones o los votantes.&nbsp;<\/p>\n\n\n\n<p><strong>Para unirse a nuestro equipo de votaci\u00f3n en la c\u00e1rcel como voluntario<\/strong>, comun\u00edquese con nosotros y alguien se comunicar\u00e1 con usted con m\u00e1s informaci\u00f3n.  <\/p>\n\n\n\n<div class=\"wp-block-buttons is-content-justification-center is-layout-flex wp-block-buttons-is-layout-flex\">\n<div class=\"wp-block-button is-style-fill\"><a class=\"wp-block-button__link\" href=\"https:\/\/votingaccessforall.org\/es\/contact\/\" target=\"_blank\" rel=\"noreferrer noopener\">Contacto VAAC<\/a><\/div>\n<\/div>\n\n\n\n<p><strong>Materiales disponibles:<\/strong> Los siguientes materiales pueden usarse tal cual o modificarse para sus necesidades \u00fanicas. (2022 materiales en desarrollo)<\/p>\n\n\n\n<ul class=\"wp-block-list\"><li><a href=\"https:\/\/drive.google.com\/file\/d\/18ubYtKjoMQaK6K73tWeotRUeizJfPNyV\/view\">Cartel de la c\u00e1rcel 2021 - Opci\u00f3n 1: para contactar al personal o al voluntario<\/a><\/li><li><a href=\"https:\/\/drive.google.com\/file\/d\/1G9263DBxfyLbCRIFreRa4F1fPOY922AB\/view\">Afiche de la c\u00e1rcel 2021 \u2013 Opci\u00f3n 2: para contactar solo a voluntarios<\/a><\/li><li><a href=\"https:\/\/drive.google.com\/file\/d\/1mtazEHQ2zgcE78jjRoQVsG2PG-6vodWz\/view\">Tableta de la c\u00e1rcel 2021 <\/a><\/li><li><a href=\"https:\/\/drive.google.com\/file\/d\/1DYZGtJi6Lj1SVbIK90MHDINY8XxqRdgn\/view?usp=sharing\" target=\"_blank\" rel=\"noreferrer noopener\">Gu\u00eda de votantes encarcelados de Michigan 2021<\/a><\/li><li><a href=\"https:\/\/drive.google.com\/drive\/u\/0\/folders\/1vFEQbf6MBgFZocQzRTi8kDqAcVcD76cM\">Folleto de voto por correo en la c\u00e1rcel<\/a><\/li><\/ul>\n\n\n\n<p class=\"has-text-align-center\">Comun\u00edquese con nosotros para actualizar una plantilla con sus requisitos \u00fanicos o para solicitar copias del p\u00f3ster.<\/p>\n\n\n\n<div class=\"wp-block-buttons is-content-justification-center is-layout-flex wp-block-buttons-is-layout-flex\">\n<div class=\"wp-block-button is-style-fill\"><a class=\"wp-block-button__link\" href=\"https:\/\/votingaccessforall.org\/es\/contact\/\" target=\"_blank\" rel=\"noreferrer noopener\">Contacto VAAC<\/a><\/div>\n<\/div>","protected":false},"excerpt":{"rendered":"<p>The Voting Access for All Coalition in partnership with Spread The Vote have expanded the Vote by Mail in Jail program across the state of Michigan, assisting jailed voters with registering and requesting absentee ballots, with the mission to increase the number of eligible voters incarcerated in Michigan&#8217;s jail and detention facilities who participate in [&hellip;]<\/p>\n","protected":false},"author":2,"featured_media":0,"parent":0,"menu_order":0,"comment_status":"closed","ping_status":"closed","template":"","meta":{"_gspb_post_css":"","progress_planner_page_todos":"","footnotes":""},"progress_planner_page_types":[],"class_list":["post-1287","page","type-page","status-publish","hentry"],"yoast_head":"<!-- This site is optimized with the Yoast SEO plugin v27.3 - https:\/\/yoast.com\/product\/yoast-seo-wordpress\/ -->\n<title>Providing People in Jail the Opportunity to Exercise their Right to Vote &#8211; Voting Access For All<\/title>\n<meta name=\"robots\" content=\"index, follow, max-snippet:-1, max-image-preview:large, max-video-preview:-1\" \/>\n<link rel=\"canonical\" href=\"https:\/\/votingaccessforall.org\/es\/voting-in-jails\/\" \/>\n<meta property=\"og:locale\" content=\"es_MX\" \/>\n<meta property=\"og:type\" content=\"article\" \/>\n<meta property=\"og:title\" content=\"Providing People in Jail the Opportunity to Exercise their Right to Vote &#8211; Voting Access For All\" \/>\n<meta property=\"og:description\" content=\"The Voting Access for All Coalition in partnership with Spread The Vote have expanded the Vote by Mail in Jail program across the state of Michigan, assisting jailed voters with registering and requesting absentee ballots, with the mission to increase the number of eligible voters incarcerated in Michigan&#8217;s jail and detention facilities who participate in [&hellip;]\" \/>\n<meta property=\"og:url\" content=\"https:\/\/votingaccessforall.org\/es\/voting-in-jails\/\" \/>\n<meta property=\"og:site_name\" content=\"Voting Access For All\" \/>\n<meta property=\"article:publisher\" content=\"https:\/\/www.facebook.com\/VotingAccessForAll\/\" \/>\n<meta property=\"article:modified_time\" content=\"2022-01-23T14:35:03+00:00\" \/>\n<meta name=\"twitter:card\" content=\"summary_large_image\" \/>\n<meta name=\"twitter:label1\" content=\"Tiempo de lectura\" \/>\n\t<meta name=\"twitter:data1\" content=\"2 minutos\" \/>\n<script type=\"application\/ld+json\" class=\"yoast-schema-graph\">{\"@context\":\"https:\\\/\\\/schema.org\",\"@graph\":[{\"@type\":\"WebPage\",\"@id\":\"https:\\\/\\\/votingaccessforall.org\\\/voting-in-jails\\\/\",\"url\":\"https:\\\/\\\/votingaccessforall.org\\\/voting-in-jails\\\/\",\"name\":\"Providing People in Jail the Opportunity to Exercise their Right to Vote &#8211; Voting Access For All\",\"isPartOf\":{\"@id\":\"https:\\\/\\\/votingaccessforall.org\\\/#website\"},\"datePublished\":\"2022-01-18T17:08:54+00:00\",\"dateModified\":\"2022-01-23T14:35:03+00:00\",\"breadcrumb\":{\"@id\":\"https:\\\/\\\/votingaccessforall.org\\\/voting-in-jails\\\/#breadcrumb\"},\"inLanguage\":\"es\",\"potentialAction\":[{\"@type\":\"ReadAction\",\"target\":[\"https:\\\/\\\/votingaccessforall.org\\\/voting-in-jails\\\/\"]}]},{\"@type\":\"BreadcrumbList\",\"@id\":\"https:\\\/\\\/votingaccessforall.org\\\/voting-in-jails\\\/#breadcrumb\",\"itemListElement\":[{\"@type\":\"ListItem\",\"position\":1,\"name\":\"Home\",\"item\":\"https:\\\/\\\/votingaccessforall.org\\\/\"},{\"@type\":\"ListItem\",\"position\":2,\"name\":\"Providing People in Jail the Opportunity to Exercise their Right to Vote\"}]},{\"@type\":\"WebSite\",\"@id\":\"https:\\\/\\\/votingaccessforall.org\\\/#website\",\"url\":\"https:\\\/\\\/votingaccessforall.org\\\/\",\"name\":\"Voting Access For All\",\"description\":\"Empowering ALL Michigan Voters: Voting Is Your Right!\",\"publisher\":{\"@id\":\"https:\\\/\\\/votingaccessforall.org\\\/#organization\"},\"potentialAction\":[{\"@type\":\"SearchAction\",\"target\":{\"@type\":\"EntryPoint\",\"urlTemplate\":\"https:\\\/\\\/votingaccessforall.org\\\/?s={search_term_string}\"},\"query-input\":{\"@type\":\"PropertyValueSpecification\",\"valueRequired\":true,\"valueName\":\"search_term_string\"}}],\"inLanguage\":\"es\"},{\"@type\":\"Organization\",\"@id\":\"https:\\\/\\\/votingaccessforall.org\\\/#organization\",\"name\":\"Voting Access for All Coalition\",\"url\":\"https:\\\/\\\/votingaccessforall.org\\\/\",\"logo\":{\"@type\":\"ImageObject\",\"inLanguage\":\"es\",\"@id\":\"https:\\\/\\\/votingaccessforall.org\\\/#\\\/schema\\\/logo\\\/image\\\/\",\"url\":\"https:\\\/\\\/votingaccessforall.org\\\/wp-content\\\/uploads\\\/2021\\\/05\\\/cropped-VAAC_logo_Small.jpg\",\"contentUrl\":\"https:\\\/\\\/votingaccessforall.org\\\/wp-content\\\/uploads\\\/2021\\\/05\\\/cropped-VAAC_logo_Small.jpg\",\"width\":512,\"height\":512,\"caption\":\"Voting Access for All Coalition\"},\"image\":{\"@id\":\"https:\\\/\\\/votingaccessforall.org\\\/#\\\/schema\\\/logo\\\/image\\\/\"},\"sameAs\":[\"https:\\\/\\\/www.facebook.com\\\/VotingAccessForAll\\\/\",\"https:\\\/\\\/www.instagram.com\\\/votingaccessforall\\\/\",\"https:\\\/\\\/www.youtube.com\\\/@VotingAccessForAll\",\"https:\\\/\\\/www.linkedin.com\\\/company\\\/voting-access-for-all-vaac\\\/\",\"https:\\\/\\\/bsky.app\\\/profile\\\/votingaccessforall.bsky.social\"]}]}<\/script>\n<!-- \/ Yoast SEO plugin. -->","yoast_head_json":{"title":"Brindar a las personas encarceladas la oportunidad de ejercer su derecho al voto \u2013 Acceso al voto para todos","robots":{"index":"index","follow":"follow","max-snippet":"max-snippet:-1","max-image-preview":"max-image-preview:large","max-video-preview":"max-video-preview:-1"},"canonical":"https:\/\/votingaccessforall.org\/es\/voting-in-jails\/","og_locale":"es_MX","og_type":"article","og_title":"Providing People in Jail the Opportunity to Exercise their Right to Vote &#8211; Voting Access For All","og_description":"The Voting Access for All Coalition in partnership with Spread The Vote have expanded the Vote by Mail in Jail program across the state of Michigan, assisting jailed voters with registering and requesting absentee ballots, with the mission to increase the number of eligible voters incarcerated in Michigan&#8217;s jail and detention facilities who participate in [&hellip;]","og_url":"https:\/\/votingaccessforall.org\/es\/voting-in-jails\/","og_site_name":"Voting Access For All","article_publisher":"https:\/\/www.facebook.com\/VotingAccessForAll\/","article_modified_time":"2022-01-23T14:35:03+00:00","twitter_card":"summary_large_image","twitter_misc":{"Tiempo de lectura":"2 minutos"},"schema":{"@context":"https:\/\/schema.org","@graph":[{"@type":"WebPage","@id":"https:\/\/votingaccessforall.org\/voting-in-jails\/","url":"https:\/\/votingaccessforall.org\/voting-in-jails\/","name":"Brindar a las personas encarceladas la oportunidad de ejercer su derecho al voto \u2013 Acceso al voto para todos","isPartOf":{"@id":"https:\/\/votingaccessforall.org\/#website"},"datePublished":"2022-01-18T17:08:54+00:00","dateModified":"2022-01-23T14:35:03+00:00","breadcrumb":{"@id":"https:\/\/votingaccessforall.org\/voting-in-jails\/#breadcrumb"},"inLanguage":"es","potentialAction":[{"@type":"ReadAction","target":["https:\/\/votingaccessforall.org\/voting-in-jails\/"]}]},{"@type":"BreadcrumbList","@id":"https:\/\/votingaccessforall.org\/voting-in-jails\/#breadcrumb","itemListElement":[{"@type":"ListItem","position":1,"name":"Home","item":"https:\/\/votingaccessforall.org\/"},{"@type":"ListItem","position":2,"name":"Providing People in Jail the Opportunity to Exercise their Right to Vote"}]},{"@type":"WebSite","@id":"https:\/\/votingaccessforall.org\/#website","url":"https:\/\/votingaccessforall.org\/","name":"Acceso a la votaci\u00f3n para todos","description":"Empoderando a TODOS los votantes de Michigan:<br \/>\u00a1Votar es su derecho!","publisher":{"@id":"https:\/\/votingaccessforall.org\/#organization"},"potentialAction":[{"@type":"SearchAction","target":{"@type":"EntryPoint","urlTemplate":"https:\/\/votingaccessforall.org\/?s={search_term_string}"},"query-input":{"@type":"PropertyValueSpecification","valueRequired":true,"valueName":"search_term_string"}}],"inLanguage":"es"},{"@type":"Organization","@id":"https:\/\/votingaccessforall.org\/#organization","name":"Coalici\u00f3n de acceso a la votaci\u00f3n para todos","url":"https:\/\/votingaccessforall.org\/","logo":{"@type":"ImageObject","inLanguage":"es","@id":"https:\/\/votingaccessforall.org\/#\/schema\/logo\/image\/","url":"https:\/\/votingaccessforall.org\/wp-content\/uploads\/2021\/05\/cropped-VAAC_logo_Small.jpg","contentUrl":"https:\/\/votingaccessforall.org\/wp-content\/uploads\/2021\/05\/cropped-VAAC_logo_Small.jpg","width":512,"height":512,"caption":"Voting Access for All Coalition"},"image":{"@id":"https:\/\/votingaccessforall.org\/#\/schema\/logo\/image\/"},"sameAs":["https:\/\/www.facebook.com\/VotingAccessForAll\/","https:\/\/www.instagram.com\/votingaccessforall\/","https:\/\/www.youtube.com\/@VotingAccessForAll","https:\/\/www.linkedin.com\/company\/voting-access-for-all-vaac\/","https:\/\/bsky.app\/profile\/votingaccessforall.bsky.social"]}]}},"_links":{"self":[{"href":"https:\/\/votingaccessforall.org\/es\/wp-json\/wp\/v2\/pages\/1287","targetHints":{"allow":["GET"]}}],"collection":[{"href":"https:\/\/votingaccessforall.org\/es\/wp-json\/wp\/v2\/pages"}],"about":[{"href":"https:\/\/votingaccessforall.org\/es\/wp-json\/wp\/v2\/types\/page"}],"author":[{"embeddable":true,"href":"https:\/\/votingaccessforall.org\/es\/wp-json\/wp\/v2\/users\/2"}],"replies":[{"embeddable":true,"href":"https:\/\/votingaccessforall.org\/es\/wp-json\/wp\/v2\/comments?post=1287"}],"version-history":[{"count":14,"href":"https:\/\/votingaccessforall.org\/es\/wp-json\/wp\/v2\/pages\/1287\/revisions"}],"predecessor-version":[{"id":1373,"href":"https:\/\/votingaccessforall.org\/es\/wp-json\/wp\/v2\/pages\/1287\/revisions\/1373"}],"wp:attachment":[{"href":"https:\/\/votingaccessforall.org\/es\/wp-json\/wp\/v2\/media?parent=1287"}],"wp:term":[{"taxonomy":"progress_planner_page_types","embeddable":true,"href":"https:\/\/votingaccessforall.org\/es\/wp-json\/wp\/v2\/progress_planner_page_types?post=1287"}],"curies":[{"name":"gracias","href":"https:\/\/api.w.org\/{rel}","templated":true}]}}